{"id":969,"date":"2024-10-23T09:30:26","date_gmt":"2024-10-23T12:30:26","guid":{"rendered":"https:\/\/portal.pi.gov.br\/sasc\/?page_id=969"},"modified":"2024-10-23T10:26:55","modified_gmt":"2024-10-23T13:26:55","slug":"lar-da-crianca","status":"publish","type":"page","link":"https:\/\/portal.pi.gov.br\/sasc\/lar-da-crianca\/","title":{"rendered":"Lar da Crian\u00e7a"},"content":{"rendered":"\n<p><strong>CASA DE ACOLHIMENTO LAR DA CRIAN\u00c7A \u201cMARIA JO\u00c3O DE DEUS\u201d<\/strong><\/p>\n\n\n\n<p>O Lar da Crian\u00e7a Maria Jo\u00e3o de Deus acolhe crian\u00e7as de 0 a 12 anos incompletos, que se encontram em situa\u00e7\u00e3o de vulnerabilidade social, neglig\u00eancia e abandono, em car\u00e1ter provis\u00f3rio e para ado\u00e7\u00e3o.<\/p>\n\n\n\n<p>As crian\u00e7as abrigadas recebem 06 (seis) refei\u00e7\u00f5es di\u00e1rias, estudam em escolas p\u00fablicas municipais e estaduais e recebem refor\u00e7o e acompanhamento pedag\u00f3gico na institui\u00e7\u00e3o. Todas que necessitam fazem acompanhamento fisioterap\u00eautico e de fonoaudiologia, tamb\u00e9m na institui\u00e7\u00e3o. O acompanhamento m\u00e9dico \u00e9 realizado na rede p\u00fablica.<\/p>\n\n\n\n<ul>\n<li>Capacidade de acolhimento \u2013 60 crian\u00e7as<\/li>\n\n\n\n<li>Faixa et\u00e1ria &#8211; 0 a 12 anos incompletos<\/li>\n<\/ul>\n","protected":false},"excerpt":{"rendered":"<p>CASA DE ACOLHIMENTO LAR DA CRIAN\u00c7A \u201cMARIA JO\u00c3O DE DEUS\u201d O Lar da Crian\u00e7a Maria Jo\u00e3o de Deus acolhe crian\u00e7as de 0 a 12 anos incompletos, que se encontram em [&hellip;]<\/p>\n","protected":false},"author":28,"featured_media":0,"parent":0,"menu_order":0,"comment_status":"closed","ping_status":"closed","template":"template-fullwidth.php","meta":[],"featured_image_urls":{"full":"","thumbnail":"","medium":"","medium_large":"","large":"","sgg-420":"","sgg-540":"","sgg-780":"","1536x1536":"","2048x2048":"","homepage-slider":"","homepage-slider-small":"","page-top":"","page-small":"","loop-main":"","thumb-gallery-widget":""},"post_excerpt_stackable":"<p>CASA DE ACOLHIMENTO LAR DA CRIAN\u00c7A \u201cMARIA JO\u00c3O DE DEUS\u201d O Lar da Crian\u00e7a Maria Jo\u00e3o de Deus acolhe crian\u00e7as de 0 a 12 anos incompletos, que se encontram em situa\u00e7\u00e3o de vulnerabilidade social, neglig\u00eancia e abandono, em car\u00e1ter provis\u00f3rio e para ado\u00e7\u00e3o. As crian\u00e7as abrigadas recebem 06 (seis) refei\u00e7\u00f5es di\u00e1rias, estudam em escolas p\u00fablicas municipais e estaduais e recebem refor\u00e7o e acompanhamento pedag\u00f3gico na institui\u00e7\u00e3o. Todas que necessitam fazem acompanhamento fisioterap\u00eautico e de fonoaudiologia, tamb\u00e9m na institui\u00e7\u00e3o. O acompanhamento m\u00e9dico \u00e9 realizado na rede p\u00fablica. Capacidade de acolhimento \u2013 60 crian\u00e7as Faixa et\u00e1ria &#8211; 0 a 12 anos incompletos<\/p>\n","category_list":"","author_info":{"name":"tassodenis","url":"https:\/\/portal.pi.gov.br\/sasc\/author\/tassodenis\/"},"comments_num":"0 coment\u00e1rio","featured_image_urls_v2":{"full":"","thumbnail":"","medium":"","medium_large":"","large":"","sgg-420":"","sgg-540":"","sgg-780":"","1536x1536":"","2048x2048":"","homepage-slider":"","homepage-slider-small":"","page-top":"","page-small":"","loop-main":"","thumb-gallery-widget":""},"post_excerpt_stackable_v2":"<p>CASA DE ACOLHIMENTO LAR DA CRIAN\u00c7A \u201cMARIA JO\u00c3O DE DEUS\u201d O Lar da Crian\u00e7a Maria Jo\u00e3o de Deus acolhe crian\u00e7as de 0 a 12 anos incompletos, que se encontram em situa\u00e7\u00e3o de vulnerabilidade social, neglig\u00eancia e abandono, em car\u00e1ter provis\u00f3rio e para ado\u00e7\u00e3o. As crian\u00e7as abrigadas recebem 06 (seis) refei\u00e7\u00f5es di\u00e1rias, estudam em escolas p\u00fablicas municipais e estaduais e recebem refor\u00e7o e acompanhamento pedag\u00f3gico na institui\u00e7\u00e3o. Todas que necessitam fazem acompanhamento fisioterap\u00eautico e de fonoaudiologia, tamb\u00e9m na institui\u00e7\u00e3o. O acompanhamento m\u00e9dico \u00e9 realizado na rede p\u00fablica. Capacidade de acolhimento \u2013 60 crian\u00e7as Faixa et\u00e1ria &#8211; 0 a 12 anos incompletos<\/p>\n","category_list_v2":"","author_info_v2":{"name":"tassodenis","url":"https:\/\/portal.pi.gov.br\/sasc\/author\/tassodenis\/"},"comments_num_v2":"0 coment\u00e1rio","_links":{"self":[{"href":"https:\/\/portal.pi.gov.br\/sasc\/wp-json\/wp\/v2\/pages\/969"}],"collection":[{"href":"https:\/\/portal.pi.gov.br\/sasc\/wp-json\/wp\/v2\/pages"}],"about":[{"href":"https:\/\/portal.pi.gov.br\/sasc\/wp-json\/wp\/v2\/types\/page"}],"author":[{"embeddable":true,"href":"https:\/\/portal.pi.gov.br\/sasc\/wp-json\/wp\/v2\/users\/28"}],"replies":[{"embeddable":true,"href":"https:\/\/portal.pi.gov.br\/sasc\/wp-json\/wp\/v2\/comments?post=969"}],"version-history":[{"count":2,"href":"https:\/\/portal.pi.gov.br\/sasc\/wp-json\/wp\/v2\/pages\/969\/revisions"}],"predecessor-version":[{"id":1003,"href":"https:\/\/portal.pi.gov.br\/sasc\/wp-json\/wp\/v2\/pages\/969\/revisions\/1003"}],"wp:attachment":[{"href":"https:\/\/portal.pi.gov.br\/sasc\/wp-json\/wp\/v2\/media?parent=969"}],"curies":[{"name":"wp","href":"https:\/\/api.w.org\/{rel}","templated":true}]}}