{"id":971,"date":"2024-10-23T09:30:49","date_gmt":"2024-10-23T12:30:49","guid":{"rendered":"https:\/\/portal.pi.gov.br\/sasc\/?page_id=971"},"modified":"2024-10-23T10:29:17","modified_gmt":"2024-10-23T13:29:17","slug":"vila-do-anciao","status":"publish","type":"page","link":"https:\/\/portal.pi.gov.br\/sasc\/vila-do-anciao\/","title":{"rendered":"Vila do Anci\u00e3o"},"content":{"rendered":"\n<p class=\"has-text-align-center\"><strong>INSTITUI\u00c7\u00c3O DE LONGA PERMAN\u00caNCIA VILA DO ANCI\u00c3O<\/strong><\/p>\n\n\n\n<p><strong>COODENADORA<\/strong><br>Ven\u00e2ncia Alves<br>Tel: (86) 9 9556 6868<\/p>\n\n\n\n<ol>\n<li>Capacidade de acolhimento- 40 idosos.<\/li>\n\n\n\n<li>2.Faixa et\u00e1ria: a partir de 60 anos.<\/li>\n<\/ol>\n\n\n\n<p>A Unidade Operacional Vila do Anci\u00e3o \u2013 UOVA, \u00e9 uma Institui\u00e7\u00e3o de Longa Perman\u00eancia para Idosos &#8211; ILPI, de car\u00e1ter p\u00fablico, cujo objetivo \u00e9 proporcionar atendimento em regime integral a pessoas idosas que comprovem n\u00e3o possu\u00edrem v\u00ednculo familiar, condi\u00e7\u00f5es de manter a pr\u00f3pria subsist\u00eancia, v\u00edtimas de maus tratos e abandono familiar, de modo a satisfazer as necessidades b\u00e1sicas de moradia, alimenta\u00e7\u00e3o, sa\u00fade e conveni\u00eancia social, garantindo o cumprimento da medida de prote\u00e7\u00e3o especial prevista no Art. 3\u00ba do Estatuto do Idoso.<\/p>\n\n\n\n<p>Os idosos institucionalizados na UOVA s\u00e3o encaminhados atrav\u00e9s do sistema de garantia de direitos, tais como: Delegacia do Idoso, Minist\u00e9rio P\u00fablico, Promotoria de Justi\u00e7a e outros, mediante contato pr\u00e9vio antes da admiss\u00e3o na ILPI e a exig\u00eancia de an\u00e1lise e parecer social dos casos apresentados, buscando sempre que poss\u00edvel a matricialidade da fam\u00edlia, com o fim de garantir em \u00faltimo recurso a decis\u00e3o da institucionaliza\u00e7\u00e3o.<\/p>\n\n\n\n<p>A UOVA constitui-se em uma moradia coletiva, cuja estrutura f\u00edsica tem formato de sol com 07 raios, nos quais 04 (quatro) alas de 06 (seis) suites, onde residem idosos com capacidade para desenvolver todas ou parte dos atos da vida di\u00e1ria. Existem 03 (tr\u00eas) alas com 16 (dezesseis) apartamentos, onde os 02 (dois) banheiros s\u00e3o coletivos. Nessas est\u00e3o abrigados idosos que dependem de um Cuidador Social para o desenvolvimento das atividades da vida di\u00e1ria. Tais idosos s\u00e3o sequelados de acidentes vasculares cerebrais, transtorno mental m\u00e9dio e grave, cegos, cadeirantes e sem lucidez. Esses necessitam de atendimento 24h e de cuidadores capacitados para tais necessidades.<\/p>\n\n\n\n<p>Atualmente a ILPI recebe a visita da equipe do programa Estrat\u00e9gia de Sa\u00fade da Fam\u00edlia, considerado porta de entrada ao Sistema \u00danico de Sa\u00fade. Dessa forma, todos os idosos tem atendimento com a parte de aten\u00e7\u00e3o b\u00e1sica e quando necessitam s\u00e3o encaminhados para consultas, exames, cirurgias e interna\u00e7\u00e3o, contemplando a m\u00e9dia e a alta complexidade no \u00e2mbito da sa\u00fade. Disp\u00f5e ainda de funcion\u00e1rios cedidos de outras institui\u00e7\u00f5es como o m\u00e9dico.<\/p>\n","protected":false},"excerpt":{"rendered":"<p>INSTITUI\u00c7\u00c3O DE LONGA PERMAN\u00caNCIA VILA DO ANCI\u00c3O COODENADORAVen\u00e2ncia AlvesTel: (86) 9 9556 6868 A Unidade Operacional Vila do Anci\u00e3o \u2013 UOVA, \u00e9 uma Institui\u00e7\u00e3o de Longa Perman\u00eancia para Idosos &#8211; [&hellip;]<\/p>\n","protected":false},"author":28,"featured_media":0,"parent":0,"menu_order":0,"comment_status":"closed","ping_status":"closed","template":"template-fullwidth.php","meta":[],"featured_image_urls":{"full":"","thumbnail":"","medium":"","medium_large":"","large":"","sgg-420":"","sgg-540":"","sgg-780":"","1536x1536":"","2048x2048":"","homepage-slider":"","homepage-slider-small":"","page-top":"","page-small":"","loop-main":"","thumb-gallery-widget":""},"post_excerpt_stackable":"<p>INSTITUI\u00c7\u00c3O DE LONGA PERMAN\u00caNCIA VILA DO ANCI\u00c3O COODENADORAVen\u00e2ncia AlvesTel: (86) 9 9556 6868 Capacidade de acolhimento- 40 idosos. 2.Faixa et\u00e1ria: a partir de 60 anos. A Unidade Operacional Vila do Anci\u00e3o \u2013 UOVA, \u00e9 uma Institui\u00e7\u00e3o de Longa Perman\u00eancia para Idosos &#8211; ILPI, de car\u00e1ter p\u00fablico, cujo objetivo \u00e9 proporcionar atendimento em regime integral a pessoas idosas que comprovem n\u00e3o possu\u00edrem v\u00ednculo familiar, condi\u00e7\u00f5es de manter a pr\u00f3pria subsist\u00eancia, v\u00edtimas de maus tratos e abandono familiar, de modo a satisfazer as necessidades b\u00e1sicas de moradia, alimenta\u00e7\u00e3o, sa\u00fade e conveni\u00eancia social, garantindo o cumprimento da medida de prote\u00e7\u00e3o especial prevista no&hellip;<\/p>\n","category_list":"","author_info":{"name":"tassodenis","url":"https:\/\/portal.pi.gov.br\/sasc\/author\/tassodenis\/"},"comments_num":"0 coment\u00e1rio","featured_image_urls_v2":{"full":"","thumbnail":"","medium":"","medium_large":"","large":"","sgg-420":"","sgg-540":"","sgg-780":"","1536x1536":"","2048x2048":"","homepage-slider":"","homepage-slider-small":"","page-top":"","page-small":"","loop-main":"","thumb-gallery-widget":""},"post_excerpt_stackable_v2":"<p>INSTITUI\u00c7\u00c3O DE LONGA PERMAN\u00caNCIA VILA DO ANCI\u00c3O COODENADORAVen\u00e2ncia AlvesTel: (86) 9 9556 6868 Capacidade de acolhimento- 40 idosos. 2.Faixa et\u00e1ria: a partir de 60 anos. A Unidade Operacional Vila do Anci\u00e3o \u2013 UOVA, \u00e9 uma Institui\u00e7\u00e3o de Longa Perman\u00eancia para Idosos &#8211; ILPI, de car\u00e1ter p\u00fablico, cujo objetivo \u00e9 proporcionar atendimento em regime integral a pessoas idosas que comprovem n\u00e3o possu\u00edrem v\u00ednculo familiar, condi\u00e7\u00f5es de manter a pr\u00f3pria subsist\u00eancia, v\u00edtimas de maus tratos e abandono familiar, de modo a satisfazer as necessidades b\u00e1sicas de moradia, alimenta\u00e7\u00e3o, sa\u00fade e conveni\u00eancia social, garantindo o cumprimento da medida de prote\u00e7\u00e3o especial prevista no&hellip;<\/p>\n","category_list_v2":"","author_info_v2":{"name":"tassodenis","url":"https:\/\/portal.pi.gov.br\/sasc\/author\/tassodenis\/"},"comments_num_v2":"0 coment\u00e1rio","_links":{"self":[{"href":"https:\/\/portal.pi.gov.br\/sasc\/wp-json\/wp\/v2\/pages\/971"}],"collection":[{"href":"https:\/\/portal.pi.gov.br\/sasc\/wp-json\/wp\/v2\/pages"}],"about":[{"href":"https:\/\/portal.pi.gov.br\/sasc\/wp-json\/wp\/v2\/types\/page"}],"author":[{"embeddable":true,"href":"https:\/\/portal.pi.gov.br\/sasc\/wp-json\/wp\/v2\/users\/28"}],"replies":[{"embeddable":true,"href":"https:\/\/portal.pi.gov.br\/sasc\/wp-json\/wp\/v2\/comments?post=971"}],"version-history":[{"count":2,"href":"https:\/\/portal.pi.gov.br\/sasc\/wp-json\/wp\/v2\/pages\/971\/revisions"}],"predecessor-version":[{"id":1005,"href":"https:\/\/portal.pi.gov.br\/sasc\/wp-json\/wp\/v2\/pages\/971\/revisions\/1005"}],"wp:attachment":[{"href":"https:\/\/portal.pi.gov.br\/sasc\/wp-json\/wp\/v2\/media?parent=971"}],"curies":[{"name":"wp","href":"https:\/\/api.w.org\/{rel}","templated":true}]}}