{"id":975,"date":"2024-10-23T09:31:25","date_gmt":"2024-10-23T12:31:25","guid":{"rendered":"https:\/\/portal.pi.gov.br\/sasc\/?page_id=975"},"modified":"2024-10-23T10:30:17","modified_gmt":"2024-10-23T13:30:17","slug":"abrigo-sao-jose","status":"publish","type":"page","link":"https:\/\/portal.pi.gov.br\/sasc\/abrigo-sao-jose\/","title":{"rendered":"Abrigo S\u00e3o Jos\u00e9"},"content":{"rendered":"\n<p class=\"has-text-align-center\"><strong>Institui\u00e7\u00e3o de Longa Perman\u00eancia Abrigo S\u00e3o Jos\u00e9 (Parna\u00edba)<\/strong><\/p>\n\n\n\n<p>O abrigo S\u00e3o Jos\u00e9 \u00e9 uma Institui\u00e7\u00e3o de Longa perman\u00eancia para o idoso, que funciona 24horas no atendimento ao idoso que se encontra abandonado ou com v\u00ednculos familiares rompidos.<\/p>\n\n\n\n<p>O objetivo do abrigo \u00e9 acolher o idoso respeitando sua dignidade e garantindo sa\u00fade, assist\u00eancia social e nutricional. O idoso inserido no abrigo recebe acompanhamento especializado atrav\u00e9s da equipe interdisciplinar que comp\u00f5e a institui\u00e7\u00e3o como assistentes sociais, enfermeiras, t\u00e9cnicos de enfermagem e cuidadores.<\/p>\n","protected":false},"excerpt":{"rendered":"<p>Institui\u00e7\u00e3o de Longa Perman\u00eancia Abrigo S\u00e3o Jos\u00e9 (Parna\u00edba) O abrigo S\u00e3o Jos\u00e9 \u00e9 uma Institui\u00e7\u00e3o de Longa perman\u00eancia para o idoso, que funciona 24horas no atendimento ao idoso que se [&hellip;]<\/p>\n","protected":false},"author":28,"featured_media":0,"parent":0,"menu_order":0,"comment_status":"closed","ping_status":"closed","template":"template-fullwidth.php","meta":[],"featured_image_urls":{"full":"","thumbnail":"","medium":"","medium_large":"","large":"","sgg-420":"","sgg-540":"","sgg-780":"","1536x1536":"","2048x2048":"","homepage-slider":"","homepage-slider-small":"","page-top":"","page-small":"","loop-main":"","thumb-gallery-widget":""},"post_excerpt_stackable":"<p>Institui\u00e7\u00e3o de Longa Perman\u00eancia Abrigo S\u00e3o Jos\u00e9 (Parna\u00edba) O abrigo S\u00e3o Jos\u00e9 \u00e9 uma Institui\u00e7\u00e3o de Longa perman\u00eancia para o idoso, que funciona 24horas no atendimento ao idoso que se encontra abandonado ou com v\u00ednculos familiares rompidos. O objetivo do abrigo \u00e9 acolher o idoso respeitando sua dignidade e garantindo sa\u00fade, assist\u00eancia social e nutricional. O idoso inserido no abrigo recebe acompanhamento especializado atrav\u00e9s da equipe interdisciplinar que comp\u00f5e a institui\u00e7\u00e3o como assistentes sociais, enfermeiras, t\u00e9cnicos de enfermagem e cuidadores.<\/p>\n","category_list":"","author_info":{"name":"tassodenis","url":"https:\/\/portal.pi.gov.br\/sasc\/author\/tassodenis\/"},"comments_num":"0 coment\u00e1rio","featured_image_urls_v2":{"full":"","thumbnail":"","medium":"","medium_large":"","large":"","sgg-420":"","sgg-540":"","sgg-780":"","1536x1536":"","2048x2048":"","homepage-slider":"","homepage-slider-small":"","page-top":"","page-small":"","loop-main":"","thumb-gallery-widget":""},"post_excerpt_stackable_v2":"<p>Institui\u00e7\u00e3o de Longa Perman\u00eancia Abrigo S\u00e3o Jos\u00e9 (Parna\u00edba) O abrigo S\u00e3o Jos\u00e9 \u00e9 uma Institui\u00e7\u00e3o de Longa perman\u00eancia para o idoso, que funciona 24horas no atendimento ao idoso que se encontra abandonado ou com v\u00ednculos familiares rompidos. O objetivo do abrigo \u00e9 acolher o idoso respeitando sua dignidade e garantindo sa\u00fade, assist\u00eancia social e nutricional. O idoso inserido no abrigo recebe acompanhamento especializado atrav\u00e9s da equipe interdisciplinar que comp\u00f5e a institui\u00e7\u00e3o como assistentes sociais, enfermeiras, t\u00e9cnicos de enfermagem e cuidadores.<\/p>\n","category_list_v2":"","author_info_v2":{"name":"tassodenis","url":"https:\/\/portal.pi.gov.br\/sasc\/author\/tassodenis\/"},"comments_num_v2":"0 coment\u00e1rio","_links":{"self":[{"href":"https:\/\/portal.pi.gov.br\/sasc\/wp-json\/wp\/v2\/pages\/975"}],"collection":[{"href":"https:\/\/portal.pi.gov.br\/sasc\/wp-json\/wp\/v2\/pages"}],"about":[{"href":"https:\/\/portal.pi.gov.br\/sasc\/wp-json\/wp\/v2\/types\/page"}],"author":[{"embeddable":true,"href":"https:\/\/portal.pi.gov.br\/sasc\/wp-json\/wp\/v2\/users\/28"}],"replies":[{"embeddable":true,"href":"https:\/\/portal.pi.gov.br\/sasc\/wp-json\/wp\/v2\/comments?post=975"}],"version-history":[{"count":2,"href":"https:\/\/portal.pi.gov.br\/sasc\/wp-json\/wp\/v2\/pages\/975\/revisions"}],"predecessor-version":[{"id":1007,"href":"https:\/\/portal.pi.gov.br\/sasc\/wp-json\/wp\/v2\/pages\/975\/revisions\/1007"}],"wp:attachment":[{"href":"https:\/\/portal.pi.gov.br\/sasc\/wp-json\/wp\/v2\/media?parent=975"}],"curies":[{"name":"wp","href":"https:\/\/api.w.org\/{rel}","templated":true}]}}