{"id":977,"date":"2024-10-23T09:31:40","date_gmt":"2024-10-23T12:31:40","guid":{"rendered":"https:\/\/portal.pi.gov.br\/sasc\/?page_id=977"},"modified":"2025-05-05T11:46:09","modified_gmt":"2025-05-05T14:46:09","slug":"restaurantes-populares","status":"publish","type":"page","link":"https:\/\/portal.pi.gov.br\/sasc\/restaurantes-populares\/","title":{"rendered":"Restaurantes Populares"},"content":{"rendered":"\n<p>Teresina<\/p>\n\n\n\n<p>Restaurante Popular Herbert de Sousa &#8211; Betinho&nbsp;<br>Rua Sete de Setembro, 82 &#8211; Centro (Sul), Teresina &#8211; PI, 64001-210<\/p>\n\n\n\n<p>Restaurante Popular Dirceu\u00a0<br>Avenida Jos\u00e9 de Almeida Neto, quadra 37, Casa 01 e 02, Dirceu I, Teresina &#8211; PI, 64077-262<\/p>\n\n\n\n<p>Restaurante Popular Santa Maria da Codipi<br>Avenida Conquista Francisco Nogueira, quadra 10, casa 20.<\/p>\n\n\n\n<p>Cozinha Comunit\u00e1ria Governador Alberto Tavares Silva\u00a0<br>Universidade Estadual do Piau\u00ed, Piraj\u00e1, Teresina &#8211; PI, 64003-400<br>Contato: (86)9 99637963 &#8211; Beatriz Ara\u00fajo<\/p>\n\n\n\n<p>Parna\u00edba<\/p>\n\n\n\n<p>Restaurante Popular Parna\u00edba<br>Avenida Pinheiro Machado, 1247 <br>Bairro Rodovi\u00e1ria<\/p>\n","protected":false},"excerpt":{"rendered":"<p>Teresina Restaurante Popular Herbert de Sousa &#8211; Betinho&nbsp;Rua Sete de Setembro, 82 &#8211; Centro (Sul), Teresina &#8211; PI, 64001-210 Restaurante Popular Dirceu\u00a0Avenida Jos\u00e9 de Almeida Neto, quadra 37, Casa 01 [&hellip;]<\/p>\n","protected":false},"author":28,"featured_media":0,"parent":0,"menu_order":0,"comment_status":"closed","ping_status":"closed","template":"template-fullwidth.php","meta":[],"featured_image_urls":{"full":"","thumbnail":"","medium":"","medium_large":"","large":"","sgg-420":"","sgg-540":"","sgg-780":"","1536x1536":"","2048x2048":"","homepage-slider":"","homepage-slider-small":"","page-top":"","page-small":"","loop-main":"","thumb-gallery-widget":""},"post_excerpt_stackable":"<p>Teresina Restaurante Popular Herbert de Sousa &#8211; Betinho&nbsp;Rua Sete de Setembro, 82 &#8211; Centro (Sul), Teresina &#8211; PI, 64001-210 Restaurante Popular Dirceu\u00a0Avenida Jos\u00e9 de Almeida Neto, quadra 37, Casa 01 e 02, Dirceu I, Teresina &#8211; PI, 64077-262 Restaurante Popular Santa Maria da CodipiAvenida Conquista Francisco Nogueira, quadra 10, casa 20. Cozinha Comunit\u00e1ria Governador Alberto Tavares Silva\u00a0Universidade Estadual do Piau\u00ed, Piraj\u00e1, Teresina &#8211; PI, 64003-400Contato: (86)9 99637963 &#8211; Beatriz Ara\u00fajo Parna\u00edba Restaurante Popular Parna\u00edbaAvenida Pinheiro Machado, 1247 Bairro Rodovi\u00e1ria<\/p>\n","category_list":"","author_info":{"name":"tassodenis","url":"https:\/\/portal.pi.gov.br\/sasc\/author\/tassodenis\/"},"comments_num":"0 coment\u00e1rio","featured_image_urls_v2":{"full":"","thumbnail":"","medium":"","medium_large":"","large":"","sgg-420":"","sgg-540":"","sgg-780":"","1536x1536":"","2048x2048":"","homepage-slider":"","homepage-slider-small":"","page-top":"","page-small":"","loop-main":"","thumb-gallery-widget":""},"post_excerpt_stackable_v2":"<p>Teresina Restaurante Popular Herbert de Sousa &#8211; Betinho&nbsp;Rua Sete de Setembro, 82 &#8211; Centro (Sul), Teresina &#8211; PI, 64001-210 Restaurante Popular Dirceu\u00a0Avenida Jos\u00e9 de Almeida Neto, quadra 37, Casa 01 e 02, Dirceu I, Teresina &#8211; PI, 64077-262 Restaurante Popular Santa Maria da CodipiAvenida Conquista Francisco Nogueira, quadra 10, casa 20. Cozinha Comunit\u00e1ria Governador Alberto Tavares Silva\u00a0Universidade Estadual do Piau\u00ed, Piraj\u00e1, Teresina &#8211; PI, 64003-400Contato: (86)9 99637963 &#8211; Beatriz Ara\u00fajo Parna\u00edba Restaurante Popular Parna\u00edbaAvenida Pinheiro Machado, 1247 Bairro Rodovi\u00e1ria<\/p>\n","category_list_v2":"","author_info_v2":{"name":"tassodenis","url":"https:\/\/portal.pi.gov.br\/sasc\/author\/tassodenis\/"},"comments_num_v2":"0 coment\u00e1rio","_links":{"self":[{"href":"https:\/\/portal.pi.gov.br\/sasc\/wp-json\/wp\/v2\/pages\/977"}],"collection":[{"href":"https:\/\/portal.pi.gov.br\/sasc\/wp-json\/wp\/v2\/pages"}],"about":[{"href":"https:\/\/portal.pi.gov.br\/sasc\/wp-json\/wp\/v2\/types\/page"}],"author":[{"embeddable":true,"href":"https:\/\/portal.pi.gov.br\/sasc\/wp-json\/wp\/v2\/users\/28"}],"replies":[{"embeddable":true,"href":"https:\/\/portal.pi.gov.br\/sasc\/wp-json\/wp\/v2\/comments?post=977"}],"version-history":[{"count":4,"href":"https:\/\/portal.pi.gov.br\/sasc\/wp-json\/wp\/v2\/pages\/977\/revisions"}],"predecessor-version":[{"id":2565,"href":"https:\/\/portal.pi.gov.br\/sasc\/wp-json\/wp\/v2\/pages\/977\/revisions\/2565"}],"wp:attachment":[{"href":"https:\/\/portal.pi.gov.br\/sasc\/wp-json\/wp\/v2\/media?parent=977"}],"curies":[{"name":"wp","href":"https:\/\/api.w.org\/{rel}","templated":true}]}}