{"id":983,"date":"2024-10-23T09:33:02","date_gmt":"2024-10-23T12:33:02","guid":{"rendered":"https:\/\/portal.pi.gov.br\/sasc\/?page_id=983"},"modified":"2024-10-23T10:59:15","modified_gmt":"2024-10-23T13:59:15","slug":"licitacoes","status":"publish","type":"page","link":"https:\/\/portal.pi.gov.br\/sasc\/licitacoes\/","title":{"rendered":"Licita\u00e7\u00f5es"},"content":{"rendered":"<script type=\"text\/x-handlebars-template\"        id=\"wpfd-template-table-categories-29\">    <div class=\"wpfd-categories\">{{#if category}}{{#with category}}{{#if parent}}<a class=\"catlink backcategory\" href=\"#\" data-idcat=\"{{parent}}\">                        <i class=\"zmdi zmdi-chevron-left\"><\/i><span>Voltar<\/span><\/a>{{\/if}}{{\/with}}{{\/if}}<\/div><\/script><script type=\"text\/x-handlebars-template\" id=\"wpfd-template-table-29\">    {{#if files}}    {{#each files}}    <tr class=\"file\" data-id=\"{{ID}}\" data-catid=\"{{catid}}\">    <td class=\"file_title\"><a class=\"wpfd_downloadlink\" href=\"{{linkdownload}}\" title=\"{{post_title}}\"><span class=\"extcol\">{{#if file_custom_icon}}<span class=\"icon-custom\"><img src=\"{{file_custom_icon}}\"><\/span>{{else}}<span class=\"ext ext-{{ext}}\"><\/span>{{\/if}}<\/span>{{{crop_title}}}<\/a><\/td><td class=\"file_size\">{{bytesToSize size}}<\/td><td class=\"file_created\">{{created}}<\/td>                    <td class=\"col-download\">                <a class=\"downloadlink wpfd_downloadlink\"  href=\"{{linkdownload}}\" style=\"background-color:#033b85;color:#ffffff;\">Baixar<i class=\"zmdi zmdi-cloud-download wpfd-download\"><\/i><\/a>{{#if openpdflink}}<a class=\"openlink wpfdlightbox wpfd_previewlink\" href=\"{{openpdflink}}\" target=\"\">Visualizar                            <i class=\"zmdi zmdi-filter-center-focus wpfd-preview\"><\/i>                        <\/a>{{else}}{{#if viewerlink}}<a                            href=\"{{viewerlink}}\"                            class=\"openlink wpfdlightbox wpfd_previewlink\"                            target=\"\"                            data-id=\"{{ID}}\"                            data-catid=\"{{catid}}\"                            data-file-type=\"{{ext}}\">Visualizar<i class=\"zmdi zmdi-filter-center-focus wpfd-preview\"><\/i>                        <\/a>{{\/if}}{{\/if}}            <\/td>            <\/tr>    {{\/each}}    {{\/if}}<\/script><div class=\"wpfd-content wpfd-content-table wpfd-content-multi colstyle\" data-category=\"29\"><input type=\"hidden\" id=\"current_category_29\" value=\"29\" \/>                    <input type=\"hidden\" id=\"current_category_slug_29\" value=\"licitacoes\" \/>                    <input type=\"hidden\" id=\"current_ordering_29\" value=\"created_time\" \/>                    <input type=\"hidden\" id=\"current_ordering_direction_29\" value=\"desc\" \/><div class=\"wpfd-container\">        <div class=\"wpfd-open-tree\"><\/div>    <div class=\"wpfd-container-table \">        <div class=\"wpfd-categories\"><\/div>        <table class=\"wpfd-table wpfd-table-bordered wpfd-table-striped mediaTable\">            <thead>            <tr>                <th class=\"essential persist file_title\">T\u00edtulo<\/th><th class=\"optional file_size\">Tamanho<\/th><th class=\"optional file_created\">Data de Publica\u00e7\u00e3o<\/th><th class=\"essential file_download\">Baixar<\/th>            <\/tr>            <\/thead>            <tbody>                            <tr class=\"file\" data-id=\"3447\"                    data-catid=\"29\">                    <td class=\"file_title\"><a class=\"wpfd_downloadlink\" href=\"https:\/\/portal.pi.gov.br\/sasc\/download\/29\/licitacoes\/3447\/pregao-eletronico-srp-001-2026.pdf\" title=\"Preg\u00e3o Eletr\u00f4nico SRP 001-2026\"><span class=\"extcol\">                                <span class=\"ext ext-pdf\"><\/span>                                Preg\u00e3o Eletr\u00f4nico SRP 001-2026                            <\/span><\/a><\/td><td class=\"file_size\">3.05 MB<\/td><td class=\"file_created\">14-01-2026<\/td>                                            <td class=\"col-download\">                            <a class=\"downloadlink wpfd_downloadlink\"  href=\"https:\/\/portal.pi.gov.br\/sasc\/download\/29\/licitacoes\/3447\/pregao-eletronico-srp-001-2026.pdf\" style=\"background-color:#033b85;color:#ffffff;\">Baixar<i class=\"zmdi zmdi-cloud-download wpfd-download\"><\/i><\/a><a                            href=\"https:\/\/docs.google.com\/viewer?url=https%3A%2F%2Fportal.pi.gov.br%2Fsasc%2Fwp-admin%2Fadmin-ajax.php%3Fjuwpfisadmin%3Dfalse%26action%3Dwpfd%26task%3Dfile.download%26wpfd_category_id%3D29%26wpfd_file_id%3D3447%26token%3D%26preview%3D1&#038;embedded=true\"                            class=\"openlink wpfdlightbox wpfd_previewlink\"                            target=\"\"                            data-id=\"3447\"                            data-catid=\"29\"                            data-file-type=\"pdf\">Visualizar<i class=\"zmdi zmdi-filter-center-focus wpfd-preview\"><\/i>                        <\/a>                        <\/td>                                    <\/tr>                            <tr class=\"file\" data-id=\"2783\"                    data-catid=\"29\">                    <td class=\"file_title\"><a class=\"wpfd_downloadlink\" href=\"https:\/\/portal.pi.gov.br\/sasc\/download\/29\/licitacoes\/2783\/resolucao-seips-no-11-de-16-06-2025-resultado-dos-projetos-reavaliados.pdf\" title=\"RESOLU\u00c7\u00c3O SEIPS N\u00ba 11 DE 16 06 2025 Resultado dos projetos reavaliados\"><span class=\"extcol\">                                <span class=\"ext ext-pdf\"><\/span>                                RESOLU\u00c7\u00c3O SEIPS N\u00ba 11 DE 16 06 2025 Resultado dos projetos reavaliados                            <\/span><\/a><\/td><td class=\"file_size\">2.88 MB<\/td><td class=\"file_created\">17-06-2025<\/td>                                            <td class=\"col-download\">                            <a class=\"downloadlink wpfd_downloadlink\"  href=\"https:\/\/portal.pi.gov.br\/sasc\/download\/29\/licitacoes\/2783\/resolucao-seips-no-11-de-16-06-2025-resultado-dos-projetos-reavaliados.pdf\" style=\"background-color:#033b85;color:#ffffff;\">Baixar<i class=\"zmdi zmdi-cloud-download wpfd-download\"><\/i><\/a><a                            href=\"https:\/\/docs.google.com\/viewer?url=https%3A%2F%2Fportal.pi.gov.br%2Fsasc%2Fwp-admin%2Fadmin-ajax.php%3Fjuwpfisadmin%3Dfalse%26action%3Dwpfd%26task%3Dfile.download%26wpfd_category_id%3D29%26wpfd_file_id%3D2783%26token%3D%26preview%3D1&#038;embedded=true\"                            class=\"openlink wpfdlightbox wpfd_previewlink\"                            target=\"\"                            data-id=\"2783\"                            data-catid=\"29\"                            data-file-type=\"pdf\">Visualizar<i class=\"zmdi zmdi-filter-center-focus wpfd-preview\"><\/i>                        <\/a>                        <\/td>                                    <\/tr>                            <tr class=\"file\" data-id=\"2767\"                    data-catid=\"29\">                    <td class=\"file_title\"><a class=\"wpfd_downloadlink\" href=\"https:\/\/portal.pi.gov.br\/sasc\/download\/29\/licitacoes\/2767\/cronograma-errata-ao-edital-01-2025-sasc-suas-c.pdf\" title=\"Cronograma Errata ao Edital 01 2025 SASC SUAS C\"><span class=\"extcol\">                                <span class=\"ext ext-pdf\"><\/span>                                Cronograma Errata ao Edital 01 2025 SASC SUAS C                            <\/span><\/a><\/td><td class=\"file_size\">252.50 KB<\/td><td class=\"file_created\">12-06-2025<\/td>                                            <td class=\"col-download\">                            <a class=\"downloadlink wpfd_downloadlink\"  href=\"https:\/\/portal.pi.gov.br\/sasc\/download\/29\/licitacoes\/2767\/cronograma-errata-ao-edital-01-2025-sasc-suas-c.pdf\" style=\"background-color:#033b85;color:#ffffff;\">Baixar<i class=\"zmdi zmdi-cloud-download wpfd-download\"><\/i><\/a><a                            href=\"https:\/\/docs.google.com\/viewer?url=https%3A%2F%2Fportal.pi.gov.br%2Fsasc%2Fwp-admin%2Fadmin-ajax.php%3Fjuwpfisadmin%3Dfalse%26action%3Dwpfd%26task%3Dfile.download%26wpfd_category_id%3D29%26wpfd_file_id%3D2767%26token%3D%26preview%3D1&#038;embedded=true\"                            class=\"openlink wpfdlightbox wpfd_previewlink\"                            target=\"\"                            data-id=\"2767\"                            data-catid=\"29\"                            data-file-type=\"pdf\">Visualizar<i class=\"zmdi zmdi-filter-center-focus wpfd-preview\"><\/i>                        <\/a>                        <\/td>                                    <\/tr>                            <tr class=\"file\" data-id=\"2766\"                    data-catid=\"29\">                    <td class=\"file_title\"><a class=\"wpfd_downloadlink\" href=\"https:\/\/portal.pi.gov.br\/sasc\/download\/29\/licitacoes\/2766\/municipios-classificados-no-premio-boas-praticas-primeira-infancia-no-suas.pdf\" title=\"Munic\u00edpios classificados no Pr\u00eamio  Boas Pr\u00e1ticas Primeira Inf\u00e2ncia no SUAS\"><span class=\"extcol\">                                <span class=\"ext ext-pdf\"><\/span>                                Munic\u00edpios classificados no Pr\u00eamio  Boas Pr\u00e1ticas Primeira Inf\u00e2ncia no SUAS                            <\/span><\/a><\/td><td class=\"file_size\">262.63 KB<\/td><td class=\"file_created\">12-06-2025<\/td>                                            <td class=\"col-download\">                            <a class=\"downloadlink wpfd_downloadlink\"  href=\"https:\/\/portal.pi.gov.br\/sasc\/download\/29\/licitacoes\/2766\/municipios-classificados-no-premio-boas-praticas-primeira-infancia-no-suas.pdf\" style=\"background-color:#033b85;color:#ffffff;\">Baixar<i class=\"zmdi zmdi-cloud-download wpfd-download\"><\/i><\/a><a                            href=\"https:\/\/docs.google.com\/viewer?url=https%3A%2F%2Fportal.pi.gov.br%2Fsasc%2Fwp-admin%2Fadmin-ajax.php%3Fjuwpfisadmin%3Dfalse%26action%3Dwpfd%26task%3Dfile.download%26wpfd_category_id%3D29%26wpfd_file_id%3D2766%26token%3D%26preview%3D1&#038;embedded=true\"                            class=\"openlink wpfdlightbox wpfd_previewlink\"                            target=\"\"                            data-id=\"2766\"                            data-catid=\"29\"                            data-file-type=\"pdf\">Visualizar<i class=\"zmdi zmdi-filter-center-focus wpfd-preview\"><\/i>                        <\/a>                        <\/td>                                    <\/tr>                            <tr class=\"file\" data-id=\"2735\"                    data-catid=\"29\">                    <td class=\"file_title\"><a class=\"wpfd_downloadlink\" href=\"https:\/\/portal.pi.gov.br\/sasc\/download\/29\/licitacoes\/2735\/municipios-com-inscricoes-validadas-no-premio-boas-praticas-na-primeira-infancia-no-suas.pdf\" title=\"Munic\u00edpios com inscri\u00e7\u00f5es validadas no Pr\u00eamio Boas Pr\u00e1ticas na Primeira Inf\u00e2ncia no SUAS\"><span class=\"extcol\">                                <span class=\"ext ext-pdf\"><\/span>                                Munic\u00edpios com inscri\u00e7\u00f5es validadas no Pr\u00eamio Boas Pr\u00e1ticas na Primeira Inf\u00e2ncia no SUAS                            <\/span><\/a><\/td><td class=\"file_size\">2.36 MB<\/td><td class=\"file_created\">04-06-2025<\/td>                                            <td class=\"col-download\">                            <a class=\"downloadlink wpfd_downloadlink\"  href=\"https:\/\/portal.pi.gov.br\/sasc\/download\/29\/licitacoes\/2735\/municipios-com-inscricoes-validadas-no-premio-boas-praticas-na-primeira-infancia-no-suas.pdf\" style=\"background-color:#033b85;color:#ffffff;\">Baixar<i class=\"zmdi zmdi-cloud-download wpfd-download\"><\/i><\/a><a                            href=\"https:\/\/docs.google.com\/viewer?url=https%3A%2F%2Fportal.pi.gov.br%2Fsasc%2Fwp-admin%2Fadmin-ajax.php%3Fjuwpfisadmin%3Dfalse%26action%3Dwpfd%26task%3Dfile.download%26wpfd_category_id%3D29%26wpfd_file_id%3D2735%26token%3D%26preview%3D1&#038;embedded=true\"                            class=\"openlink wpfdlightbox wpfd_previewlink\"                            target=\"\"                            data-id=\"2735\"                            data-catid=\"29\"                            data-file-type=\"pdf\">Visualizar<i class=\"zmdi zmdi-filter-center-focus wpfd-preview\"><\/i>                        <\/a>                        <\/td>                                    <\/tr>                            <tr class=\"file\" data-id=\"2704\"                    data-catid=\"29\">                    <td class=\"file_title\"><a class=\"wpfd_downloadlink\" href=\"https:\/\/portal.pi.gov.br\/sasc\/download\/29\/licitacoes\/2704\/resultado-final-seips_250528_145437.pdf\" title=\"RESULTADO FINAL SEIPS_250528_145437\"><span class=\"extcol\">                                <span class=\"ext ext-pdf\"><\/span>                                RESULTADO FINAL SEIPS_250528_145437                            <\/span><\/a><\/td><td class=\"file_size\">1.52 MB<\/td><td class=\"file_created\">29-05-2025<\/td>                                            <td class=\"col-download\">                            <a class=\"downloadlink wpfd_downloadlink\"  href=\"https:\/\/portal.pi.gov.br\/sasc\/download\/29\/licitacoes\/2704\/resultado-final-seips_250528_145437.pdf\" style=\"background-color:#033b85;color:#ffffff;\">Baixar<i class=\"zmdi zmdi-cloud-download wpfd-download\"><\/i><\/a><a                            href=\"https:\/\/docs.google.com\/viewer?url=https%3A%2F%2Fportal.pi.gov.br%2Fsasc%2Fwp-admin%2Fadmin-ajax.php%3Fjuwpfisadmin%3Dfalse%26action%3Dwpfd%26task%3Dfile.download%26wpfd_category_id%3D29%26wpfd_file_id%3D2704%26token%3D%26preview%3D1&#038;embedded=true\"                            class=\"openlink wpfdlightbox wpfd_previewlink\"                            target=\"\"                            data-id=\"2704\"                            data-catid=\"29\"                            data-file-type=\"pdf\">Visualizar<i class=\"zmdi zmdi-filter-center-focus wpfd-preview\"><\/i>                        <\/a>                        <\/td>                                    <\/tr>                            <tr class=\"file\" data-id=\"2660\"                    data-catid=\"29\">                    <td class=\"file_title\"><a class=\"wpfd_downloadlink\" href=\"https:\/\/portal.pi.gov.br\/sasc\/download\/29\/licitacoes\/2660\/premio-boas-praticas-na-primeira-infancia-no-suas-municipios-com-inscricao-aceita.pdf\" title=\"Pr\u00eamio Boas Pr\u00e1ticas na Primeira Inf\u00e2ncia no SUAS -munic\u00edpios com inscri\u00e7\u00e3o aceita\"><span class=\"extcol\">                                <span class=\"ext ext-pdf\"><\/span>                                Pr\u00eamio Boas Pr\u00e1ticas na Primeira Inf\u00e2ncia no SUAS -munic\u00edpios com inscri\u00e7\u00e3o aceita                            <\/span><\/a><\/td><td class=\"file_size\">2.91 MB<\/td><td class=\"file_created\">21-05-2025<\/td>                                            <td class=\"col-download\">                            <a class=\"downloadlink wpfd_downloadlink\"  href=\"https:\/\/portal.pi.gov.br\/sasc\/download\/29\/licitacoes\/2660\/premio-boas-praticas-na-primeira-infancia-no-suas-municipios-com-inscricao-aceita.pdf\" style=\"background-color:#033b85;color:#ffffff;\">Baixar<i class=\"zmdi zmdi-cloud-download wpfd-download\"><\/i><\/a><a                            href=\"https:\/\/docs.google.com\/viewer?url=https%3A%2F%2Fportal.pi.gov.br%2Fsasc%2Fwp-admin%2Fadmin-ajax.php%3Fjuwpfisadmin%3Dfalse%26action%3Dwpfd%26task%3Dfile.download%26wpfd_category_id%3D29%26wpfd_file_id%3D2660%26token%3D%26preview%3D1&#038;embedded=true\"                            class=\"openlink wpfdlightbox wpfd_previewlink\"                            target=\"\"                            data-id=\"2660\"                            data-catid=\"29\"                            data-file-type=\"pdf\">Visualizar<i class=\"zmdi zmdi-filter-center-focus wpfd-preview\"><\/i>                        <\/a>                        <\/td>                                    <\/tr>                            <tr class=\"file\" data-id=\"2550\"                    data-catid=\"29\">                    <td class=\"file_title\"><a class=\"wpfd_downloadlink\" href=\"https:\/\/portal.pi.gov.br\/sasc\/download\/29\/licitacoes\/2550\/plano-primeira-infancia-digital.pdf\" title=\"Plano Primeira Inf\u00e2ncia - DIGITAL\"><span class=\"extcol\">                                <span class=\"ext ext-pdf\"><\/span>                                Plano Primeira Inf\u00e2ncia - DIGITAL                            <\/span><\/a><\/td><td class=\"file_size\">8.53 MB<\/td><td class=\"file_created\">02-05-2025<\/td>                                            <td class=\"col-download\">                            <a class=\"downloadlink wpfd_downloadlink\"  href=\"https:\/\/portal.pi.gov.br\/sasc\/download\/29\/licitacoes\/2550\/plano-primeira-infancia-digital.pdf\" style=\"background-color:#033b85;color:#ffffff;\">Baixar<i class=\"zmdi zmdi-cloud-download wpfd-download\"><\/i><\/a><a                            href=\"https:\/\/docs.google.com\/viewer?url=https%3A%2F%2Fportal.pi.gov.br%2Fsasc%2Fwp-admin%2Fadmin-ajax.php%3Fjuwpfisadmin%3Dfalse%26action%3Dwpfd%26task%3Dfile.download%26wpfd_category_id%3D29%26wpfd_file_id%3D2550%26token%3D%26preview%3D1&#038;embedded=true\"                            class=\"openlink wpfdlightbox wpfd_previewlink\"                            target=\"\"                            data-id=\"2550\"                            data-catid=\"29\"                            data-file-type=\"pdf\">Visualizar<i class=\"zmdi zmdi-filter-center-focus wpfd-preview\"><\/i>                        <\/a>                        <\/td>                                    <\/tr>                            <tr class=\"file\" data-id=\"2544\"                    data-catid=\"29\">                    <td class=\"file_title\"><a class=\"wpfd_downloadlink\" href=\"https:\/\/portal.pi.gov.br\/sasc\/download\/29\/licitacoes\/2544\/aviso-de-licitacao-001-2024-relancamento.pdf\" title=\"Aviso de Licita\u00e7\u00e3o 001-2024 RELAN\u00c7AMENTO\"><span class=\"extcol\">                                <span class=\"ext ext-pdf\"><\/span>                                Aviso de Licita\u00e7\u00e3o 001-2024 RELAN\u00c7AMENTO                            <\/span><\/a><\/td><td class=\"file_size\">195.73 KB<\/td><td class=\"file_created\">29-04-2025<\/td>                                            <td class=\"col-download\">                            <a class=\"downloadlink wpfd_downloadlink\"  href=\"https:\/\/portal.pi.gov.br\/sasc\/download\/29\/licitacoes\/2544\/aviso-de-licitacao-001-2024-relancamento.pdf\" style=\"background-color:#033b85;color:#ffffff;\">Baixar<i class=\"zmdi zmdi-cloud-download wpfd-download\"><\/i><\/a><a                            href=\"https:\/\/docs.google.com\/viewer?url=https%3A%2F%2Fportal.pi.gov.br%2Fsasc%2Fwp-admin%2Fadmin-ajax.php%3Fjuwpfisadmin%3Dfalse%26action%3Dwpfd%26task%3Dfile.download%26wpfd_category_id%3D29%26wpfd_file_id%3D2544%26token%3D%26preview%3D1&#038;embedded=true\"                            class=\"openlink wpfdlightbox wpfd_previewlink\"                            target=\"\"                            data-id=\"2544\"                            data-catid=\"29\"                            data-file-type=\"pdf\">Visualizar<i class=\"zmdi zmdi-filter-center-focus wpfd-preview\"><\/i>                        <\/a>                        <\/td>                                    <\/tr>                            <tr class=\"file\" data-id=\"2543\"                    data-catid=\"29\">                    <td class=\"file_title\"><a class=\"wpfd_downloadlink\" href=\"https:\/\/portal.pi.gov.br\/sasc\/download\/29\/licitacoes\/2543\/edital-pregao-eletronico-srp-01-2024-relancamento.pdf\" title=\"Edital Preg\u00e3o Eletr\u00f4nico SRP 01-2024-RELAN\u00c7AMENTO\"><span class=\"extcol\">                                <span class=\"ext ext-pdf\"><\/span>                                Edital Preg\u00e3o Eletr\u00f4nico SRP 01-2024-RELAN\u00c7AMENTO                            <\/span><\/a><\/td><td class=\"file_size\">1.08 MB<\/td><td class=\"file_created\">29-04-2025<\/td>                                            <td class=\"col-download\">                            <a class=\"downloadlink wpfd_downloadlink\"  href=\"https:\/\/portal.pi.gov.br\/sasc\/download\/29\/licitacoes\/2543\/edital-pregao-eletronico-srp-01-2024-relancamento.pdf\" style=\"background-color:#033b85;color:#ffffff;\">Baixar<i class=\"zmdi zmdi-cloud-download wpfd-download\"><\/i><\/a><a                            href=\"https:\/\/docs.google.com\/viewer?url=https%3A%2F%2Fportal.pi.gov.br%2Fsasc%2Fwp-admin%2Fadmin-ajax.php%3Fjuwpfisadmin%3Dfalse%26action%3Dwpfd%26task%3Dfile.download%26wpfd_category_id%3D29%26wpfd_file_id%3D2543%26token%3D%26preview%3D1&#038;embedded=true\"                            class=\"openlink wpfdlightbox wpfd_previewlink\"                            target=\"\"                            data-id=\"2543\"                            data-catid=\"29\"                            data-file-type=\"pdf\">Visualizar<i class=\"zmdi zmdi-filter-center-focus wpfd-preview\"><\/i>                        <\/a>                        <\/td>                                    <\/tr>                        <\/tbody>        <\/table>            <\/div><\/div><\/div><div class='wpfd-pagination'>\n\t<span class='page-numbers current'>1<\/span>\n<a class='page-numbers' data-page='2' data-sourcecat='29'>2<\/a>\n<a class='page-numbers' data-page='3' data-sourcecat='29'>3<\/a>\n<a class='next page-numbers' data-page='2' data-sourcecat='29'>Pr\u00f3ximo &raquo;<\/a>\n<\/div>\n\n","protected":false},"excerpt":{"rendered":"","protected":false},"author":28,"featured_media":0,"parent":0,"menu_order":0,"comment_status":"closed","ping_status":"closed","template":"template-fullwidth.php","meta":[],"featured_image_urls":{"full":"","thumbnail":"","medium":"","medium_large":"","large":"","sgg-420":"","sgg-540":"","sgg-780":"","1536x1536":"","2048x2048":"","homepage-slider":"","homepage-slider-small":"","page-top":"","page-small":"","loop-main":"","thumb-gallery-widget":""},"post_excerpt_stackable":"<p>T\u00edtuloTamanhoData de Publica\u00e7\u00e3oBaixar Preg\u00e3o Eletr\u00f4nico SRP 001-2026 3.05 MB14-01-2026 BaixarVisualizar RESOLU\u00c7\u00c3O SEIPS N\u00ba 11 DE 16 06 2025 Resultado dos projetos reavaliados 2.88 MB17-06-2025 BaixarVisualizar Cronograma Errata ao Edital 01 2025 SASC SUAS C 252.50 KB12-06-2025 BaixarVisualizar Munic\u00edpios classificados no Pr\u00eamio Boas Pr\u00e1ticas Primeira Inf\u00e2ncia no SUAS 262.63 KB12-06-2025 BaixarVisualizar Munic\u00edpios com inscri\u00e7\u00f5es validadas no Pr\u00eamio Boas Pr\u00e1ticas na Primeira Inf\u00e2ncia no SUAS 2.36 MB04-06-2025 BaixarVisualizar RESULTADO FINAL SEIPS_250528_145437 1.52 MB29-05-2025 BaixarVisualizar Pr\u00eamio Boas Pr\u00e1ticas na Primeira Inf\u00e2ncia no SUAS -munic\u00edpios com inscri\u00e7\u00e3o aceita 2.91 MB21-05-2025 BaixarVisualizar Plano Primeira Inf\u00e2ncia &#8211; DIGITAL 8.53 MB02-05-2025 BaixarVisualizar Aviso de Licita\u00e7\u00e3o 001-2024 RELAN\u00c7AMENTO&hellip;<\/p>\n","category_list":"","author_info":{"name":"tassodenis","url":"https:\/\/portal.pi.gov.br\/sasc\/author\/tassodenis\/"},"comments_num":"0 coment\u00e1rio","featured_image_urls_v2":{"full":"","thumbnail":"","medium":"","medium_large":"","large":"","sgg-420":"","sgg-540":"","sgg-780":"","1536x1536":"","2048x2048":"","homepage-slider":"","homepage-slider-small":"","page-top":"","page-small":"","loop-main":"","thumb-gallery-widget":""},"post_excerpt_stackable_v2":"<p>T\u00edtuloTamanhoData de Publica\u00e7\u00e3oBaixar Preg\u00e3o Eletr\u00f4nico SRP 001-2026 3.05 MB14-01-2026 BaixarVisualizar RESOLU\u00c7\u00c3O SEIPS N\u00ba 11 DE 16 06 2025 Resultado dos projetos reavaliados 2.88 MB17-06-2025 BaixarVisualizar Cronograma Errata ao Edital 01 2025 SASC SUAS C 252.50 KB12-06-2025 BaixarVisualizar Munic\u00edpios classificados no Pr\u00eamio Boas Pr\u00e1ticas Primeira Inf\u00e2ncia no SUAS 262.63 KB12-06-2025 BaixarVisualizar Munic\u00edpios com inscri\u00e7\u00f5es validadas no Pr\u00eamio Boas Pr\u00e1ticas na Primeira Inf\u00e2ncia no SUAS 2.36 MB04-06-2025 BaixarVisualizar RESULTADO FINAL SEIPS_250528_145437 1.52 MB29-05-2025 BaixarVisualizar Pr\u00eamio Boas Pr\u00e1ticas na Primeira Inf\u00e2ncia no SUAS -munic\u00edpios com inscri\u00e7\u00e3o aceita 2.91 MB21-05-2025 BaixarVisualizar Plano Primeira Inf\u00e2ncia &#8211; DIGITAL 8.53 MB02-05-2025 BaixarVisualizar Aviso de Licita\u00e7\u00e3o 001-2024 RELAN\u00c7AMENTO&hellip;<\/p>\n","category_list_v2":"","author_info_v2":{"name":"tassodenis","url":"https:\/\/portal.pi.gov.br\/sasc\/author\/tassodenis\/"},"comments_num_v2":"0 coment\u00e1rio","_links":{"self":[{"href":"https:\/\/portal.pi.gov.br\/sasc\/wp-json\/wp\/v2\/pages\/983"}],"collection":[{"href":"https:\/\/portal.pi.gov.br\/sasc\/wp-json\/wp\/v2\/pages"}],"about":[{"href":"https:\/\/portal.pi.gov.br\/sasc\/wp-json\/wp\/v2\/types\/page"}],"author":[{"embeddable":true,"href":"https:\/\/portal.pi.gov.br\/sasc\/wp-json\/wp\/v2\/users\/28"}],"replies":[{"embeddable":true,"href":"https:\/\/portal.pi.gov.br\/sasc\/wp-json\/wp\/v2\/comments?post=983"}],"version-history":[{"count":2,"href":"https:\/\/portal.pi.gov.br\/sasc\/wp-json\/wp\/v2\/pages\/983\/revisions"}],"predecessor-version":[{"id":1019,"href":"https:\/\/portal.pi.gov.br\/sasc\/wp-json\/wp\/v2\/pages\/983\/revisions\/1019"}],"wp:attachment":[{"href":"https:\/\/portal.pi.gov.br\/sasc\/wp-json\/wp\/v2\/media?parent=983"}],"curies":[{"name":"wp","href":"https:\/\/api.w.org\/{rel}","templated":true}]}}