{"id":1004,"date":"2024-02-02T09:51:10","date_gmt":"2024-02-02T12:51:10","guid":{"rendered":"https:\/\/portal.pi.gov.br\/sde\/?page_id=1004"},"modified":"2024-03-04T07:54:00","modified_gmt":"2024-03-04T10:54:00","slug":"relatorios","status":"publish","type":"page","link":"https:\/\/portal.pi.gov.br\/sde\/relatorios\/","title":{"rendered":"Relat\u00f3rios e Licita\u00e7\u00f5es"},"content":{"rendered":"<div class=\"wpfd-content wpfd-content-default wpfd-content-multi\" data-category=\"29\"><input type=\"hidden\" id=\"current_category_29\" value=\"29\" \/>                    <input type=\"hidden\" id=\"current_category_slug_29\" value=\"relatorios\" \/>                    <input type=\"hidden\" id=\"current_ordering_29\" value=\"created_time\" \/>                    <input type=\"hidden\" id=\"current_ordering_direction_29\" value=\"desc\" \/><ul class=\"breadcrumbs wpfd-breadcrumbs-default head-category-default\">                            <li class=\"active\">Relat\u00f3rios<\/li>                        <\/ul>    <script type=\"text\/x-handlebars-template\" class=\"wpfd-template-categories\">        <div class=\"wpfd-categories\">{{#if category}}{{#with category}}<h2>{{name}}<\/h2>{{#if parent}}<a class=\"catlink backcategory\" href=\"#\" data-idcat=\"{{parent}}\">                        <i class=\"zmdi zmdi-chevron-left\"><\/i><span>Voltar<\/span><\/a>{{\/if}}{{\/with}}{{\/if}}{{#if categories}}{{#each categories}}<a class=\"wpfdcategory catlink\" style=\"margin : 10px 10px 10px 10px;\" href=\"#\" data-idcat=\"{{term_id}}\" title=\"{{name}}\">                                <span>{{name}}<\/span><i class=\"zmdi zmdi-folder wpfd-folder\"><\/i>                            <\/a>{{\/each}}{{\/if}}<div class=\"wpfdcategory_placeholder\" style=\"margin : 0 10px 0 10px;\"><\/div><div class=\"wpfdcategory_placeholder\" style=\"margin : 0 10px 0 10px;\"><\/div><div class=\"wpfdcategory_placeholder\" style=\"margin : 0 10px 0 10px;\"><\/div><\/div>    <\/script>    <script type=\"text\/x-handlebars-template\" class=\"wpfd-template-files\">        {{#if files }}        <div class=\"wpfd_list\">            {{#each files}}            <div class=\"file\" style=\"margin : 10px 10px 10px 10px;\" data-id=\"{{ID}}\" data-catid=\"{{catid}}\">                <div class=\"filecontent\">                    {{#if file_custom_icon}}                    <div class=\"icon-custom\"><img src=\"{{file_custom_icon}}\"><\/div>                    {{else}}                    <div class=\"ext ext-{{ext}}\"><span class=\"txt\">{{ext}}<\/span><\/div>                    {{\/if}}<h3><a href=\"{{linkdownload}}\"  class=\"wpfd_downloadlink\" title=\"{{post_title}}\">{{{crop_title}}}<\/a><\/h3>                    <div class=\"file-xinfo\">                        {{#if description}}<div class=\"file-desc\">{{{description}}}<\/div>{{\/if}}{{#if versionNumber}}<div class=\"file-version\"><span>Vers\u00e3o:<\/span> {{versionNumber}}<\/div>{{\/if}}<div class=\"file-size\"><span>Tamanho:<\/span> {{bytesToSize size}}<\/div><div class=\"file-hits\"><span>Hits:<\/span> {{hits}}<\/div>                    <\/div>                <\/div>                <span class=\"file-right\">                    <a class=\"downloadlink wpfd_downloadlink\"  href=\"{{linkdownload}}\" style=\"\">Baixar<i class=\"zmdi zmdi-cloud-download wpfd-download\"><\/i><\/a>{{#if openpdflink}}<a class=\"openlink wpfdlightbox wpfd_previewlink\" href=\"{{openpdflink}}\" target=\"\">Visualizar                            <i class=\"zmdi zmdi-filter-center-focus wpfd-preview\"><\/i>                        <\/a>{{else}}{{#if viewerlink}}<a                            href=\"{{viewerlink}}\"                            class=\"openlink wpfdlightbox wpfd_previewlink\"                            target=\"\"                            data-id=\"{{ID}}\"                            data-catid=\"{{catid}}\"                            data-file-type=\"{{ext}}\">Visualizar<i class=\"zmdi zmdi-filter-center-focus wpfd-preview\"><\/i>                        <\/a>{{\/if}}{{\/if}}                <\/span>            <\/div>            {{\/each}}            <div class=\"file flex_span\" style=\"margin : 10px 10px 10px 10px;\"><\/div>        <\/div>        {{\/if}}    <\/script><div class=\"wpfd-container\">        <div class=\"wpfd-open-tree\"><\/div>    <div class=\"wpfd-container-default \">        <div class=\"wpfd-categories\"><h2>Relat\u00f3rios<\/h2><\/div>                    <div class=\"wpfd_list\">                                    <div class=\"file\" style=\"margin : 10px 10px 10px 10px;\"                         data-id=\"3108\"                         data-catid=\"37\">                        <div class=\"filecontent\">                            <div class=\"ext ext-pdf\"><span class=\"txt\">pdf<\/div><h3><a href=\"https:\/\/portal.pi.gov.br\/sde\/download\/37\/licitacoes\/3108\/aviso-republicacao-de-licitacao-concorrencia-eletronica-no-019-2026.pdf\"  class=\"wpfd_downloadlink\" title=\"AVISO REPUBLICA\u00c7\u00c3O DE LICITA\u00c7\u00c3O \u2013 CONCORR\u00caNCIA ELETR\u00d4NICA N\u00ba 019.2026\">AVISO REPUBLICA\u00c7\u00c3O DE LICITA\u00c7\u00c3O \u2013 CONCORR\u00caNCIA ELETR\u00d4NICA N\u00ba 019.2026<\/a><\/h3>                            <div class=\"file-xinfo\">                                <div class=\"file-size\"><span>Tamanho:<\/span> N\/A<\/div><div class=\"file-hits\"><span>Hits:<\/span> 1<\/div>                            <\/div>                        <\/div>                        <div class=\"file-right\">                            <a class=\"downloadlink wpfd_downloadlink\"  href=\"https:\/\/portal.pi.gov.br\/sde\/download\/37\/licitacoes\/3108\/aviso-republicacao-de-licitacao-concorrencia-eletronica-no-019-2026.pdf\" style=\"\">Baixar<i class=\"zmdi zmdi-cloud-download wpfd-download\"><\/i><\/a>                        <\/div>                    <\/div>                                    <div class=\"file\" style=\"margin : 10px 10px 10px 10px;\"                         data-id=\"3100\"                         data-catid=\"37\">                        <div class=\"filecontent\">                            <div class=\"ext ext-pdf\"><span class=\"txt\">pdf<\/div><h3><a href=\"https:\/\/portal.pi.gov.br\/sde\/download\/37\/licitacoes\/3100\/aviso-de-licitacao-concorrencia-eletronica-no-019-2026-sde.pdf\"  class=\"wpfd_downloadlink\" title=\"AVISO DE LICITA\u00c7\u00c3O \u2013 CONCORR\u00caNCIA ELETR\u00d4NICA N\u00ba 019.2026 \u2013 SDE\">AVISO DE LICITA\u00c7\u00c3O \u2013 CONCORR\u00caNCIA ELETR\u00d4NICA N\u00ba 019.2026 \u2013 SDE<\/a><\/h3>                            <div class=\"file-xinfo\">                                <div class=\"file-size\"><span>Tamanho:<\/span> N\/A<\/div><div class=\"file-hits\"><span>Hits:<\/span> 1<\/div>                            <\/div>                        <\/div>                        <div class=\"file-right\">                            <a class=\"downloadlink wpfd_downloadlink\"  href=\"https:\/\/portal.pi.gov.br\/sde\/download\/37\/licitacoes\/3100\/aviso-de-licitacao-concorrencia-eletronica-no-019-2026-sde.pdf\" style=\"\">Baixar<i class=\"zmdi zmdi-cloud-download wpfd-download\"><\/i><\/a>                        <\/div>                    <\/div>                                    <div class=\"file\" style=\"margin : 10px 10px 10px 10px;\"                         data-id=\"3085\"                         data-catid=\"37\">                        <div class=\"filecontent\">                            <div class=\"ext ext-pdf\"><span class=\"txt\">pdf<\/div><h3><a href=\"https:\/\/portal.pi.gov.br\/sde\/download\/37\/licitacoes\/3085\/aviso-de-licitacao-concorrencia-no-20-2026-sde-recuperacao-de-estrada-vicinal-loc-canto-alegre-floriano-pi.pdf\"  class=\"wpfd_downloadlink\" title=\"AVISO DE LICITA\u00c7\u00c3O-CONCORR\u00caNCIA N\u00ba 20.2026-SDE (Recupera\u00e7\u00e3o de Estrada Vicinal-Loc. Canto Alegre-FLORIANO-PI)\">AVISO DE LICITA\u00c7\u00c3O-CONCORR\u00caNCIA N\u00ba 20.2026-SDE (Recupera\u00e7\u00e3o de Estrada Vicinal-Loc. Canto Alegre-FLORIANO-PI)<\/a><\/h3>                            <div class=\"file-xinfo\">                                <div class=\"file-size\"><span>Tamanho:<\/span> N\/A<\/div><div class=\"file-hits\"><span>Hits:<\/span> 2<\/div>                            <\/div>                        <\/div>                        <div class=\"file-right\">                            <a class=\"downloadlink wpfd_downloadlink\"  href=\"https:\/\/portal.pi.gov.br\/sde\/download\/37\/licitacoes\/3085\/aviso-de-licitacao-concorrencia-no-20-2026-sde-recuperacao-de-estrada-vicinal-loc-canto-alegre-floriano-pi.pdf\" style=\"\">Baixar<i class=\"zmdi zmdi-cloud-download wpfd-download\"><\/i><\/a>                        <\/div>                    <\/div>                                    <div class=\"file\" style=\"margin : 10px 10px 10px 10px;\"                         data-id=\"3061\"                         data-catid=\"37\">                        <div class=\"filecontent\">                            <div class=\"ext ext-pdf\"><span class=\"txt\">pdf<\/div><h3><a href=\"https:\/\/portal.pi.gov.br\/sde\/download\/37\/licitacoes\/3061\/aviso_de_licitacao___concorrencia_eletronica_n__018-2026___sde.pdf\"  class=\"wpfd_downloadlink\" title=\"AVISO_DE_LICITACAO___CONCORRENCIA_ELETRONICA_N__018.2026___SDE\">AVISO_DE_LICITACAO___CONCORRENCIA_ELETRONICA_N__018.2026___SDE<\/a><\/h3>                            <div class=\"file-xinfo\">                                <div class=\"file-size\"><span>Tamanho:<\/span> N\/A<\/div><div class=\"file-hits\"><span>Hits:<\/span> 0<\/div>                            <\/div>                        <\/div>                        <div class=\"file-right\">                            <a class=\"downloadlink wpfd_downloadlink\"  href=\"https:\/\/portal.pi.gov.br\/sde\/download\/37\/licitacoes\/3061\/aviso_de_licitacao___concorrencia_eletronica_n__018-2026___sde.pdf\" style=\"\">Baixar<i class=\"zmdi zmdi-cloud-download wpfd-download\"><\/i><\/a>                        <\/div>                    <\/div>                                    <div class=\"file\" style=\"margin : 10px 10px 10px 10px;\"                         data-id=\"3051\"                         data-catid=\"37\">                        <div class=\"filecontent\">                            <div class=\"ext ext-pdf\"><span class=\"txt\">pdf<\/div><h3><a href=\"https:\/\/portal.pi.gov.br\/sde\/download\/37\/licitacoes\/3051\/aviso_de_licitacao___concorrencia_eletronica_n__012-2026___sde.pdf\"  class=\"wpfd_downloadlink\" title=\"AVISO_DE_LICITACAO___CONCORRENCIA_ELETRONICA_N__012.2026___SDE\">AVISO_DE_LICITACAO___CONCORRENCIA_ELETRONICA_N__012.2026___SDE<\/a><\/h3>                            <div class=\"file-xinfo\">                                <div class=\"file-size\"><span>Tamanho:<\/span> N\/A<\/div><div class=\"file-hits\"><span>Hits:<\/span> 0<\/div>                            <\/div>                        <\/div>                        <div class=\"file-right\">                            <a class=\"downloadlink wpfd_downloadlink\"  href=\"https:\/\/portal.pi.gov.br\/sde\/download\/37\/licitacoes\/3051\/aviso_de_licitacao___concorrencia_eletronica_n__012-2026___sde.pdf\" style=\"\">Baixar<i class=\"zmdi zmdi-cloud-download wpfd-download\"><\/i><\/a>                        <\/div>                    <\/div>                                    <div class=\"file\" style=\"margin : 10px 10px 10px 10px;\"                         data-id=\"3042\"                         data-catid=\"29\">                        <div class=\"filecontent\">                            <div class=\"ext ext-pdf\"><span class=\"txt\">pdf<\/div><h3><a href=\"https:\/\/portal.pi.gov.br\/sde\/download\/29\/relatorios\/3042\/relatorio-de-gestao-consolidado-sde-2025.pdf\"  class=\"wpfd_downloadlink\" title=\"RELAT\u00d3RIO DE GEST\u00c3O CONSOLIDADO - SDE 2025\">RELAT\u00d3RIO DE GEST\u00c3O CONSOLIDADO - SDE 2025<\/a><\/h3>                            <div class=\"file-xinfo\">                                <div class=\"file-size\"><span>Tamanho:<\/span> 6.21 MB<\/div><div class=\"file-hits\"><span>Hits:<\/span> 3<\/div>                            <\/div>                        <\/div>                        <div class=\"file-right\">                            <a class=\"downloadlink wpfd_downloadlink\"  href=\"https:\/\/portal.pi.gov.br\/sde\/download\/29\/relatorios\/3042\/relatorio-de-gestao-consolidado-sde-2025.pdf\" style=\"\">Baixar<i class=\"zmdi zmdi-cloud-download wpfd-download\"><\/i><\/a><a                            href=\"https:\/\/docs.google.com\/viewer?url=https%3A%2F%2Fportal.pi.gov.br%2Fsde%2Fwp-admin%2Fadmin-ajax.php%3Fjuwpfisadmin%3Dfalse%26action%3Dwpfd%26task%3Dfile.download%26wpfd_category_id%3D29%26wpfd_file_id%3D3042%26token%3D%26preview%3D1&#038;embedded=true\"                            class=\"openlink wpfdlightbox wpfd_previewlink\"                            target=\"\"                            data-id=\"3042\"                            data-catid=\"29\"                            data-file-type=\"pdf\">Visualizar<i class=\"zmdi zmdi-filter-center-focus wpfd-preview\"><\/i>                        <\/a>                        <\/div>                    <\/div>                                    <div class=\"file\" style=\"margin : 10px 10px 10px 10px;\"                         data-id=\"3040\"                         data-catid=\"37\">                        <div class=\"filecontent\">                            <div class=\"ext ext-pdf\"><span class=\"txt\">pdf<\/div><h3><a href=\"https:\/\/portal.pi.gov.br\/sde\/download\/37\/licitacoes\/3040\/aviso-de-licitacao-concorrencia-no-17-2026-sde-construcao-ponte-loc-iraja-floriano-pi.pdf\"  class=\"wpfd_downloadlink\" title=\"AVISO DE LICITA\u00c7\u00c3O-CONCORR\u00caNCIA N\u00ba 17.2026-SDE (Constru\u00e7\u00e3o Ponte-Loc. Iraj\u00e1-FLORIANO-PI)\">AVISO DE LICITA\u00c7\u00c3O-CONCORR\u00caNCIA N\u00ba 17.2026-SDE (Constru\u00e7\u00e3o Ponte-Loc. Iraj\u00e1-FLORIANO-PI)<\/a><\/h3>                            <div class=\"file-xinfo\">                                <div class=\"file-size\"><span>Tamanho:<\/span> N\/A<\/div><div class=\"file-hits\"><span>Hits:<\/span> 6<\/div>                            <\/div>                        <\/div>                        <div class=\"file-right\">                            <a class=\"downloadlink wpfd_downloadlink\"  href=\"https:\/\/portal.pi.gov.br\/sde\/download\/37\/licitacoes\/3040\/aviso-de-licitacao-concorrencia-no-17-2026-sde-construcao-ponte-loc-iraja-floriano-pi.pdf\" style=\"\">Baixar<i class=\"zmdi zmdi-cloud-download wpfd-download\"><\/i><\/a>                        <\/div>                    <\/div>                                    <div class=\"file\" style=\"margin : 10px 10px 10px 10px;\"                         data-id=\"3035\"                         data-catid=\"37\">                        <div class=\"filecontent\">                            <div class=\"ext ext-pdf\"><span class=\"txt\">pdf<\/div><h3><a href=\"https:\/\/portal.pi.gov.br\/sde\/download\/37\/licitacoes\/3035\/aviso-de-licitacao-concorrencia-no-16-2026-sde-construcao-de-duas-pracas-olho-dagua-do-piaui-pi.pdf\"  class=\"wpfd_downloadlink\" title=\"AVISO DE LICITA\u00c7\u00c3O-CONCORR\u00caNCIA N\u00ba 16.2026-SDE (Constru\u00e7\u00e3o de duas Pra\u00e7as-OLHO D&#039;\u00c1GUA DO PIAU\u00cd-PI)\">AVISO DE LICITA\u00c7\u00c3O-CONCORR\u00caNCIA N\u00ba 16.2026-SDE (Constru\u00e7\u00e3o de duas Pra\u00e7as-OLHO D&#039;\u00c1GUA DO PIAU\u00cd-PI)<\/a><\/h3>                            <div class=\"file-xinfo\">                                <div class=\"file-size\"><span>Tamanho:<\/span> N\/A<\/div><div class=\"file-hits\"><span>Hits:<\/span> 10<\/div>                            <\/div>                        <\/div>                        <div class=\"file-right\">                            <a class=\"downloadlink wpfd_downloadlink\"  href=\"https:\/\/portal.pi.gov.br\/sde\/download\/37\/licitacoes\/3035\/aviso-de-licitacao-concorrencia-no-16-2026-sde-construcao-de-duas-pracas-olho-dagua-do-piaui-pi.pdf\" style=\"\">Baixar<i class=\"zmdi zmdi-cloud-download wpfd-download\"><\/i><\/a>                        <\/div>                    <\/div>                                    <div class=\"file\" style=\"margin : 10px 10px 10px 10px;\"                         data-id=\"3030\"                         data-catid=\"37\">                        <div class=\"filecontent\">                            <div class=\"ext ext-pdf\"><span class=\"txt\">pdf<\/div><h3><a href=\"https:\/\/portal.pi.gov.br\/sde\/download\/37\/licitacoes\/3030\/aviso-de-licitacao-concorrencia-no-15-2026-sde-reforma-geral-estadio-de-futebol-matias-olimpio-pi.pdf\"  class=\"wpfd_downloadlink\" title=\"AVISO DE LICITA\u00c7\u00c3O-CONCORR\u00caNCIA N\u00ba 15.2026-SDE (Reforma Geral Est\u00e1dio de Futebol-MATIAS OL\u00cdMPIO-PI)\">AVISO DE LICITA\u00c7\u00c3O-CONCORR\u00caNCIA N\u00ba 15.2026-SDE (Reforma Geral Est\u00e1dio de Futebol-MATIAS OL\u00cdMPIO-PI)<\/a><\/h3>                            <div class=\"file-xinfo\">                                <div class=\"file-size\"><span>Tamanho:<\/span> N\/A<\/div><div class=\"file-hits\"><span>Hits:<\/span> 8<\/div>                            <\/div>                        <\/div>                        <div class=\"file-right\">                            <a class=\"downloadlink wpfd_downloadlink\"  href=\"https:\/\/portal.pi.gov.br\/sde\/download\/37\/licitacoes\/3030\/aviso-de-licitacao-concorrencia-no-15-2026-sde-reforma-geral-estadio-de-futebol-matias-olimpio-pi.pdf\" style=\"\">Baixar<i class=\"zmdi zmdi-cloud-download wpfd-download\"><\/i><\/a>                        <\/div>                    <\/div>                                    <div class=\"file\" style=\"margin : 10px 10px 10px 10px;\"                         data-id=\"3023\"                         data-catid=\"37\">                        <div class=\"filecontent\">                            <div class=\"ext ext-pdf\"><span class=\"txt\">pdf<\/div><h3><a href=\"https:\/\/portal.pi.gov.br\/sde\/download\/37\/licitacoes\/3023\/aviso-de-licitacao-concorrencia-eletronica-no-14-2026.pdf\"  class=\"wpfd_downloadlink\" title=\"AVISO DE LICITA\u00c7\u00c3O \u2013 CONCORR\u00caNCIA ELETR\u00d4NICA N\u00ba 14.2026\">AVISO DE LICITA\u00c7\u00c3O \u2013 CONCORR\u00caNCIA ELETR\u00d4NICA N\u00ba 14.2026<\/a><\/h3>                            <div class=\"file-xinfo\">                                <div class=\"file-size\"><span>Tamanho:<\/span> N\/A<\/div><div class=\"file-hits\"><span>Hits:<\/span> 13<\/div>                            <\/div>                        <\/div>                        <div class=\"file-right\">                            <a class=\"downloadlink wpfd_downloadlink\"  href=\"https:\/\/portal.pi.gov.br\/sde\/download\/37\/licitacoes\/3023\/aviso-de-licitacao-concorrencia-eletronica-no-14-2026.pdf\" style=\"\">Baixar<i class=\"zmdi zmdi-cloud-download wpfd-download\"><\/i><\/a>                        <\/div>                    <\/div>                                <div class=\"file flex_span\" style=\"margin : 10px 10px 10px 10px;\"><\/div>            <\/div>                    <\/div><\/div><\/div><div class='wpfd-pagination'>\n\t<span class='page-numbers current'>1<\/span>\n<a class='page-numbers' data-page='2' data-sourcecat='29'>2<\/a>\n<a class='page-numbers' data-page='3' data-sourcecat='29'>3<\/a>\n<span class=\"page-numbers dots\">&hellip;<\/span>\n<a class='page-numbers' data-page='8' data-sourcecat='29'>8<\/a>\n<a class='next page-numbers' data-page='2' data-sourcecat='29'>Pr\u00f3ximo &raquo;<\/a>\n<\/div>\n\n","protected":false},"excerpt":{"rendered":"","protected":false},"author":1,"featured_media":0,"parent":0,"menu_order":0,"comment_status":"closed","ping_status":"closed","template":"template-fullwidth.php","meta":[],"featured_image_urls":{"full":"","thumbnail":"","medium":"","medium_large":"","large":"","sgg-420":"","sgg-540":"","sgg-780":"","1536x1536":"","2048x2048":"","homepage-slider":"","homepage-slider-small":"","page-top":"","page-small":"","loop-main":"","thumb-gallery-widget":""},"post_excerpt_stackable":"<p>Relat\u00f3rios Relat\u00f3rios pdfAVISO REPUBLICA\u00c7\u00c3O DE LICITA\u00c7\u00c3O \u2013 CONCORR\u00caNCIA ELETR\u00d4NICA N\u00ba 019.2026 Tamanho: N\/AHits: 1 Baixar pdfAVISO DE LICITA\u00c7\u00c3O \u2013 CONCORR\u00caNCIA ELETR\u00d4NICA N\u00ba 019.2026 \u2013 SDE Tamanho: N\/AHits: 1 Baixar pdfAVISO DE LICITA\u00c7\u00c3O-CONCORR\u00caNCIA N\u00ba 20.2026-SDE (Recupera\u00e7\u00e3o de Estrada Vicinal-Loc. Canto Alegre-FLORIANO-PI) Tamanho: N\/AHits: 2 Baixar pdfAVISO_DE_LICITACAO___CONCORRENCIA_ELETRONICA_N__018.2026___SDE Tamanho: N\/AHits: 0 Baixar pdfAVISO_DE_LICITACAO___CONCORRENCIA_ELETRONICA_N__012.2026___SDE Tamanho: N\/AHits: 0 Baixar pdfRELAT\u00d3RIO DE GEST\u00c3O CONSOLIDADO &#8211; SDE 2025 Tamanho: 6.21 MBHits: 3 BaixarVisualizar pdfAVISO DE LICITA\u00c7\u00c3O-CONCORR\u00caNCIA N\u00ba 17.2026-SDE (Constru\u00e7\u00e3o Ponte-Loc. Iraj\u00e1-FLORIANO-PI) Tamanho: N\/AHits: 6 Baixar pdfAVISO DE LICITA\u00c7\u00c3O-CONCORR\u00caNCIA N\u00ba 16.2026-SDE (Constru\u00e7\u00e3o de duas Pra\u00e7as-OLHO D&#039;\u00c1GUA DO PIAU\u00cd-PI) Tamanho: N\/AHits: 10 Baixar pdfAVISO DE LICITA\u00c7\u00c3O-CONCORR\u00caNCIA N\u00ba 15.2026-SDE (Reforma&hellip;<\/p>\n","category_list":"","author_info":{"name":"admin","url":"https:\/\/portal.pi.gov.br\/sde\/author\/admin\/"},"comments_num":"0 coment\u00e1rio","featured_image_urls_v2":{"full":"","thumbnail":"","medium":"","medium_large":"","large":"","sgg-420":"","sgg-540":"","sgg-780":"","1536x1536":"","2048x2048":"","homepage-slider":"","homepage-slider-small":"","page-top":"","page-small":"","loop-main":"","thumb-gallery-widget":""},"post_excerpt_stackable_v2":"<p>Relat\u00f3rios Relat\u00f3rios pdfAVISO REPUBLICA\u00c7\u00c3O DE LICITA\u00c7\u00c3O \u2013 CONCORR\u00caNCIA ELETR\u00d4NICA N\u00ba 019.2026 Tamanho: N\/AHits: 1 Baixar pdfAVISO DE LICITA\u00c7\u00c3O \u2013 CONCORR\u00caNCIA ELETR\u00d4NICA N\u00ba 019.2026 \u2013 SDE Tamanho: N\/AHits: 1 Baixar pdfAVISO DE LICITA\u00c7\u00c3O-CONCORR\u00caNCIA N\u00ba 20.2026-SDE (Recupera\u00e7\u00e3o de Estrada Vicinal-Loc. Canto Alegre-FLORIANO-PI) Tamanho: N\/AHits: 2 Baixar pdfAVISO_DE_LICITACAO___CONCORRENCIA_ELETRONICA_N__018.2026___SDE Tamanho: N\/AHits: 0 Baixar pdfAVISO_DE_LICITACAO___CONCORRENCIA_ELETRONICA_N__012.2026___SDE Tamanho: N\/AHits: 0 Baixar pdfRELAT\u00d3RIO DE GEST\u00c3O CONSOLIDADO &#8211; SDE 2025 Tamanho: 6.21 MBHits: 3 BaixarVisualizar pdfAVISO DE LICITA\u00c7\u00c3O-CONCORR\u00caNCIA N\u00ba 17.2026-SDE (Constru\u00e7\u00e3o Ponte-Loc. Iraj\u00e1-FLORIANO-PI) Tamanho: N\/AHits: 6 Baixar pdfAVISO DE LICITA\u00c7\u00c3O-CONCORR\u00caNCIA N\u00ba 16.2026-SDE (Constru\u00e7\u00e3o de duas Pra\u00e7as-OLHO D&#039;\u00c1GUA DO PIAU\u00cd-PI) Tamanho: N\/AHits: 10 Baixar pdfAVISO DE LICITA\u00c7\u00c3O-CONCORR\u00caNCIA N\u00ba 15.2026-SDE (Reforma&hellip;<\/p>\n","category_list_v2":"","author_info_v2":{"name":"admin","url":"https:\/\/portal.pi.gov.br\/sde\/author\/admin\/"},"comments_num_v2":"0 coment\u00e1rio","_links":{"self":[{"href":"https:\/\/portal.pi.gov.br\/sde\/wp-json\/wp\/v2\/pages\/1004"}],"collection":[{"href":"https:\/\/portal.pi.gov.br\/sde\/wp-json\/wp\/v2\/pages"}],"about":[{"href":"https:\/\/portal.pi.gov.br\/sde\/wp-json\/wp\/v2\/types\/page"}],"author":[{"embeddable":true,"href":"https:\/\/portal.pi.gov.br\/sde\/wp-json\/wp\/v2\/users\/1"}],"replies":[{"embeddable":true,"href":"https:\/\/portal.pi.gov.br\/sde\/wp-json\/wp\/v2\/comments?post=1004"}],"version-history":[{"count":3,"href":"https:\/\/portal.pi.gov.br\/sde\/wp-json\/wp\/v2\/pages\/1004\/revisions"}],"predecessor-version":[{"id":1107,"href":"https:\/\/portal.pi.gov.br\/sde\/wp-json\/wp\/v2\/pages\/1004\/revisions\/1107"}],"wp:attachment":[{"href":"https:\/\/portal.pi.gov.br\/sde\/wp-json\/wp\/v2\/media?parent=1004"}],"curies":[{"name":"wp","href":"https:\/\/api.w.org\/{rel}","templated":true}]}}