{"id":932,"date":"2024-02-02T09:39:10","date_gmt":"2024-02-02T12:39:10","guid":{"rendered":"https:\/\/portal.pi.gov.br\/sde\/?page_id=932"},"modified":"2024-07-18T14:44:46","modified_gmt":"2024-07-18T17:44:46","slug":"apresentacao","status":"publish","type":"page","link":"https:\/\/portal.pi.gov.br\/sde\/apresentacao\/","title":{"rendered":"Apresenta\u00e7\u00e3o"},"content":{"rendered":"\n<p><\/p>\n\n\n\n<p>A Secretaria Estadual do Desenvolvimento Econ\u00f4mico do Piau\u00ed &#8211; SDE desempenha um papel fundamental na formula\u00e7\u00e3o de pol\u00edticas p\u00fablicas em prol do desenvolvimento econ\u00f4mico dos diversos setores da economia piauiense. Por meio de parcerias com entes municipais, estaduais, federais, organiza\u00e7\u00f5es n\u00e3o governamentais e parceiros privados, a secretaria articula e prop\u00f5e pol\u00edticas direcionadas para o desenvolvimento do empreendedorismo e novas formas de autossustenta\u00e7\u00e3o financeira para a sociedade. Al\u00e9m disso, \u00e9 respons\u00e1vel por promover, orientar, coordenar e supervisionar a pol\u00edtica de desenvolvimento da ind\u00fastria, com\u00e9rcio e servi\u00e7os do Piau\u00ed, buscando fomentar o crescimento econ\u00f4mico de forma abrangente e sustent\u00e1vel.<\/p>\n\n\n\n<h2 class=\"wp-block-heading\"><strong>Miss\u00e3o <\/strong><\/h2>\n\n\n\n<p><\/p>\n\n\n\n<p>Promover o desenvolvimento econ\u00f4mico do estado por meio de pol\u00edticas p\u00fablicas ancoradas na iniciativa privada, com foco na competitividade da ind\u00fastria, com\u00e9rcio, servi\u00e7os e agroneg\u00f3cios. A secretaria busca impulsionar o crescimento sustent\u00e1vel e a gera\u00e7\u00e3o de oportunidades para empreendedores e empresas locais.<\/p>\n\n\n\n<h2 class=\"wp-block-heading\">Vis\u00e3o<\/h2>\n\n\n\n<p><\/p>\n\n\n\n<p>A vis\u00e3o da secretaria \u00e9 ser reconhecida como um \u00f3rg\u00e3o facilitador de novos neg\u00f3cios e incentivador de oportunidades no Piau\u00ed. Busca-se estabelecer a imagem da secretaria como um agente ativo no desenvolvimento econ\u00f4mico do estado, promovendo um ambiente favor\u00e1vel aos neg\u00f3cios e ao crescimento empresarial.<\/p>\n\n\n\n<h2 class=\"wp-block-heading\">Valores<\/h2>\n\n\n\n<p><\/p>\n\n\n\n<p>Os valores fundamentais que norteiam as a\u00e7\u00f5es da Secretaria Estadual do Desenvolvimento Econ\u00f4mico do Piau\u00ed s\u00e3o \u00e9tica, transpar\u00eancia, solidariedade, responsabilidade e resultados. A secretaria pauta suas atividades na \u00e9tica e na transpar\u00eancia, buscando promover um ambiente de neg\u00f3cios justo e respons\u00e1vel, que gere resultados positivos para a sociedade piauiense.<\/p>\n","protected":false},"excerpt":{"rendered":"<p>A Secretaria Estadual do Desenvolvimento Econ\u00f4mico do Piau\u00ed &#8211; SDE desempenha um papel fundamental na formula\u00e7\u00e3o de pol\u00edticas p\u00fablicas em prol do desenvolvimento econ\u00f4mico dos diversos setores da economia piauiense. [&hellip;]<\/p>\n","protected":false},"author":1,"featured_media":0,"parent":0,"menu_order":0,"comment_status":"closed","ping_status":"closed","template":"template-fullwidth.php","meta":[],"featured_image_urls":{"full":"","thumbnail":"","medium":"","medium_large":"","large":"","sgg-420":"","sgg-540":"","sgg-780":"","1536x1536":"","2048x2048":"","homepage-slider":"","homepage-slider-small":"","page-top":"","page-small":"","loop-main":"","thumb-gallery-widget":""},"post_excerpt_stackable":"<p>A Secretaria Estadual do Desenvolvimento Econ\u00f4mico do Piau\u00ed &#8211; SDE desempenha um papel fundamental na formula\u00e7\u00e3o de pol\u00edticas p\u00fablicas em prol do desenvolvimento econ\u00f4mico dos diversos setores da economia piauiense. Por meio de parcerias com entes municipais, estaduais, federais, organiza\u00e7\u00f5es n\u00e3o governamentais e parceiros privados, a secretaria articula e prop\u00f5e pol\u00edticas direcionadas para o desenvolvimento do empreendedorismo e novas formas de autossustenta\u00e7\u00e3o financeira para a sociedade. Al\u00e9m disso, \u00e9 respons\u00e1vel por promover, orientar, coordenar e supervisionar a pol\u00edtica de desenvolvimento da ind\u00fastria, com\u00e9rcio e servi\u00e7os do Piau\u00ed, buscando fomentar o crescimento econ\u00f4mico de forma abrangente e sustent\u00e1vel. Miss\u00e3o Promover o&hellip;<\/p>\n","category_list":"","author_info":{"name":"admin","url":"https:\/\/portal.pi.gov.br\/sde\/author\/admin\/"},"comments_num":"0 coment\u00e1rio","featured_image_urls_v2":{"full":"","thumbnail":"","medium":"","medium_large":"","large":"","sgg-420":"","sgg-540":"","sgg-780":"","1536x1536":"","2048x2048":"","homepage-slider":"","homepage-slider-small":"","page-top":"","page-small":"","loop-main":"","thumb-gallery-widget":""},"post_excerpt_stackable_v2":"<p>A Secretaria Estadual do Desenvolvimento Econ\u00f4mico do Piau\u00ed &#8211; SDE desempenha um papel fundamental na formula\u00e7\u00e3o de pol\u00edticas p\u00fablicas em prol do desenvolvimento econ\u00f4mico dos diversos setores da economia piauiense. Por meio de parcerias com entes municipais, estaduais, federais, organiza\u00e7\u00f5es n\u00e3o governamentais e parceiros privados, a secretaria articula e prop\u00f5e pol\u00edticas direcionadas para o desenvolvimento do empreendedorismo e novas formas de autossustenta\u00e7\u00e3o financeira para a sociedade. Al\u00e9m disso, \u00e9 respons\u00e1vel por promover, orientar, coordenar e supervisionar a pol\u00edtica de desenvolvimento da ind\u00fastria, com\u00e9rcio e servi\u00e7os do Piau\u00ed, buscando fomentar o crescimento econ\u00f4mico de forma abrangente e sustent\u00e1vel. Miss\u00e3o Promover o&hellip;<\/p>\n","category_list_v2":"","author_info_v2":{"name":"admin","url":"https:\/\/portal.pi.gov.br\/sde\/author\/admin\/"},"comments_num_v2":"0 coment\u00e1rio","_links":{"self":[{"href":"https:\/\/portal.pi.gov.br\/sde\/wp-json\/wp\/v2\/pages\/932"}],"collection":[{"href":"https:\/\/portal.pi.gov.br\/sde\/wp-json\/wp\/v2\/pages"}],"about":[{"href":"https:\/\/portal.pi.gov.br\/sde\/wp-json\/wp\/v2\/types\/page"}],"author":[{"embeddable":true,"href":"https:\/\/portal.pi.gov.br\/sde\/wp-json\/wp\/v2\/users\/1"}],"replies":[{"embeddable":true,"href":"https:\/\/portal.pi.gov.br\/sde\/wp-json\/wp\/v2\/comments?post=932"}],"version-history":[{"count":5,"href":"https:\/\/portal.pi.gov.br\/sde\/wp-json\/wp\/v2\/pages\/932\/revisions"}],"predecessor-version":[{"id":1268,"href":"https:\/\/portal.pi.gov.br\/sde\/wp-json\/wp\/v2\/pages\/932\/revisions\/1268"}],"wp:attachment":[{"href":"https:\/\/portal.pi.gov.br\/sde\/wp-json\/wp\/v2\/media?parent=932"}],"curies":[{"name":"wp","href":"https:\/\/api.w.org\/{rel}","templated":true}]}}