{"id":914,"date":"2023-03-06T08:32:35","date_gmt":"2023-03-06T11:32:35","guid":{"rendered":"https:\/\/portal.pi.gov.br\/secepi\/?page_id=914"},"modified":"2026-04-01T19:40:16","modified_gmt":"2026-04-01T22:40:16","slug":"a-secretaria","status":"publish","type":"page","link":"https:\/\/portal.pi.gov.br\/secepi\/a-secretaria\/","title":{"rendered":"A Secretaria"},"content":{"rendered":"\n<p><\/p>\n\n\n\n<p>Anteriormente conhecida como FUNDESPI( Funda\u00e7\u00e3o de Esportes do Piuu\u00ed), se estabeleceu como Secretaria&nbsp;em 01 de janeiro de 2023, intitulada Secretaria dos Esportes do Piaui &#8211; SECEPI. Somos o \u00f3rg\u00e3o de Administra\u00e7\u00e3o Direta do Governo do Estado do Piau\u00ed respons\u00e1vel pelo planejamento, normatiza\u00e7\u00e3o, coordena\u00e7\u00e3o, execu\u00e7\u00e3o e avalia\u00e7\u00e3o da pol\u00edtica estadual de desportos.&nbsp;\u00c9 atribui\u00e7\u00e3o da secretaria articular as a\u00e7\u00f5es do Governo do Estado na valoriza\u00e7\u00e3o e na inclus\u00e3o social dos jovens, adultos e idosos atrav\u00e9s do esporte, sendo eles amadores ou profissionais.<\/p>\n\n\n\n<p><\/p>\n\n\n\n<p><strong><a href=\"https:\/\/portal.pi.gov.br\/secepi\/wp-content\/uploads\/sites\/63\/2025\/09\/RELATORIO-DE-GESTAO-2024-COMPLETO.pdf\">RELAT\u00d3RIO DE GEST\u00c3O SECEPI 2024<\/a><\/strong><\/p>\n\n\n\n<p><strong><a href=\"https:\/\/portal.pi.gov.br\/secepi\/wp-content\/uploads\/sites\/63\/2026\/04\/RELATORIO-DE-GESTAO-SECEPI-2025-.pdf\">RELAT\u00d3RIO DE GEST\u00c3O SECEPI 2025<\/a><\/strong><\/p>\n","protected":false},"excerpt":{"rendered":"<p>Anteriormente conhecida como FUNDESPI( Funda\u00e7\u00e3o de Esportes do Piuu\u00ed), se estabeleceu como Secretaria&nbsp;em 01 de janeiro de 2023, intitulada Secretaria dos Esportes do Piaui &#8211; SECEPI. Somos o \u00f3rg\u00e3o de [&hellip;]<\/p>\n","protected":false},"author":1,"featured_media":0,"parent":0,"menu_order":0,"comment_status":"closed","ping_status":"closed","template":"template-fullwidth.php","meta":[],"featured_image_urls":{"full":"","thumbnail":"","medium":"","medium_large":"","large":"","sgg-420":"","sgg-540":"","sgg-780":"","1536x1536":"","2048x2048":"","homepage-slider":"","homepage-slider-small":"","page-top":"","page-small":"","loop-main":"","thumb-gallery-widget":""},"post_excerpt_stackable":"<p>Anteriormente conhecida como FUNDESPI( Funda\u00e7\u00e3o de Esportes do Piuu\u00ed), se estabeleceu como Secretaria&nbsp;em 01 de janeiro de 2023, intitulada Secretaria dos Esportes do Piaui &#8211; SECEPI. Somos o \u00f3rg\u00e3o de Administra\u00e7\u00e3o Direta do Governo do Estado do Piau\u00ed respons\u00e1vel pelo planejamento, normatiza\u00e7\u00e3o, coordena\u00e7\u00e3o, execu\u00e7\u00e3o e avalia\u00e7\u00e3o da pol\u00edtica estadual de desportos.&nbsp;\u00c9 atribui\u00e7\u00e3o da secretaria articular as a\u00e7\u00f5es do Governo do Estado na valoriza\u00e7\u00e3o e na inclus\u00e3o social dos jovens, adultos e idosos atrav\u00e9s do esporte, sendo eles amadores ou profissionais. RELAT\u00d3RIO DE GEST\u00c3O SECEPI 2024 RELAT\u00d3RIO DE GEST\u00c3O SECEPI 2025<\/p>\n","category_list":"","author_info":{"name":"admin","url":"https:\/\/portal.pi.gov.br\/secepi\/author\/admin\/"},"comments_num":"0 coment\u00e1rio","featured_image_urls_v2":{"full":"","thumbnail":"","medium":"","medium_large":"","large":"","sgg-420":"","sgg-540":"","sgg-780":"","1536x1536":"","2048x2048":"","homepage-slider":"","homepage-slider-small":"","page-top":"","page-small":"","loop-main":"","thumb-gallery-widget":""},"post_excerpt_stackable_v2":"<p>Anteriormente conhecida como FUNDESPI( Funda\u00e7\u00e3o de Esportes do Piuu\u00ed), se estabeleceu como Secretaria&nbsp;em 01 de janeiro de 2023, intitulada Secretaria dos Esportes do Piaui &#8211; SECEPI. Somos o \u00f3rg\u00e3o de Administra\u00e7\u00e3o Direta do Governo do Estado do Piau\u00ed respons\u00e1vel pelo planejamento, normatiza\u00e7\u00e3o, coordena\u00e7\u00e3o, execu\u00e7\u00e3o e avalia\u00e7\u00e3o da pol\u00edtica estadual de desportos.&nbsp;\u00c9 atribui\u00e7\u00e3o da secretaria articular as a\u00e7\u00f5es do Governo do Estado na valoriza\u00e7\u00e3o e na inclus\u00e3o social dos jovens, adultos e idosos atrav\u00e9s do esporte, sendo eles amadores ou profissionais. RELAT\u00d3RIO DE GEST\u00c3O SECEPI 2024 RELAT\u00d3RIO DE GEST\u00c3O SECEPI 2025<\/p>\n","category_list_v2":"","author_info_v2":{"name":"admin","url":"https:\/\/portal.pi.gov.br\/secepi\/author\/admin\/"},"comments_num_v2":"0 coment\u00e1rio","_links":{"self":[{"href":"https:\/\/portal.pi.gov.br\/secepi\/wp-json\/wp\/v2\/pages\/914"}],"collection":[{"href":"https:\/\/portal.pi.gov.br\/secepi\/wp-json\/wp\/v2\/pages"}],"about":[{"href":"https:\/\/portal.pi.gov.br\/secepi\/wp-json\/wp\/v2\/types\/page"}],"author":[{"embeddable":true,"href":"https:\/\/portal.pi.gov.br\/secepi\/wp-json\/wp\/v2\/users\/1"}],"replies":[{"embeddable":true,"href":"https:\/\/portal.pi.gov.br\/secepi\/wp-json\/wp\/v2\/comments?post=914"}],"version-history":[{"count":7,"href":"https:\/\/portal.pi.gov.br\/secepi\/wp-json\/wp\/v2\/pages\/914\/revisions"}],"predecessor-version":[{"id":3279,"href":"https:\/\/portal.pi.gov.br\/secepi\/wp-json\/wp\/v2\/pages\/914\/revisions\/3279"}],"wp:attachment":[{"href":"https:\/\/portal.pi.gov.br\/secepi\/wp-json\/wp\/v2\/media?parent=914"}],"curies":[{"name":"wp","href":"https:\/\/api.w.org\/{rel}","templated":true}]}}