{"id":917,"date":"2023-03-06T08:33:14","date_gmt":"2023-03-06T11:33:14","guid":{"rendered":"https:\/\/portal.pi.gov.br\/secepi\/?page_id=917"},"modified":"2023-03-09T10:04:07","modified_gmt":"2023-03-09T13:04:07","slug":"perfil-da-secretaria","status":"publish","type":"page","link":"https:\/\/portal.pi.gov.br\/secepi\/perfil-da-secretaria\/","title":{"rendered":"Perfil da Secret\u00e1ria"},"content":{"rendered":"\n<p>\u00a0Josiene Campelo \u00e9 a atual Secret\u00e1ria dos Esportes do Piaui. Formada em Ci\u00eancias Cont\u00e1beis, ela tamb\u00e9m \u00e9 especialista em administra\u00e7\u00e3o p\u00fablica, gest\u00e3o e controle. <\/p>\n","protected":false},"excerpt":{"rendered":"<p>\u00a0Josiene Campelo \u00e9 a atual Secret\u00e1ria dos Esportes do Piaui. Formada em Ci\u00eancias Cont\u00e1beis, ela tamb\u00e9m \u00e9 especialista em administra\u00e7\u00e3o p\u00fablica, gest\u00e3o e controle.<\/p>\n","protected":false},"author":1,"featured_media":0,"parent":0,"menu_order":0,"comment_status":"closed","ping_status":"closed","template":"template-fullwidth.php","meta":[],"featured_image_urls":{"full":"","thumbnail":"","medium":"","medium_large":"","large":"","sgg-420":"","sgg-540":"","sgg-780":"","1536x1536":"","2048x2048":"","homepage-slider":"","homepage-slider-small":"","page-top":"","page-small":"","loop-main":"","thumb-gallery-widget":""},"post_excerpt_stackable":"<p>\u00a0Josiene Campelo \u00e9 a atual Secret\u00e1ria dos Esportes do Piaui. Formada em Ci\u00eancias Cont\u00e1beis, ela tamb\u00e9m \u00e9 especialista em administra\u00e7\u00e3o p\u00fablica, gest\u00e3o e controle.<\/p>\n","category_list":"","author_info":{"name":"admin","url":"https:\/\/portal.pi.gov.br\/secepi\/author\/admin\/"},"comments_num":"0 coment\u00e1rio","featured_image_urls_v2":{"full":"","thumbnail":"","medium":"","medium_large":"","large":"","sgg-420":"","sgg-540":"","sgg-780":"","1536x1536":"","2048x2048":"","homepage-slider":"","homepage-slider-small":"","page-top":"","page-small":"","loop-main":"","thumb-gallery-widget":""},"post_excerpt_stackable_v2":"<p>\u00a0Josiene Campelo \u00e9 a atual Secret\u00e1ria dos Esportes do Piaui. Formada em Ci\u00eancias Cont\u00e1beis, ela tamb\u00e9m \u00e9 especialista em administra\u00e7\u00e3o p\u00fablica, gest\u00e3o e controle.<\/p>\n","category_list_v2":"","author_info_v2":{"name":"admin","url":"https:\/\/portal.pi.gov.br\/secepi\/author\/admin\/"},"comments_num_v2":"0 coment\u00e1rio","_links":{"self":[{"href":"https:\/\/portal.pi.gov.br\/secepi\/wp-json\/wp\/v2\/pages\/917"}],"collection":[{"href":"https:\/\/portal.pi.gov.br\/secepi\/wp-json\/wp\/v2\/pages"}],"about":[{"href":"https:\/\/portal.pi.gov.br\/secepi\/wp-json\/wp\/v2\/types\/page"}],"author":[{"embeddable":true,"href":"https:\/\/portal.pi.gov.br\/secepi\/wp-json\/wp\/v2\/users\/1"}],"replies":[{"embeddable":true,"href":"https:\/\/portal.pi.gov.br\/secepi\/wp-json\/wp\/v2\/comments?post=917"}],"version-history":[{"count":2,"href":"https:\/\/portal.pi.gov.br\/secepi\/wp-json\/wp\/v2\/pages\/917\/revisions"}],"predecessor-version":[{"id":996,"href":"https:\/\/portal.pi.gov.br\/secepi\/wp-json\/wp\/v2\/pages\/917\/revisions\/996"}],"wp:attachment":[{"href":"https:\/\/portal.pi.gov.br\/secepi\/wp-json\/wp\/v2\/media?parent=917"}],"curies":[{"name":"wp","href":"https:\/\/api.w.org\/{rel}","templated":true}]}}