{"id":923,"date":"2023-03-06T08:34:25","date_gmt":"2023-03-06T11:34:25","guid":{"rendered":"https:\/\/portal.pi.gov.br\/secepi\/?page_id=923"},"modified":"2024-07-15T12:49:27","modified_gmt":"2024-07-15T15:49:27","slug":"editais-de-calendario","status":"publish","type":"page","link":"https:\/\/portal.pi.gov.br\/secepi\/editais-de-calendario\/","title":{"rendered":"Editais de Contrata\u00e7\u00e3o e Patroc\u00ednio"},"content":{"rendered":"\n<p>O PATROCINADOR dever\u00e1 disponibilizar a presente contrata\u00e7\u00e3o no Portal Nacional de Compras P\u00fablicas ou, em caso de indisponibilidade, em p\u00e1gina sua na Internet e no Di\u00e1rio Oficial do Estado, conforme Ac\u00f3rd\u00e3o TCU n. 2758\/2021 \u2013 Plen\u00e1rio.<\/p>\n\n\n\n<p><\/p>\n","protected":false},"excerpt":{"rendered":"<p>O PATROCINADOR dever\u00e1 disponibilizar a presente contrata\u00e7\u00e3o no Portal Nacional de Compras P\u00fablicas ou, em caso de indisponibilidade, em p\u00e1gina sua na Internet e no Di\u00e1rio Oficial do Estado, conforme [&hellip;]<\/p>\n","protected":false},"author":1,"featured_media":0,"parent":0,"menu_order":0,"comment_status":"closed","ping_status":"closed","template":"template-fullwidth.php","meta":[],"featured_image_urls":{"full":"","thumbnail":"","medium":"","medium_large":"","large":"","sgg-420":"","sgg-540":"","sgg-780":"","1536x1536":"","2048x2048":"","homepage-slider":"","homepage-slider-small":"","page-top":"","page-small":"","loop-main":"","thumb-gallery-widget":""},"post_excerpt_stackable":"<p>O PATROCINADOR dever\u00e1 disponibilizar a presente contrata\u00e7\u00e3o no Portal Nacional de Compras P\u00fablicas ou, em caso de indisponibilidade, em p\u00e1gina sua na Internet e no Di\u00e1rio Oficial do Estado, conforme Ac\u00f3rd\u00e3o TCU n. 2758\/2021 \u2013 Plen\u00e1rio.<\/p>\n","category_list":"","author_info":{"name":"admin","url":"https:\/\/portal.pi.gov.br\/secepi\/author\/admin\/"},"comments_num":"0 coment\u00e1rio","featured_image_urls_v2":{"full":"","thumbnail":"","medium":"","medium_large":"","large":"","sgg-420":"","sgg-540":"","sgg-780":"","1536x1536":"","2048x2048":"","homepage-slider":"","homepage-slider-small":"","page-top":"","page-small":"","loop-main":"","thumb-gallery-widget":""},"post_excerpt_stackable_v2":"<p>O PATROCINADOR dever\u00e1 disponibilizar a presente contrata\u00e7\u00e3o no Portal Nacional de Compras P\u00fablicas ou, em caso de indisponibilidade, em p\u00e1gina sua na Internet e no Di\u00e1rio Oficial do Estado, conforme Ac\u00f3rd\u00e3o TCU n. 2758\/2021 \u2013 Plen\u00e1rio.<\/p>\n","category_list_v2":"","author_info_v2":{"name":"admin","url":"https:\/\/portal.pi.gov.br\/secepi\/author\/admin\/"},"comments_num_v2":"0 coment\u00e1rio","_links":{"self":[{"href":"https:\/\/portal.pi.gov.br\/secepi\/wp-json\/wp\/v2\/pages\/923"}],"collection":[{"href":"https:\/\/portal.pi.gov.br\/secepi\/wp-json\/wp\/v2\/pages"}],"about":[{"href":"https:\/\/portal.pi.gov.br\/secepi\/wp-json\/wp\/v2\/types\/page"}],"author":[{"embeddable":true,"href":"https:\/\/portal.pi.gov.br\/secepi\/wp-json\/wp\/v2\/users\/1"}],"replies":[{"embeddable":true,"href":"https:\/\/portal.pi.gov.br\/secepi\/wp-json\/wp\/v2\/comments?post=923"}],"version-history":[{"count":6,"href":"https:\/\/portal.pi.gov.br\/secepi\/wp-json\/wp\/v2\/pages\/923\/revisions"}],"predecessor-version":[{"id":2532,"href":"https:\/\/portal.pi.gov.br\/secepi\/wp-json\/wp\/v2\/pages\/923\/revisions\/2532"}],"wp:attachment":[{"href":"https:\/\/portal.pi.gov.br\/secepi\/wp-json\/wp\/v2\/media?parent=923"}],"curies":[{"name":"wp","href":"https:\/\/api.w.org\/{rel}","templated":true}]}}