{"id":1806,"date":"2023-03-21T11:55:41","date_gmt":"2023-03-21T14:55:41","guid":{"rendered":"https:\/\/portal.pi.gov.br\/segov\/?page_id=1806"},"modified":"2023-10-31T14:06:05","modified_gmt":"2023-10-31T17:06:05","slug":"gestao-estrategica","status":"publish","type":"page","link":"https:\/\/portal.pi.gov.br\/segov\/gestao-estrategica\/","title":{"rendered":"Gest\u00e3o Estrat\u00e9gica"},"content":{"rendered":"\n<div class=\"wp-block-columns alignwide are-vertically-aligned-center is-layout-flex wp-container-4\">\n<div class=\"wp-block-column is-vertically-aligned-center has-text-color has-background has-link-color wp-elements-c6303b62fb5dc1d5b87bf4b343079b14 is-layout-flow\" style=\"color:#000000;background-color:#ffe97d;padding-top:2em;padding-right:2em;padding-bottom:2em;padding-left:2em\">\n<h2 class=\"wp-block-heading\" id=\"single\" style=\"font-size:40px\">MISS\u00c3O<\/h2>\n\n\n\n<hr class=\"wp-block-separator has-text-color has-css-opacity has-background is-style-wide\" style=\"background-color:#000000;color:#000000\" \/>\n\n\n\n<p>Contribuir, de forma direta e imediata, com a Governadoria do Estado do Piau\u00ed no desempenho de suas atribui\u00e7\u00f5es, em especial, na coordena\u00e7\u00e3o e integra\u00e7\u00e3o entre os diversos entes da Administra\u00e7\u00e3o nos atos da gest\u00e3o p\u00fablica, no fortalecimento do relacionamento institucional e na promo\u00e7\u00e3o do desenvolvimento sustent\u00e1vel e inclusivo.<\/p>\n<\/div>\n\n\n\n<div class=\"wp-block-column has-vivid-cyan-blue-background-color has-text-color has-background has-link-color wp-elements-70d676c35881941679ccc7f8504d4d44 is-layout-flow\" style=\"color:#000000;padding-top:2em;padding-right:2em;padding-bottom:2em;padding-left:2em\">\n<h2 class=\"wp-block-heading\" id=\"family\" style=\"font-size:40px\"><strong>VIS\u00c3O<\/strong><\/h2>\n\n\n\n<hr class=\"wp-block-separator has-css-opacity is-style-wide\" \/>\n\n\n\n<p>Ser reconhecida pela excel\u00eancia e efici\u00eancia na presta\u00e7\u00e3o dos servi\u00e7os, na gest\u00e3o dos recursos e na execu\u00e7\u00e3o das estrat\u00e9gias governamentais.<\/p>\n<\/div>\n\n\n\n<div class=\"wp-block-column has-vivid-green-cyan-background-color has-text-color has-background has-link-color wp-elements-0b04fd9de94b1c7ac0bdfb3fdd212918 is-layout-flow\" style=\"color:#000000;padding-top:2em;padding-right:2em;padding-bottom:2em;padding-left:2em\">\n<h2 class=\"wp-block-heading\" id=\"patron\" style=\"font-size:40px\">PILARES<\/h2>\n\n\n\n<hr class=\"wp-block-separator has-css-opacity is-style-wide\" \/>\n\n\n<div class=\"wp-block-image\">\n<figure class=\"aligncenter size-full is-resized\"><img decoding=\"async\" loading=\"lazy\" src=\"https:\/\/portal.pi.gov.br\/segov\/wp-content\/uploads\/sites\/59\/2023\/03\/pilares-segov.jpg\" alt=\"\" class=\"wp-image-1973\" width=\"189\" height=\"189\" srcset=\"https:\/\/portal.pi.gov.br\/segov\/wp-content\/uploads\/sites\/59\/2023\/03\/pilares-segov.jpg 478w, https:\/\/portal.pi.gov.br\/segov\/wp-content\/uploads\/sites\/59\/2023\/03\/pilares-segov-300x300.jpg 300w, https:\/\/portal.pi.gov.br\/segov\/wp-content\/uploads\/sites\/59\/2023\/03\/pilares-segov-150x150.jpg 150w, https:\/\/portal.pi.gov.br\/segov\/wp-content\/uploads\/sites\/59\/2023\/03\/pilares-segov-418x420.jpg 418w\" sizes=\"(max-width: 189px) 100vw, 189px\" \/><\/figure><\/div><\/div>\n<\/div>\n\n\n\n<figure class=\"wp-block-table is-style-regular\"><table class=\"has-white-color has-text-color has-background\" style=\"background-color:#ff6a00b3\"><tbody><tr><td><strong>ATRIBUTOS DE VALOR<\/strong><\/td><td><\/td><\/tr><tr><td>* Valoriza\u00e7\u00e3o do Servidor: foco no desenvolvimento humano e profissional<br>* Integra\u00e7\u00e3o: relacionamento entre governo e sociedade<br>* Resolutividade: capacidade de solucionar problemas<br>* Transpar\u00eancia: dos dados de interesse p\u00fablico<br>* Gest\u00e3o por resultados: acompanhamento e monitoramento das metas e objetivos almejados<br>* Gest\u00e3o \u00e9tica, t\u00e9cnica e eficiente: moralidade e t\u00e9cnica no desempenho das atribui\u00e7\u00f5es para que alcance a qualidade nos servi\u00e7os de forma eficiente<br>* Criatividade: transforma\u00e7\u00e3o da cultura atrav\u00e9s de ideias criativas<\/td><td><\/td><\/tr><\/tbody><\/table><\/figure>\n\n\n\n<p><\/p>\n\n\n\n<figure class=\"wp-block-image size-large\"><img decoding=\"async\" loading=\"lazy\" width=\"1024\" height=\"723\" src=\"https:\/\/portal.pi.gov.br\/segov\/wp-content\/uploads\/sites\/59\/2023\/10\/MAPA-PLANEJAMENTO-ESTRATEGICO_23102026-1024x723.jpg\" alt=\"\" class=\"wp-image-4543\" srcset=\"https:\/\/portal.pi.gov.br\/segov\/wp-content\/uploads\/sites\/59\/2023\/10\/MAPA-PLANEJAMENTO-ESTRATEGICO_23102026-1024x723.jpg 1024w, https:\/\/portal.pi.gov.br\/segov\/wp-content\/uploads\/sites\/59\/2023\/10\/MAPA-PLANEJAMENTO-ESTRATEGICO_23102026-300x212.jpg 300w, https:\/\/portal.pi.gov.br\/segov\/wp-content\/uploads\/sites\/59\/2023\/10\/MAPA-PLANEJAMENTO-ESTRATEGICO_23102026-768x543.jpg 768w, https:\/\/portal.pi.gov.br\/segov\/wp-content\/uploads\/sites\/59\/2023\/10\/MAPA-PLANEJAMENTO-ESTRATEGICO_23102026-420x297.jpg 420w, https:\/\/portal.pi.gov.br\/segov\/wp-content\/uploads\/sites\/59\/2023\/10\/MAPA-PLANEJAMENTO-ESTRATEGICO_23102026-540x382.jpg 540w, https:\/\/portal.pi.gov.br\/segov\/wp-content\/uploads\/sites\/59\/2023\/10\/MAPA-PLANEJAMENTO-ESTRATEGICO_23102026-780x551.jpg 780w, https:\/\/portal.pi.gov.br\/segov\/wp-content\/uploads\/sites\/59\/2023\/10\/MAPA-PLANEJAMENTO-ESTRATEGICO_23102026-947x669.jpg 947w, https:\/\/portal.pi.gov.br\/segov\/wp-content\/uploads\/sites\/59\/2023\/10\/MAPA-PLANEJAMENTO-ESTRATEGICO_23102026-624x441.jpg 624w, https:\/\/portal.pi.gov.br\/segov\/wp-content\/uploads\/sites\/59\/2023\/10\/MAPA-PLANEJAMENTO-ESTRATEGICO_23102026.jpg 1080w\" sizes=\"(max-width: 1024px) 100vw, 1024px\" \/><\/figure>\n","protected":false},"excerpt":{"rendered":"<p>MISS\u00c3O Contribuir, de forma direta e imediata, com a Governadoria do Estado do Piau\u00ed no desempenho de suas atribui\u00e7\u00f5es, em especial, na coordena\u00e7\u00e3o e integra\u00e7\u00e3o entre os diversos entes da [&hellip;]<\/p>\n","protected":false},"author":1699,"featured_media":0,"parent":0,"menu_order":0,"comment_status":"closed","ping_status":"closed","template":"","meta":[],"featured_image_urls":{"full":"","thumbnail":"","medium":"","medium_large":"","large":"","sgg-420":"","sgg-540":"","sgg-780":"","1536x1536":"","2048x2048":"","homepage-slider":"","homepage-slider-small":"","page-top":"","page-small":"","loop-main":"","thumb-gallery-widget":""},"post_excerpt_stackable":"<p>MISS\u00c3O Contribuir, de forma direta e imediata, com a Governadoria do Estado do Piau\u00ed no desempenho de suas atribui\u00e7\u00f5es, em especial, na coordena\u00e7\u00e3o e integra\u00e7\u00e3o entre os diversos entes da Administra\u00e7\u00e3o nos atos da gest\u00e3o p\u00fablica, no fortalecimento do relacionamento institucional e na promo\u00e7\u00e3o do desenvolvimento sustent\u00e1vel e inclusivo. VIS\u00c3O Ser reconhecida pela excel\u00eancia e efici\u00eancia na presta\u00e7\u00e3o dos servi\u00e7os, na gest\u00e3o dos recursos e na execu\u00e7\u00e3o das estrat\u00e9gias governamentais. PILARES ATRIBUTOS DE VALOR* Valoriza\u00e7\u00e3o do Servidor: foco no desenvolvimento humano e profissional* Integra\u00e7\u00e3o: relacionamento entre governo e sociedade* Resolutividade: capacidade de solucionar problemas* Transpar\u00eancia: dos dados de interesse p\u00fablico*&hellip;<\/p>\n","category_list":"","author_info":{"name":"samiamenezes","url":"https:\/\/portal.pi.gov.br\/segov\/author\/samiamenezes\/"},"comments_num":"0 coment\u00e1rio","featured_image_urls_v2":{"full":"","thumbnail":"","medium":"","medium_large":"","large":"","sgg-420":"","sgg-540":"","sgg-780":"","1536x1536":"","2048x2048":"","homepage-slider":"","homepage-slider-small":"","page-top":"","page-small":"","loop-main":"","thumb-gallery-widget":""},"post_excerpt_stackable_v2":"<p>MISS\u00c3O Contribuir, de forma direta e imediata, com a Governadoria do Estado do Piau\u00ed no desempenho de suas atribui\u00e7\u00f5es, em especial, na coordena\u00e7\u00e3o e integra\u00e7\u00e3o entre os diversos entes da Administra\u00e7\u00e3o nos atos da gest\u00e3o p\u00fablica, no fortalecimento do relacionamento institucional e na promo\u00e7\u00e3o do desenvolvimento sustent\u00e1vel e inclusivo. VIS\u00c3O Ser reconhecida pela excel\u00eancia e efici\u00eancia na presta\u00e7\u00e3o dos servi\u00e7os, na gest\u00e3o dos recursos e na execu\u00e7\u00e3o das estrat\u00e9gias governamentais. PILARES ATRIBUTOS DE VALOR* Valoriza\u00e7\u00e3o do Servidor: foco no desenvolvimento humano e profissional* Integra\u00e7\u00e3o: relacionamento entre governo e sociedade* Resolutividade: capacidade de solucionar problemas* Transpar\u00eancia: dos dados de interesse p\u00fablico*&hellip;<\/p>\n","category_list_v2":"","author_info_v2":{"name":"samiamenezes","url":"https:\/\/portal.pi.gov.br\/segov\/author\/samiamenezes\/"},"comments_num_v2":"0 coment\u00e1rio","_links":{"self":[{"href":"https:\/\/portal.pi.gov.br\/segov\/wp-json\/wp\/v2\/pages\/1806"}],"collection":[{"href":"https:\/\/portal.pi.gov.br\/segov\/wp-json\/wp\/v2\/pages"}],"about":[{"href":"https:\/\/portal.pi.gov.br\/segov\/wp-json\/wp\/v2\/types\/page"}],"author":[{"embeddable":true,"href":"https:\/\/portal.pi.gov.br\/segov\/wp-json\/wp\/v2\/users\/1699"}],"replies":[{"embeddable":true,"href":"https:\/\/portal.pi.gov.br\/segov\/wp-json\/wp\/v2\/comments?post=1806"}],"version-history":[{"count":28,"href":"https:\/\/portal.pi.gov.br\/segov\/wp-json\/wp\/v2\/pages\/1806\/revisions"}],"predecessor-version":[{"id":4609,"href":"https:\/\/portal.pi.gov.br\/segov\/wp-json\/wp\/v2\/pages\/1806\/revisions\/4609"}],"wp:attachment":[{"href":"https:\/\/portal.pi.gov.br\/segov\/wp-json\/wp\/v2\/media?parent=1806"}],"curies":[{"name":"wp","href":"https:\/\/api.w.org\/{rel}","templated":true}]}}