{"id":1819,"date":"2023-03-21T13:09:49","date_gmt":"2023-03-21T16:09:49","guid":{"rendered":"https:\/\/portal.pi.gov.br\/segov\/?page_id=1819"},"modified":"2023-03-22T18:54:38","modified_gmt":"2023-03-22T21:54:38","slug":"segov-na-midia","status":"publish","type":"page","link":"https:\/\/portal.pi.gov.br\/segov\/segov-na-midia\/","title":{"rendered":"Segov na M\u00eddia"},"content":{"rendered":"\n<p>20\/03\/2023 &#8211; Cidade Verde.com: <strong><a href=\"https:\/\/cidadeverde.com\/noticias\/389006\/em-reuniao-com-deputados-governador-pede-agilidade-em-votacao-de-projetos\">Em reuni\u00e3o com deputados, governador pede agilidade em vota\u00e7\u00e3o de projetos<\/a><\/strong><\/p>\n\n\n\n<p>16\/03\/2023 &#8211; MP-PI: <strong><a href=\"https:\/\/www.mppi.mp.br\/internet\/2023\/03\/procurador-geral-de-justica-recebe-visita-institucional-do-procurador-geral-do-estado-e-de-integrantes-da-segov-pi\/\">Procurador-Geral de Justi\u00e7a recebe visita institucional do Procurador-Geral do Estado e de integrantes da Segov\/PI<\/a><\/strong><\/p>\n\n\n\n<p>09\/03\/2023 &#8211; Meio Norte: <strong><a href=\"https:\/\/www.meionorte.com\/blogs\/primeiramao\/nolleto-se-reune-sobre-transporte-com-enzo-cada-vez-mais-proximo-de-rafael-363039\">Nolleto se re\u00fane sobre transporte com Enzo, cada vez mais pr\u00f3ximo de Rafael<\/a><\/strong><\/p>\n\n\n\n<p>08\/03\/2023 &#8211; Meio Norte: <strong><a href=\"https:\/\/www.meionorte.com\/politica\/isabel-fonteles-assume-pacto-no-piaui-e-gestao-anuncia-pacote-de-acoes-467709\">Isabel Fonteles assume &#8216;Pacto&#8217; no Piau\u00ed e gest\u00e3o anuncia pacote de a\u00e7\u00f5es<\/a><\/strong><\/p>\n\n\n\n<p>07\/03\/2023 &#8211; UFPI: <strong><a href=\"https:\/\/ufpi.br\/ultimas-noticias-ufpi\/50135-ufpi-prestigia-solenidade-de-inauguracao-do-busto-de-esperanca-garcia-na-oab-pi\">UFPI prestigia solenidade de inaugura\u00e7\u00e3o do busto de Esperan\u00e7a Garcia na OAB-PI<\/a><\/strong><\/p>\n\n\n\n<p>01\/03\/2023 &#8211; <strong><a href=\"http:\/\/Marcelo Nolleto recebe romaria de vereadores, lideran\u00e7as e deputados\">Meio Norte: Marcelo Nolleto recebe romaria de vereadores, lideran\u00e7as e deputados<\/a><\/strong><\/p>\n\n\n\n<p>23\/02\/2023 &#8211; Cidade Verde.com: <strong><a href=\"https:\/\/cidadeverde.com\/noticias\/387508\/corpo-de-piauiense-morto-em-tragedia-no-litoral-de-sp-chega-a-sao-braz-e-e-sepultado\">Corpo de piauiense morto em trag\u00e9dia no litoral de SP chega a S\u00e3o Braz e \u00e9 sepultado<\/a><\/strong><\/p>\n\n\n\n<p>05\/01\/2023 &#8211; G1: <strong><a href=\"https:\/\/g1.globo.com\/pi\/piaui\/noticia\/2023\/01\/05\/rafael-fonteles-pt-anuncia-mais-oito-nomes-para-compor-a-gestao-do-governo-do-piaui.ghtml\">Rafael Fonteles (PT) anuncia mais oito nomes para compor a gest\u00e3o do governo do Piau\u00ed<\/a><\/strong><\/p>\n\n\n\n<p>02\/01\/2023 &#8211; Cidade Verde.com: <strong><a href=\"https:\/\/cidadeverde.com\/noticias\/384228\/o-povo-do-piaui-deve-cobrar-diz-marcelo-nolleto-sobre-plano-de-governo-de-rafael\">\u201cO povo do Piau\u00ed deve cobrar\u201d, diz Marcelo Nolleto sobre plano de governo de Rafael<\/a><\/strong><\/p>\n\n\n\n<p><\/p>\n","protected":false},"excerpt":{"rendered":"<p>20\/03\/2023 &#8211; Cidade Verde.com: Em reuni\u00e3o com deputados, governador pede agilidade em vota\u00e7\u00e3o de projetos 16\/03\/2023 &#8211; MP-PI: Procurador-Geral de Justi\u00e7a recebe visita institucional do Procurador-Geral do Estado e de [&hellip;]<\/p>\n","protected":false},"author":1699,"featured_media":0,"parent":0,"menu_order":0,"comment_status":"closed","ping_status":"closed","template":"","meta":[],"featured_image_urls":{"full":"","thumbnail":"","medium":"","medium_large":"","large":"","sgg-420":"","sgg-540":"","sgg-780":"","1536x1536":"","2048x2048":"","homepage-slider":"","homepage-slider-small":"","page-top":"","page-small":"","loop-main":"","thumb-gallery-widget":""},"post_excerpt_stackable":"<p>20\/03\/2023 &#8211; Cidade Verde.com: Em reuni\u00e3o com deputados, governador pede agilidade em vota\u00e7\u00e3o de projetos 16\/03\/2023 &#8211; MP-PI: Procurador-Geral de Justi\u00e7a recebe visita institucional do Procurador-Geral do Estado e de integrantes da Segov\/PI 09\/03\/2023 &#8211; Meio Norte: Nolleto se re\u00fane sobre transporte com Enzo, cada vez mais pr\u00f3ximo de Rafael 08\/03\/2023 &#8211; Meio Norte: Isabel Fonteles assume &#8216;Pacto&#8217; no Piau\u00ed e gest\u00e3o anuncia pacote de a\u00e7\u00f5es 07\/03\/2023 &#8211; UFPI: UFPI prestigia solenidade de inaugura\u00e7\u00e3o do busto de Esperan\u00e7a Garcia na OAB-PI 01\/03\/2023 &#8211; Meio Norte: Marcelo Nolleto recebe romaria de vereadores, lideran\u00e7as e deputados 23\/02\/2023 &#8211; Cidade Verde.com: Corpo de&hellip;<\/p>\n","category_list":"","author_info":{"name":"samiamenezes","url":"https:\/\/portal.pi.gov.br\/segov\/author\/samiamenezes\/"},"comments_num":"0 coment\u00e1rio","featured_image_urls_v2":{"full":"","thumbnail":"","medium":"","medium_large":"","large":"","sgg-420":"","sgg-540":"","sgg-780":"","1536x1536":"","2048x2048":"","homepage-slider":"","homepage-slider-small":"","page-top":"","page-small":"","loop-main":"","thumb-gallery-widget":""},"post_excerpt_stackable_v2":"<p>20\/03\/2023 &#8211; Cidade Verde.com: Em reuni\u00e3o com deputados, governador pede agilidade em vota\u00e7\u00e3o de projetos 16\/03\/2023 &#8211; MP-PI: Procurador-Geral de Justi\u00e7a recebe visita institucional do Procurador-Geral do Estado e de integrantes da Segov\/PI 09\/03\/2023 &#8211; Meio Norte: Nolleto se re\u00fane sobre transporte com Enzo, cada vez mais pr\u00f3ximo de Rafael 08\/03\/2023 &#8211; Meio Norte: Isabel Fonteles assume &#8216;Pacto&#8217; no Piau\u00ed e gest\u00e3o anuncia pacote de a\u00e7\u00f5es 07\/03\/2023 &#8211; UFPI: UFPI prestigia solenidade de inaugura\u00e7\u00e3o do busto de Esperan\u00e7a Garcia na OAB-PI 01\/03\/2023 &#8211; Meio Norte: Marcelo Nolleto recebe romaria de vereadores, lideran\u00e7as e deputados 23\/02\/2023 &#8211; Cidade Verde.com: Corpo de&hellip;<\/p>\n","category_list_v2":"","author_info_v2":{"name":"samiamenezes","url":"https:\/\/portal.pi.gov.br\/segov\/author\/samiamenezes\/"},"comments_num_v2":"0 coment\u00e1rio","_links":{"self":[{"href":"https:\/\/portal.pi.gov.br\/segov\/wp-json\/wp\/v2\/pages\/1819"}],"collection":[{"href":"https:\/\/portal.pi.gov.br\/segov\/wp-json\/wp\/v2\/pages"}],"about":[{"href":"https:\/\/portal.pi.gov.br\/segov\/wp-json\/wp\/v2\/types\/page"}],"author":[{"embeddable":true,"href":"https:\/\/portal.pi.gov.br\/segov\/wp-json\/wp\/v2\/users\/1699"}],"replies":[{"embeddable":true,"href":"https:\/\/portal.pi.gov.br\/segov\/wp-json\/wp\/v2\/comments?post=1819"}],"version-history":[{"count":5,"href":"https:\/\/portal.pi.gov.br\/segov\/wp-json\/wp\/v2\/pages\/1819\/revisions"}],"predecessor-version":[{"id":1879,"href":"https:\/\/portal.pi.gov.br\/segov\/wp-json\/wp\/v2\/pages\/1819\/revisions\/1879"}],"wp:attachment":[{"href":"https:\/\/portal.pi.gov.br\/segov\/wp-json\/wp\/v2\/media?parent=1819"}],"curies":[{"name":"wp","href":"https:\/\/api.w.org\/{rel}","templated":true}]}}