{"id":2421,"date":"2023-05-11T08:39:26","date_gmt":"2023-05-11T11:39:26","guid":{"rendered":"https:\/\/portal.pi.gov.br\/segov\/?page_id=2421"},"modified":"2023-05-11T08:41:40","modified_gmt":"2023-05-11T11:41:40","slug":"manuais-e-cartilhas","status":"publish","type":"page","link":"https:\/\/portal.pi.gov.br\/segov\/manuais-e-cartilhas\/","title":{"rendered":"Manuais e Cartilhas"},"content":{"rendered":"<script type=\"text\/x-handlebars-template\"        id=\"wpfd-template-table-categories-43\">    <div class=\"wpfd-categories\">{{#if category}}{{#with category}}<h2>{{name}}<\/h2>{{#if parent}}<a class=\"catlink backcategory\" href=\"#\" data-idcat=\"{{parent}}\">                        <i class=\"zmdi zmdi-chevron-left\"><\/i><span>Voltar<\/span><\/a>{{\/if}}{{\/with}}{{\/if}}{{#if categories}}{{#each categories}}<a class=\"wpfdcategory catlink\" style=\"margin : 10px 10px 10px 10px;\" href=\"#\" data-idcat=\"{{term_id}}\" title=\"{{name}}\">                                <span>{{name}}<\/span><i class=\"zmdi zmdi-folder wpfd-folder\"><\/i>                            <\/a>{{\/each}}{{\/if}}<div class=\"wpfdcategory_placeholder\" style=\"margin : 0 10px 0 10px;\"><\/div><div class=\"wpfdcategory_placeholder\" style=\"margin : 0 10px 0 10px;\"><\/div><div class=\"wpfdcategory_placeholder\" style=\"margin : 0 10px 0 10px;\"><\/div><\/div><\/script><script type=\"text\/x-handlebars-template\" id=\"wpfd-template-table-43\">    {{#if files}}    {{#each files}}    <tr class=\"file\" data-id=\"{{ID}}\" data-catid=\"{{catid}}\">    <td class=\"file_title\"><a class=\"wpfd_downloadlink\" href=\"{{linkdownload}}\" title=\"{{post_title}}\"><span class=\"extcol\">{{#if file_custom_icon}}<span class=\"icon-custom\"><img src=\"{{file_custom_icon}}\"><\/span>{{else}}<span class=\"ext ext-{{ext}}\"><\/span>{{\/if}}<\/span>{{{crop_title}}}<\/a><\/td><td class=\"file_desc\">{{{description}}}<\/td><td class=\"file_version\">{{versionNumber}}<\/td><td class=\"file_size\">{{bytesToSize size}}<\/td><td class=\"file_hits\">{{hits}}<\/td><td class=\"file_created\">{{created}}<\/td>                    <td class=\"col-download\">                <a class=\"downloadlink wpfd_downloadlink\"  href=\"{{linkdownload}}\" style=\"background-color:#76bc58;color:#ffffff;\">Baixar<i class=\"zmdi zmdi-cloud-download wpfd-download\"><\/i><\/a>{{#if openpdflink}}<a class=\"openlink wpfdlightbox wpfd_previewlink\" href=\"{{openpdflink}}\" target=\"\">Visualizar                            <i class=\"zmdi zmdi-filter-center-focus wpfd-preview\"><\/i>                        <\/a>{{else}}{{#if viewerlink}}<a                            href=\"{{viewerlink}}\"                            class=\"openlink wpfdlightbox wpfd_previewlink\"                            target=\"\"                            data-id=\"{{ID}}\"                            data-catid=\"{{catid}}\"                            data-file-type=\"{{ext}}\">Visualizar<i class=\"zmdi zmdi-filter-center-focus wpfd-preview\"><\/i>                        <\/a>{{\/if}}{{\/if}}            <\/td>            <\/tr>    {{\/each}}    {{\/if}}<\/script><div class=\"wpfd-content wpfd-content-table wpfd-content-multi colstyle\" data-category=\"43\"><input type=\"hidden\" id=\"current_category_43\" value=\"43\" \/>                    <input type=\"hidden\" id=\"current_category_slug_43\" value=\"manuais-e-cartilhas\" \/>                    <input type=\"hidden\" id=\"current_ordering_43\" value=\"created_time\" \/>                    <input type=\"hidden\" id=\"current_ordering_direction_43\" value=\"desc\" \/><ul class=\"breadcrumbs wpfd-breadcrumbs-table head-category-table\">                            <li class=\"active\">Manuais e Cartilhas<\/li>                        <\/ul><div class=\"wpfd-container\">        <div class=\"wpfd-open-tree\"><\/div>    <div class=\"wpfd-container-table \">        <div class=\"wpfd-categories\"><h2>Manuais e Cartilhas<\/h2><\/div>        <table class=\"wpfd-table wpfd-table-bordered wpfd-table-striped mediaTable\">            <thead>            <tr>                <th class=\"essential persist file_title\">T\u00edtulo<\/th><th class=\"optional file_desc\">Descri\u00e7\u00e3o<\/th><th class=\"optional file_version\">Vers\u00e3o<\/th><th class=\"optional file_size\">Tamanho<\/th><th class=\"optional file_hits\">Cliques<\/th><th class=\"optional file_created\">Data de Publica\u00e7\u00e3o<\/th><th class=\"essential file_download\">Baixar<\/th>            <\/tr>            <\/thead>            <tbody>                            <tr class=\"file\" data-id=\"4905\"                    data-catid=\"43\">                    <td class=\"file_title\"><a class=\"wpfd_downloadlink\" href=\"https:\/\/portal.pi.gov.br\/segov\/download\/43\/manuais-e-cartilhas\/4905\/protocolo-acolhida.pdf\" title=\"Protocolo &quot;Acolhida&quot;\"><span class=\"extcol\">                                <span class=\"ext ext-pdf\"><\/span>                                Protocolo &quot;Acolhida&quot;                            <\/span><\/a><\/td><td class=\"file_desc\"><\/td><td class=\"file_version\"><\/td><td class=\"file_size\">2.47 MB<\/td><td class=\"file_hits\">131<\/td><td class=\"file_created\">01-12-2023<\/td>                                            <td class=\"col-download\">                            <a class=\"downloadlink wpfd_downloadlink\"  href=\"https:\/\/portal.pi.gov.br\/segov\/download\/43\/manuais-e-cartilhas\/4905\/protocolo-acolhida.pdf\" style=\"background-color:#76bc58;color:#ffffff;\">Baixar<i class=\"zmdi zmdi-cloud-download wpfd-download\"><\/i><\/a><a                            href=\"https:\/\/docs.google.com\/viewer?url=https%3A%2F%2Fportal.pi.gov.br%2Fsegov%2Fwp-admin%2Fadmin-ajax.php%3Fjuwpfisadmin%3Dfalse%26action%3Dwpfd%26task%3Dfile.download%26wpfd_category_id%3D43%26wpfd_file_id%3D4905%26token%3D%26preview%3D1&#038;embedded=true\"                            class=\"openlink wpfdlightbox wpfd_previewlink\"                            target=\"\"                            data-id=\"4905\"                            data-catid=\"43\"                            data-file-type=\"pdf\">Visualizar<i class=\"zmdi zmdi-filter-center-focus wpfd-preview\"><\/i>                        <\/a>                        <\/td>                                    <\/tr>                            <tr class=\"file\" data-id=\"4904\"                    data-catid=\"43\">                    <td class=\"file_title\"><a class=\"wpfd_downloadlink\" href=\"https:\/\/portal.pi.gov.br\/segov\/download\/43\/manuais-e-cartilhas\/4904\/protocolo-regularize.pdf\" title=\"Protocolo &quot;Regularize&quot;\"><span class=\"extcol\">                                <span class=\"ext ext-pdf\"><\/span>                                Protocolo &quot;Regularize&quot;                            <\/span><\/a><\/td><td class=\"file_desc\"><\/td><td class=\"file_version\"><\/td><td class=\"file_size\">1.59 MB<\/td><td class=\"file_hits\">127<\/td><td class=\"file_created\">01-12-2023<\/td>                                            <td class=\"col-download\">                            <a class=\"downloadlink wpfd_downloadlink\"  href=\"https:\/\/portal.pi.gov.br\/segov\/download\/43\/manuais-e-cartilhas\/4904\/protocolo-regularize.pdf\" style=\"background-color:#76bc58;color:#ffffff;\">Baixar<i class=\"zmdi zmdi-cloud-download wpfd-download\"><\/i><\/a><a                            href=\"https:\/\/docs.google.com\/viewer?url=https%3A%2F%2Fportal.pi.gov.br%2Fsegov%2Fwp-admin%2Fadmin-ajax.php%3Fjuwpfisadmin%3Dfalse%26action%3Dwpfd%26task%3Dfile.download%26wpfd_category_id%3D43%26wpfd_file_id%3D4904%26token%3D%26preview%3D1&#038;embedded=true\"                            class=\"openlink wpfdlightbox wpfd_previewlink\"                            target=\"\"                            data-id=\"4904\"                            data-catid=\"43\"                            data-file-type=\"pdf\">Visualizar<i class=\"zmdi zmdi-filter-center-focus wpfd-preview\"><\/i>                        <\/a>                        <\/td>                                    <\/tr>                            <tr class=\"file\" data-id=\"4903\"                    data-catid=\"43\">                    <td class=\"file_title\"><a class=\"wpfd_downloadlink\" href=\"https:\/\/portal.pi.gov.br\/segov\/download\/43\/manuais-e-cartilhas\/4903\/protoco-diga.pdf\" title=\"Protoco &quot;Diga&quot;\"><span class=\"extcol\">                                <span class=\"ext ext-pdf\"><\/span>                                Protoco &quot;Diga&quot;                            <\/span><\/a><\/td><td class=\"file_desc\"><\/td><td class=\"file_version\"><\/td><td class=\"file_size\">4.09 MB<\/td><td class=\"file_hits\">135<\/td><td class=\"file_created\">01-12-2023<\/td>                                            <td class=\"col-download\">                            <a class=\"downloadlink wpfd_downloadlink\"  href=\"https:\/\/portal.pi.gov.br\/segov\/download\/43\/manuais-e-cartilhas\/4903\/protoco-diga.pdf\" style=\"background-color:#76bc58;color:#ffffff;\">Baixar<i class=\"zmdi zmdi-cloud-download wpfd-download\"><\/i><\/a><a                            href=\"https:\/\/docs.google.com\/viewer?url=https%3A%2F%2Fportal.pi.gov.br%2Fsegov%2Fwp-admin%2Fadmin-ajax.php%3Fjuwpfisadmin%3Dfalse%26action%3Dwpfd%26task%3Dfile.download%26wpfd_category_id%3D43%26wpfd_file_id%3D4903%26token%3D%26preview%3D1&#038;embedded=true\"                            class=\"openlink wpfdlightbox wpfd_previewlink\"                            target=\"\"                            data-id=\"4903\"                            data-catid=\"43\"                            data-file-type=\"pdf\">Visualizar<i class=\"zmdi zmdi-filter-center-focus wpfd-preview\"><\/i>                        <\/a>                        <\/td>                                    <\/tr>                            <tr class=\"file\" data-id=\"4902\"                    data-catid=\"43\">                    <td class=\"file_title\"><a class=\"wpfd_downloadlink\" href=\"https:\/\/portal.pi.gov.br\/segov\/download\/43\/manuais-e-cartilhas\/4902\/manual-de-procedimentos-da-oge_pi.pdf\" title=\"Manual de Procedimentos da OGE_PI.\"><span class=\"extcol\">                                <span class=\"ext ext-pdf\"><\/span>                                Manual de Procedimentos da OGE_PI.                            <\/span><\/a><\/td><td class=\"file_desc\"><\/td><td class=\"file_version\"><\/td><td class=\"file_size\">8.57 MB<\/td><td class=\"file_hits\">165<\/td><td class=\"file_created\">01-12-2023<\/td>                                            <td class=\"col-download\">                            <a class=\"downloadlink wpfd_downloadlink\"  href=\"https:\/\/portal.pi.gov.br\/segov\/download\/43\/manuais-e-cartilhas\/4902\/manual-de-procedimentos-da-oge_pi.pdf\" style=\"background-color:#76bc58;color:#ffffff;\">Baixar<i class=\"zmdi zmdi-cloud-download wpfd-download\"><\/i><\/a><a                            href=\"https:\/\/docs.google.com\/viewer?url=https%3A%2F%2Fportal.pi.gov.br%2Fsegov%2Fwp-admin%2Fadmin-ajax.php%3Fjuwpfisadmin%3Dfalse%26action%3Dwpfd%26task%3Dfile.download%26wpfd_category_id%3D43%26wpfd_file_id%3D4902%26token%3D%26preview%3D1&#038;embedded=true\"                            class=\"openlink wpfdlightbox wpfd_previewlink\"                            target=\"\"                            data-id=\"4902\"                            data-catid=\"43\"                            data-file-type=\"pdf\">Visualizar<i class=\"zmdi zmdi-filter-center-focus wpfd-preview\"><\/i>                        <\/a>                        <\/td>                                    <\/tr>                        <\/tbody>        <\/table>            <\/div><\/div><\/div>\n","protected":false},"excerpt":{"rendered":"","protected":false},"author":1,"featured_media":0,"parent":0,"menu_order":0,"comment_status":"closed","ping_status":"closed","template":"template-fullwidth.php","meta":[],"featured_image_urls":{"full":"","thumbnail":"","medium":"","medium_large":"","large":"","sgg-420":"","sgg-540":"","sgg-780":"","1536x1536":"","2048x2048":"","homepage-slider":"","homepage-slider-small":"","page-top":"","page-small":"","loop-main":"","thumb-gallery-widget":""},"post_excerpt_stackable":"<p>Manuais e Cartilhas Manuais e Cartilhas T\u00edtuloDescri\u00e7\u00e3oVers\u00e3oTamanhoCliquesData de Publica\u00e7\u00e3oBaixar Protocolo &quot;Acolhida&quot; 2.47 MB13101-12-2023 BaixarVisualizar Protocolo &quot;Regularize&quot; 1.59 MB12701-12-2023 BaixarVisualizar Protoco &quot;Diga&quot; 4.09 MB13501-12-2023 BaixarVisualizar Manual de Procedimentos da OGE_PI. 8.57 MB16501-12-2023 BaixarVisualizar<\/p>\n","category_list":"","author_info":{"name":"admin","url":"https:\/\/portal.pi.gov.br\/segov\/author\/admin\/"},"comments_num":"0 coment\u00e1rio","featured_image_urls_v2":{"full":"","thumbnail":"","medium":"","medium_large":"","large":"","sgg-420":"","sgg-540":"","sgg-780":"","1536x1536":"","2048x2048":"","homepage-slider":"","homepage-slider-small":"","page-top":"","page-small":"","loop-main":"","thumb-gallery-widget":""},"post_excerpt_stackable_v2":"<p>Manuais e Cartilhas Manuais e Cartilhas T\u00edtuloDescri\u00e7\u00e3oVers\u00e3oTamanhoCliquesData de Publica\u00e7\u00e3oBaixar Protocolo &quot;Acolhida&quot; 2.47 MB13101-12-2023 BaixarVisualizar Protocolo &quot;Regularize&quot; 1.59 MB12701-12-2023 BaixarVisualizar Protoco &quot;Diga&quot; 4.09 MB13501-12-2023 BaixarVisualizar Manual de Procedimentos da OGE_PI. 8.57 MB16501-12-2023 BaixarVisualizar<\/p>\n","category_list_v2":"","author_info_v2":{"name":"admin","url":"https:\/\/portal.pi.gov.br\/segov\/author\/admin\/"},"comments_num_v2":"0 coment\u00e1rio","_links":{"self":[{"href":"https:\/\/portal.pi.gov.br\/segov\/wp-json\/wp\/v2\/pages\/2421"}],"collection":[{"href":"https:\/\/portal.pi.gov.br\/segov\/wp-json\/wp\/v2\/pages"}],"about":[{"href":"https:\/\/portal.pi.gov.br\/segov\/wp-json\/wp\/v2\/types\/page"}],"author":[{"embeddable":true,"href":"https:\/\/portal.pi.gov.br\/segov\/wp-json\/wp\/v2\/users\/1"}],"replies":[{"embeddable":true,"href":"https:\/\/portal.pi.gov.br\/segov\/wp-json\/wp\/v2\/comments?post=2421"}],"version-history":[{"count":2,"href":"https:\/\/portal.pi.gov.br\/segov\/wp-json\/wp\/v2\/pages\/2421\/revisions"}],"predecessor-version":[{"id":2427,"href":"https:\/\/portal.pi.gov.br\/segov\/wp-json\/wp\/v2\/pages\/2421\/revisions\/2427"}],"wp:attachment":[{"href":"https:\/\/portal.pi.gov.br\/segov\/wp-json\/wp\/v2\/media?parent=2421"}],"curies":[{"name":"wp","href":"https:\/\/api.w.org\/{rel}","templated":true}]}}