{"id":2423,"date":"2023-05-11T08:39:46","date_gmt":"2023-05-11T11:39:46","guid":{"rendered":"https:\/\/portal.pi.gov.br\/segov\/?page_id=2423"},"modified":"2023-07-28T10:03:01","modified_gmt":"2023-07-28T13:03:01","slug":"boletins-e-relatorios","status":"publish","type":"page","link":"https:\/\/portal.pi.gov.br\/segov\/boletins-e-relatorios\/","title":{"rendered":"Boletins e Relat\u00f3rios"},"content":{"rendered":"<script type=\"text\/x-handlebars-template\"        id=\"wpfd-template-table-categories-44\">    <div class=\"wpfd-categories\">{{#if category}}{{#with category}}{{#if parent}}<a class=\"catlink backcategory\" href=\"#\" data-idcat=\"{{parent}}\">                        <i class=\"zmdi zmdi-chevron-left\"><\/i><span>Voltar<\/span><\/a>{{\/if}}{{\/with}}{{\/if}}<\/div><\/script><script type=\"text\/x-handlebars-template\" id=\"wpfd-template-table-44\">    {{#if files}}    {{#each files}}    <tr class=\"file\" data-id=\"{{ID}}\" data-catid=\"{{catid}}\">    <td class=\"file_title\"><a class=\"wpfd_downloadlink\" href=\"{{linkdownload}}\" title=\"{{post_title}}\"><span class=\"extcol\">{{#if file_custom_icon}}<span class=\"icon-custom\"><img src=\"{{file_custom_icon}}\"><\/span>{{else}}<span class=\"ext ext-{{ext}}\"><\/span>{{\/if}}<\/span>{{{crop_title}}}<\/a><\/td><td class=\"file_desc\">{{{description}}}<\/td><td class=\"file_size\">{{bytesToSize size}}<\/td><td class=\"file_created\">{{created}}<\/td>                    <td class=\"col-download\">                <a class=\"downloadlink wpfd_downloadlink\"  href=\"{{linkdownload}}\" style=\"background-color:#76bc58;color:#ffffff;\">Baixar<i class=\"zmdi zmdi-cloud-download wpfd-download\"><\/i><\/a>{{#if openpdflink}}<a class=\"openlink wpfdlightbox wpfd_previewlink\" href=\"{{openpdflink}}\" target=\"\">Visualizar                            <i class=\"zmdi zmdi-filter-center-focus wpfd-preview\"><\/i>                        <\/a>{{else}}{{#if viewerlink}}<a                            href=\"{{viewerlink}}\"                            class=\"openlink wpfdlightbox wpfd_previewlink\"                            target=\"\"                            data-id=\"{{ID}}\"                            data-catid=\"{{catid}}\"                            data-file-type=\"{{ext}}\">Visualizar<i class=\"zmdi zmdi-filter-center-focus wpfd-preview\"><\/i>                        <\/a>{{\/if}}{{\/if}}            <\/td>            <\/tr>    {{\/each}}    {{\/if}}<\/script><div class=\"wpfd-content wpfd-content-table wpfd-content-multi colstyle\" data-category=\"44\"><input type=\"hidden\" id=\"current_category_44\" value=\"44\" \/>                    <input type=\"hidden\" id=\"current_category_slug_44\" value=\"boletins-e-relatorios\" \/>                    <input type=\"hidden\" id=\"current_ordering_44\" value=\"created_time\" \/>                    <input type=\"hidden\" id=\"current_ordering_direction_44\" value=\"desc\" \/><div class=\"wpfd-container\">        <div class=\"wpfd-open-tree\"><\/div>    <div class=\"wpfd-container-table \">        <div class=\"wpfd-categories\"><\/div>        <table class=\"wpfd-table wpfd-table-bordered wpfd-table-striped mediaTable\">            <thead>            <tr>                <th class=\"essential persist file_title\">T\u00edtulo<\/th><th class=\"optional file_desc\">Descri\u00e7\u00e3o<\/th><th class=\"optional file_size\">Tamanho<\/th><th class=\"optional file_created\">Data de Publica\u00e7\u00e3o<\/th><th class=\"essential file_download\">Baixar<\/th>            <\/tr>            <\/thead>            <tbody>                            <tr class=\"file\" data-id=\"6684\"                    data-catid=\"44\">                    <td class=\"file_title\"><a class=\"wpfd_downloadlink\" href=\"https:\/\/portal.pi.gov.br\/segov\/download\/44\/boletins-e-relatorios\/6684\/boletim-ouvidoria-edicao-2024.pdf\" title=\"Boletim-Ouvidoria-Edi\u00e7\u00e3o-2024\"><span class=\"extcol\">                                <span class=\"ext ext-pdf\"><\/span>                                Boletim-Ouvidoria-Edi\u00e7\u00e3o-2024                            <\/span><\/a><\/td><td class=\"file_desc\"><\/td><td class=\"file_size\">6.69 MB<\/td><td class=\"file_created\">22-04-2024<\/td>                                            <td class=\"col-download\">                            <a class=\"downloadlink wpfd_downloadlink\"  href=\"https:\/\/portal.pi.gov.br\/segov\/download\/44\/boletins-e-relatorios\/6684\/boletim-ouvidoria-edicao-2024.pdf\" style=\"background-color:#76bc58;color:#ffffff;\">Baixar<i class=\"zmdi zmdi-cloud-download wpfd-download\"><\/i><\/a><a                            href=\"https:\/\/docs.google.com\/viewer?url=https%3A%2F%2Fportal.pi.gov.br%2Fsegov%2Fwp-admin%2Fadmin-ajax.php%3Fjuwpfisadmin%3Dfalse%26action%3Dwpfd%26task%3Dfile.download%26wpfd_category_id%3D44%26wpfd_file_id%3D6684%26token%3D%26preview%3D1&#038;embedded=true\"                            class=\"openlink wpfdlightbox wpfd_previewlink\"                            target=\"\"                            data-id=\"6684\"                            data-catid=\"44\"                            data-file-type=\"pdf\">Visualizar<i class=\"zmdi zmdi-filter-center-focus wpfd-preview\"><\/i>                        <\/a>                        <\/td>                                    <\/tr>                            <tr class=\"file\" data-id=\"5256\"                    data-catid=\"44\">                    <td class=\"file_title\"><a class=\"wpfd_downloadlink\" href=\"https:\/\/portal.pi.gov.br\/segov\/download\/44\/boletins-e-relatorios\/5256\/relatorio-de-gesta%cc%83o-de-ouvidoria-oge-2023-versa%cc%83o-final.pdf\" title=\"RELATO\u0301RIO DE GESTA\u0303O DE OUVIDORIA OGE 2023 VERSA\u0303O FINAL\"><span class=\"extcol\">                                <span class=\"ext ext-pdf\"><\/span>                                RELATO\u0301RIO DE GESTA\u0303O DE OUVIDORIA OGE 2023 VERSA\u0303O FINAL                            <\/span><\/a><\/td><td class=\"file_desc\"><\/td><td class=\"file_size\">2.31 MB<\/td><td class=\"file_created\">25-01-2024<\/td>                                            <td class=\"col-download\">                            <a class=\"downloadlink wpfd_downloadlink\"  href=\"https:\/\/portal.pi.gov.br\/segov\/download\/44\/boletins-e-relatorios\/5256\/relatorio-de-gesta%cc%83o-de-ouvidoria-oge-2023-versa%cc%83o-final.pdf\" style=\"background-color:#76bc58;color:#ffffff;\">Baixar<i class=\"zmdi zmdi-cloud-download wpfd-download\"><\/i><\/a><a                            href=\"https:\/\/docs.google.com\/viewer?url=https%3A%2F%2Fportal.pi.gov.br%2Fsegov%2Fwp-admin%2Fadmin-ajax.php%3Fjuwpfisadmin%3Dfalse%26action%3Dwpfd%26task%3Dfile.download%26wpfd_category_id%3D44%26wpfd_file_id%3D5256%26token%3D%26preview%3D1&#038;embedded=true\"                            class=\"openlink wpfdlightbox wpfd_previewlink\"                            target=\"\"                            data-id=\"5256\"                            data-catid=\"44\"                            data-file-type=\"pdf\">Visualizar<i class=\"zmdi zmdi-filter-center-focus wpfd-preview\"><\/i>                        <\/a>                        <\/td>                                    <\/tr>                            <tr class=\"file\" data-id=\"5255\"                    data-catid=\"44\">                    <td class=\"file_title\"><a class=\"wpfd_downloadlink\" href=\"https:\/\/portal.pi.gov.br\/segov\/download\/44\/boletins-e-relatorios\/5255\/boletim-ouvidoria-edic%cc%a7a%cc%83o-2023.pdf\" title=\"Boletim Ouvidoria - Edic\u0327a\u0303o 2023\"><span class=\"extcol\">                                <span class=\"ext ext-pdf\"><\/span>                                Boletim Ouvidoria - Edic\u0327a\u0303o 2023                            <\/span><\/a><\/td><td class=\"file_desc\"><\/td><td class=\"file_size\">3.65 MB<\/td><td class=\"file_created\">25-01-2024<\/td>                                            <td class=\"col-download\">                            <a class=\"downloadlink wpfd_downloadlink\"  href=\"https:\/\/portal.pi.gov.br\/segov\/download\/44\/boletins-e-relatorios\/5255\/boletim-ouvidoria-edic%cc%a7a%cc%83o-2023.pdf\" style=\"background-color:#76bc58;color:#ffffff;\">Baixar<i class=\"zmdi zmdi-cloud-download wpfd-download\"><\/i><\/a><a                            href=\"https:\/\/docs.google.com\/viewer?url=https%3A%2F%2Fportal.pi.gov.br%2Fsegov%2Fwp-admin%2Fadmin-ajax.php%3Fjuwpfisadmin%3Dfalse%26action%3Dwpfd%26task%3Dfile.download%26wpfd_category_id%3D44%26wpfd_file_id%3D5255%26token%3D%26preview%3D1&#038;embedded=true\"                            class=\"openlink wpfdlightbox wpfd_previewlink\"                            target=\"\"                            data-id=\"5255\"                            data-catid=\"44\"                            data-file-type=\"pdf\">Visualizar<i class=\"zmdi zmdi-filter-center-focus wpfd-preview\"><\/i>                        <\/a>                        <\/td>                                    <\/tr>                            <tr class=\"file\" data-id=\"4577\"                    data-catid=\"44\">                    <td class=\"file_title\"><a class=\"wpfd_downloadlink\" href=\"https:\/\/portal.pi.gov.br\/segov\/download\/44\/boletins-e-relatorios\/4577\/boletim-ouvidoria-3a-edic%cc%a7a%cc%83o-2023-1.pdf\" title=\"Boletim Ouvidoria - 3\u00aa Edic\u0327a\u0303o 2023 (1)\"><span class=\"extcol\">                                <span class=\"ext ext-pdf\"><\/span>                                Boletim Ouvidoria - 3\u00aa Edic\u0327a\u0303o 2023 (1)                            <\/span><\/a><\/td><td class=\"file_desc\"><\/td><td class=\"file_size\">7.61 MB<\/td><td class=\"file_created\">30-10-2023<\/td>                                            <td class=\"col-download\">                            <a class=\"downloadlink wpfd_downloadlink\"  href=\"https:\/\/portal.pi.gov.br\/segov\/download\/44\/boletins-e-relatorios\/4577\/boletim-ouvidoria-3a-edic%cc%a7a%cc%83o-2023-1.pdf\" style=\"background-color:#76bc58;color:#ffffff;\">Baixar<i class=\"zmdi zmdi-cloud-download wpfd-download\"><\/i><\/a><a                            href=\"https:\/\/docs.google.com\/viewer?url=https%3A%2F%2Fportal.pi.gov.br%2Fsegov%2Fwp-admin%2Fadmin-ajax.php%3Fjuwpfisadmin%3Dfalse%26action%3Dwpfd%26task%3Dfile.download%26wpfd_category_id%3D44%26wpfd_file_id%3D4577%26token%3D%26preview%3D1&#038;embedded=true\"                            class=\"openlink wpfdlightbox wpfd_previewlink\"                            target=\"\"                            data-id=\"4577\"                            data-catid=\"44\"                            data-file-type=\"pdf\">Visualizar<i class=\"zmdi zmdi-filter-center-focus wpfd-preview\"><\/i>                        <\/a>                        <\/td>                                    <\/tr>                            <tr class=\"file\" data-id=\"3476\"                    data-catid=\"44\">                    <td class=\"file_title\"><a class=\"wpfd_downloadlink\" href=\"https:\/\/portal.pi.gov.br\/segov\/download\/44\/boletins-e-relatorios\/3476\/boletim-2-oge-pi.pdf\" title=\"BOLETIM 2 OGE PI\"><span class=\"extcol\">                                <span class=\"ext ext-pdf\"><\/span>                                BOLETIM 2 OGE PI                            <\/span><\/a><\/td><td class=\"file_desc\">Boletim de Indicadores 2023 - 2\u00aa ed<\/td><td class=\"file_size\">7.27 MB<\/td><td class=\"file_created\">27-07-2023<\/td>                                            <td class=\"col-download\">                            <a class=\"downloadlink wpfd_downloadlink\"  href=\"https:\/\/portal.pi.gov.br\/segov\/download\/44\/boletins-e-relatorios\/3476\/boletim-2-oge-pi.pdf\" style=\"background-color:#76bc58;color:#ffffff;\">Baixar<i class=\"zmdi zmdi-cloud-download wpfd-download\"><\/i><\/a><a                            href=\"https:\/\/docs.google.com\/viewer?url=https%3A%2F%2Fportal.pi.gov.br%2Fsegov%2Fwp-admin%2Fadmin-ajax.php%3Fjuwpfisadmin%3Dfalse%26action%3Dwpfd%26task%3Dfile.download%26wpfd_category_id%3D44%26wpfd_file_id%3D3476%26token%3D%26preview%3D1&#038;embedded=true\"                            class=\"openlink wpfdlightbox wpfd_previewlink\"                            target=\"\"                            data-id=\"3476\"                            data-catid=\"44\"                            data-file-type=\"pdf\">Visualizar<i class=\"zmdi zmdi-filter-center-focus wpfd-preview\"><\/i>                        <\/a>                        <\/td>                                    <\/tr>                            <tr class=\"file\" data-id=\"3487\"                    data-catid=\"44\">                    <td class=\"file_title\"><a class=\"wpfd_downloadlink\" href=\"https:\/\/portal.pi.gov.br\/segov\/download\/44\/boletins-e-relatorios\/3487\/boletim-ouvidoria-2023-1a-edicao.pdf\" title=\"Boletim Ouvidoria 2023 - 1a Edi\u00e7\u00e3o\"><span class=\"extcol\">                                <span class=\"ext ext-pdf\"><\/span>                                Boletim Ouvidoria 2023 - 1a Edi\u00e7\u00e3o                            <\/span><\/a><\/td><td class=\"file_desc\"><\/td><td class=\"file_size\">2.95 MB<\/td><td class=\"file_created\">26-07-2023<\/td>                                            <td class=\"col-download\">                            <a class=\"downloadlink wpfd_downloadlink\"  href=\"https:\/\/portal.pi.gov.br\/segov\/download\/44\/boletins-e-relatorios\/3487\/boletim-ouvidoria-2023-1a-edicao.pdf\" style=\"background-color:#76bc58;color:#ffffff;\">Baixar<i class=\"zmdi zmdi-cloud-download wpfd-download\"><\/i><\/a><a                            href=\"https:\/\/docs.google.com\/viewer?url=https%3A%2F%2Fportal.pi.gov.br%2Fsegov%2Fwp-admin%2Fadmin-ajax.php%3Fjuwpfisadmin%3Dfalse%26action%3Dwpfd%26task%3Dfile.download%26wpfd_category_id%3D44%26wpfd_file_id%3D3487%26token%3D%26preview%3D1&#038;embedded=true\"                            class=\"openlink wpfdlightbox wpfd_previewlink\"                            target=\"\"                            data-id=\"3487\"                            data-catid=\"44\"                            data-file-type=\"pdf\">Visualizar<i class=\"zmdi zmdi-filter-center-focus wpfd-preview\"><\/i>                        <\/a>                        <\/td>                                    <\/tr>                        <\/tbody>        <\/table>            <\/div><\/div><\/div>\n\n\n\n<p><\/p>\n","protected":false},"excerpt":{"rendered":"","protected":false},"author":1,"featured_media":0,"parent":0,"menu_order":0,"comment_status":"closed","ping_status":"closed","template":"template-fullwidth.php","meta":[],"featured_image_urls":{"full":"","thumbnail":"","medium":"","medium_large":"","large":"","sgg-420":"","sgg-540":"","sgg-780":"","1536x1536":"","2048x2048":"","homepage-slider":"","homepage-slider-small":"","page-top":"","page-small":"","loop-main":"","thumb-gallery-widget":""},"post_excerpt_stackable":"<p>T\u00edtuloDescri\u00e7\u00e3oTamanhoData de Publica\u00e7\u00e3oBaixar Boletim-Ouvidoria-Edi\u00e7\u00e3o-2024 6.69 MB22-04-2024 BaixarVisualizar RELATO\u0301RIO DE GESTA\u0303O DE OUVIDORIA OGE 2023 VERSA\u0303O FINAL 2.31 MB25-01-2024 BaixarVisualizar Boletim Ouvidoria &#8211; Edic\u0327a\u0303o 2023 3.65 MB25-01-2024 BaixarVisualizar Boletim Ouvidoria &#8211; 3\u00aa Edic\u0327a\u0303o 2023 (1) 7.61 MB30-10-2023 BaixarVisualizar BOLETIM 2 OGE PI Boletim de Indicadores 2023 &#8211; 2\u00aa ed7.27 MB27-07-2023 BaixarVisualizar Boletim Ouvidoria 2023 &#8211; 1a Edi\u00e7\u00e3o 2.95 MB26-07-2023 BaixarVisualizar<\/p>\n","category_list":"","author_info":{"name":"admin","url":"https:\/\/portal.pi.gov.br\/segov\/author\/admin\/"},"comments_num":"0 coment\u00e1rio","featured_image_urls_v2":{"full":"","thumbnail":"","medium":"","medium_large":"","large":"","sgg-420":"","sgg-540":"","sgg-780":"","1536x1536":"","2048x2048":"","homepage-slider":"","homepage-slider-small":"","page-top":"","page-small":"","loop-main":"","thumb-gallery-widget":""},"post_excerpt_stackable_v2":"<p>T\u00edtuloDescri\u00e7\u00e3oTamanhoData de Publica\u00e7\u00e3oBaixar Boletim-Ouvidoria-Edi\u00e7\u00e3o-2024 6.69 MB22-04-2024 BaixarVisualizar RELATO\u0301RIO DE GESTA\u0303O DE OUVIDORIA OGE 2023 VERSA\u0303O FINAL 2.31 MB25-01-2024 BaixarVisualizar Boletim Ouvidoria &#8211; Edic\u0327a\u0303o 2023 3.65 MB25-01-2024 BaixarVisualizar Boletim Ouvidoria &#8211; 3\u00aa Edic\u0327a\u0303o 2023 (1) 7.61 MB30-10-2023 BaixarVisualizar BOLETIM 2 OGE PI Boletim de Indicadores 2023 &#8211; 2\u00aa ed7.27 MB27-07-2023 BaixarVisualizar Boletim Ouvidoria 2023 &#8211; 1a Edi\u00e7\u00e3o 2.95 MB26-07-2023 BaixarVisualizar<\/p>\n","category_list_v2":"","author_info_v2":{"name":"admin","url":"https:\/\/portal.pi.gov.br\/segov\/author\/admin\/"},"comments_num_v2":"0 coment\u00e1rio","_links":{"self":[{"href":"https:\/\/portal.pi.gov.br\/segov\/wp-json\/wp\/v2\/pages\/2423"}],"collection":[{"href":"https:\/\/portal.pi.gov.br\/segov\/wp-json\/wp\/v2\/pages"}],"about":[{"href":"https:\/\/portal.pi.gov.br\/segov\/wp-json\/wp\/v2\/types\/page"}],"author":[{"embeddable":true,"href":"https:\/\/portal.pi.gov.br\/segov\/wp-json\/wp\/v2\/users\/1"}],"replies":[{"embeddable":true,"href":"https:\/\/portal.pi.gov.br\/segov\/wp-json\/wp\/v2\/comments?post=2423"}],"version-history":[{"count":4,"href":"https:\/\/portal.pi.gov.br\/segov\/wp-json\/wp\/v2\/pages\/2423\/revisions"}],"predecessor-version":[{"id":3488,"href":"https:\/\/portal.pi.gov.br\/segov\/wp-json\/wp\/v2\/pages\/2423\/revisions\/3488"}],"wp:attachment":[{"href":"https:\/\/portal.pi.gov.br\/segov\/wp-json\/wp\/v2\/media?parent=2423"}],"curies":[{"name":"wp","href":"https:\/\/api.w.org\/{rel}","templated":true}]}}