{"id":2429,"date":"2023-05-11T08:43:53","date_gmt":"2023-05-11T11:43:53","guid":{"rendered":"https:\/\/portal.pi.gov.br\/segov\/?page_id=2429"},"modified":"2024-06-03T10:53:49","modified_gmt":"2024-06-03T13:53:49","slug":"publicacoes-ouvidoria","status":"publish","type":"page","link":"https:\/\/portal.pi.gov.br\/segov\/publicacoes-ouvidoria\/","title":{"rendered":"Publica\u00e7\u00f5es Ouvidoria"},"content":{"rendered":"\n<div class=\"wp-block-columns is-layout-flex wp-container-2\">\n<div class=\"wp-block-column is-layout-flow\">\n<div class=\"wp-block-stackable-image-box stk-block-image-box stk-hover-parent stk-block stk-f7d3d1a is-style-default\" data-block-id=\"f7d3d1a\"><div class=\"stk-block-content stk-inner-blocks has-text-align-center stk-row stk-block-image-box__content\">\n<div class=\"wp-block-stackable-image stk-block-image stk-block stk-051ce6e\" data-block-id=\"051ce6e\"><style>.stk-051ce6e .stk-img-wrapper{height:100px !important}:where(.stk-hover-parent:hover,.stk-hover-parent.stk--is-hovered) .stk-051ce6e .stk-img-wrapper::after{background-color:#000000 !important}:where(.stk-hover-parent:hover,.stk-hover-parent.stk--is-hovered) .stk-051ce6e .stk-img-wrapper{--stk-gradient-overlay:0.7 !important}<\/style><figure class=\"stk-img-wrapper stk-image--shape-stretch\"><img decoding=\"async\" loading=\"lazy\" class=\"stk-img wp-image-4590\" src=\"https:\/\/portal.pi.gov.br\/cge\/wp-content\/uploads\/sites\/12\/2022\/08\/Copia-de-EFICIENCIA-11.png\" width=\"988\" height=\"100\" \/><\/figure><\/div>\n\n\n\n<div class=\"wp-block-stackable-column stk-block-column stk-column stk-block stk-bf7725a\" data-v=\"4\" data-block-id=\"bf7725a\"><style>.stk-bf7725a{align-items:center !important;display:flex !important}<\/style><div class=\"stk-column-wrapper stk-block-column__content stk-container stk-bf7725a-container stk--no-background stk--no-padding\"><div class=\"stk-block-content stk-inner-blocks stk-bf7725a-inner-blocks\"><\/div><\/div><\/div>\n<\/div><\/div>\n<\/div>\n<\/div>\n\n\n\n<p class=\"has-text-align-justify\">Neste campo voc\u00ea encontrar\u00e1 os documentos necess\u00e1rios para orientar servidores estaduais quanto aos procedimentos relacionados \u00e0s \u00e1reas de atua\u00e7\u00e3o no \u00e2mbito da Ouvidoria.<\/p>\n\n\n\n<p><em>Clique no tipo de documento abaixo.<\/em><\/p>\n\n\n\n<div class=\"wp-block-stackable-columns stk-block-columns stk-block stk-75c7595\" data-block-id=\"75c7595\"><style>.stk-75c7595{margin-bottom:0px !important}<\/style><div class=\"stk-row stk-inner-blocks stk-block-content stk-content-align stk-75c7595-column\">\n<div class=\"wp-block-stackable-column stk-block-column stk-column stk-block stk-5b44fc6\" data-v=\"4\" data-block-id=\"5b44fc6\"><div class=\"stk-column-wrapper stk-block-column__content stk-container stk-5b44fc6-container stk--no-background stk--no-padding\"><div class=\"stk-block-content stk-inner-blocks stk-5b44fc6-inner-blocks\">\n<div class=\"wp-block-stackable-columns stk-block-columns stk-block stk-c312d64\" data-block-id=\"c312d64\"><div class=\"stk-row stk-inner-blocks stk-block-content stk-content-align stk-c312d64-column\">\n<div class=\"wp-block-stackable-column stk-block-column stk-column stk-block stk-6fe4073\" data-v=\"4\" data-block-id=\"6fe4073\"><div class=\"stk-column-wrapper stk-block-column__content stk-container stk-6fe4073-container stk--no-background stk--no-padding\"><div class=\"stk-block-content stk-inner-blocks stk-6fe4073-inner-blocks\">\n<div class=\"wp-block-columns is-layout-flex wp-container-6\">\n<div class=\"wp-block-column is-layout-flow\">\n<div class=\"wp-block-stackable-image-box stk-block-image-box stk-hover-parent stk-block stk-6be47c2 is-style-default\" data-block-id=\"6be47c2\"><div class=\"stk-block-content stk-inner-blocks has-text-align-center stk-row stk-block-image-box__content\">\n<div class=\"wp-block-stackable-image stk-block-image stk-block stk-08d168b\" data-block-id=\"08d168b\"><style>.stk-08d168b .stk-img-wrapper{width:100% !important;height:226px !important}.stk-08d168b .stk-img-wrapper img{transform:scale(1.04) !important}:where(.stk-hover-parent:hover,.stk-hover-parent.stk--is-hovered) .stk-08d168b .stk-img-wrapper::after{background-color:#000000 !important}:where(.stk-hover-parent:hover,.stk-hover-parent.stk--is-hovered) .stk-08d168b .stk-img-wrapper{--stk-gradient-overlay:0.7 !important}<\/style><\/div>\n\n\n\n<div class=\"wp-block-stackable-column stk-block-column stk-column stk-block stk-02a3920\" data-v=\"4\" data-block-id=\"02a3920\"><style>.stk-02a3920{align-items:center !important;display:flex !important}<\/style><div class=\"stk-column-wrapper stk-block-column__content stk-container stk-02a3920-container stk--no-background stk--no-padding\"><div class=\"stk-block-content stk-inner-blocks stk-02a3920-inner-blocks\">\n<figure class=\"wp-block-image size-full\"><img decoding=\"async\" loading=\"lazy\" width=\"746\" height=\"452\" src=\"https:\/\/portal.pi.gov.br\/segov\/wp-content\/uploads\/sites\/59\/2024\/06\/1-2.png\" alt=\"\" class=\"wp-image-7282\" srcset=\"https:\/\/portal.pi.gov.br\/segov\/wp-content\/uploads\/sites\/59\/2024\/06\/1-2.png 746w, https:\/\/portal.pi.gov.br\/segov\/wp-content\/uploads\/sites\/59\/2024\/06\/1-2-300x182.png 300w, https:\/\/portal.pi.gov.br\/segov\/wp-content\/uploads\/sites\/59\/2024\/06\/1-2-420x254.png 420w, https:\/\/portal.pi.gov.br\/segov\/wp-content\/uploads\/sites\/59\/2024\/06\/1-2-540x327.png 540w, https:\/\/portal.pi.gov.br\/segov\/wp-content\/uploads\/sites\/59\/2024\/06\/1-2-624x378.png 624w\" sizes=\"(max-width: 746px) 100vw, 746px\" \/><\/figure>\n<\/div><\/div><\/div>\n<\/div><a class=\"stk-link stk-block-link stk--transparent-overlay\" href=\"https:\/\/portal.pi.gov.br\/segov\/legislacao\/\"><\/a><\/div>\n<\/div>\n\n\n\n<div class=\"wp-block-column is-layout-flow\">\n<div class=\"wp-block-stackable-image-box stk-block-image-box stk-hover-parent stk-block stk-4e2fa2e is-style-default\" data-block-id=\"4e2fa2e\"><div class=\"stk-block-content stk-inner-blocks has-text-align-center stk-row stk-block-image-box__content\">\n<div class=\"wp-block-stackable-image stk-block-image stk-block stk-762ea9d\" data-block-id=\"762ea9d\"><style>.stk-762ea9d .stk-img-wrapper{width:100% !important;height:228px !important}:where(.stk-hover-parent:hover,.stk-hover-parent.stk--is-hovered) .stk-762ea9d .stk-img-wrapper::after{background-color:#000000 !important}:where(.stk-hover-parent:hover,.stk-hover-parent.stk--is-hovered) .stk-762ea9d .stk-img-wrapper{--stk-gradient-overlay:0.7 !important}<\/style><\/div>\n\n\n\n<div class=\"wp-block-stackable-column stk-block-column stk-column stk-block stk-fc8506a\" data-v=\"4\" data-block-id=\"fc8506a\"><style>.stk-fc8506a{align-items:center !important;display:flex !important}<\/style><div class=\"stk-column-wrapper stk-block-column__content stk-container stk-fc8506a-container stk--no-background stk--no-padding\"><div class=\"stk-block-content stk-inner-blocks stk-fc8506a-inner-blocks\">\n<figure class=\"wp-block-image size-full\"><img decoding=\"async\" loading=\"lazy\" width=\"746\" height=\"452\" src=\"https:\/\/portal.pi.gov.br\/segov\/wp-content\/uploads\/sites\/59\/2024\/06\/3.png\" alt=\"\" class=\"wp-image-7283\" srcset=\"https:\/\/portal.pi.gov.br\/segov\/wp-content\/uploads\/sites\/59\/2024\/06\/3.png 746w, https:\/\/portal.pi.gov.br\/segov\/wp-content\/uploads\/sites\/59\/2024\/06\/3-300x182.png 300w, https:\/\/portal.pi.gov.br\/segov\/wp-content\/uploads\/sites\/59\/2024\/06\/3-420x254.png 420w, https:\/\/portal.pi.gov.br\/segov\/wp-content\/uploads\/sites\/59\/2024\/06\/3-540x327.png 540w, https:\/\/portal.pi.gov.br\/segov\/wp-content\/uploads\/sites\/59\/2024\/06\/3-624x378.png 624w\" sizes=\"(max-width: 746px) 100vw, 746px\" \/><\/figure>\n<\/div><\/div><\/div>\n<\/div><a class=\"stk-link stk-block-link stk--transparent-overlay\" href=\"https:\/\/portal.pi.gov.br\/segov\/manuais-e-cartilhas\/\" rel=\"noreferrer noopener\"><\/a><\/div>\n<\/div>\n\n\n\n<div class=\"wp-block-column is-layout-flow\">\n<div class=\"wp-block-stackable-image-box stk-block-image-box stk-hover-parent stk-block stk-3038915 is-style-default\" data-block-id=\"3038915\"><div class=\"stk-block-content stk-inner-blocks has-text-align-center stk-row stk-block-image-box__content\">\n<div class=\"wp-block-stackable-image stk-block-image stk-block stk-de6c82a\" data-block-id=\"de6c82a\"><style>.stk-de6c82a .stk-img-wrapper{width:100% !important;height:230px !important}:where(.stk-hover-parent:hover,.stk-hover-parent.stk--is-hovered) .stk-de6c82a .stk-img-wrapper::after{background-color:#000000 !important}:where(.stk-hover-parent:hover,.stk-hover-parent.stk--is-hovered) .stk-de6c82a .stk-img-wrapper{--stk-gradient-overlay:0.7 !important}<\/style><\/div>\n\n\n\n<div class=\"wp-block-stackable-column stk-block-column stk-column stk-block stk-c351888\" data-v=\"4\" data-block-id=\"c351888\"><style>.stk-c351888{align-items:center !important;display:flex !important}<\/style><div class=\"stk-column-wrapper stk-block-column__content stk-container stk-c351888-container stk--no-background stk--no-padding\"><div class=\"stk-block-content stk-inner-blocks stk-c351888-inner-blocks\">\n<figure class=\"wp-block-image size-full\"><img decoding=\"async\" loading=\"lazy\" width=\"746\" height=\"452\" src=\"https:\/\/portal.pi.gov.br\/segov\/wp-content\/uploads\/sites\/59\/2024\/06\/2-2.png\" alt=\"\" class=\"wp-image-7284\" srcset=\"https:\/\/portal.pi.gov.br\/segov\/wp-content\/uploads\/sites\/59\/2024\/06\/2-2.png 746w, https:\/\/portal.pi.gov.br\/segov\/wp-content\/uploads\/sites\/59\/2024\/06\/2-2-300x182.png 300w, https:\/\/portal.pi.gov.br\/segov\/wp-content\/uploads\/sites\/59\/2024\/06\/2-2-420x254.png 420w, https:\/\/portal.pi.gov.br\/segov\/wp-content\/uploads\/sites\/59\/2024\/06\/2-2-540x327.png 540w, https:\/\/portal.pi.gov.br\/segov\/wp-content\/uploads\/sites\/59\/2024\/06\/2-2-624x378.png 624w\" sizes=\"(max-width: 746px) 100vw, 746px\" \/><\/figure>\n<\/div><\/div><\/div>\n<\/div><a class=\"stk-link stk-block-link stk--transparent-overlay\" href=\"https:\/\/portal.pi.gov.br\/segov\/boletins-e-relatorios\/\" rel=\"noreferrer noopener\"><\/a><\/div>\n<\/div>\n<\/div>\n<\/div><\/div><\/div>\n<\/div><\/div>\n<\/div><\/div><\/div>\n<\/div><\/div>\n","protected":false},"excerpt":{"rendered":"<p>Neste campo voc\u00ea encontrar\u00e1 os documentos necess\u00e1rios para orientar servidores estaduais quanto aos procedimentos relacionados \u00e0s \u00e1reas de atua\u00e7\u00e3o no \u00e2mbito da Ouvidoria. Clique no tipo de documento abaixo.<\/p>\n","protected":false},"author":1,"featured_media":0,"parent":0,"menu_order":0,"comment_status":"closed","ping_status":"closed","template":"template-fullwidth.php","meta":[],"featured_image_urls":{"full":"","thumbnail":"","medium":"","medium_large":"","large":"","sgg-420":"","sgg-540":"","sgg-780":"","1536x1536":"","2048x2048":"","homepage-slider":"","homepage-slider-small":"","page-top":"","page-small":"","loop-main":"","thumb-gallery-widget":""},"post_excerpt_stackable":"<p>Neste campo voc\u00ea encontrar\u00e1 os documentos necess\u00e1rios para orientar servidores estaduais quanto aos procedimentos relacionados \u00e0s \u00e1reas de atua\u00e7\u00e3o no \u00e2mbito da Ouvidoria. Clique no tipo de documento abaixo.<\/p>\n","category_list":"","author_info":{"name":"admin","url":"https:\/\/portal.pi.gov.br\/segov\/author\/admin\/"},"comments_num":"0 coment\u00e1rio","featured_image_urls_v2":{"full":"","thumbnail":"","medium":"","medium_large":"","large":"","sgg-420":"","sgg-540":"","sgg-780":"","1536x1536":"","2048x2048":"","homepage-slider":"","homepage-slider-small":"","page-top":"","page-small":"","loop-main":"","thumb-gallery-widget":""},"post_excerpt_stackable_v2":"<p>Neste campo voc\u00ea encontrar\u00e1 os documentos necess\u00e1rios para orientar servidores estaduais quanto aos procedimentos relacionados \u00e0s \u00e1reas de atua\u00e7\u00e3o no \u00e2mbito da Ouvidoria. Clique no tipo de documento abaixo.<\/p>\n","category_list_v2":"","author_info_v2":{"name":"admin","url":"https:\/\/portal.pi.gov.br\/segov\/author\/admin\/"},"comments_num_v2":"0 coment\u00e1rio","_links":{"self":[{"href":"https:\/\/portal.pi.gov.br\/segov\/wp-json\/wp\/v2\/pages\/2429"}],"collection":[{"href":"https:\/\/portal.pi.gov.br\/segov\/wp-json\/wp\/v2\/pages"}],"about":[{"href":"https:\/\/portal.pi.gov.br\/segov\/wp-json\/wp\/v2\/types\/page"}],"author":[{"embeddable":true,"href":"https:\/\/portal.pi.gov.br\/segov\/wp-json\/wp\/v2\/users\/1"}],"replies":[{"embeddable":true,"href":"https:\/\/portal.pi.gov.br\/segov\/wp-json\/wp\/v2\/comments?post=2429"}],"version-history":[{"count":4,"href":"https:\/\/portal.pi.gov.br\/segov\/wp-json\/wp\/v2\/pages\/2429\/revisions"}],"predecessor-version":[{"id":7285,"href":"https:\/\/portal.pi.gov.br\/segov\/wp-json\/wp\/v2\/pages\/2429\/revisions\/7285"}],"wp:attachment":[{"href":"https:\/\/portal.pi.gov.br\/segov\/wp-json\/wp\/v2\/media?parent=2429"}],"curies":[{"name":"wp","href":"https:\/\/api.w.org\/{rel}","templated":true}]}}