{"id":2912,"date":"2023-06-13T11:11:04","date_gmt":"2023-06-13T14:11:04","guid":{"rendered":"https:\/\/portal.pi.gov.br\/segov\/?page_id=2912"},"modified":"2024-06-12T18:03:45","modified_gmt":"2024-06-12T21:03:45","slug":"organograma","status":"publish","type":"page","link":"https:\/\/portal.pi.gov.br\/segov\/organograma\/","title":{"rendered":"Organograma"},"content":{"rendered":"\n<p>A Secretaria de Estado de Governo (SEGOV-PI) \u00e9 regida pela seguinte lei:<\/p>\n\n\n\n<ul>\n<li><a href=\"http:\/\/www.diariooficial.pi.gov.br\/diario.php?dia=20221208\">Lei de Organiza\u00e7\u00e3o Administrativa do Estado do Piau\u00ed (Lei N\u00ba 7.884, de 08 de dezembro de 2022)<\/a><\/li>\n<\/ul>\n\n\n\n<p>O organograma atualizado indica as \u00e1reas de atua\u00e7\u00e3o da SEGOV:<\/p>\n\n\n\n<ul>\n<li><a href=\"https:\/\/drive.google.com\/drive\/folders\/10EsOCeiT3zW7QoV1lTJESmYG_SbLL_rc\">Organograma SEGOV (atualizado em 2023)&nbsp; <\/a>&nbsp; &nbsp; &nbsp; &nbsp; &nbsp;<\/li>\n<\/ul>\n\n\n\n<p><\/p>\n\n\n\n<p><em>Organograma geral e por setores:<\/em><\/p>\n\n\n\n<figure class=\"wp-block-image size-large\"><img decoding=\"async\" loading=\"lazy\" width=\"1024\" height=\"309\" src=\"https:\/\/portal.pi.gov.br\/segov\/wp-content\/uploads\/sites\/59\/2024\/06\/IMG_6124-1024x309.jpeg\" alt=\"\" class=\"wp-image-7462\" srcset=\"https:\/\/portal.pi.gov.br\/segov\/wp-content\/uploads\/sites\/59\/2024\/06\/IMG_6124-1024x309.jpeg 1024w, https:\/\/portal.pi.gov.br\/segov\/wp-content\/uploads\/sites\/59\/2024\/06\/IMG_6124-300x91.jpeg 300w, https:\/\/portal.pi.gov.br\/segov\/wp-content\/uploads\/sites\/59\/2024\/06\/IMG_6124-768x232.jpeg 768w, https:\/\/portal.pi.gov.br\/segov\/wp-content\/uploads\/sites\/59\/2024\/06\/IMG_6124-420x127.jpeg 420w, https:\/\/portal.pi.gov.br\/segov\/wp-content\/uploads\/sites\/59\/2024\/06\/IMG_6124-540x163.jpeg 540w, https:\/\/portal.pi.gov.br\/segov\/wp-content\/uploads\/sites\/59\/2024\/06\/IMG_6124-780x235.jpeg 780w, https:\/\/portal.pi.gov.br\/segov\/wp-content\/uploads\/sites\/59\/2024\/06\/IMG_6124-947x286.jpeg 947w, https:\/\/portal.pi.gov.br\/segov\/wp-content\/uploads\/sites\/59\/2024\/06\/IMG_6124-624x188.jpeg 624w, https:\/\/portal.pi.gov.br\/segov\/wp-content\/uploads\/sites\/59\/2024\/06\/IMG_6124.jpeg 1170w\" sizes=\"(max-width: 1024px) 100vw, 1024px\" \/><\/figure>\n\n\n\n<figure class=\"wp-block-image size-large\"><img decoding=\"async\" loading=\"lazy\" width=\"1024\" height=\"716\" src=\"https:\/\/portal.pi.gov.br\/segov\/wp-content\/uploads\/sites\/59\/2024\/06\/IMG_6125-1024x716.jpeg\" alt=\"\" class=\"wp-image-7463\" srcset=\"https:\/\/portal.pi.gov.br\/segov\/wp-content\/uploads\/sites\/59\/2024\/06\/IMG_6125-1024x716.jpeg 1024w, https:\/\/portal.pi.gov.br\/segov\/wp-content\/uploads\/sites\/59\/2024\/06\/IMG_6125-300x210.jpeg 300w, https:\/\/portal.pi.gov.br\/segov\/wp-content\/uploads\/sites\/59\/2024\/06\/IMG_6125-768x537.jpeg 768w, https:\/\/portal.pi.gov.br\/segov\/wp-content\/uploads\/sites\/59\/2024\/06\/IMG_6125-420x294.jpeg 420w, https:\/\/portal.pi.gov.br\/segov\/wp-content\/uploads\/sites\/59\/2024\/06\/IMG_6125-540x378.jpeg 540w, https:\/\/portal.pi.gov.br\/segov\/wp-content\/uploads\/sites\/59\/2024\/06\/IMG_6125-780x545.jpeg 780w, https:\/\/portal.pi.gov.br\/segov\/wp-content\/uploads\/sites\/59\/2024\/06\/IMG_6125-947x662.jpeg 947w, https:\/\/portal.pi.gov.br\/segov\/wp-content\/uploads\/sites\/59\/2024\/06\/IMG_6125-624x436.jpeg 624w, https:\/\/portal.pi.gov.br\/segov\/wp-content\/uploads\/sites\/59\/2024\/06\/IMG_6125.jpeg 1127w\" sizes=\"(max-width: 1024px) 100vw, 1024px\" \/><\/figure>\n\n\n\n<figure class=\"wp-block-image size-large\"><img decoding=\"async\" loading=\"lazy\" width=\"1024\" height=\"633\" src=\"https:\/\/portal.pi.gov.br\/segov\/wp-content\/uploads\/sites\/59\/2024\/05\/IMG_5487-1024x633.jpeg\" alt=\"\" class=\"wp-image-7213\" srcset=\"https:\/\/portal.pi.gov.br\/segov\/wp-content\/uploads\/sites\/59\/2024\/05\/IMG_5487-1024x633.jpeg 1024w, https:\/\/portal.pi.gov.br\/segov\/wp-content\/uploads\/sites\/59\/2024\/05\/IMG_5487-300x185.jpeg 300w, https:\/\/portal.pi.gov.br\/segov\/wp-content\/uploads\/sites\/59\/2024\/05\/IMG_5487-768x475.jpeg 768w, https:\/\/portal.pi.gov.br\/segov\/wp-content\/uploads\/sites\/59\/2024\/05\/IMG_5487-420x260.jpeg 420w, https:\/\/portal.pi.gov.br\/segov\/wp-content\/uploads\/sites\/59\/2024\/05\/IMG_5487-540x334.jpeg 540w, https:\/\/portal.pi.gov.br\/segov\/wp-content\/uploads\/sites\/59\/2024\/05\/IMG_5487-780x482.jpeg 780w, https:\/\/portal.pi.gov.br\/segov\/wp-content\/uploads\/sites\/59\/2024\/05\/IMG_5487-1536x949.jpeg 1536w, https:\/\/portal.pi.gov.br\/segov\/wp-content\/uploads\/sites\/59\/2024\/05\/IMG_5487-2048x1266.jpeg 2048w, https:\/\/portal.pi.gov.br\/segov\/wp-content\/uploads\/sites\/59\/2024\/05\/IMG_5487-947x585.jpeg 947w, https:\/\/portal.pi.gov.br\/segov\/wp-content\/uploads\/sites\/59\/2024\/05\/IMG_5487-624x386.jpeg 624w\" sizes=\"(max-width: 1024px) 100vw, 1024px\" \/><\/figure>\n\n\n\n<figure class=\"wp-block-image size-large\"><img decoding=\"async\" loading=\"lazy\" width=\"1024\" height=\"340\" src=\"https:\/\/portal.pi.gov.br\/segov\/wp-content\/uploads\/sites\/59\/2024\/05\/IMG_5484-1024x340.jpeg\" alt=\"\" class=\"wp-image-7214\" srcset=\"https:\/\/portal.pi.gov.br\/segov\/wp-content\/uploads\/sites\/59\/2024\/05\/IMG_5484-1024x340.jpeg 1024w, https:\/\/portal.pi.gov.br\/segov\/wp-content\/uploads\/sites\/59\/2024\/05\/IMG_5484-300x100.jpeg 300w, https:\/\/portal.pi.gov.br\/segov\/wp-content\/uploads\/sites\/59\/2024\/05\/IMG_5484-768x255.jpeg 768w, https:\/\/portal.pi.gov.br\/segov\/wp-content\/uploads\/sites\/59\/2024\/05\/IMG_5484-420x140.jpeg 420w, https:\/\/portal.pi.gov.br\/segov\/wp-content\/uploads\/sites\/59\/2024\/05\/IMG_5484-540x180.jpeg 540w, https:\/\/portal.pi.gov.br\/segov\/wp-content\/uploads\/sites\/59\/2024\/05\/IMG_5484-780x259.jpeg 780w, https:\/\/portal.pi.gov.br\/segov\/wp-content\/uploads\/sites\/59\/2024\/05\/IMG_5484-1536x511.jpeg 1536w, https:\/\/portal.pi.gov.br\/segov\/wp-content\/uploads\/sites\/59\/2024\/05\/IMG_5484-2048x681.jpeg 2048w, https:\/\/portal.pi.gov.br\/segov\/wp-content\/uploads\/sites\/59\/2024\/05\/IMG_5484-947x315.jpeg 947w, https:\/\/portal.pi.gov.br\/segov\/wp-content\/uploads\/sites\/59\/2024\/05\/IMG_5484-624x207.jpeg 624w\" sizes=\"(max-width: 1024px) 100vw, 1024px\" \/><\/figure>\n\n\n\n<figure class=\"wp-block-image size-large\"><img decoding=\"async\" loading=\"lazy\" width=\"1024\" height=\"654\" src=\"https:\/\/portal.pi.gov.br\/segov\/wp-content\/uploads\/sites\/59\/2024\/05\/IMG_5486-1024x654.jpeg\" alt=\"\" class=\"wp-image-7215\" srcset=\"https:\/\/portal.pi.gov.br\/segov\/wp-content\/uploads\/sites\/59\/2024\/05\/IMG_5486-1024x654.jpeg 1024w, https:\/\/portal.pi.gov.br\/segov\/wp-content\/uploads\/sites\/59\/2024\/05\/IMG_5486-300x192.jpeg 300w, https:\/\/portal.pi.gov.br\/segov\/wp-content\/uploads\/sites\/59\/2024\/05\/IMG_5486-768x490.jpeg 768w, https:\/\/portal.pi.gov.br\/segov\/wp-content\/uploads\/sites\/59\/2024\/05\/IMG_5486-420x268.jpeg 420w, https:\/\/portal.pi.gov.br\/segov\/wp-content\/uploads\/sites\/59\/2024\/05\/IMG_5486-540x345.jpeg 540w, https:\/\/portal.pi.gov.br\/segov\/wp-content\/uploads\/sites\/59\/2024\/05\/IMG_5486-780x498.jpeg 780w, https:\/\/portal.pi.gov.br\/segov\/wp-content\/uploads\/sites\/59\/2024\/05\/IMG_5486-1536x981.jpeg 1536w, https:\/\/portal.pi.gov.br\/segov\/wp-content\/uploads\/sites\/59\/2024\/05\/IMG_5486-2048x1307.jpeg 2048w, https:\/\/portal.pi.gov.br\/segov\/wp-content\/uploads\/sites\/59\/2024\/05\/IMG_5486-947x605.jpeg 947w, https:\/\/portal.pi.gov.br\/segov\/wp-content\/uploads\/sites\/59\/2024\/05\/IMG_5486-624x398.jpeg 624w\" sizes=\"(max-width: 1024px) 100vw, 1024px\" \/><\/figure>\n\n\n\n<figure class=\"wp-block-image size-large\"><img decoding=\"async\" loading=\"lazy\" width=\"1024\" height=\"651\" src=\"https:\/\/portal.pi.gov.br\/segov\/wp-content\/uploads\/sites\/59\/2024\/05\/IMG_5485-1024x651.jpeg\" alt=\"\" class=\"wp-image-7216\" srcset=\"https:\/\/portal.pi.gov.br\/segov\/wp-content\/uploads\/sites\/59\/2024\/05\/IMG_5485-1024x651.jpeg 1024w, https:\/\/portal.pi.gov.br\/segov\/wp-content\/uploads\/sites\/59\/2024\/05\/IMG_5485-300x191.jpeg 300w, https:\/\/portal.pi.gov.br\/segov\/wp-content\/uploads\/sites\/59\/2024\/05\/IMG_5485-768x488.jpeg 768w, https:\/\/portal.pi.gov.br\/segov\/wp-content\/uploads\/sites\/59\/2024\/05\/IMG_5485-420x267.jpeg 420w, https:\/\/portal.pi.gov.br\/segov\/wp-content\/uploads\/sites\/59\/2024\/05\/IMG_5485-540x343.jpeg 540w, https:\/\/portal.pi.gov.br\/segov\/wp-content\/uploads\/sites\/59\/2024\/05\/IMG_5485-780x496.jpeg 780w, https:\/\/portal.pi.gov.br\/segov\/wp-content\/uploads\/sites\/59\/2024\/05\/IMG_5485-1536x976.jpeg 1536w, https:\/\/portal.pi.gov.br\/segov\/wp-content\/uploads\/sites\/59\/2024\/05\/IMG_5485-2048x1302.jpeg 2048w, https:\/\/portal.pi.gov.br\/segov\/wp-content\/uploads\/sites\/59\/2024\/05\/IMG_5485-947x602.jpeg 947w, https:\/\/portal.pi.gov.br\/segov\/wp-content\/uploads\/sites\/59\/2024\/05\/IMG_5485-624x397.jpeg 624w\" sizes=\"(max-width: 1024px) 100vw, 1024px\" \/><\/figure>\n\n\n\n<figure class=\"wp-block-image size-large\"><img decoding=\"async\" loading=\"lazy\" width=\"1024\" height=\"646\" src=\"https:\/\/portal.pi.gov.br\/segov\/wp-content\/uploads\/sites\/59\/2024\/05\/IMG_5483-1024x646.jpeg\" alt=\"\" class=\"wp-image-7217\" srcset=\"https:\/\/portal.pi.gov.br\/segov\/wp-content\/uploads\/sites\/59\/2024\/05\/IMG_5483-1024x646.jpeg 1024w, https:\/\/portal.pi.gov.br\/segov\/wp-content\/uploads\/sites\/59\/2024\/05\/IMG_5483-300x189.jpeg 300w, https:\/\/portal.pi.gov.br\/segov\/wp-content\/uploads\/sites\/59\/2024\/05\/IMG_5483-768x484.jpeg 768w, https:\/\/portal.pi.gov.br\/segov\/wp-content\/uploads\/sites\/59\/2024\/05\/IMG_5483-420x265.jpeg 420w, https:\/\/portal.pi.gov.br\/segov\/wp-content\/uploads\/sites\/59\/2024\/05\/IMG_5483-540x341.jpeg 540w, https:\/\/portal.pi.gov.br\/segov\/wp-content\/uploads\/sites\/59\/2024\/05\/IMG_5483-780x492.jpeg 780w, https:\/\/portal.pi.gov.br\/segov\/wp-content\/uploads\/sites\/59\/2024\/05\/IMG_5483-1536x969.jpeg 1536w, https:\/\/portal.pi.gov.br\/segov\/wp-content\/uploads\/sites\/59\/2024\/05\/IMG_5483-2048x1292.jpeg 2048w, https:\/\/portal.pi.gov.br\/segov\/wp-content\/uploads\/sites\/59\/2024\/05\/IMG_5483-947x597.jpeg 947w, https:\/\/portal.pi.gov.br\/segov\/wp-content\/uploads\/sites\/59\/2024\/05\/IMG_5483-624x394.jpeg 624w\" sizes=\"(max-width: 1024px) 100vw, 1024px\" \/><\/figure>\n","protected":false},"excerpt":{"rendered":"<p>A Secretaria de Estado de Governo (SEGOV-PI) \u00e9 regida pela seguinte lei: O organograma atualizado indica as \u00e1reas de atua\u00e7\u00e3o da SEGOV: Organograma geral e por setores:<\/p>\n","protected":false},"author":1699,"featured_media":0,"parent":0,"menu_order":0,"comment_status":"closed","ping_status":"closed","template":"","meta":[],"featured_image_urls":{"full":"","thumbnail":"","medium":"","medium_large":"","large":"","sgg-420":"","sgg-540":"","sgg-780":"","1536x1536":"","2048x2048":"","homepage-slider":"","homepage-slider-small":"","page-top":"","page-small":"","loop-main":"","thumb-gallery-widget":""},"post_excerpt_stackable":"<p>A Secretaria de Estado de Governo (SEGOV-PI) \u00e9 regida pela seguinte lei: Lei de Organiza\u00e7\u00e3o Administrativa do Estado do Piau\u00ed (Lei N\u00ba 7.884, de 08 de dezembro de 2022) O organograma atualizado indica as \u00e1reas de atua\u00e7\u00e3o da SEGOV: Organograma SEGOV (atualizado em 2023)&nbsp; &nbsp; &nbsp; &nbsp; &nbsp; &nbsp; Organograma geral e por setores:<\/p>\n","category_list":"","author_info":{"name":"samiamenezes","url":"https:\/\/portal.pi.gov.br\/segov\/author\/samiamenezes\/"},"comments_num":"0 coment\u00e1rio","featured_image_urls_v2":{"full":"","thumbnail":"","medium":"","medium_large":"","large":"","sgg-420":"","sgg-540":"","sgg-780":"","1536x1536":"","2048x2048":"","homepage-slider":"","homepage-slider-small":"","page-top":"","page-small":"","loop-main":"","thumb-gallery-widget":""},"post_excerpt_stackable_v2":"<p>A Secretaria de Estado de Governo (SEGOV-PI) \u00e9 regida pela seguinte lei: Lei de Organiza\u00e7\u00e3o Administrativa do Estado do Piau\u00ed (Lei N\u00ba 7.884, de 08 de dezembro de 2022) O organograma atualizado indica as \u00e1reas de atua\u00e7\u00e3o da SEGOV: Organograma SEGOV (atualizado em 2023)&nbsp; &nbsp; &nbsp; &nbsp; &nbsp; &nbsp; Organograma geral e por setores:<\/p>\n","category_list_v2":"","author_info_v2":{"name":"samiamenezes","url":"https:\/\/portal.pi.gov.br\/segov\/author\/samiamenezes\/"},"comments_num_v2":"0 coment\u00e1rio","_links":{"self":[{"href":"https:\/\/portal.pi.gov.br\/segov\/wp-json\/wp\/v2\/pages\/2912"}],"collection":[{"href":"https:\/\/portal.pi.gov.br\/segov\/wp-json\/wp\/v2\/pages"}],"about":[{"href":"https:\/\/portal.pi.gov.br\/segov\/wp-json\/wp\/v2\/types\/page"}],"author":[{"embeddable":true,"href":"https:\/\/portal.pi.gov.br\/segov\/wp-json\/wp\/v2\/users\/1699"}],"replies":[{"embeddable":true,"href":"https:\/\/portal.pi.gov.br\/segov\/wp-json\/wp\/v2\/comments?post=2912"}],"version-history":[{"count":17,"href":"https:\/\/portal.pi.gov.br\/segov\/wp-json\/wp\/v2\/pages\/2912\/revisions"}],"predecessor-version":[{"id":7466,"href":"https:\/\/portal.pi.gov.br\/segov\/wp-json\/wp\/v2\/pages\/2912\/revisions\/7466"}],"wp:attachment":[{"href":"https:\/\/portal.pi.gov.br\/segov\/wp-json\/wp\/v2\/media?parent=2912"}],"curies":[{"name":"wp","href":"https:\/\/api.w.org\/{rel}","templated":true}]}}