{"id":2963,"date":"2023-06-16T10:30:55","date_gmt":"2023-06-16T13:30:55","guid":{"rendered":"https:\/\/portal.pi.gov.br\/segov\/?page_id=2963"},"modified":"2023-07-14T08:57:44","modified_gmt":"2023-07-14T11:57:44","slug":"protocolo","status":"publish","type":"page","link":"https:\/\/portal.pi.gov.br\/segov\/protocolo\/","title":{"rendered":"Protocolo"},"content":{"rendered":"\n<h2 class=\"wp-block-heading has-text-align-center\"><strong>Email<\/strong><\/h2>\n\n\n\n<p class=\"has-text-align-center\"><strong><span style=\"color: #ff6900\" class=\"stk-highlight\">protocolo2@segov.pi.gov.br<\/span><\/strong><\/p>\n\n\n\n<p><\/p>\n\n\n\n<h2 class=\"wp-block-heading has-text-align-center\"><strong>Link SEI para usu\u00e1rio externo<\/strong><\/h2>\n\n\n\n<p class=\"has-text-align-center\"><a rel=\"noreferrer noopener\" href=\"https:\/\/sei.pi.gov.br\/sei\/controlador_externo.php?acao=usuario_externo_logar&amp;id_orgao_acesso_externo=0\" target=\"_blank\"><strong><span style=\"color: #ff6900\" class=\"stk-highlight\">CLIQUE AQUI PARA ACESSAR<\/span><\/strong><\/a><\/p>\n\n\n\n<p><\/p>\n\n\n\n<p><strong>Orienta\u00e7\u00f5es<\/strong> \u00a0<\/p>\n\n\n\n<p>Protocolar documentos no SEI da Segov-PI: enviar e-mail com arquivos em formato&nbsp;.pdf para&nbsp;<a href=\"mailto:protocolo2@segov.pi.gov.br\" target=\"_blank\" rel=\"noreferrer noopener\">protocolo2@segov.pi.gov.br<\/a>&nbsp;&nbsp;<\/p>\n\n\n\n<p>Consulta de processos no SEI: acessar o site&nbsp;<a href=\"https:\/\/portal.pi.gov.br\/\" target=\"_blank\" rel=\"noreferrer noopener\">https:\/\/portal.pi.gov.br\/<\/a>&nbsp;e clicar na aba&nbsp;\u201cConsulta SEI\u201d<\/p>\n\n\n\n<p>Cadastro de usu\u00e1rio externo: acessar o site&nbsp;<a href=\"https:\/\/portal.pi.gov.br\/\" target=\"_blank\" rel=\"noreferrer noopener\">https:\/\/portal.pi.gov.br\/<\/a>&nbsp;e clicar na aba&nbsp;\u201cUsu\u00e1rio Externo do SEI\u201d. &nbsp;<\/p>\n","protected":false},"excerpt":{"rendered":"<p>Email protocolo2@segov.pi.gov.br Link SEI para usu\u00e1rio externo CLIQUE AQUI PARA ACESSAR Orienta\u00e7\u00f5es \u00a0 Protocolar documentos no SEI da Segov-PI: enviar e-mail com arquivos em formato&nbsp;.pdf para&nbsp;protocolo2@segov.pi.gov.br&nbsp;&nbsp; Consulta de processos no [&hellip;]<\/p>\n","protected":false},"author":1,"featured_media":0,"parent":0,"menu_order":0,"comment_status":"closed","ping_status":"closed","template":"template-fullwidth.php","meta":[],"featured_image_urls":{"full":"","thumbnail":"","medium":"","medium_large":"","large":"","sgg-420":"","sgg-540":"","sgg-780":"","1536x1536":"","2048x2048":"","homepage-slider":"","homepage-slider-small":"","page-top":"","page-small":"","loop-main":"","thumb-gallery-widget":""},"post_excerpt_stackable":"<p>Email protocolo2@segov.pi.gov.br Link SEI para usu\u00e1rio externo CLIQUE AQUI PARA ACESSAR Orienta\u00e7\u00f5es \u00a0 Protocolar documentos no SEI da Segov-PI: enviar e-mail com arquivos em formato&nbsp;.pdf para&nbsp;protocolo2@segov.pi.gov.br&nbsp;&nbsp; Consulta de processos no SEI: acessar o site&nbsp;https:\/\/portal.pi.gov.br\/&nbsp;e clicar na aba&nbsp;\u201cConsulta SEI\u201d Cadastro de usu\u00e1rio externo: acessar o site&nbsp;https:\/\/portal.pi.gov.br\/&nbsp;e clicar na aba&nbsp;\u201cUsu\u00e1rio Externo do SEI\u201d. &nbsp;<\/p>\n","category_list":"","author_info":{"name":"admin","url":"https:\/\/portal.pi.gov.br\/segov\/author\/admin\/"},"comments_num":"0 coment\u00e1rio","featured_image_urls_v2":{"full":"","thumbnail":"","medium":"","medium_large":"","large":"","sgg-420":"","sgg-540":"","sgg-780":"","1536x1536":"","2048x2048":"","homepage-slider":"","homepage-slider-small":"","page-top":"","page-small":"","loop-main":"","thumb-gallery-widget":""},"post_excerpt_stackable_v2":"<p>Email protocolo2@segov.pi.gov.br Link SEI para usu\u00e1rio externo CLIQUE AQUI PARA ACESSAR Orienta\u00e7\u00f5es \u00a0 Protocolar documentos no SEI da Segov-PI: enviar e-mail com arquivos em formato&nbsp;.pdf para&nbsp;protocolo2@segov.pi.gov.br&nbsp;&nbsp; Consulta de processos no SEI: acessar o site&nbsp;https:\/\/portal.pi.gov.br\/&nbsp;e clicar na aba&nbsp;\u201cConsulta SEI\u201d Cadastro de usu\u00e1rio externo: acessar o site&nbsp;https:\/\/portal.pi.gov.br\/&nbsp;e clicar na aba&nbsp;\u201cUsu\u00e1rio Externo do SEI\u201d. &nbsp;<\/p>\n","category_list_v2":"","author_info_v2":{"name":"admin","url":"https:\/\/portal.pi.gov.br\/segov\/author\/admin\/"},"comments_num_v2":"0 coment\u00e1rio","_links":{"self":[{"href":"https:\/\/portal.pi.gov.br\/segov\/wp-json\/wp\/v2\/pages\/2963"}],"collection":[{"href":"https:\/\/portal.pi.gov.br\/segov\/wp-json\/wp\/v2\/pages"}],"about":[{"href":"https:\/\/portal.pi.gov.br\/segov\/wp-json\/wp\/v2\/types\/page"}],"author":[{"embeddable":true,"href":"https:\/\/portal.pi.gov.br\/segov\/wp-json\/wp\/v2\/users\/1"}],"replies":[{"embeddable":true,"href":"https:\/\/portal.pi.gov.br\/segov\/wp-json\/wp\/v2\/comments?post=2963"}],"version-history":[{"count":2,"href":"https:\/\/portal.pi.gov.br\/segov\/wp-json\/wp\/v2\/pages\/2963\/revisions"}],"predecessor-version":[{"id":3254,"href":"https:\/\/portal.pi.gov.br\/segov\/wp-json\/wp\/v2\/pages\/2963\/revisions\/3254"}],"wp:attachment":[{"href":"https:\/\/portal.pi.gov.br\/segov\/wp-json\/wp\/v2\/media?parent=2963"}],"curies":[{"name":"wp","href":"https:\/\/api.w.org\/{rel}","templated":true}]}}