{"id":3025,"date":"2023-06-21T13:03:37","date_gmt":"2023-06-21T16:03:37","guid":{"rendered":"https:\/\/portal.pi.gov.br\/segov\/?page_id=3025"},"modified":"2023-06-22T09:50:00","modified_gmt":"2023-06-22T12:50:00","slug":"licitacoes","status":"publish","type":"page","link":"https:\/\/portal.pi.gov.br\/segov\/licitacoes\/","title":{"rendered":"Licita\u00e7\u00f5es"},"content":{"rendered":"<script type=\"text\/x-handlebars-template\"        id=\"wpfd-template-table-categories-45\">    <div class=\"wpfd-categories\">{{#if category}}{{#with category}}{{#if parent}}<a class=\"catlink backcategory\" href=\"#\" data-idcat=\"{{parent}}\">                        <i class=\"zmdi zmdi-chevron-left\"><\/i><span>Voltar<\/span><\/a>{{\/if}}{{\/with}}{{\/if}}<\/div><\/script><script type=\"text\/x-handlebars-template\" id=\"wpfd-template-table-45\">    {{#if files}}    {{#each files}}    <tr class=\"file\" data-id=\"{{ID}}\" data-catid=\"{{catid}}\">    <td class=\"file_title\"><a class=\"wpfd_downloadlink\" href=\"{{linkdownload}}\" title=\"{{post_title}}\"><span class=\"extcol\">{{#if file_custom_icon}}<span class=\"icon-custom\"><img src=\"{{file_custom_icon}}\"><\/span>{{else}}<span class=\"ext ext-{{ext}}\"><\/span>{{\/if}}<\/span>{{{crop_title}}}<\/a><\/td><td class=\"file_size\">{{bytesToSize size}}<\/td>                    <td class=\"col-download\">                <a class=\"downloadlink wpfd_downloadlink\"  href=\"{{linkdownload}}\" style=\"background-color:#76bc58;color:#ffffff;\">Baixar<i class=\"zmdi zmdi-cloud-download wpfd-download\"><\/i><\/a>{{#if openpdflink}}<a class=\"openlink wpfdlightbox wpfd_previewlink\" href=\"{{openpdflink}}\" target=\"\">Visualizar                            <i class=\"zmdi zmdi-filter-center-focus wpfd-preview\"><\/i>                        <\/a>{{else}}{{#if viewerlink}}<a                            href=\"{{viewerlink}}\"                            class=\"openlink wpfdlightbox wpfd_previewlink\"                            target=\"\"                            data-id=\"{{ID}}\"                            data-catid=\"{{catid}}\"                            data-file-type=\"{{ext}}\">Visualizar<i class=\"zmdi zmdi-filter-center-focus wpfd-preview\"><\/i>                        <\/a>{{\/if}}{{\/if}}            <\/td>            <\/tr>    {{\/each}}    {{\/if}}<\/script><div class=\"wpfd-content wpfd-content-table wpfd-content-multi colstyle\" data-category=\"45\"><input type=\"hidden\" id=\"current_category_45\" value=\"45\" \/>                    <input type=\"hidden\" id=\"current_category_slug_45\" value=\"licitacoes\" \/>                    <input type=\"hidden\" id=\"current_ordering_45\" value=\"created_time\" \/>                    <input type=\"hidden\" id=\"current_ordering_direction_45\" value=\"desc\" \/><div class=\"wpfd-container\">        <div class=\"wpfd-open-tree\"><\/div>    <div class=\"wpfd-container-table \">        <div class=\"wpfd-categories\"><\/div>        <table class=\"wpfd-table wpfd-table-bordered wpfd-table-striped mediaTable\">            <thead>            <tr>                <th class=\"essential persist file_title\">T\u00edtulo<\/th><th class=\"optional file_size\">Tamanho<\/th><th class=\"essential file_download\">Baixar<\/th>            <\/tr>            <\/thead>            <tbody>                            <tr class=\"file\" data-id=\"7270\"                    data-catid=\"45\">                    <td class=\"file_title\"><a class=\"wpfd_downloadlink\" href=\"https:\/\/portal.pi.gov.br\/segov\/download\/45\/licitacoes\/7270\/aviso-de-dispensa-eletro%cc%82nica-12-2024.pdf\" title=\"Aviso de Dispensa Eletro\u0302nica 12.2024\"><span class=\"extcol\">                                <span class=\"ext ext-pdf\"><\/span>                                Aviso de Dispensa Eletro\u0302nica 12.2024                            <\/span><\/a><\/td><td class=\"file_size\">81.03 KB<\/td>                                            <td class=\"col-download\">                            <a class=\"downloadlink wpfd_downloadlink\"  href=\"https:\/\/portal.pi.gov.br\/segov\/download\/45\/licitacoes\/7270\/aviso-de-dispensa-eletro%cc%82nica-12-2024.pdf\" style=\"background-color:#76bc58;color:#ffffff;\">Baixar<i class=\"zmdi zmdi-cloud-download wpfd-download\"><\/i><\/a><a                            href=\"https:\/\/docs.google.com\/viewer?url=https%3A%2F%2Fportal.pi.gov.br%2Fsegov%2Fwp-admin%2Fadmin-ajax.php%3Fjuwpfisadmin%3Dfalse%26action%3Dwpfd%26task%3Dfile.download%26wpfd_category_id%3D45%26wpfd_file_id%3D7270%26token%3D%26preview%3D1&#038;embedded=true\"                            class=\"openlink wpfdlightbox wpfd_previewlink\"                            target=\"\"                            data-id=\"7270\"                            data-catid=\"45\"                            data-file-type=\"pdf\">Visualizar<i class=\"zmdi zmdi-filter-center-focus wpfd-preview\"><\/i>                        <\/a>                        <\/td>                                    <\/tr>                            <tr class=\"file\" data-id=\"7269\"                    data-catid=\"45\">                    <td class=\"file_title\"><a class=\"wpfd_downloadlink\" href=\"https:\/\/portal.pi.gov.br\/segov\/download\/45\/licitacoes\/7269\/termo-de-refere%cc%82ncia-da-dispensa-eletro%cc%82nica-12-2024.pdf\" title=\"Termo de Refere\u0302ncia da Dispensa Eletro\u0302nica 12.2024\"><span class=\"extcol\">                                <span class=\"ext ext-pdf\"><\/span>                                Termo de Refere\u0302ncia da Dispensa Eletro\u0302nica 12.2024                            <\/span><\/a><\/td><td class=\"file_size\">473.69 KB<\/td>                                            <td class=\"col-download\">                            <a class=\"downloadlink wpfd_downloadlink\"  href=\"https:\/\/portal.pi.gov.br\/segov\/download\/45\/licitacoes\/7269\/termo-de-refere%cc%82ncia-da-dispensa-eletro%cc%82nica-12-2024.pdf\" style=\"background-color:#76bc58;color:#ffffff;\">Baixar<i class=\"zmdi zmdi-cloud-download wpfd-download\"><\/i><\/a><a                            href=\"https:\/\/docs.google.com\/viewer?url=https%3A%2F%2Fportal.pi.gov.br%2Fsegov%2Fwp-admin%2Fadmin-ajax.php%3Fjuwpfisadmin%3Dfalse%26action%3Dwpfd%26task%3Dfile.download%26wpfd_category_id%3D45%26wpfd_file_id%3D7269%26token%3D%26preview%3D1&#038;embedded=true\"                            class=\"openlink wpfdlightbox wpfd_previewlink\"                            target=\"\"                            data-id=\"7269\"                            data-catid=\"45\"                            data-file-type=\"pdf\">Visualizar<i class=\"zmdi zmdi-filter-center-focus wpfd-preview\"><\/i>                        <\/a>                        <\/td>                                    <\/tr>                            <tr class=\"file\" data-id=\"7271\"                    data-catid=\"45\">                    <td class=\"file_title\"><a class=\"wpfd_downloadlink\" href=\"https:\/\/portal.pi.gov.br\/segov\/download\/45\/licitacoes\/7271\/termo-de-refere%cc%82ncia-dispensa-eletro%cc%82nica-13-2024.pdf\" title=\"Termo de Refere\u0302ncia Dispensa Eletro\u0302nica 13.2024\"><span class=\"extcol\">                                <span class=\"ext ext-pdf\"><\/span>                                Termo de Refere\u0302ncia Dispensa Eletro\u0302nica 13.2024                            <\/span><\/a><\/td><td class=\"file_size\">413.70 KB<\/td>                                            <td class=\"col-download\">                            <a class=\"downloadlink wpfd_downloadlink\"  href=\"https:\/\/portal.pi.gov.br\/segov\/download\/45\/licitacoes\/7271\/termo-de-refere%cc%82ncia-dispensa-eletro%cc%82nica-13-2024.pdf\" style=\"background-color:#76bc58;color:#ffffff;\">Baixar<i class=\"zmdi zmdi-cloud-download wpfd-download\"><\/i><\/a><a                            href=\"https:\/\/docs.google.com\/viewer?url=https%3A%2F%2Fportal.pi.gov.br%2Fsegov%2Fwp-admin%2Fadmin-ajax.php%3Fjuwpfisadmin%3Dfalse%26action%3Dwpfd%26task%3Dfile.download%26wpfd_category_id%3D45%26wpfd_file_id%3D7271%26token%3D%26preview%3D1&#038;embedded=true\"                            class=\"openlink wpfdlightbox wpfd_previewlink\"                            target=\"\"                            data-id=\"7271\"                            data-catid=\"45\"                            data-file-type=\"pdf\">Visualizar<i class=\"zmdi zmdi-filter-center-focus wpfd-preview\"><\/i>                        <\/a>                        <\/td>                                    <\/tr>                            <tr class=\"file\" data-id=\"7272\"                    data-catid=\"45\">                    <td class=\"file_title\"><a class=\"wpfd_downloadlink\" href=\"https:\/\/portal.pi.gov.br\/segov\/download\/45\/licitacoes\/7272\/aviso-de-dispensa-eletro%cc%82nica-13-2024.pdf\" title=\"Aviso de Dispensa Eletro\u0302nica 13.2024\"><span class=\"extcol\">                                <span class=\"ext ext-pdf\"><\/span>                                Aviso de Dispensa Eletro\u0302nica 13.2024                            <\/span><\/a><\/td><td class=\"file_size\">81.05 KB<\/td>                                            <td class=\"col-download\">                            <a class=\"downloadlink wpfd_downloadlink\"  href=\"https:\/\/portal.pi.gov.br\/segov\/download\/45\/licitacoes\/7272\/aviso-de-dispensa-eletro%cc%82nica-13-2024.pdf\" style=\"background-color:#76bc58;color:#ffffff;\">Baixar<i class=\"zmdi zmdi-cloud-download wpfd-download\"><\/i><\/a><a                            href=\"https:\/\/docs.google.com\/viewer?url=https%3A%2F%2Fportal.pi.gov.br%2Fsegov%2Fwp-admin%2Fadmin-ajax.php%3Fjuwpfisadmin%3Dfalse%26action%3Dwpfd%26task%3Dfile.download%26wpfd_category_id%3D45%26wpfd_file_id%3D7272%26token%3D%26preview%3D1&#038;embedded=true\"                            class=\"openlink wpfdlightbox wpfd_previewlink\"                            target=\"\"                            data-id=\"7272\"                            data-catid=\"45\"                            data-file-type=\"pdf\">Visualizar<i class=\"zmdi zmdi-filter-center-focus wpfd-preview\"><\/i>                        <\/a>                        <\/td>                                    <\/tr>                            <tr class=\"file\" data-id=\"7256\"                    data-catid=\"45\">                    <td class=\"file_title\"><a class=\"wpfd_downloadlink\" href=\"https:\/\/portal.pi.gov.br\/segov\/download\/45\/licitacoes\/7256\/pregao-eletronico-03-2024-pedido-de-esclarecimento-e-resposta.pdf\" title=\"Preg\u00e3o Eletr\u00f4nico 03.2024 - Pedido de esclarecimento e resposta\"><span class=\"extcol\">                                <span class=\"ext ext-pdf\"><\/span>                                Preg\u00e3o Eletr\u00f4nico 03.2024 - Pedido de esclarecimento e resposta                            <\/span><\/a><\/td><td class=\"file_size\">302.80 KB<\/td>                                            <td class=\"col-download\">                            <a class=\"downloadlink wpfd_downloadlink\"  href=\"https:\/\/portal.pi.gov.br\/segov\/download\/45\/licitacoes\/7256\/pregao-eletronico-03-2024-pedido-de-esclarecimento-e-resposta.pdf\" style=\"background-color:#76bc58;color:#ffffff;\">Baixar<i class=\"zmdi zmdi-cloud-download wpfd-download\"><\/i><\/a><a                            href=\"https:\/\/docs.google.com\/viewer?url=https%3A%2F%2Fportal.pi.gov.br%2Fsegov%2Fwp-admin%2Fadmin-ajax.php%3Fjuwpfisadmin%3Dfalse%26action%3Dwpfd%26task%3Dfile.download%26wpfd_category_id%3D45%26wpfd_file_id%3D7256%26token%3D%26preview%3D1&#038;embedded=true\"                            class=\"openlink wpfdlightbox wpfd_previewlink\"                            target=\"\"                            data-id=\"7256\"                            data-catid=\"45\"                            data-file-type=\"pdf\">Visualizar<i class=\"zmdi zmdi-filter-center-focus wpfd-preview\"><\/i>                        <\/a>                        <\/td>                                    <\/tr>                            <tr class=\"file\" data-id=\"7255\"                    data-catid=\"45\">                    <td class=\"file_title\"><a class=\"wpfd_downloadlink\" href=\"https:\/\/portal.pi.gov.br\/segov\/download\/45\/licitacoes\/7255\/pregao-eletronico-03-2024-aviso-de-suspensao.pdf\" title=\"Preg\u00e3o Eletr\u00f4nico 03.2024 - Aviso de Suspens\u00e3o\"><span class=\"extcol\">                                <span class=\"ext ext-pdf\"><\/span>                                Preg\u00e3o Eletr\u00f4nico 03.2024 - Aviso de Suspens\u00e3o                            <\/span><\/a><\/td><td class=\"file_size\">91.83 KB<\/td>                                            <td class=\"col-download\">                            <a class=\"downloadlink wpfd_downloadlink\"  href=\"https:\/\/portal.pi.gov.br\/segov\/download\/45\/licitacoes\/7255\/pregao-eletronico-03-2024-aviso-de-suspensao.pdf\" style=\"background-color:#76bc58;color:#ffffff;\">Baixar<i class=\"zmdi zmdi-cloud-download wpfd-download\"><\/i><\/a><a                            href=\"https:\/\/docs.google.com\/viewer?url=https%3A%2F%2Fportal.pi.gov.br%2Fsegov%2Fwp-admin%2Fadmin-ajax.php%3Fjuwpfisadmin%3Dfalse%26action%3Dwpfd%26task%3Dfile.download%26wpfd_category_id%3D45%26wpfd_file_id%3D7255%26token%3D%26preview%3D1&#038;embedded=true\"                            class=\"openlink wpfdlightbox wpfd_previewlink\"                            target=\"\"                            data-id=\"7255\"                            data-catid=\"45\"                            data-file-type=\"pdf\">Visualizar<i class=\"zmdi zmdi-filter-center-focus wpfd-preview\"><\/i>                        <\/a>                        <\/td>                                    <\/tr>                            <tr class=\"file\" data-id=\"7106\"                    data-catid=\"45\">                    <td class=\"file_title\"><a class=\"wpfd_downloadlink\" href=\"https:\/\/portal.pi.gov.br\/segov\/download\/45\/licitacoes\/7106\/segov-pi-edital-e-anexos-pe-003-2024-material-permanente.pdf\" title=\"SEGOV.PI - EDITAL E ANEXOS - PE 003.2024 - MATERIAL PERMANENTE\"><span class=\"extcol\">                                <span class=\"ext ext-pdf\"><\/span>                                SEGOV.PI - EDITAL E ANEXOS - PE 003.2024 - MATERIAL PERMANENTE                            <\/span><\/a><\/td><td class=\"file_size\">2.45 MB<\/td>                                            <td class=\"col-download\">                            <a class=\"downloadlink wpfd_downloadlink\"  href=\"https:\/\/portal.pi.gov.br\/segov\/download\/45\/licitacoes\/7106\/segov-pi-edital-e-anexos-pe-003-2024-material-permanente.pdf\" style=\"background-color:#76bc58;color:#ffffff;\">Baixar<i class=\"zmdi zmdi-cloud-download wpfd-download\"><\/i><\/a><a                            href=\"https:\/\/docs.google.com\/viewer?url=https%3A%2F%2Fportal.pi.gov.br%2Fsegov%2Fwp-admin%2Fadmin-ajax.php%3Fjuwpfisadmin%3Dfalse%26action%3Dwpfd%26task%3Dfile.download%26wpfd_category_id%3D45%26wpfd_file_id%3D7106%26token%3D%26preview%3D1&#038;embedded=true\"                            class=\"openlink wpfdlightbox wpfd_previewlink\"                            target=\"\"                            data-id=\"7106\"                            data-catid=\"45\"                            data-file-type=\"pdf\">Visualizar<i class=\"zmdi zmdi-filter-center-focus wpfd-preview\"><\/i>                        <\/a>                        <\/td>                                    <\/tr>                            <tr class=\"file\" data-id=\"7105\"                    data-catid=\"45\">                    <td class=\"file_title\"><a class=\"wpfd_downloadlink\" href=\"https:\/\/portal.pi.gov.br\/segov\/download\/45\/licitacoes\/7105\/segov-pi-003-2024-aviso-assinado-material-permanente.pdf\" title=\"SEGOV - PI 003.2024 - AVISO ASSINADO - MATERIAL PERMANENTE\"><span class=\"extcol\">                                <span class=\"ext ext-pdf\"><\/span>                                SEGOV - PI 003.2024 - AVISO ASSINADO - MATERIAL PERMANENTE                            <\/span><\/a><\/td><td class=\"file_size\">165.70 KB<\/td>                                            <td class=\"col-download\">                            <a class=\"downloadlink wpfd_downloadlink\"  href=\"https:\/\/portal.pi.gov.br\/segov\/download\/45\/licitacoes\/7105\/segov-pi-003-2024-aviso-assinado-material-permanente.pdf\" style=\"background-color:#76bc58;color:#ffffff;\">Baixar<i class=\"zmdi zmdi-cloud-download wpfd-download\"><\/i><\/a><a                            href=\"https:\/\/docs.google.com\/viewer?url=https%3A%2F%2Fportal.pi.gov.br%2Fsegov%2Fwp-admin%2Fadmin-ajax.php%3Fjuwpfisadmin%3Dfalse%26action%3Dwpfd%26task%3Dfile.download%26wpfd_category_id%3D45%26wpfd_file_id%3D7105%26token%3D%26preview%3D1&#038;embedded=true\"                            class=\"openlink wpfdlightbox wpfd_previewlink\"                            target=\"\"                            data-id=\"7105\"                            data-catid=\"45\"                            data-file-type=\"pdf\">Visualizar<i class=\"zmdi zmdi-filter-center-focus wpfd-preview\"><\/i>                        <\/a>                        <\/td>                                    <\/tr>                            <tr class=\"file\" data-id=\"7018\"                    data-catid=\"45\">                    <td class=\"file_title\"><a class=\"wpfd_downloadlink\" href=\"https:\/\/portal.pi.gov.br\/segov\/download\/45\/licitacoes\/7018\/dispensa-eletro%cc%82nica-11-2024-aviso-de-dispensa-eletro%cc%82nica.pdf\" title=\"Dispensa Eletro\u0302nica 11.2024 - Aviso de dispensa eletro\u0302nica\"><span class=\"extcol\">                                <span class=\"ext ext-pdf\"><\/span>                                Dispensa Eletro\u0302nica 11.2024 - Aviso de dispensa eletro\u0302nica                            <\/span><\/a><\/td><td class=\"file_size\">108.33 KB<\/td>                                            <td class=\"col-download\">                            <a class=\"downloadlink wpfd_downloadlink\"  href=\"https:\/\/portal.pi.gov.br\/segov\/download\/45\/licitacoes\/7018\/dispensa-eletro%cc%82nica-11-2024-aviso-de-dispensa-eletro%cc%82nica.pdf\" style=\"background-color:#76bc58;color:#ffffff;\">Baixar<i class=\"zmdi zmdi-cloud-download wpfd-download\"><\/i><\/a><a                            href=\"https:\/\/docs.google.com\/viewer?url=https%3A%2F%2Fportal.pi.gov.br%2Fsegov%2Fwp-admin%2Fadmin-ajax.php%3Fjuwpfisadmin%3Dfalse%26action%3Dwpfd%26task%3Dfile.download%26wpfd_category_id%3D45%26wpfd_file_id%3D7018%26token%3D%26preview%3D1&#038;embedded=true\"                            class=\"openlink wpfdlightbox wpfd_previewlink\"                            target=\"\"                            data-id=\"7018\"                            data-catid=\"45\"                            data-file-type=\"pdf\">Visualizar<i class=\"zmdi zmdi-filter-center-focus wpfd-preview\"><\/i>                        <\/a>                        <\/td>                                    <\/tr>                            <tr class=\"file\" data-id=\"7017\"                    data-catid=\"45\">                    <td class=\"file_title\"><a class=\"wpfd_downloadlink\" href=\"https:\/\/portal.pi.gov.br\/segov\/download\/45\/licitacoes\/7017\/dispensa-eletro%cc%82nica-11-2024-termo-de-refere%cc%82ncia.pdf\" title=\"Dispensa Eletro\u0302nica 11.2024- Termo de Refere\u0302ncia\"><span class=\"extcol\">                                <span class=\"ext ext-pdf\"><\/span>                                Dispensa Eletro\u0302nica 11.2024- Termo de Refere\u0302ncia                            <\/span><\/a><\/td><td class=\"file_size\">1.00 MB<\/td>                                            <td class=\"col-download\">                            <a class=\"downloadlink wpfd_downloadlink\"  href=\"https:\/\/portal.pi.gov.br\/segov\/download\/45\/licitacoes\/7017\/dispensa-eletro%cc%82nica-11-2024-termo-de-refere%cc%82ncia.pdf\" style=\"background-color:#76bc58;color:#ffffff;\">Baixar<i class=\"zmdi zmdi-cloud-download wpfd-download\"><\/i><\/a><a                            href=\"https:\/\/docs.google.com\/viewer?url=https%3A%2F%2Fportal.pi.gov.br%2Fsegov%2Fwp-admin%2Fadmin-ajax.php%3Fjuwpfisadmin%3Dfalse%26action%3Dwpfd%26task%3Dfile.download%26wpfd_category_id%3D45%26wpfd_file_id%3D7017%26token%3D%26preview%3D1&#038;embedded=true\"                            class=\"openlink wpfdlightbox wpfd_previewlink\"                            target=\"\"                            data-id=\"7017\"                            data-catid=\"45\"                            data-file-type=\"pdf\">Visualizar<i class=\"zmdi zmdi-filter-center-focus wpfd-preview\"><\/i>                        <\/a>                        <\/td>                                    <\/tr>                        <\/tbody>        <\/table>            <\/div><\/div><\/div><div class='wpfd-pagination'>\n\t<span class='page-numbers current'>1<\/span>\n<a class='page-numbers' data-page='2' data-sourcecat='45'>2<\/a>\n<a class='page-numbers' data-page='3' data-sourcecat='45'>3<\/a>\n<span class=\"page-numbers dots\">&hellip;<\/span>\n<a class='page-numbers' data-page='6' data-sourcecat='45'>6<\/a>\n<a class='next page-numbers' data-page='2' data-sourcecat='45'>Pr\u00f3ximo &raquo;<\/a>\n<\/div>\n\n","protected":false},"excerpt":{"rendered":"","protected":false},"author":1,"featured_media":0,"parent":0,"menu_order":0,"comment_status":"closed","ping_status":"closed","template":"template-fullwidth.php","meta":[],"featured_image_urls":{"full":"","thumbnail":"","medium":"","medium_large":"","large":"","sgg-420":"","sgg-540":"","sgg-780":"","1536x1536":"","2048x2048":"","homepage-slider":"","homepage-slider-small":"","page-top":"","page-small":"","loop-main":"","thumb-gallery-widget":""},"post_excerpt_stackable":"<p>T\u00edtuloTamanhoBaixar Aviso de Dispensa Eletro\u0302nica 12.2024 81.03 KB BaixarVisualizar Termo de Refere\u0302ncia da Dispensa Eletro\u0302nica 12.2024 473.69 KB BaixarVisualizar Termo de Refere\u0302ncia Dispensa Eletro\u0302nica 13.2024 413.70 KB BaixarVisualizar Aviso de Dispensa Eletro\u0302nica 13.2024 81.05 KB BaixarVisualizar Preg\u00e3o Eletr\u00f4nico 03.2024 &#8211; Pedido de esclarecimento e resposta 302.80 KB BaixarVisualizar Preg\u00e3o Eletr\u00f4nico 03.2024 &#8211; Aviso de Suspens\u00e3o 91.83 KB BaixarVisualizar SEGOV.PI &#8211; EDITAL E ANEXOS &#8211; PE 003.2024 &#8211; MATERIAL PERMANENTE 2.45 MB BaixarVisualizar SEGOV &#8211; PI 003.2024 &#8211; AVISO ASSINADO &#8211; MATERIAL PERMANENTE 165.70 KB BaixarVisualizar Dispensa Eletro\u0302nica 11.2024 &#8211; Aviso de dispensa eletro\u0302nica 108.33 KB BaixarVisualizar Dispensa Eletro\u0302nica 11.2024- Termo&hellip;<\/p>\n","category_list":"","author_info":{"name":"admin","url":"https:\/\/portal.pi.gov.br\/segov\/author\/admin\/"},"comments_num":"0 coment\u00e1rio","featured_image_urls_v2":{"full":"","thumbnail":"","medium":"","medium_large":"","large":"","sgg-420":"","sgg-540":"","sgg-780":"","1536x1536":"","2048x2048":"","homepage-slider":"","homepage-slider-small":"","page-top":"","page-small":"","loop-main":"","thumb-gallery-widget":""},"post_excerpt_stackable_v2":"<p>T\u00edtuloTamanhoBaixar Aviso de Dispensa Eletro\u0302nica 12.2024 81.03 KB BaixarVisualizar Termo de Refere\u0302ncia da Dispensa Eletro\u0302nica 12.2024 473.69 KB BaixarVisualizar Termo de Refere\u0302ncia Dispensa Eletro\u0302nica 13.2024 413.70 KB BaixarVisualizar Aviso de Dispensa Eletro\u0302nica 13.2024 81.05 KB BaixarVisualizar Preg\u00e3o Eletr\u00f4nico 03.2024 &#8211; Pedido de esclarecimento e resposta 302.80 KB BaixarVisualizar Preg\u00e3o Eletr\u00f4nico 03.2024 &#8211; Aviso de Suspens\u00e3o 91.83 KB BaixarVisualizar SEGOV.PI &#8211; EDITAL E ANEXOS &#8211; PE 003.2024 &#8211; MATERIAL PERMANENTE 2.45 MB BaixarVisualizar SEGOV &#8211; PI 003.2024 &#8211; AVISO ASSINADO &#8211; MATERIAL PERMANENTE 165.70 KB BaixarVisualizar Dispensa Eletro\u0302nica 11.2024 &#8211; Aviso de dispensa eletro\u0302nica 108.33 KB BaixarVisualizar Dispensa Eletro\u0302nica 11.2024- Termo&hellip;<\/p>\n","category_list_v2":"","author_info_v2":{"name":"admin","url":"https:\/\/portal.pi.gov.br\/segov\/author\/admin\/"},"comments_num_v2":"0 coment\u00e1rio","_links":{"self":[{"href":"https:\/\/portal.pi.gov.br\/segov\/wp-json\/wp\/v2\/pages\/3025"}],"collection":[{"href":"https:\/\/portal.pi.gov.br\/segov\/wp-json\/wp\/v2\/pages"}],"about":[{"href":"https:\/\/portal.pi.gov.br\/segov\/wp-json\/wp\/v2\/types\/page"}],"author":[{"embeddable":true,"href":"https:\/\/portal.pi.gov.br\/segov\/wp-json\/wp\/v2\/users\/1"}],"replies":[{"embeddable":true,"href":"https:\/\/portal.pi.gov.br\/segov\/wp-json\/wp\/v2\/comments?post=3025"}],"version-history":[{"count":4,"href":"https:\/\/portal.pi.gov.br\/segov\/wp-json\/wp\/v2\/pages\/3025\/revisions"}],"predecessor-version":[{"id":3055,"href":"https:\/\/portal.pi.gov.br\/segov\/wp-json\/wp\/v2\/pages\/3025\/revisions\/3055"}],"wp:attachment":[{"href":"https:\/\/portal.pi.gov.br\/segov\/wp-json\/wp\/v2\/media?parent=3025"}],"curies":[{"name":"wp","href":"https:\/\/api.w.org\/{rel}","templated":true}]}}