{"id":3111,"date":"2023-06-26T20:58:51","date_gmt":"2023-06-26T23:58:51","guid":{"rendered":"https:\/\/portal.pi.gov.br\/segov\/?page_id=3111"},"modified":"2023-10-11T10:06:28","modified_gmt":"2023-10-11T13:06:28","slug":"ouvidor-geral-do-estado","status":"publish","type":"page","link":"https:\/\/portal.pi.gov.br\/segov\/ouvidor-geral-do-estado\/","title":{"rendered":"Ouvidor Geral do Estado"},"content":{"rendered":"\n<h2 class=\"wp-block-heading\"><strong>Raimundo Dutra<\/strong>&nbsp;<\/h2>\n\n\n\n<p>&nbsp;<\/p>\n\n\n\n<p>Atualmente, o Ouvidor Geral do Estado \u00e9 Raimundo Dutra de Ara\u00fajo que, dentre outros t\u00edtulos, \u00e9 Doutor e P\u00f3s Doutor em Educa\u00e7\u00e3o.&nbsp;&nbsp;Possui os cursos&nbsp;&nbsp;de Gest\u00e3o P\u00fablica Estadual, Gest\u00e3o em Ouvidorias e Controle Social pela Escola Nacional de Administra\u00e7\u00e3o P\u00fablica. \u00c9 Professor da Universidade Estadual do Piau\u00ed.&nbsp;&nbsp;Dentre os cargos exercidos, foi Secret\u00e1rio Municipal de Educa\u00e7\u00e3o de Batalha, Pr\u00f3-reitor de Extens\u00e3o da UESPI e Diretor da Escola de Governo do Estado do Piau\u00ed.&nbsp;<\/p>\n\n\n<div class=\"wp-block-image\">\n<figure class=\"aligncenter size-large\"><img decoding=\"async\" src=\"https:\/\/portal.pi.gov.br\/segov\/wp-content\/uploads\/sites\/59\/2023\/10\/tempImageDUXuh6-768x1024.jpg\" alt=\"\" class=\"wp-image-4415\" \/><\/figure><\/div>","protected":false},"excerpt":{"rendered":"<p>Raimundo Dutra&nbsp; &nbsp; Atualmente, o Ouvidor Geral do Estado \u00e9 Raimundo Dutra de Ara\u00fajo que, dentre outros t\u00edtulos, \u00e9 Doutor e P\u00f3s Doutor em Educa\u00e7\u00e3o.&nbsp;&nbsp;Possui os cursos&nbsp;&nbsp;de Gest\u00e3o P\u00fablica Estadual, [&hellip;]<\/p>\n","protected":false},"author":1735,"featured_media":0,"parent":0,"menu_order":0,"comment_status":"closed","ping_status":"closed","template":"","meta":[],"featured_image_urls":{"full":"","thumbnail":"","medium":"","medium_large":"","large":"","sgg-420":"","sgg-540":"","sgg-780":"","1536x1536":"","2048x2048":"","homepage-slider":"","homepage-slider-small":"","page-top":"","page-small":"","loop-main":"","thumb-gallery-widget":""},"post_excerpt_stackable":"<p>Raimundo Dutra&nbsp; &nbsp; Atualmente, o Ouvidor Geral do Estado \u00e9 Raimundo Dutra de Ara\u00fajo que, dentre outros t\u00edtulos, \u00e9 Doutor e P\u00f3s Doutor em Educa\u00e7\u00e3o.&nbsp;&nbsp;Possui os cursos&nbsp;&nbsp;de Gest\u00e3o P\u00fablica Estadual, Gest\u00e3o em Ouvidorias e Controle Social pela Escola Nacional de Administra\u00e7\u00e3o P\u00fablica. \u00c9 Professor da Universidade Estadual do Piau\u00ed.&nbsp;&nbsp;Dentre os cargos exercidos, foi Secret\u00e1rio Municipal de Educa\u00e7\u00e3o de Batalha, Pr\u00f3-reitor de Extens\u00e3o da UESPI e Diretor da Escola de Governo do Estado do Piau\u00ed.&nbsp;<\/p>\n","category_list":"","author_info":{"name":"vainner","url":"https:\/\/portal.pi.gov.br\/segov\/author\/vainner\/"},"comments_num":"0 coment\u00e1rio","featured_image_urls_v2":{"full":"","thumbnail":"","medium":"","medium_large":"","large":"","sgg-420":"","sgg-540":"","sgg-780":"","1536x1536":"","2048x2048":"","homepage-slider":"","homepage-slider-small":"","page-top":"","page-small":"","loop-main":"","thumb-gallery-widget":""},"post_excerpt_stackable_v2":"<p>Raimundo Dutra&nbsp; &nbsp; Atualmente, o Ouvidor Geral do Estado \u00e9 Raimundo Dutra de Ara\u00fajo que, dentre outros t\u00edtulos, \u00e9 Doutor e P\u00f3s Doutor em Educa\u00e7\u00e3o.&nbsp;&nbsp;Possui os cursos&nbsp;&nbsp;de Gest\u00e3o P\u00fablica Estadual, Gest\u00e3o em Ouvidorias e Controle Social pela Escola Nacional de Administra\u00e7\u00e3o P\u00fablica. \u00c9 Professor da Universidade Estadual do Piau\u00ed.&nbsp;&nbsp;Dentre os cargos exercidos, foi Secret\u00e1rio Municipal de Educa\u00e7\u00e3o de Batalha, Pr\u00f3-reitor de Extens\u00e3o da UESPI e Diretor da Escola de Governo do Estado do Piau\u00ed.&nbsp;<\/p>\n","category_list_v2":"","author_info_v2":{"name":"vainner","url":"https:\/\/portal.pi.gov.br\/segov\/author\/vainner\/"},"comments_num_v2":"0 coment\u00e1rio","_links":{"self":[{"href":"https:\/\/portal.pi.gov.br\/segov\/wp-json\/wp\/v2\/pages\/3111"}],"collection":[{"href":"https:\/\/portal.pi.gov.br\/segov\/wp-json\/wp\/v2\/pages"}],"about":[{"href":"https:\/\/portal.pi.gov.br\/segov\/wp-json\/wp\/v2\/types\/page"}],"author":[{"embeddable":true,"href":"https:\/\/portal.pi.gov.br\/segov\/wp-json\/wp\/v2\/users\/1735"}],"replies":[{"embeddable":true,"href":"https:\/\/portal.pi.gov.br\/segov\/wp-json\/wp\/v2\/comments?post=3111"}],"version-history":[{"count":2,"href":"https:\/\/portal.pi.gov.br\/segov\/wp-json\/wp\/v2\/pages\/3111\/revisions"}],"predecessor-version":[{"id":4417,"href":"https:\/\/portal.pi.gov.br\/segov\/wp-json\/wp\/v2\/pages\/3111\/revisions\/4417"}],"wp:attachment":[{"href":"https:\/\/portal.pi.gov.br\/segov\/wp-json\/wp\/v2\/media?parent=3111"}],"curies":[{"name":"wp","href":"https:\/\/api.w.org\/{rel}","templated":true}]}}