{"id":3161,"date":"2023-06-28T09:03:32","date_gmt":"2023-06-28T12:03:32","guid":{"rendered":"https:\/\/portal.pi.gov.br\/segov\/?page_id=3161"},"modified":"2023-06-28T09:04:29","modified_gmt":"2023-06-28T12:04:29","slug":"contratos","status":"publish","type":"page","link":"https:\/\/portal.pi.gov.br\/segov\/contratos\/","title":{"rendered":"Contratos"},"content":{"rendered":"<script type=\"text\/x-handlebars-template\"        id=\"wpfd-template-table-categories-46\">    <div class=\"wpfd-categories\">{{#if category}}{{#with category}}{{#if parent}}<a class=\"catlink backcategory\" href=\"#\" data-idcat=\"{{parent}}\">                        <i class=\"zmdi zmdi-chevron-left\"><\/i><span>Voltar<\/span><\/a>{{\/if}}{{\/with}}{{\/if}}<\/div><\/script><script type=\"text\/x-handlebars-template\" id=\"wpfd-template-table-46\">    {{#if files}}    {{#each files}}    <tr class=\"file\" data-id=\"{{ID}}\" data-catid=\"{{catid}}\">    <td class=\"file_title\"><a class=\"wpfd_downloadlink\" href=\"{{linkdownload}}\" title=\"{{post_title}}\"><span class=\"extcol\">{{#if file_custom_icon}}<span class=\"icon-custom\"><img src=\"{{file_custom_icon}}\"><\/span>{{else}}<span class=\"ext ext-{{ext}}\"><\/span>{{\/if}}<\/span>{{{crop_title}}}<\/a><\/td><td class=\"file_desc\">{{{description}}}<\/td><td class=\"file_size\">{{bytesToSize size}}<\/td><td class=\"file_created\">{{created}}<\/td>                    <td class=\"col-download\">                <a class=\"downloadlink wpfd_downloadlink\"  href=\"{{linkdownload}}\" style=\"background-color:#76bc58;color:#ffffff;\">Baixar<i class=\"zmdi zmdi-cloud-download wpfd-download\"><\/i><\/a>{{#if openpdflink}}<a class=\"openlink wpfdlightbox wpfd_previewlink\" href=\"{{openpdflink}}\" target=\"\">Visualizar                            <i class=\"zmdi zmdi-filter-center-focus wpfd-preview\"><\/i>                        <\/a>{{else}}{{#if viewerlink}}<a                            href=\"{{viewerlink}}\"                            class=\"openlink wpfdlightbox wpfd_previewlink\"                            target=\"\"                            data-id=\"{{ID}}\"                            data-catid=\"{{catid}}\"                            data-file-type=\"{{ext}}\">Visualizar<i class=\"zmdi zmdi-filter-center-focus wpfd-preview\"><\/i>                        <\/a>{{\/if}}{{\/if}}            <\/td>            <\/tr>    {{\/each}}    {{\/if}}<\/script><div class=\"wpfd-content wpfd-content-table wpfd-content-multi colstyle\" data-category=\"46\"><input type=\"hidden\" id=\"current_category_46\" value=\"46\" \/>                    <input type=\"hidden\" id=\"current_category_slug_46\" value=\"contratos\" \/>                    <input type=\"hidden\" id=\"current_ordering_46\" value=\"created_time\" \/>                    <input type=\"hidden\" id=\"current_ordering_direction_46\" value=\"desc\" \/><div class=\"wpfd-container\">        <div class=\"wpfd-open-tree\"><\/div>    <div class=\"wpfd-container-table \">        <div class=\"wpfd-categories\"><\/div>        <table class=\"wpfd-table wpfd-table-bordered wpfd-table-striped mediaTable\">            <thead>            <tr>                <th class=\"essential persist file_title\">T\u00edtulo<\/th><th class=\"optional file_desc\">Descri\u00e7\u00e3o<\/th><th class=\"optional file_size\">Tamanho<\/th><th class=\"optional file_created\">Data de Publica\u00e7\u00e3o<\/th><th class=\"essential file_download\">Baixar<\/th>            <\/tr>            <\/thead>            <tbody>                            <tr class=\"file\" data-id=\"7626\"                    data-catid=\"46\">                    <td class=\"file_title\"><a class=\"wpfd_downloadlink\" href=\"https:\/\/portal.pi.gov.br\/segov\/download\/46\/contratos\/7626\/extrato-do-contrato-12-24-segov.pdf\" title=\"EXTRATO DO CONTRATO - 12.24 SEGOV\"><span class=\"extcol\">                                <span class=\"ext ext-pdf\"><\/span>                                EXTRATO DO CONTRATO - 12.24 SEGOV                            <\/span><\/a><\/td><td class=\"file_desc\"><\/td><td class=\"file_size\">1.78 MB<\/td><td class=\"file_created\">25-06-2024<\/td>                                            <td class=\"col-download\">                            <a class=\"downloadlink wpfd_downloadlink\"  href=\"https:\/\/portal.pi.gov.br\/segov\/download\/46\/contratos\/7626\/extrato-do-contrato-12-24-segov.pdf\" style=\"background-color:#76bc58;color:#ffffff;\">Baixar<i class=\"zmdi zmdi-cloud-download wpfd-download\"><\/i><\/a><a                            href=\"https:\/\/docs.google.com\/viewer?url=https%3A%2F%2Fportal.pi.gov.br%2Fsegov%2Fwp-admin%2Fadmin-ajax.php%3Fjuwpfisadmin%3Dfalse%26action%3Dwpfd%26task%3Dfile.download%26wpfd_category_id%3D46%26wpfd_file_id%3D7626%26token%3D%26preview%3D1&#038;embedded=true\"                            class=\"openlink wpfdlightbox wpfd_previewlink\"                            target=\"\"                            data-id=\"7626\"                            data-catid=\"46\"                            data-file-type=\"pdf\">Visualizar<i class=\"zmdi zmdi-filter-center-focus wpfd-preview\"><\/i>                        <\/a>                        <\/td>                                    <\/tr>                            <tr class=\"file\" data-id=\"7625\"                    data-catid=\"46\">                    <td class=\"file_title\"><a class=\"wpfd_downloadlink\" href=\"https:\/\/portal.pi.gov.br\/segov\/download\/46\/contratos\/7625\/extrato-do-contrato-13-24-segov.pdf\" title=\"EXTRATO DO CONTRATO - 13.24 SEGOV\"><span class=\"extcol\">                                <span class=\"ext ext-pdf\"><\/span>                                EXTRATO DO CONTRATO - 13.24 SEGOV                            <\/span><\/a><\/td><td class=\"file_desc\"><\/td><td class=\"file_size\">1.78 MB<\/td><td class=\"file_created\">25-06-2024<\/td>                                            <td class=\"col-download\">                            <a class=\"downloadlink wpfd_downloadlink\"  href=\"https:\/\/portal.pi.gov.br\/segov\/download\/46\/contratos\/7625\/extrato-do-contrato-13-24-segov.pdf\" style=\"background-color:#76bc58;color:#ffffff;\">Baixar<i class=\"zmdi zmdi-cloud-download wpfd-download\"><\/i><\/a><a                            href=\"https:\/\/docs.google.com\/viewer?url=https%3A%2F%2Fportal.pi.gov.br%2Fsegov%2Fwp-admin%2Fadmin-ajax.php%3Fjuwpfisadmin%3Dfalse%26action%3Dwpfd%26task%3Dfile.download%26wpfd_category_id%3D46%26wpfd_file_id%3D7625%26token%3D%26preview%3D1&#038;embedded=true\"                            class=\"openlink wpfdlightbox wpfd_previewlink\"                            target=\"\"                            data-id=\"7625\"                            data-catid=\"46\"                            data-file-type=\"pdf\">Visualizar<i class=\"zmdi zmdi-filter-center-focus wpfd-preview\"><\/i>                        <\/a>                        <\/td>                                    <\/tr>                            <tr class=\"file\" data-id=\"7589\"                    data-catid=\"46\">                    <td class=\"file_title\"><a class=\"wpfd_downloadlink\" href=\"https:\/\/portal.pi.gov.br\/segov\/download\/46\/contratos\/7589\/extrato-do-contrato-16-2024-segov.pdf\" title=\"EXTRATO DO CONTRATO - 16.2024 SEGOV\"><span class=\"extcol\">                                <span class=\"ext ext-pdf\"><\/span>                                EXTRATO DO CONTRATO - 16.2024 SEGOV                            <\/span><\/a><\/td><td class=\"file_desc\"><\/td><td class=\"file_size\">1.19 MB<\/td><td class=\"file_created\">21-06-2024<\/td>                                            <td class=\"col-download\">                            <a class=\"downloadlink wpfd_downloadlink\"  href=\"https:\/\/portal.pi.gov.br\/segov\/download\/46\/contratos\/7589\/extrato-do-contrato-16-2024-segov.pdf\" style=\"background-color:#76bc58;color:#ffffff;\">Baixar<i class=\"zmdi zmdi-cloud-download wpfd-download\"><\/i><\/a><a                            href=\"https:\/\/docs.google.com\/viewer?url=https%3A%2F%2Fportal.pi.gov.br%2Fsegov%2Fwp-admin%2Fadmin-ajax.php%3Fjuwpfisadmin%3Dfalse%26action%3Dwpfd%26task%3Dfile.download%26wpfd_category_id%3D46%26wpfd_file_id%3D7589%26token%3D%26preview%3D1&#038;embedded=true\"                            class=\"openlink wpfdlightbox wpfd_previewlink\"                            target=\"\"                            data-id=\"7589\"                            data-catid=\"46\"                            data-file-type=\"pdf\">Visualizar<i class=\"zmdi zmdi-filter-center-focus wpfd-preview\"><\/i>                        <\/a>                        <\/td>                                    <\/tr>                            <tr class=\"file\" data-id=\"7519\"                    data-catid=\"46\">                    <td class=\"file_title\"><a class=\"wpfd_downloadlink\" href=\"https:\/\/portal.pi.gov.br\/segov\/download\/46\/contratos\/7519\/extrato-do-contrato-21-24-segov.pdf\" title=\"EXTRATO DO  CONTRATO - 21.24 SEGOV\"><span class=\"extcol\">                                <span class=\"ext ext-pdf\"><\/span>                                EXTRATO DO  CONTRATO - 21.24 SEGOV                            <\/span><\/a><\/td><td class=\"file_desc\"><\/td><td class=\"file_size\">1.19 MB<\/td><td class=\"file_created\">17-06-2024<\/td>                                            <td class=\"col-download\">                            <a class=\"downloadlink wpfd_downloadlink\"  href=\"https:\/\/portal.pi.gov.br\/segov\/download\/46\/contratos\/7519\/extrato-do-contrato-21-24-segov.pdf\" style=\"background-color:#76bc58;color:#ffffff;\">Baixar<i class=\"zmdi zmdi-cloud-download wpfd-download\"><\/i><\/a><a                            href=\"https:\/\/docs.google.com\/viewer?url=https%3A%2F%2Fportal.pi.gov.br%2Fsegov%2Fwp-admin%2Fadmin-ajax.php%3Fjuwpfisadmin%3Dfalse%26action%3Dwpfd%26task%3Dfile.download%26wpfd_category_id%3D46%26wpfd_file_id%3D7519%26token%3D%26preview%3D1&#038;embedded=true\"                            class=\"openlink wpfdlightbox wpfd_previewlink\"                            target=\"\"                            data-id=\"7519\"                            data-catid=\"46\"                            data-file-type=\"pdf\">Visualizar<i class=\"zmdi zmdi-filter-center-focus wpfd-preview\"><\/i>                        <\/a>                        <\/td>                                    <\/tr>                            <tr class=\"file\" data-id=\"7412\"                    data-catid=\"46\">                    <td class=\"file_title\"><a class=\"wpfd_downloadlink\" href=\"https:\/\/portal.pi.gov.br\/segov\/download\/46\/contratos\/7412\/extrato-do-contrato-15-24-segov.pdf\" title=\"EXTRATO DO CONTRATO -  15.24 SEGOV\"><span class=\"extcol\">                                <span class=\"ext ext-pdf\"><\/span>                                EXTRATO DO CONTRATO -  15.24 SEGOV                            <\/span><\/a><\/td><td class=\"file_desc\"><\/td><td class=\"file_size\">1.42 MB<\/td><td class=\"file_created\">10-06-2024<\/td>                                            <td class=\"col-download\">                            <a class=\"downloadlink wpfd_downloadlink\"  href=\"https:\/\/portal.pi.gov.br\/segov\/download\/46\/contratos\/7412\/extrato-do-contrato-15-24-segov.pdf\" style=\"background-color:#76bc58;color:#ffffff;\">Baixar<i class=\"zmdi zmdi-cloud-download wpfd-download\"><\/i><\/a><a                            href=\"https:\/\/docs.google.com\/viewer?url=https%3A%2F%2Fportal.pi.gov.br%2Fsegov%2Fwp-admin%2Fadmin-ajax.php%3Fjuwpfisadmin%3Dfalse%26action%3Dwpfd%26task%3Dfile.download%26wpfd_category_id%3D46%26wpfd_file_id%3D7412%26token%3D%26preview%3D1&#038;embedded=true\"                            class=\"openlink wpfdlightbox wpfd_previewlink\"                            target=\"\"                            data-id=\"7412\"                            data-catid=\"46\"                            data-file-type=\"pdf\">Visualizar<i class=\"zmdi zmdi-filter-center-focus wpfd-preview\"><\/i>                        <\/a>                        <\/td>                                    <\/tr>                            <tr class=\"file\" data-id=\"7366\"                    data-catid=\"46\">                    <td class=\"file_title\"><a class=\"wpfd_downloadlink\" href=\"https:\/\/portal.pi.gov.br\/segov\/download\/46\/contratos\/7366\/extrato-do-contrato-22-2024-segov.pdf\" title=\"EXTRATO DO CONTRATO - 22-2024 - SEGOV\"><span class=\"extcol\">                                <span class=\"ext ext-pdf\"><\/span>                                EXTRATO DO CONTRATO - 22-2024 - SEGOV                            <\/span><\/a><\/td><td class=\"file_desc\"><\/td><td class=\"file_size\">572.67 KB<\/td><td class=\"file_created\">06-06-2024<\/td>                                            <td class=\"col-download\">                            <a class=\"downloadlink wpfd_downloadlink\"  href=\"https:\/\/portal.pi.gov.br\/segov\/download\/46\/contratos\/7366\/extrato-do-contrato-22-2024-segov.pdf\" style=\"background-color:#76bc58;color:#ffffff;\">Baixar<i class=\"zmdi zmdi-cloud-download wpfd-download\"><\/i><\/a><a                            href=\"https:\/\/docs.google.com\/viewer?url=https%3A%2F%2Fportal.pi.gov.br%2Fsegov%2Fwp-admin%2Fadmin-ajax.php%3Fjuwpfisadmin%3Dfalse%26action%3Dwpfd%26task%3Dfile.download%26wpfd_category_id%3D46%26wpfd_file_id%3D7366%26token%3D%26preview%3D1&#038;embedded=true\"                            class=\"openlink wpfdlightbox wpfd_previewlink\"                            target=\"\"                            data-id=\"7366\"                            data-catid=\"46\"                            data-file-type=\"pdf\">Visualizar<i class=\"zmdi zmdi-filter-center-focus wpfd-preview\"><\/i>                        <\/a>                        <\/td>                                    <\/tr>                            <tr class=\"file\" data-id=\"7134\"                    data-catid=\"46\">                    <td class=\"file_title\"><a class=\"wpfd_downloadlink\" href=\"https:\/\/portal.pi.gov.br\/segov\/download\/46\/contratos\/7134\/extrato-de-contrato-17-2024-segov-pi.pdf\" title=\"EXTRATO DE CONTRATO 17.2024 - SEGOV-PI\"><span class=\"extcol\">                                <span class=\"ext ext-pdf\"><\/span>                                EXTRATO DE CONTRATO 17.2024 - SEGOV-PI                            <\/span><\/a><\/td><td class=\"file_desc\"><\/td><td class=\"file_size\">2.87 MB<\/td><td class=\"file_created\">22-05-2024<\/td>                                            <td class=\"col-download\">                            <a class=\"downloadlink wpfd_downloadlink\"  href=\"https:\/\/portal.pi.gov.br\/segov\/download\/46\/contratos\/7134\/extrato-de-contrato-17-2024-segov-pi.pdf\" style=\"background-color:#76bc58;color:#ffffff;\">Baixar<i class=\"zmdi zmdi-cloud-download wpfd-download\"><\/i><\/a><a                            href=\"https:\/\/docs.google.com\/viewer?url=https%3A%2F%2Fportal.pi.gov.br%2Fsegov%2Fwp-admin%2Fadmin-ajax.php%3Fjuwpfisadmin%3Dfalse%26action%3Dwpfd%26task%3Dfile.download%26wpfd_category_id%3D46%26wpfd_file_id%3D7134%26token%3D%26preview%3D1&#038;embedded=true\"                            class=\"openlink wpfdlightbox wpfd_previewlink\"                            target=\"\"                            data-id=\"7134\"                            data-catid=\"46\"                            data-file-type=\"pdf\">Visualizar<i class=\"zmdi zmdi-filter-center-focus wpfd-preview\"><\/i>                        <\/a>                        <\/td>                                    <\/tr>                            <tr class=\"file\" data-id=\"7110\"                    data-catid=\"46\">                    <td class=\"file_title\"><a class=\"wpfd_downloadlink\" href=\"https:\/\/portal.pi.gov.br\/segov\/download\/46\/contratos\/7110\/extrato-do-contrato-14-2024-segov.pdf\" title=\"EXTRATO DO CONTRATO - 14.2024 - SEGOV\"><span class=\"extcol\">                                <span class=\"ext ext-pdf\"><\/span>                                EXTRATO DO CONTRATO - 14.2024 - SEGOV                            <\/span><\/a><\/td><td class=\"file_desc\"><\/td><td class=\"file_size\">1.50 MB<\/td><td class=\"file_created\">21-05-2024<\/td>                                            <td class=\"col-download\">                            <a class=\"downloadlink wpfd_downloadlink\"  href=\"https:\/\/portal.pi.gov.br\/segov\/download\/46\/contratos\/7110\/extrato-do-contrato-14-2024-segov.pdf\" style=\"background-color:#76bc58;color:#ffffff;\">Baixar<i class=\"zmdi zmdi-cloud-download wpfd-download\"><\/i><\/a><a                            href=\"https:\/\/docs.google.com\/viewer?url=https%3A%2F%2Fportal.pi.gov.br%2Fsegov%2Fwp-admin%2Fadmin-ajax.php%3Fjuwpfisadmin%3Dfalse%26action%3Dwpfd%26task%3Dfile.download%26wpfd_category_id%3D46%26wpfd_file_id%3D7110%26token%3D%26preview%3D1&#038;embedded=true\"                            class=\"openlink wpfdlightbox wpfd_previewlink\"                            target=\"\"                            data-id=\"7110\"                            data-catid=\"46\"                            data-file-type=\"pdf\">Visualizar<i class=\"zmdi zmdi-filter-center-focus wpfd-preview\"><\/i>                        <\/a>                        <\/td>                                    <\/tr>                            <tr class=\"file\" data-id=\"7109\"                    data-catid=\"46\">                    <td class=\"file_title\"><a class=\"wpfd_downloadlink\" href=\"https:\/\/portal.pi.gov.br\/segov\/download\/46\/contratos\/7109\/doepi_97_2024-extrato-do-contrato-19-2024.pdf\" title=\"DOEPI_97_2024-Extrato do Contrato 19-2024\"><span class=\"extcol\">                                <span class=\"ext ext-pdf\"><\/span>                                DOEPI_97_2024-Extrato do Contrato 19-2024                            <\/span><\/a><\/td><td class=\"file_desc\"><\/td><td class=\"file_size\">2.00 MB<\/td><td class=\"file_created\">21-05-2024<\/td>                                            <td class=\"col-download\">                            <a class=\"downloadlink wpfd_downloadlink\"  href=\"https:\/\/portal.pi.gov.br\/segov\/download\/46\/contratos\/7109\/doepi_97_2024-extrato-do-contrato-19-2024.pdf\" style=\"background-color:#76bc58;color:#ffffff;\">Baixar<i class=\"zmdi zmdi-cloud-download wpfd-download\"><\/i><\/a><a                            href=\"https:\/\/docs.google.com\/viewer?url=https%3A%2F%2Fportal.pi.gov.br%2Fsegov%2Fwp-admin%2Fadmin-ajax.php%3Fjuwpfisadmin%3Dfalse%26action%3Dwpfd%26task%3Dfile.download%26wpfd_category_id%3D46%26wpfd_file_id%3D7109%26token%3D%26preview%3D1&#038;embedded=true\"                            class=\"openlink wpfdlightbox wpfd_previewlink\"                            target=\"\"                            data-id=\"7109\"                            data-catid=\"46\"                            data-file-type=\"pdf\">Visualizar<i class=\"zmdi zmdi-filter-center-focus wpfd-preview\"><\/i>                        <\/a>                        <\/td>                                    <\/tr>                            <tr class=\"file\" data-id=\"7108\"                    data-catid=\"46\">                    <td class=\"file_title\"><a class=\"wpfd_downloadlink\" href=\"https:\/\/portal.pi.gov.br\/segov\/download\/46\/contratos\/7108\/doepi_97_2024-extrato-do-contrato-18-2024.pdf\" title=\"DOEPI_97_2024-Extrato do Contrato 18-2024\"><span class=\"extcol\">                                <span class=\"ext ext-pdf\"><\/span>                                DOEPI_97_2024-Extrato do Contrato 18-2024                            <\/span><\/a><\/td><td class=\"file_desc\"><\/td><td class=\"file_size\">2.00 MB<\/td><td class=\"file_created\">21-05-2024<\/td>                                            <td class=\"col-download\">                            <a class=\"downloadlink wpfd_downloadlink\"  href=\"https:\/\/portal.pi.gov.br\/segov\/download\/46\/contratos\/7108\/doepi_97_2024-extrato-do-contrato-18-2024.pdf\" style=\"background-color:#76bc58;color:#ffffff;\">Baixar<i class=\"zmdi zmdi-cloud-download wpfd-download\"><\/i><\/a><a                            href=\"https:\/\/docs.google.com\/viewer?url=https%3A%2F%2Fportal.pi.gov.br%2Fsegov%2Fwp-admin%2Fadmin-ajax.php%3Fjuwpfisadmin%3Dfalse%26action%3Dwpfd%26task%3Dfile.download%26wpfd_category_id%3D46%26wpfd_file_id%3D7108%26token%3D%26preview%3D1&#038;embedded=true\"                            class=\"openlink wpfdlightbox wpfd_previewlink\"                            target=\"\"                            data-id=\"7108\"                            data-catid=\"46\"                            data-file-type=\"pdf\">Visualizar<i class=\"zmdi zmdi-filter-center-focus wpfd-preview\"><\/i>                        <\/a>                        <\/td>                                    <\/tr>                        <\/tbody>        <\/table>            <\/div><\/div><\/div><div class='wpfd-pagination'>\n\t<span class='page-numbers current'>1<\/span>\n<a class='page-numbers' data-page='2' data-sourcecat='46'>2<\/a>\n<a class='page-numbers' data-page='3' data-sourcecat='46'>3<\/a>\n<span class=\"page-numbers dots\">&hellip;<\/span>\n<a class='page-numbers' data-page='5' data-sourcecat='46'>5<\/a>\n<a class='next page-numbers' data-page='2' data-sourcecat='46'>Pr\u00f3ximo &raquo;<\/a>\n<\/div>\n\n","protected":false},"excerpt":{"rendered":"","protected":false},"author":1,"featured_media":0,"parent":0,"menu_order":0,"comment_status":"closed","ping_status":"closed","template":"template-fullwidth.php","meta":[],"featured_image_urls":{"full":"","thumbnail":"","medium":"","medium_large":"","large":"","sgg-420":"","sgg-540":"","sgg-780":"","1536x1536":"","2048x2048":"","homepage-slider":"","homepage-slider-small":"","page-top":"","page-small":"","loop-main":"","thumb-gallery-widget":""},"post_excerpt_stackable":"<p>T\u00edtuloDescri\u00e7\u00e3oTamanhoData de Publica\u00e7\u00e3oBaixar EXTRATO DO CONTRATO &#8211; 12.24 SEGOV 1.78 MB25-06-2024 BaixarVisualizar EXTRATO DO CONTRATO &#8211; 13.24 SEGOV 1.78 MB25-06-2024 BaixarVisualizar EXTRATO DO CONTRATO &#8211; 16.2024 SEGOV 1.19 MB21-06-2024 BaixarVisualizar EXTRATO DO CONTRATO &#8211; 21.24 SEGOV 1.19 MB17-06-2024 BaixarVisualizar EXTRATO DO CONTRATO &#8211; 15.24 SEGOV 1.42 MB10-06-2024 BaixarVisualizar EXTRATO DO CONTRATO &#8211; 22-2024 &#8211; SEGOV 572.67 KB06-06-2024 BaixarVisualizar EXTRATO DE CONTRATO 17.2024 &#8211; SEGOV-PI 2.87 MB22-05-2024 BaixarVisualizar EXTRATO DO CONTRATO &#8211; 14.2024 &#8211; SEGOV 1.50 MB21-05-2024 BaixarVisualizar DOEPI_97_2024-Extrato do Contrato 19-2024 2.00 MB21-05-2024 BaixarVisualizar DOEPI_97_2024-Extrato do Contrato 18-2024 2.00 MB21-05-2024 BaixarVisualizar 1 2 3 &hellip; 5 Pr\u00f3ximo &raquo;<\/p>\n","category_list":"","author_info":{"name":"admin","url":"https:\/\/portal.pi.gov.br\/segov\/author\/admin\/"},"comments_num":"0 coment\u00e1rio","featured_image_urls_v2":{"full":"","thumbnail":"","medium":"","medium_large":"","large":"","sgg-420":"","sgg-540":"","sgg-780":"","1536x1536":"","2048x2048":"","homepage-slider":"","homepage-slider-small":"","page-top":"","page-small":"","loop-main":"","thumb-gallery-widget":""},"post_excerpt_stackable_v2":"<p>T\u00edtuloDescri\u00e7\u00e3oTamanhoData de Publica\u00e7\u00e3oBaixar EXTRATO DO CONTRATO &#8211; 12.24 SEGOV 1.78 MB25-06-2024 BaixarVisualizar EXTRATO DO CONTRATO &#8211; 13.24 SEGOV 1.78 MB25-06-2024 BaixarVisualizar EXTRATO DO CONTRATO &#8211; 16.2024 SEGOV 1.19 MB21-06-2024 BaixarVisualizar EXTRATO DO CONTRATO &#8211; 21.24 SEGOV 1.19 MB17-06-2024 BaixarVisualizar EXTRATO DO CONTRATO &#8211; 15.24 SEGOV 1.42 MB10-06-2024 BaixarVisualizar EXTRATO DO CONTRATO &#8211; 22-2024 &#8211; SEGOV 572.67 KB06-06-2024 BaixarVisualizar EXTRATO DE CONTRATO 17.2024 &#8211; SEGOV-PI 2.87 MB22-05-2024 BaixarVisualizar EXTRATO DO CONTRATO &#8211; 14.2024 &#8211; SEGOV 1.50 MB21-05-2024 BaixarVisualizar DOEPI_97_2024-Extrato do Contrato 19-2024 2.00 MB21-05-2024 BaixarVisualizar DOEPI_97_2024-Extrato do Contrato 18-2024 2.00 MB21-05-2024 BaixarVisualizar 1 2 3 &hellip; 5 Pr\u00f3ximo &raquo;<\/p>\n","category_list_v2":"","author_info_v2":{"name":"admin","url":"https:\/\/portal.pi.gov.br\/segov\/author\/admin\/"},"comments_num_v2":"0 coment\u00e1rio","_links":{"self":[{"href":"https:\/\/portal.pi.gov.br\/segov\/wp-json\/wp\/v2\/pages\/3161"}],"collection":[{"href":"https:\/\/portal.pi.gov.br\/segov\/wp-json\/wp\/v2\/pages"}],"about":[{"href":"https:\/\/portal.pi.gov.br\/segov\/wp-json\/wp\/v2\/types\/page"}],"author":[{"embeddable":true,"href":"https:\/\/portal.pi.gov.br\/segov\/wp-json\/wp\/v2\/users\/1"}],"replies":[{"embeddable":true,"href":"https:\/\/portal.pi.gov.br\/segov\/wp-json\/wp\/v2\/comments?post=3161"}],"version-history":[{"count":2,"href":"https:\/\/portal.pi.gov.br\/segov\/wp-json\/wp\/v2\/pages\/3161\/revisions"}],"predecessor-version":[{"id":3163,"href":"https:\/\/portal.pi.gov.br\/segov\/wp-json\/wp\/v2\/pages\/3161\/revisions\/3163"}],"wp:attachment":[{"href":"https:\/\/portal.pi.gov.br\/segov\/wp-json\/wp\/v2\/media?parent=3161"}],"curies":[{"name":"wp","href":"https:\/\/api.w.org\/{rel}","templated":true}]}}