{"id":3269,"date":"2023-07-14T10:01:59","date_gmt":"2023-07-14T13:01:59","guid":{"rendered":"https:\/\/portal.pi.gov.br\/segov\/?page_id=3269"},"modified":"2023-07-14T10:12:41","modified_gmt":"2023-07-14T13:12:41","slug":"perguntas-frequentes","status":"publish","type":"page","link":"https:\/\/portal.pi.gov.br\/segov\/perguntas-frequentes\/","title":{"rendered":"Perguntas Frequentes"},"content":{"rendered":"\n<p>Perguntas e d\u00favidas frequentes sobre a Segov: <\/p>\n\n\n\n<p><\/p>\n\n\n\n<p><strong>1) Quais as atribui\u00e7\u00f5es da Secretaria de Governo?<\/strong><\/p>\n\n\n\n<p><br>A fun\u00e7\u00e3o principal da Secretaria de Governo \u00e9 a assist\u00eancia direta ao Governador, represent\u00e1-lo politicamente e socialmente, al\u00e9m de coordenar suas rela\u00e7\u00f5es com os demais poderes do Estado, o Minist\u00e9rio P\u00fablico, o Tribunal de Contas e outras esferas de governo. <\/p>\n\n\n\n<p>Tamb\u00e9m \u00e9 respons\u00e1vel por solicitar provid\u00eancias aos \u00f3rg\u00e3os do Estado para garantir a coordena\u00e7\u00e3o geral das atividades. Acompanha a tramita\u00e7\u00e3o de projetos de lei na Assembleia Legislativa e elabora decretos e atos administrativos do Governador. <\/p>\n\n\n\n<p>Coordena a elabora\u00e7\u00e3o da mensagem anual do Governador \u00e0 Assembleia Legislativa e controla prazos e pedidos de informa\u00e7\u00f5es da Assembleia. <\/p>\n\n\n\n<p>Exerce articula\u00e7\u00e3o com as lideran\u00e7as do governo na Assembleia Legislativa e \u00e9 respons\u00e1vel pela organiza\u00e7\u00e3o e publica\u00e7\u00e3o dos atos do Governador na Imprensa Oficial. <\/p>\n\n\n\n<p>Mant\u00e9m um acervo de informa\u00e7\u00f5es sobre institui\u00e7\u00f5es p\u00fablicas e privadas, economia, planos e programas governamentais e outros aspectos do Estado. <\/p>\n\n\n\n<p>Atua como \u00f3rg\u00e3o de coordena\u00e7\u00e3o institucional dentro da administra\u00e7\u00e3o estadual, fortalecendo a integra\u00e7\u00e3o entre sociedade e governo e promovendo a defesa dos direitos e interesses da popula\u00e7\u00e3o.<\/p>\n\n\n\n<p><br><strong>2) Qual o endere\u00e7o da Segov? <\/strong><\/p>\n\n\n\n<p>Rua Antonino Freire, 1450, Pal\u00e1cio de Karnak<\/p>\n\n\n\n<p><br><strong>3) Quais os meios de contato com a Segov?<\/strong><\/p>\n\n\n\n<p><strong>P<\/strong>ode-se contatar a SEGOV atrav\u00e9s do telefone fixo (86) 3226 &#8211; 8364<\/p>\n","protected":false},"excerpt":{"rendered":"<p>Perguntas e d\u00favidas frequentes sobre a Segov: 1) Quais as atribui\u00e7\u00f5es da Secretaria de Governo? A fun\u00e7\u00e3o principal da Secretaria de Governo \u00e9 a assist\u00eancia direta ao Governador, represent\u00e1-lo politicamente [&hellip;]<\/p>\n","protected":false},"author":1,"featured_media":0,"parent":0,"menu_order":0,"comment_status":"closed","ping_status":"closed","template":"","meta":[],"featured_image_urls":{"full":"","thumbnail":"","medium":"","medium_large":"","large":"","sgg-420":"","sgg-540":"","sgg-780":"","1536x1536":"","2048x2048":"","homepage-slider":"","homepage-slider-small":"","page-top":"","page-small":"","loop-main":"","thumb-gallery-widget":""},"post_excerpt_stackable":"<p>Perguntas e d\u00favidas frequentes sobre a Segov: 1) Quais as atribui\u00e7\u00f5es da Secretaria de Governo? A fun\u00e7\u00e3o principal da Secretaria de Governo \u00e9 a assist\u00eancia direta ao Governador, represent\u00e1-lo politicamente e socialmente, al\u00e9m de coordenar suas rela\u00e7\u00f5es com os demais poderes do Estado, o Minist\u00e9rio P\u00fablico, o Tribunal de Contas e outras esferas de governo. Tamb\u00e9m \u00e9 respons\u00e1vel por solicitar provid\u00eancias aos \u00f3rg\u00e3os do Estado para garantir a coordena\u00e7\u00e3o geral das atividades. Acompanha a tramita\u00e7\u00e3o de projetos de lei na Assembleia Legislativa e elabora decretos e atos administrativos do Governador. Coordena a elabora\u00e7\u00e3o da mensagem anual do Governador \u00e0 Assembleia&hellip;<\/p>\n","category_list":"","author_info":{"name":"admin","url":"https:\/\/portal.pi.gov.br\/segov\/author\/admin\/"},"comments_num":"0 coment\u00e1rio","featured_image_urls_v2":{"full":"","thumbnail":"","medium":"","medium_large":"","large":"","sgg-420":"","sgg-540":"","sgg-780":"","1536x1536":"","2048x2048":"","homepage-slider":"","homepage-slider-small":"","page-top":"","page-small":"","loop-main":"","thumb-gallery-widget":""},"post_excerpt_stackable_v2":"<p>Perguntas e d\u00favidas frequentes sobre a Segov: 1) Quais as atribui\u00e7\u00f5es da Secretaria de Governo? A fun\u00e7\u00e3o principal da Secretaria de Governo \u00e9 a assist\u00eancia direta ao Governador, represent\u00e1-lo politicamente e socialmente, al\u00e9m de coordenar suas rela\u00e7\u00f5es com os demais poderes do Estado, o Minist\u00e9rio P\u00fablico, o Tribunal de Contas e outras esferas de governo. Tamb\u00e9m \u00e9 respons\u00e1vel por solicitar provid\u00eancias aos \u00f3rg\u00e3os do Estado para garantir a coordena\u00e7\u00e3o geral das atividades. Acompanha a tramita\u00e7\u00e3o de projetos de lei na Assembleia Legislativa e elabora decretos e atos administrativos do Governador. Coordena a elabora\u00e7\u00e3o da mensagem anual do Governador \u00e0 Assembleia&hellip;<\/p>\n","category_list_v2":"","author_info_v2":{"name":"admin","url":"https:\/\/portal.pi.gov.br\/segov\/author\/admin\/"},"comments_num_v2":"0 coment\u00e1rio","_links":{"self":[{"href":"https:\/\/portal.pi.gov.br\/segov\/wp-json\/wp\/v2\/pages\/3269"}],"collection":[{"href":"https:\/\/portal.pi.gov.br\/segov\/wp-json\/wp\/v2\/pages"}],"about":[{"href":"https:\/\/portal.pi.gov.br\/segov\/wp-json\/wp\/v2\/types\/page"}],"author":[{"embeddable":true,"href":"https:\/\/portal.pi.gov.br\/segov\/wp-json\/wp\/v2\/users\/1"}],"replies":[{"embeddable":true,"href":"https:\/\/portal.pi.gov.br\/segov\/wp-json\/wp\/v2\/comments?post=3269"}],"version-history":[{"count":4,"href":"https:\/\/portal.pi.gov.br\/segov\/wp-json\/wp\/v2\/pages\/3269\/revisions"}],"predecessor-version":[{"id":3275,"href":"https:\/\/portal.pi.gov.br\/segov\/wp-json\/wp\/v2\/pages\/3269\/revisions\/3275"}],"wp:attachment":[{"href":"https:\/\/portal.pi.gov.br\/segov\/wp-json\/wp\/v2\/media?parent=3269"}],"curies":[{"name":"wp","href":"https:\/\/api.w.org\/{rel}","templated":true}]}}