{"id":3346,"date":"2023-07-18T12:18:05","date_gmt":"2023-07-18T15:18:05","guid":{"rendered":"https:\/\/portal.pi.gov.br\/segov\/?page_id=3346"},"modified":"2023-07-18T12:18:06","modified_gmt":"2023-07-18T15:18:06","slug":"mapa-do-site","status":"publish","type":"page","link":"https:\/\/portal.pi.gov.br\/segov\/mapa-do-site\/","title":{"rendered":"Mapa do Site"},"content":{"rendered":"<ul class=\"wp-block-page-list\"><li class=\"wp-block-pages-list__item\"><a class=\"wp-block-pages-list__item__link\" href=\"https:\/\/portal.pi.gov.br\/segov\/adesoes\/\">Ades\u00f5es<\/a><\/li><li class=\"wp-block-pages-list__item\"><a class=\"wp-block-pages-list__item__link\" href=\"https:\/\/portal.pi.gov.br\/segov\/arquivo-publico\/\">Arquivo P\u00fablico<\/a><\/li><li class=\"wp-block-pages-list__item\"><a class=\"wp-block-pages-list__item__link\" href=\"https:\/\/portal.pi.gov.br\/segov\/boletins-e-relatorios\/\">Boletins e Relat\u00f3rios<\/a><\/li><li class=\"wp-block-pages-list__item\"><a class=\"wp-block-pages-list__item__link\" href=\"https:\/\/portal.pi.gov.br\/segov\/competencia\/\">Compet\u00eancia<\/a><\/li><li class=\"wp-block-pages-list__item\"><a class=\"wp-block-pages-list__item__link\" href=\"https:\/\/portal.pi.gov.br\/segov\/contato\/\">Contato<\/a><\/li><li class=\"wp-block-pages-list__item\"><a class=\"wp-block-pages-list__item__link\" href=\"https:\/\/portal.pi.gov.br\/segov\/contratacoes-diretas\/\">Contrata\u00e7\u00f5es Diretas<\/a><\/li><li class=\"wp-block-pages-list__item\"><a class=\"wp-block-pages-list__item__link\" href=\"https:\/\/portal.pi.gov.br\/segov\/contratos\/\">Contratos<\/a><\/li><li class=\"wp-block-pages-list__item\"><a class=\"wp-block-pages-list__item__link\" href=\"https:\/\/portal.pi.gov.br\/segov\/diario-oficial\/\">Di\u00e1rio Oficial<\/a><\/li><li class=\"wp-block-pages-list__item\"><a class=\"wp-block-pages-list__item__link\" href=\"https:\/\/portal.pi.gov.br\/segov\/equipe\/\">Equipe<\/a><\/li><li class=\"wp-block-pages-list__item\"><a class=\"wp-block-pages-list__item__link\" href=\"https:\/\/portal.pi.gov.br\/segov\/exemplo\/\">Exemplo<\/a><\/li><li class=\"wp-block-pages-list__item\"><a class=\"wp-block-pages-list__item__link\" href=\"https:\/\/portal.pi.gov.br\/segov\/galeria-de-fotos\/\">Galeria de Fotos<\/a><\/li><li class=\"wp-block-pages-list__item\"><a class=\"wp-block-pages-list__item__link\" href=\"https:\/\/portal.pi.gov.br\/segov\/gestao-de-conhecimento\/\">Gest\u00e3o de Conhecimento<\/a><\/li><li class=\"wp-block-pages-list__item\"><a class=\"wp-block-pages-list__item__link\" href=\"https:\/\/portal.pi.gov.br\/segov\/gestao-estrategica\/\">Gest\u00e3o Estrat\u00e9gica<\/a><\/li><li class=\"wp-block-pages-list__item\"><a class=\"wp-block-pages-list__item__link\" href=\"https:\/\/portal.pi.gov.br\/segov\/gestao-socioambiental\/\">Gest\u00e3o Socioambiental<\/a><\/li><li class=\"wp-block-pages-list__item\"><a class=\"wp-block-pages-list__item__link\" href=\"https:\/\/portal.pi.gov.br\/segov\/historia\/\">Hist\u00f3ria<\/a><\/li><li class=\"wp-block-pages-list__item\"><a class=\"wp-block-pages-list__item__link\" href=\"https:\/\/portal.pi.gov.br\/segov\/downloads\/\">Imprensa<\/a><\/li><li class=\"wp-block-pages-list__item\"><a class=\"wp-block-pages-list__item__link\" href=\"https:\/\/portal.pi.gov.br\/segov\/legislacao\/\">Legisla\u00e7\u00e3o<\/a><\/li><li class=\"wp-block-pages-list__item\"><a class=\"wp-block-pages-list__item__link\" href=\"https:\/\/portal.pi.gov.br\/segov\/noticias-ouvidoria\/\">Leis e Mensagens<\/a><\/li><li class=\"wp-block-pages-list__item\"><a class=\"wp-block-pages-list__item__link\" href=\"https:\/\/portal.pi.gov.br\/segov\/licitacoes\/\">Licita\u00e7\u00f5es<\/a><\/li><li class=\"wp-block-pages-list__item\"><a class=\"wp-block-pages-list__item__link\" href=\"https:\/\/portal.pi.gov.br\/segov\/localizacao\/\">Localiza\u00e7\u00e3o<\/a><\/li><li class=\"wp-block-pages-list__item\"><a class=\"wp-block-pages-list__item__link\" href=\"https:\/\/portal.pi.gov.br\/segov\/manuais-e-cartilhas\/\">Manuais e Cartilhas<\/a><\/li><li class=\"wp-block-pages-list__item\"><a class=\"wp-block-pages-list__item__link\" href=\"https:\/\/portal.pi.gov.br\/segov\/mapa-do-site\/\">Mapa do Site<\/a><\/li><li class=\"wp-block-pages-list__item\"><a class=\"wp-block-pages-list__item__link\" href=\"https:\/\/portal.pi.gov.br\/segov\/noticias\/\">Not\u00edcias<\/a><\/li><li class=\"wp-block-pages-list__item\"><a class=\"wp-block-pages-list__item__link\" href=\"https:\/\/portal.pi.gov.br\/segov\/noticias-2023\/\">Not\u00edcias<\/a><\/li><li class=\"wp-block-pages-list__item\"><a class=\"wp-block-pages-list__item__link\" href=\"https:\/\/portal.pi.gov.br\/segov\/organograma\/\">Organograma<\/a><\/li><li class=\"wp-block-pages-list__item\"><a class=\"wp-block-pages-list__item__link\" href=\"https:\/\/portal.pi.gov.br\/segov\/ouvidor-geral-do-estado\/\">Ouvidor Geral do Estado<\/a><\/li><li class=\"wp-block-pages-list__item\"><a class=\"wp-block-pages-list__item__link\" href=\"https:\/\/portal.pi.gov.br\/segov\/ouvidoria\/\">Ouvidoria Geral do Estado &#8211; OGE\/PI<\/a><\/li><li class=\"wp-block-pages-list__item\"><a class=\"wp-block-pages-list__item__link\" href=\"https:\/\/portal.pi.gov.br\/segov\/ouvidorias-setoriais\/\">Ouvidorias Setoriais<\/a><\/li><li class=\"wp-block-pages-list__item\"><a class=\"wp-block-pages-list__item__link\" href=\"https:\/\/portal.pi.gov.br\/segov\/perguntas-frequentes\/\">Perguntas Frequentes<\/a><\/li><li class=\"wp-block-pages-list__item\"><a class=\"wp-block-pages-list__item__link\" href=\"https:\/\/portal.pi.gov.br\/segov\/pregao-eletronico\/\">Preg\u00e3o Eletr\u00f4nico<\/a><\/li><li class=\"wp-block-pages-list__item\"><a class=\"wp-block-pages-list__item__link\" href=\"https:\/\/portal.pi.gov.br\/segov\/protocolo\/\">Protocolo<\/a><\/li><li class=\"wp-block-pages-list__item\"><a class=\"wp-block-pages-list__item__link\" href=\"https:\/\/portal.pi.gov.br\/segov\/publicacoes-ouvidoria\/\">Publica\u00e7\u00f5es Ouvidoria<\/a><\/li><li class=\"wp-block-pages-list__item\"><a class=\"wp-block-pages-list__item__link\" href=\"https:\/\/portal.pi.gov.br\/segov\/qualidade-de-vida\/\">Sa\u00fade e Qualidade de Vida<\/a><\/li><li class=\"wp-block-pages-list__item\"><a class=\"wp-block-pages-list__item__link\" href=\"https:\/\/portal.pi.gov.br\/segov\/gestor\/\">Secret\u00e1rio<\/a><\/li><li class=\"wp-block-pages-list__item\"><a class=\"wp-block-pages-list__item__link\" href=\"https:\/\/portal.pi.gov.br\/segov\/segov-na-midia\/\">Segov na M\u00eddia<\/a><\/li><\/ul>","protected":false},"excerpt":{"rendered":"","protected":false},"author":1,"featured_media":0,"parent":0,"menu_order":0,"comment_status":"closed","ping_status":"closed","template":"template-fullwidth.php","meta":[],"featured_image_urls":{"full":"","thumbnail":"","medium":"","medium_large":"","large":"","sgg-420":"","sgg-540":"","sgg-780":"","1536x1536":"","2048x2048":"","homepage-slider":"","homepage-slider-small":"","page-top":"","page-small":"","loop-main":"","thumb-gallery-widget":""},"post_excerpt_stackable":"<p>Ades\u00f5esArquivo P\u00fablicoBoletins e Relat\u00f3riosCompet\u00eanciaContatoContrata\u00e7\u00f5es DiretasContratosDi\u00e1rio OficialEquipeExemploGaleria de FotosGest\u00e3o de ConhecimentoGest\u00e3o Estrat\u00e9gicaGest\u00e3o SocioambientalHist\u00f3riaImprensaLegisla\u00e7\u00e3oLeis e MensagensLicita\u00e7\u00f5esLocaliza\u00e7\u00e3oManuais e CartilhasMapa do SiteNot\u00edciasNot\u00edciasOrganogramaOuvidor Geral do EstadoOuvidoria Geral do Estado &#8211; OGE\/PIOuvidorias SetoriaisPerguntas FrequentesPreg\u00e3o Eletr\u00f4nicoProtocoloPublica\u00e7\u00f5es OuvidoriaSa\u00fade e Qualidade de VidaSecret\u00e1rioSegov na M\u00eddia<\/p>\n","category_list":"","author_info":{"name":"admin","url":"https:\/\/portal.pi.gov.br\/segov\/author\/admin\/"},"comments_num":"0 coment\u00e1rio","featured_image_urls_v2":{"full":"","thumbnail":"","medium":"","medium_large":"","large":"","sgg-420":"","sgg-540":"","sgg-780":"","1536x1536":"","2048x2048":"","homepage-slider":"","homepage-slider-small":"","page-top":"","page-small":"","loop-main":"","thumb-gallery-widget":""},"post_excerpt_stackable_v2":"<p>Ades\u00f5esArquivo P\u00fablicoBoletins e Relat\u00f3riosCompet\u00eanciaContatoContrata\u00e7\u00f5es DiretasContratosDi\u00e1rio OficialEquipeExemploGaleria de FotosGest\u00e3o de ConhecimentoGest\u00e3o Estrat\u00e9gicaGest\u00e3o SocioambientalHist\u00f3riaImprensaLegisla\u00e7\u00e3oLeis e MensagensLicita\u00e7\u00f5esLocaliza\u00e7\u00e3oManuais e CartilhasMapa do SiteNot\u00edciasNot\u00edciasOrganogramaOuvidor Geral do EstadoOuvidoria Geral do Estado &#8211; OGE\/PIOuvidorias SetoriaisPerguntas FrequentesPreg\u00e3o Eletr\u00f4nicoProtocoloPublica\u00e7\u00f5es OuvidoriaSa\u00fade e Qualidade de VidaSecret\u00e1rioSegov na M\u00eddia<\/p>\n","category_list_v2":"","author_info_v2":{"name":"admin","url":"https:\/\/portal.pi.gov.br\/segov\/author\/admin\/"},"comments_num_v2":"0 coment\u00e1rio","_links":{"self":[{"href":"https:\/\/portal.pi.gov.br\/segov\/wp-json\/wp\/v2\/pages\/3346"}],"collection":[{"href":"https:\/\/portal.pi.gov.br\/segov\/wp-json\/wp\/v2\/pages"}],"about":[{"href":"https:\/\/portal.pi.gov.br\/segov\/wp-json\/wp\/v2\/types\/page"}],"author":[{"embeddable":true,"href":"https:\/\/portal.pi.gov.br\/segov\/wp-json\/wp\/v2\/users\/1"}],"replies":[{"embeddable":true,"href":"https:\/\/portal.pi.gov.br\/segov\/wp-json\/wp\/v2\/comments?post=3346"}],"version-history":[{"count":1,"href":"https:\/\/portal.pi.gov.br\/segov\/wp-json\/wp\/v2\/pages\/3346\/revisions"}],"predecessor-version":[{"id":3348,"href":"https:\/\/portal.pi.gov.br\/segov\/wp-json\/wp\/v2\/pages\/3346\/revisions\/3348"}],"wp:attachment":[{"href":"https:\/\/portal.pi.gov.br\/segov\/wp-json\/wp\/v2\/media?parent=3346"}],"curies":[{"name":"wp","href":"https:\/\/api.w.org\/{rel}","templated":true}]}}