{"id":4597,"date":"2023-10-31T12:21:10","date_gmt":"2023-10-31T15:21:10","guid":{"rendered":"https:\/\/portal.pi.gov.br\/segov\/?page_id=4597"},"modified":"2023-11-30T17:11:36","modified_gmt":"2023-11-30T20:11:36","slug":"historia","status":"publish","type":"page","link":"https:\/\/portal.pi.gov.br\/segov\/historia\/","title":{"rendered":"Hist\u00f3ria"},"content":{"rendered":"\n<p>A Secretaria de Governo tem sido moldada pelo cen\u00e1rio pol\u00edtico piauiense, contribuindo para a constru\u00e7\u00e3o da hist\u00f3ria do Piau\u00ed. Sua cria\u00e7\u00e3o remonta a uma \u00e9poca de constru\u00e7\u00e3o administrativa do Estado, sendo criada em<strong> 1759,<\/strong> logo ap\u00f3s a posse do primeiro Governador do Piau\u00ed, Jo\u00e3o Pereira Caldas.<\/p>\n\n\n\n<p>A Secretaria passou por diversas transforma\u00e7\u00f5es ao longo dos s\u00e9culos XIX e XX, culminando em sua extin\u00e7\u00e3o em <strong>1930<\/strong>, sendo sucedida pela Secretaria de Estado do Interior, Justi\u00e7a e Seguran\u00e7a P\u00fablica. No entanto, em <strong>1963,<\/strong> foi recriada, centralizando fun\u00e7\u00f5es antes divididas.<\/p>\n\n\n\n<p>A extin\u00e7\u00e3o da Secretaria de Governo do Estado do Piau\u00ed se deu em 1930, durante a reestrutura\u00e7\u00e3o dos \u00f3rg\u00e3os da administra\u00e7\u00e3o do executivo estadual. O Decreto n\u00ba 1.131, de 12 de dezembro de 1930, consolidou uma nova configura\u00e7\u00e3o pol\u00edtico-administrativa ao agrupar as secretarias do governo e da pol\u00edcia, resultando na cria\u00e7\u00e3o da Secretaria de Estado do Interior, Justi\u00e7a e Seguran\u00e7a P\u00fablica. Essa mudan\u00e7a estava alinhada com a l\u00f3gica emergente da centraliza\u00e7\u00e3o do poder do governo Vargas.<\/p>\n\n\n\n<p>A [re]cria\u00e7\u00e3o da Secretaria de Governo do Estado do Piau\u00ed em 1963, durante o Governo do ent\u00e3o governador, Petr\u00f4nio Portella Nunes, foi determinada pela Lei n\u00ba 2495, de 27 de novembro de 1963, que extinguiu o cargo de Chefe da Casa Civil e criou a Secretaria de Estado do Governo. O ressurgimento da Secretaria de Governo na estrutura administrativa do Estado ressaltou a import\u00e2ncia cont\u00ednua da assessoria direta ao l\u00edder do poder executivo, fornecendo orienta\u00e7\u00f5es e informa\u00e7\u00f5es fundamentais para a tomada de decis\u00f5es do Governo do Piau\u00ed.<\/p>\n\n\n\n<p>Ao longo destes 60 anos de hist\u00f3ria, desde a sua recria\u00e7\u00e3o em 1963, v\u00e1rios instrumentos legais disciplinaram as atribui\u00e7\u00f5es da Secretaria, seu quadro de servidores e sua fun\u00e7\u00e3o como parte integrante do poder executivo estadual. A t\u00edtulo de exemplo, o <strong>Decreto n\u00ba 887, de 30 de setembro de 1968<\/strong>, delegou \u00e0 Secretaria de Governo a responsabilidade de <em>coordenar o processo de implanta\u00e7\u00e3o da Reforma Administrativa no Estado do Piau\u00ed.<\/em><\/p>\n\n\n\n<p>Atualmente, no observar da <strong>Lei de Organiza\u00e7\u00e3o Administrativa do Estado do Piau\u00ed (Lei N\u00ba 7.884, de 08 de dezembro de 2022)<\/strong>, al\u00e9m da sua fun\u00e7\u00e3o central de assessoramento ao governador, a SEGOV-PI desempenha <em>atividades cruciais na coordena\u00e7\u00e3o, representa\u00e7\u00e3o pol\u00edtica, acompanhamento legislativo e controle administrativo do governo estadual. Tamb\u00e9m \u00e9 respons\u00e1vel pela publica\u00e7\u00e3o de atos oficiais e pela promo\u00e7\u00e3o da participa\u00e7\u00e3o cidad\u00e3.<\/em><\/p>\n\n\n\n<p><\/p>\n\n\n\n<p>Conhe\u00e7a mais detalhes da hist\u00f3ria da SEGOV, em documento em homenagem aos<strong><a href=\"http:\/\/\"> <\/a><a href=\"https:\/\/portal.pi.gov.br\/segov\/download\/29\/downloads\/4898\/relatorio-historia-da-segov-60-anos-2.pdf\">60 ANOS<\/a> <\/strong>de sua recria\u00e7\u00e3o.<\/p>\n\n\n\n<p><\/p>\n\n\n\n<figure class=\"wp-block-image size-large\"><a href=\"https:\/\/portal.pi.gov.br\/segov\/download\/48\/nova-categoria\/4895\/relatorio-historia-da-segov-60-anos.pdf\"><img decoding=\"async\" loading=\"lazy\" width=\"1024\" height=\"1024\" src=\"https:\/\/portal.pi.gov.br\/segov\/wp-content\/uploads\/sites\/59\/2023\/11\/WhatsApp-Image-2023-11-27-at-12.00.51-1024x1024.jpeg\" alt=\"\" class=\"wp-image-4861\" srcset=\"https:\/\/portal.pi.gov.br\/segov\/wp-content\/uploads\/sites\/59\/2023\/11\/WhatsApp-Image-2023-11-27-at-12.00.51-1024x1024.jpeg 1024w, https:\/\/portal.pi.gov.br\/segov\/wp-content\/uploads\/sites\/59\/2023\/11\/WhatsApp-Image-2023-11-27-at-12.00.51-300x300.jpeg 300w, https:\/\/portal.pi.gov.br\/segov\/wp-content\/uploads\/sites\/59\/2023\/11\/WhatsApp-Image-2023-11-27-at-12.00.51-150x150.jpeg 150w, https:\/\/portal.pi.gov.br\/segov\/wp-content\/uploads\/sites\/59\/2023\/11\/WhatsApp-Image-2023-11-27-at-12.00.51-768x768.jpeg 768w, https:\/\/portal.pi.gov.br\/segov\/wp-content\/uploads\/sites\/59\/2023\/11\/WhatsApp-Image-2023-11-27-at-12.00.51-420x420.jpeg 420w, https:\/\/portal.pi.gov.br\/segov\/wp-content\/uploads\/sites\/59\/2023\/11\/WhatsApp-Image-2023-11-27-at-12.00.51-540x540.jpeg 540w, https:\/\/portal.pi.gov.br\/segov\/wp-content\/uploads\/sites\/59\/2023\/11\/WhatsApp-Image-2023-11-27-at-12.00.51-780x780.jpeg 780w, https:\/\/portal.pi.gov.br\/segov\/wp-content\/uploads\/sites\/59\/2023\/11\/WhatsApp-Image-2023-11-27-at-12.00.51-947x947.jpeg 947w, https:\/\/portal.pi.gov.br\/segov\/wp-content\/uploads\/sites\/59\/2023\/11\/WhatsApp-Image-2023-11-27-at-12.00.51-624x624.jpeg 624w, https:\/\/portal.pi.gov.br\/segov\/wp-content\/uploads\/sites\/59\/2023\/11\/WhatsApp-Image-2023-11-27-at-12.00.51.jpeg 1080w\" sizes=\"(max-width: 1024px) 100vw, 1024px\" \/><\/a><\/figure>\n","protected":false},"excerpt":{"rendered":"<p>A Secretaria de Governo tem sido moldada pelo cen\u00e1rio pol\u00edtico piauiense, contribuindo para a constru\u00e7\u00e3o da hist\u00f3ria do Piau\u00ed. Sua cria\u00e7\u00e3o remonta a uma \u00e9poca de constru\u00e7\u00e3o administrativa do Estado, [&hellip;]<\/p>\n","protected":false},"author":1,"featured_media":0,"parent":0,"menu_order":0,"comment_status":"closed","ping_status":"closed","template":"template-fullwidth.php","meta":[],"featured_image_urls":{"full":"","thumbnail":"","medium":"","medium_large":"","large":"","sgg-420":"","sgg-540":"","sgg-780":"","1536x1536":"","2048x2048":"","homepage-slider":"","homepage-slider-small":"","page-top":"","page-small":"","loop-main":"","thumb-gallery-widget":""},"post_excerpt_stackable":"<p>A Secretaria de Governo tem sido moldada pelo cen\u00e1rio pol\u00edtico piauiense, contribuindo para a constru\u00e7\u00e3o da hist\u00f3ria do Piau\u00ed. Sua cria\u00e7\u00e3o remonta a uma \u00e9poca de constru\u00e7\u00e3o administrativa do Estado, sendo criada em 1759, logo ap\u00f3s a posse do primeiro Governador do Piau\u00ed, Jo\u00e3o Pereira Caldas. A Secretaria passou por diversas transforma\u00e7\u00f5es ao longo dos s\u00e9culos XIX e XX, culminando em sua extin\u00e7\u00e3o em 1930, sendo sucedida pela Secretaria de Estado do Interior, Justi\u00e7a e Seguran\u00e7a P\u00fablica. No entanto, em 1963, foi recriada, centralizando fun\u00e7\u00f5es antes divididas. A extin\u00e7\u00e3o da Secretaria de Governo do Estado do Piau\u00ed se deu em&hellip;<\/p>\n","category_list":"","author_info":{"name":"admin","url":"https:\/\/portal.pi.gov.br\/segov\/author\/admin\/"},"comments_num":"0 coment\u00e1rio","featured_image_urls_v2":{"full":"","thumbnail":"","medium":"","medium_large":"","large":"","sgg-420":"","sgg-540":"","sgg-780":"","1536x1536":"","2048x2048":"","homepage-slider":"","homepage-slider-small":"","page-top":"","page-small":"","loop-main":"","thumb-gallery-widget":""},"post_excerpt_stackable_v2":"<p>A Secretaria de Governo tem sido moldada pelo cen\u00e1rio pol\u00edtico piauiense, contribuindo para a constru\u00e7\u00e3o da hist\u00f3ria do Piau\u00ed. Sua cria\u00e7\u00e3o remonta a uma \u00e9poca de constru\u00e7\u00e3o administrativa do Estado, sendo criada em 1759, logo ap\u00f3s a posse do primeiro Governador do Piau\u00ed, Jo\u00e3o Pereira Caldas. A Secretaria passou por diversas transforma\u00e7\u00f5es ao longo dos s\u00e9culos XIX e XX, culminando em sua extin\u00e7\u00e3o em 1930, sendo sucedida pela Secretaria de Estado do Interior, Justi\u00e7a e Seguran\u00e7a P\u00fablica. No entanto, em 1963, foi recriada, centralizando fun\u00e7\u00f5es antes divididas. A extin\u00e7\u00e3o da Secretaria de Governo do Estado do Piau\u00ed se deu em&hellip;<\/p>\n","category_list_v2":"","author_info_v2":{"name":"admin","url":"https:\/\/portal.pi.gov.br\/segov\/author\/admin\/"},"comments_num_v2":"0 coment\u00e1rio","_links":{"self":[{"href":"https:\/\/portal.pi.gov.br\/segov\/wp-json\/wp\/v2\/pages\/4597"}],"collection":[{"href":"https:\/\/portal.pi.gov.br\/segov\/wp-json\/wp\/v2\/pages"}],"about":[{"href":"https:\/\/portal.pi.gov.br\/segov\/wp-json\/wp\/v2\/types\/page"}],"author":[{"embeddable":true,"href":"https:\/\/portal.pi.gov.br\/segov\/wp-json\/wp\/v2\/users\/1"}],"replies":[{"embeddable":true,"href":"https:\/\/portal.pi.gov.br\/segov\/wp-json\/wp\/v2\/comments?post=4597"}],"version-history":[{"count":10,"href":"https:\/\/portal.pi.gov.br\/segov\/wp-json\/wp\/v2\/pages\/4597\/revisions"}],"predecessor-version":[{"id":4899,"href":"https:\/\/portal.pi.gov.br\/segov\/wp-json\/wp\/v2\/pages\/4597\/revisions\/4899"}],"wp:attachment":[{"href":"https:\/\/portal.pi.gov.br\/segov\/wp-json\/wp\/v2\/media?parent=4597"}],"curies":[{"name":"wp","href":"https:\/\/api.w.org\/{rel}","templated":true}]}}