{"id":4600,"date":"2023-10-31T12:27:54","date_gmt":"2023-10-31T15:27:54","guid":{"rendered":"https:\/\/portal.pi.gov.br\/segov\/?page_id=4600"},"modified":"2023-11-30T17:25:05","modified_gmt":"2023-11-30T20:25:05","slug":"gestao-de-conhecimento","status":"publish","type":"page","link":"https:\/\/portal.pi.gov.br\/segov\/gestao-de-conhecimento\/","title":{"rendered":"Gest\u00e3o de Conhecimento"},"content":{"rendered":"\n<p><strong>MANUAIS E GUIAS PR\u00c1TICOS DE GEST\u00c3O ESTRAT\u00c9GICA<\/strong><\/p>\n\n\n\n<p class=\"has-cyan-bluish-gray-background-color has-background\"><strong>Manual de Gest\u00e3o de Processos<\/strong> \u2013 Melhorar processos \u00e9 uma a\u00e7\u00e3o fundamental para as organiza\u00e7\u00f5es responderem \u00e0s mudan\u00e7as que ocorrem constantemente em seu ambiente de atua\u00e7\u00e3o. Sendo assim, este manual demonstra como a gest\u00e3o de processos atua identificando, monitorando, avaliando e revisando rotinas de trabalho, com foco na melhoria cont\u00ednua e no alcance dos objetivos da organiza\u00e7\u00e3o.  <\/p>\n\n\n\n<div class=\"wp-block-file\"><a id=\"wp-block-file--media-011fa824-41f2-46c7-9e7d-ff43a86c178a\" href=\"https:\/\/portal.pi.gov.br\/segov\/wp-content\/uploads\/sites\/59\/2023\/05\/MANUAL-DE-GESTAO-DE-MAPEAMENTO-DE-PROCESSOS_SEGOV-PI_VERSAO_05_29_05_23-1-compactado-1.pdf\">MANUAL DE GEST\u00c3O DE MAPEAMENTO DE PROCESSOS_SEGOV-PI_VERS\u00c3O_05_29_05_23 (1)-compactado<\/a><a href=\"https:\/\/portal.pi.gov.br\/segov\/wp-content\/uploads\/sites\/59\/2023\/05\/MANUAL-DE-GESTAO-DE-MAPEAMENTO-DE-PROCESSOS_SEGOV-PI_VERSAO_05_29_05_23-1-compactado-1.pdf\" class=\"wp-block-file__button wp-element-button\" download aria-describedby=\"wp-block-file--media-011fa824-41f2-46c7-9e7d-ff43a86c178a\">Baixar<\/a><\/div>\n\n\n\n<p class=\"has-pale-cyan-blue-background-color has-background\"><strong>Manual de Projetos Estrat\u00e9gicos<\/strong> \u2013 Um projeto \u00e9 um esfor\u00e7o tempor\u00e1rio empreendido para criar um produto, servi\u00e7o ou resultado exclusivo. Dois termos da defini\u00e7\u00e3o de projetos merecem destaque. Tempor\u00e1rio n\u00e3o significa necessariamente de curta dura\u00e7\u00e3o, mas sim que um projeto possui um in\u00edcio e um t\u00e9rmino definidos. Diante disto, este documento visa orientar os servidores da SEGOV sobre os conhecimentos b\u00e1sicos sobre gerenciamento de projetos.<br><\/p>\n\n\n\n<div class=\"wp-block-file\"><a id=\"wp-block-file--media-867fa667-cd31-4f58-95d0-2d346ef8a7a8\" href=\"https:\/\/portal.pi.gov.br\/segov\/wp-content\/uploads\/sites\/59\/2023\/05\/MANUAL-DE-ELABORACAO-DE-PROJETOS-SEGOV-VERSAO-14_26_05_23-1-compactado-1.pdf\">MANUAL DE ELABORA\u00c7\u00c3O DE PROJETOS SEGOV &#8211; VES\u00c3O 14_26_05_23 (1)-https:\/\/portal.pi.gov.br\/segov\/wp-content\/uploads\/sites\/59\/2023\/08\/MANUAL-DE-ELABORACAO-DE-PROJETOS-SEGOV-VERSAO-26_07_23_compressed-1-2.pdfcompactado<\/a><a href=\"https:\/\/portal.pi.gov.br\/segov\/wp-content\/uploads\/sites\/59\/2023\/05\/MANUAL-DE-ELABORACAO-DE-PROJETOS-SEGOV-VERSAO-14_26_05_23-1-compactado-1.pdf\" class=\"wp-block-file__button wp-element-button\" download aria-describedby=\"wp-block-file--media-867fa667-cd31-4f58-95d0-2d346ef8a7a8\">Baixar<\/a><\/div>\n\n\n\n<p class=\"has-vivid-purple-background-color has-background\"><strong>Guia Pr\u00e1tico de OKR<\/strong> \u2013 Considerando que o modelo de gest\u00e3o por OKRs busca estabelecer dire\u00e7\u00f5es claras para alcan\u00e7ar os n\u00fameros que indicam o crescimento de um neg\u00f3cio e que esta foi a metodologia escolhida para desdobramento do planejamento estrat\u00e9gico da SEGOV, o guia pr\u00e1tico mostra de forma objetiva quais as principais premissas para a elabora\u00e7\u00e3o de um OKR.<\/p>\n\n\n\n<div class=\"wp-block-file\"><a id=\"wp-block-file--media-9ea1c9cf-ffd5-454b-a26c-49b23d93310f\" href=\"https:\/\/portal.pi.gov.br\/segov\/download\/43\/manuais-e-cartilhas\/4800\/guia-pratico-okr_versao_04-16_11_23-1.pdf\">https:\/\/portal.pi.gov.br\/segov\/download\/29\/downloads\/4897\/guia-pratico-okr_versao_04-16_11_23-1-2.pdf<\/a><a href=\"https:\/\/portal.pi.gov.br\/segov\/wp-content\/uploads\/sites\/59\/2023\/09\/Guia-Pratico-OKR.pdf\" class=\"wp-block-file__button wp-element-button\" download aria-describedby=\"wp-block-file--media-9ea1c9cf-ffd5-454b-a26c-49b23d93310f\">Baixar<\/a><\/div>\n","protected":false},"excerpt":{"rendered":"<p>MANUAIS E GUIAS PR\u00c1TICOS DE GEST\u00c3O ESTRAT\u00c9GICA Manual de Gest\u00e3o de Processos \u2013 Melhorar processos \u00e9 uma a\u00e7\u00e3o fundamental para as organiza\u00e7\u00f5es responderem \u00e0s mudan\u00e7as que ocorrem constantemente em seu [&hellip;]<\/p>\n","protected":false},"author":1,"featured_media":0,"parent":0,"menu_order":0,"comment_status":"closed","ping_status":"closed","template":"template-fullwidth.php","meta":[],"featured_image_urls":{"full":"","thumbnail":"","medium":"","medium_large":"","large":"","sgg-420":"","sgg-540":"","sgg-780":"","1536x1536":"","2048x2048":"","homepage-slider":"","homepage-slider-small":"","page-top":"","page-small":"","loop-main":"","thumb-gallery-widget":""},"post_excerpt_stackable":"<p>MANUAIS E GUIAS PR\u00c1TICOS DE GEST\u00c3O ESTRAT\u00c9GICA Manual de Gest\u00e3o de Processos \u2013 Melhorar processos \u00e9 uma a\u00e7\u00e3o fundamental para as organiza\u00e7\u00f5es responderem \u00e0s mudan\u00e7as que ocorrem constantemente em seu ambiente de atua\u00e7\u00e3o. Sendo assim, este manual demonstra como a gest\u00e3o de processos atua identificando, monitorando, avaliando e revisando rotinas de trabalho, com foco na melhoria cont\u00ednua e no alcance dos objetivos da organiza\u00e7\u00e3o. MANUAL DE GEST\u00c3O DE MAPEAMENTO DE PROCESSOS_SEGOV-PI_VERS\u00c3O_05_29_05_23 (1)-compactadoBaixar Manual de Projetos Estrat\u00e9gicos \u2013 Um projeto \u00e9 um esfor\u00e7o tempor\u00e1rio empreendido para criar um produto, servi\u00e7o ou resultado exclusivo. Dois termos da defini\u00e7\u00e3o de projetos merecem destaque.&hellip;<\/p>\n","category_list":"","author_info":{"name":"admin","url":"https:\/\/portal.pi.gov.br\/segov\/author\/admin\/"},"comments_num":"0 coment\u00e1rio","featured_image_urls_v2":{"full":"","thumbnail":"","medium":"","medium_large":"","large":"","sgg-420":"","sgg-540":"","sgg-780":"","1536x1536":"","2048x2048":"","homepage-slider":"","homepage-slider-small":"","page-top":"","page-small":"","loop-main":"","thumb-gallery-widget":""},"post_excerpt_stackable_v2":"<p>MANUAIS E GUIAS PR\u00c1TICOS DE GEST\u00c3O ESTRAT\u00c9GICA Manual de Gest\u00e3o de Processos \u2013 Melhorar processos \u00e9 uma a\u00e7\u00e3o fundamental para as organiza\u00e7\u00f5es responderem \u00e0s mudan\u00e7as que ocorrem constantemente em seu ambiente de atua\u00e7\u00e3o. Sendo assim, este manual demonstra como a gest\u00e3o de processos atua identificando, monitorando, avaliando e revisando rotinas de trabalho, com foco na melhoria cont\u00ednua e no alcance dos objetivos da organiza\u00e7\u00e3o. MANUAL DE GEST\u00c3O DE MAPEAMENTO DE PROCESSOS_SEGOV-PI_VERS\u00c3O_05_29_05_23 (1)-compactadoBaixar Manual de Projetos Estrat\u00e9gicos \u2013 Um projeto \u00e9 um esfor\u00e7o tempor\u00e1rio empreendido para criar um produto, servi\u00e7o ou resultado exclusivo. Dois termos da defini\u00e7\u00e3o de projetos merecem destaque.&hellip;<\/p>\n","category_list_v2":"","author_info_v2":{"name":"admin","url":"https:\/\/portal.pi.gov.br\/segov\/author\/admin\/"},"comments_num_v2":"0 coment\u00e1rio","_links":{"self":[{"href":"https:\/\/portal.pi.gov.br\/segov\/wp-json\/wp\/v2\/pages\/4600"}],"collection":[{"href":"https:\/\/portal.pi.gov.br\/segov\/wp-json\/wp\/v2\/pages"}],"about":[{"href":"https:\/\/portal.pi.gov.br\/segov\/wp-json\/wp\/v2\/types\/page"}],"author":[{"embeddable":true,"href":"https:\/\/portal.pi.gov.br\/segov\/wp-json\/wp\/v2\/users\/1"}],"replies":[{"embeddable":true,"href":"https:\/\/portal.pi.gov.br\/segov\/wp-json\/wp\/v2\/comments?post=4600"}],"version-history":[{"count":6,"href":"https:\/\/portal.pi.gov.br\/segov\/wp-json\/wp\/v2\/pages\/4600\/revisions"}],"predecessor-version":[{"id":4901,"href":"https:\/\/portal.pi.gov.br\/segov\/wp-json\/wp\/v2\/pages\/4600\/revisions\/4901"}],"wp:attachment":[{"href":"https:\/\/portal.pi.gov.br\/segov\/wp-json\/wp\/v2\/media?parent=4600"}],"curies":[{"name":"wp","href":"https:\/\/api.w.org\/{rel}","templated":true}]}}