{"id":913,"date":"2022-12-12T09:46:04","date_gmt":"2022-12-12T12:46:04","guid":{"rendered":"https:\/\/portal.pi.gov.br\/segov\/?page_id=913"},"modified":"2022-12-20T12:03:50","modified_gmt":"2022-12-20T15:03:50","slug":"arquivo-publico","status":"publish","type":"page","link":"https:\/\/portal.pi.gov.br\/segov\/arquivo-publico\/","title":{"rendered":"Arquivo P\u00fablico"},"content":{"rendered":"\n<p><\/p>\n\n\n\n<p>O\u00a0<strong>Arquivo P\u00fablico do Estado do Piau\u00ed<\/strong>\u00a0\u00e9 um \u00f3rg\u00e3o respons\u00e1vel pela guarda da documenta\u00e7\u00e3o de valor hist\u00f3rico, art\u00edstico e cultural produzida no estado, fundado em 1909 e \u00e9 denominado de Casa An\u00edsio Brito.<\/p>\n\n\n\n<p>Seu acervo foi constitu\u00eddo no momento da sua cria\u00e7\u00e3o pela documenta\u00e7\u00e3o da Secretaria de Governo, abrangendo, naquela data, documentos dos s\u00e9culos XVIII e XIX. Essa documenta\u00e7\u00e3o foi oficializada pela Lei n\u00ba 533 de 1909, no governo de An\u00edsio Auto de Abreu. Em meados do s\u00e9culo XX, os arquivos permanentes dos Poderes Judici\u00e1rio e Legislativo passam tamb\u00e9m o compor o seu acervo, al\u00e9m de peri\u00f3dicos, fotografias, e livros.<\/p>\n\n\n\n<p>Dentre as obriga\u00e7\u00f5es do Arquivo P\u00fablico, a legisla\u00e7\u00e3o ressalta que uma das mais significativas \u00e9: \u201creceber e conservar debaixo de classifica\u00e7\u00e3o sistem\u00e1tica todos os documentos concernentes ao Direito P\u00fablico, \u00e0 Legisla\u00e7\u00e3o, \u00e0 Administra\u00e7\u00e3o, \u00e0 Hist\u00f3ria e Geografia, \u00e0s Manifesta\u00e7\u00f5es de movimentos cient\u00edficos, liter\u00e1rio e art\u00edstico do Estado do Piau\u00ed.\u201d<\/p>\n\n\n\n<p>P\u00e1gina oficial: <strong><a href=\"http:\/\/www.arquivopublico.pi.gov.br\/\">http:\/\/www.arquivopublico.pi.gov.br\/<\/a><\/strong><\/p>\n","protected":false},"excerpt":{"rendered":"<p>O\u00a0Arquivo P\u00fablico do Estado do Piau\u00ed\u00a0\u00e9 um \u00f3rg\u00e3o respons\u00e1vel pela guarda da documenta\u00e7\u00e3o de valor hist\u00f3rico, art\u00edstico e cultural produzida no estado, fundado em 1909 e \u00e9 denominado de Casa [&hellip;]<\/p>\n","protected":false},"author":1,"featured_media":0,"parent":0,"menu_order":0,"comment_status":"closed","ping_status":"closed","template":"template-fullwidth.php","meta":[],"featured_image_urls":{"full":"","thumbnail":"","medium":"","medium_large":"","large":"","sgg-420":"","sgg-540":"","sgg-780":"","1536x1536":"","2048x2048":"","homepage-slider":"","homepage-slider-small":"","page-top":"","page-small":"","loop-main":"","thumb-gallery-widget":""},"post_excerpt_stackable":"<p>O\u00a0Arquivo P\u00fablico do Estado do Piau\u00ed\u00a0\u00e9 um \u00f3rg\u00e3o respons\u00e1vel pela guarda da documenta\u00e7\u00e3o de valor hist\u00f3rico, art\u00edstico e cultural produzida no estado, fundado em 1909 e \u00e9 denominado de Casa An\u00edsio Brito. Seu acervo foi constitu\u00eddo no momento da sua cria\u00e7\u00e3o pela documenta\u00e7\u00e3o da Secretaria de Governo, abrangendo, naquela data, documentos dos s\u00e9culos XVIII e XIX. Essa documenta\u00e7\u00e3o foi oficializada pela Lei n\u00ba 533 de 1909, no governo de An\u00edsio Auto de Abreu. Em meados do s\u00e9culo XX, os arquivos permanentes dos Poderes Judici\u00e1rio e Legislativo passam tamb\u00e9m o compor o seu acervo, al\u00e9m de peri\u00f3dicos, fotografias, e livros. Dentre&hellip;<\/p>\n","category_list":"","author_info":{"name":"admin","url":"https:\/\/portal.pi.gov.br\/segov\/author\/admin\/"},"comments_num":"0 coment\u00e1rio","featured_image_urls_v2":{"full":"","thumbnail":"","medium":"","medium_large":"","large":"","sgg-420":"","sgg-540":"","sgg-780":"","1536x1536":"","2048x2048":"","homepage-slider":"","homepage-slider-small":"","page-top":"","page-small":"","loop-main":"","thumb-gallery-widget":""},"post_excerpt_stackable_v2":"<p>O\u00a0Arquivo P\u00fablico do Estado do Piau\u00ed\u00a0\u00e9 um \u00f3rg\u00e3o respons\u00e1vel pela guarda da documenta\u00e7\u00e3o de valor hist\u00f3rico, art\u00edstico e cultural produzida no estado, fundado em 1909 e \u00e9 denominado de Casa An\u00edsio Brito. Seu acervo foi constitu\u00eddo no momento da sua cria\u00e7\u00e3o pela documenta\u00e7\u00e3o da Secretaria de Governo, abrangendo, naquela data, documentos dos s\u00e9culos XVIII e XIX. Essa documenta\u00e7\u00e3o foi oficializada pela Lei n\u00ba 533 de 1909, no governo de An\u00edsio Auto de Abreu. Em meados do s\u00e9culo XX, os arquivos permanentes dos Poderes Judici\u00e1rio e Legislativo passam tamb\u00e9m o compor o seu acervo, al\u00e9m de peri\u00f3dicos, fotografias, e livros. Dentre&hellip;<\/p>\n","category_list_v2":"","author_info_v2":{"name":"admin","url":"https:\/\/portal.pi.gov.br\/segov\/author\/admin\/"},"comments_num_v2":"0 coment\u00e1rio","_links":{"self":[{"href":"https:\/\/portal.pi.gov.br\/segov\/wp-json\/wp\/v2\/pages\/913"}],"collection":[{"href":"https:\/\/portal.pi.gov.br\/segov\/wp-json\/wp\/v2\/pages"}],"about":[{"href":"https:\/\/portal.pi.gov.br\/segov\/wp-json\/wp\/v2\/types\/page"}],"author":[{"embeddable":true,"href":"https:\/\/portal.pi.gov.br\/segov\/wp-json\/wp\/v2\/users\/1"}],"replies":[{"embeddable":true,"href":"https:\/\/portal.pi.gov.br\/segov\/wp-json\/wp\/v2\/comments?post=913"}],"version-history":[{"count":2,"href":"https:\/\/portal.pi.gov.br\/segov\/wp-json\/wp\/v2\/pages\/913\/revisions"}],"predecessor-version":[{"id":1079,"href":"https:\/\/portal.pi.gov.br\/segov\/wp-json\/wp\/v2\/pages\/913\/revisions\/1079"}],"wp:attachment":[{"href":"https:\/\/portal.pi.gov.br\/segov\/wp-json\/wp\/v2\/media?parent=913"}],"curies":[{"name":"wp","href":"https:\/\/api.w.org\/{rel}","templated":true}]}}