{"id":919,"date":"2022-12-12T09:47:24","date_gmt":"2022-12-12T12:47:24","guid":{"rendered":"https:\/\/portal.pi.gov.br\/segov\/?page_id=919"},"modified":"2024-06-07T12:44:29","modified_gmt":"2024-06-07T15:44:29","slug":"equipe","status":"publish","type":"page","link":"https:\/\/portal.pi.gov.br\/segov\/equipe\/","title":{"rendered":"Equipe"},"content":{"rendered":"\n<p><strong><mark style=\"background-color:#abb8c3\" class=\"has-inline-color\">GABINETE<\/mark><\/strong><br><strong>Secret\u00e1rio de Estado<\/strong><br>Marcelo Nunes Nolleto<\/p>\n\n\n\n<p><em>Email institucional:<\/em> gabinetesecretario@segov.pi.gov.br<\/p>\n\n\n\n<p><strong>Chefia de Gabinete<\/strong><br>Francisco Vagner Ximenes Martins (vagner@segov.pi.gov.br)<\/p>\n\n\n\n<p><strong>Assessoria T\u00e9cnica<\/strong><br>Aldev\u00e2nia Barbosa (aldevania.barbosa@segov.pi.gov.br)<br>Agla\u00ea Nobre Arrais (aglae.arrais@segov.pi.gov.br)<br>Fernanda Melo (fernanda.sousa@segov.pi.gov.br)<br>Paulo Barros<br><\/p>\n\n\n\n<p><strong>Diretoria de Assuntos Jur\u00eddicos<\/strong> (dijur@segov.pi.gov.br)<br>Anderson Vieira da Costa<\/p>\n\n\n\n<p><strong>Ouvidoria <\/strong>(atendimento@ouvidoriageral.pi.gov.br)<br>Raimundo Dutra de Ara\u00fajo<\/p>\n\n\n\n<p><strong>Assessoria de Comunica\u00e7\u00e3o<\/strong><br>Dhayara Oliveira (francisca.daiara@segov.pi.gov.br)<br>Marcela Nogueira (marcela.santos@segov.pi.gov.br)<br>S\u00e2mia Menezes (samia.menezes@segov.pi.gov.br)<\/p>\n\n\n\n<p>******************************************************************<\/p>\n\n\n\n<p><strong><mark style=\"background-color:#abb8c3\" class=\"has-inline-color has-black-color\">SUPERINTEND\u00caNCIAS<\/mark><\/strong><\/p>\n\n\n\n<p><\/p>\n\n\n\n<p><strong>SUPERINTEND\u00caNCIA DE ARTICULA\u00c7\u00c3O POL\u00cdTICA | SAP<\/strong><br>Superintendente: Ricardo Tavares de Lira Lisboa (suparticulacaopolitica@segov.gov.pi.br)<\/p>\n\n\n\n<ul>\n<li>Diretoria de Rela\u00e7\u00f5es Municipais (diretoriarelacoesmunicipais@segov.pi.gov.br)<br>Samara Gramoza Vilarinho Souza<\/li>\n<\/ul>\n\n\n\n<p><\/p>\n\n\n\n<p><strong>SUPERINTEND\u00caNCIA EXECUTIVA | SE<\/strong><br>Superintendente: Ivanovick Feitosa Dias Pinheiro (ivanovick.pinheiro@defensoria.pi.def.br)<\/p>\n\n\n\n<ul>\n<li>Diretoria de Controle de Atos (controledeatosoficiais@segov.pi.gov.br)<br>K\u00e9rcia Karenina Camar\u00e7o Batista Rodrigues Leal<\/li>\n\n\n\n<li>Diretoria de Di\u00e1rio Oficial (doe@doe.pi.gov.br)<br>Julius Magnus Costa Santos<\/li>\n\n\n\n<li>Diretoria de Gest\u00e3o de Pessoas (gestaodepessoas@segov.pi.gov.br)<br>Alcina Ben\u00edcio De Carvalho<\/li>\n\n\n\n<li>Diretoria do Arquivo P\u00fablico (arquivopublico@segov.pi.gov.br)<br>Rosangela Maria de Carvalho Sousa<\/li>\n\n\n\n<li>Diretoria de Tecnologia e Intelig\u00eancia de Dados (tecnologiaeinteligenciadedados@segov.pi.gov.br)<br>Guilherme \u00c9neas Vaz Da Silva<\/li>\n\n\n\n<li>Diretoria Financeira (diretoriafinanceira@segov.pi.gov.br)<br>Rafaela Oliveira Rodrigues Frota<\/li>\n<\/ul>\n\n\n\n<p><\/p>\n\n\n\n<p><strong>SUPERINTEND\u00caNCIA DE GOVERNAN\u00c7A E GEST\u00c3O | SGG<\/strong><br>Superintendente: Thyago Jos\u00e9 Pereira Janu\u00e1rio (superintendenciagovernancaegestao@segov.pi.gov.br)<\/p>\n\n\n\n<ul>\n<li>Diretoria Administrativa (bianca.souza@segov.pi.gov.br)<br>Bianca Pereira de Souza<\/li>\n\n\n\n<li>Diretoria de Cerimonial (cerimonial@segov.pi.gov.br)<br>Mara Beatriz Raulino de Oliveira Novais<\/li>\n\n\n\n<li>Diretoria de Planejamento e Gest\u00e3o Estrat\u00e9gica (gestaoestrategica@segov.pi.gov.br)<br>Emanuely Silva Costa<\/li>\n\n\n\n<li>Diretoria de Projetos e Infraestrutura (projetoseinfraestrutura@segov.pi.gov.br)<br>Elane Lopes Coutinho<\/li>\n\n\n\n<li>Diretoria de Gest\u00e3o de Eventos Estrat\u00e9gicos (dge@segov.pi.gov.br)<br>Nath\u00e1lya Vasconcelos<\/li>\n<\/ul>\n\n\n\n<p><\/p>\n\n\n\n<p><strong>SUPERINTEND\u00caNCIA DE DE REPRESENTA\u00c7\u00c3O DO PIAU\u00cd EM BRAS\u00cdLIA | SURPI<\/strong><br>Superintendente: Erick Elysio Reis Amorim (surpi@surpi-df.pi.gov.br)<\/p>\n\n\n\n<ul>\n<li>Diretoria de Rela\u00e7\u00f5es Institucionais:<br><\/li>\n\n\n\n<li>Diretoria de Rela\u00e7\u00f5es P\u00fablicas:<br>Francisca de Santana Paz (franciscapaz@surpi-df.pi.gov.br)<\/li>\n\n\n\n<li>Diretoria Administrativo Financeiro:<br>Juliano Barbosa de Almeida (juliano.barbosa@surpi-df.pi.gov.br)<\/li>\n\n\n\n<li>Assessoria de Cerimonial e Log\u00edstica:<br>Thiane Lima de Oliveira Sousa (thiane.lima@surpi-df.pi.gov.br)<\/li>\n<\/ul>\n","protected":false},"excerpt":{"rendered":"<p>GABINETESecret\u00e1rio de EstadoMarcelo Nunes Nolleto Email institucional: gabinetesecretario@segov.pi.gov.br Chefia de GabineteFrancisco Vagner Ximenes Martins (vagner@segov.pi.gov.br) Assessoria T\u00e9cnicaAldev\u00e2nia Barbosa (aldevania.barbosa@segov.pi.gov.br)Agla\u00ea Nobre Arrais (aglae.arrais@segov.pi.gov.br)Fernanda Melo (fernanda.sousa@segov.pi.gov.br)Paulo Barros Diretoria de Assuntos Jur\u00eddicos (dijur@segov.pi.gov.br)Anderson [&hellip;]<\/p>\n","protected":false},"author":1695,"featured_media":0,"parent":0,"menu_order":0,"comment_status":"closed","ping_status":"closed","template":"template-fullwidth.php","meta":[],"featured_image_urls":{"full":"","thumbnail":"","medium":"","medium_large":"","large":"","sgg-420":"","sgg-540":"","sgg-780":"","1536x1536":"","2048x2048":"","homepage-slider":"","homepage-slider-small":"","page-top":"","page-small":"","loop-main":"","thumb-gallery-widget":""},"post_excerpt_stackable":"<p>GABINETESecret\u00e1rio de EstadoMarcelo Nunes Nolleto Email institucional: gabinetesecretario@segov.pi.gov.br Chefia de GabineteFrancisco Vagner Ximenes Martins (vagner@segov.pi.gov.br) Assessoria T\u00e9cnicaAldev\u00e2nia Barbosa (aldevania.barbosa@segov.pi.gov.br)Agla\u00ea Nobre Arrais (aglae.arrais@segov.pi.gov.br)Fernanda Melo (fernanda.sousa@segov.pi.gov.br)Paulo Barros Diretoria de Assuntos Jur\u00eddicos (dijur@segov.pi.gov.br)Anderson Vieira da Costa Ouvidoria (atendimento@ouvidoriageral.pi.gov.br)Raimundo Dutra de Ara\u00fajo Assessoria de Comunica\u00e7\u00e3oDhayara Oliveira (francisca.daiara@segov.pi.gov.br)Marcela Nogueira (marcela.santos@segov.pi.gov.br)S\u00e2mia Menezes (samia.menezes@segov.pi.gov.br) ****************************************************************** SUPERINTEND\u00caNCIAS SUPERINTEND\u00caNCIA DE ARTICULA\u00c7\u00c3O POL\u00cdTICA | SAPSuperintendente: Ricardo Tavares de Lira Lisboa (suparticulacaopolitica@segov.gov.pi.br) Diretoria de Rela\u00e7\u00f5es Municipais (diretoriarelacoesmunicipais@segov.pi.gov.br)Samara Gramoza Vilarinho Souza SUPERINTEND\u00caNCIA EXECUTIVA | SESuperintendente: Ivanovick Feitosa Dias Pinheiro (ivanovick.pinheiro@defensoria.pi.def.br) Diretoria de Controle de Atos (controledeatosoficiais@segov.pi.gov.br)K\u00e9rcia Karenina Camar\u00e7o Batista Rodrigues Leal Diretoria de Di\u00e1rio Oficial (doe@doe.pi.gov.br)Julius Magnus Costa Santos Diretoria de Gest\u00e3o&hellip;<\/p>\n","category_list":"","author_info":{"name":"davibezerra","url":"https:\/\/portal.pi.gov.br\/segov\/author\/davibezerra\/"},"comments_num":"0 coment\u00e1rio","featured_image_urls_v2":{"full":"","thumbnail":"","medium":"","medium_large":"","large":"","sgg-420":"","sgg-540":"","sgg-780":"","1536x1536":"","2048x2048":"","homepage-slider":"","homepage-slider-small":"","page-top":"","page-small":"","loop-main":"","thumb-gallery-widget":""},"post_excerpt_stackable_v2":"<p>GABINETESecret\u00e1rio de EstadoMarcelo Nunes Nolleto Email institucional: gabinetesecretario@segov.pi.gov.br Chefia de GabineteFrancisco Vagner Ximenes Martins (vagner@segov.pi.gov.br) Assessoria T\u00e9cnicaAldev\u00e2nia Barbosa (aldevania.barbosa@segov.pi.gov.br)Agla\u00ea Nobre Arrais (aglae.arrais@segov.pi.gov.br)Fernanda Melo (fernanda.sousa@segov.pi.gov.br)Paulo Barros Diretoria de Assuntos Jur\u00eddicos (dijur@segov.pi.gov.br)Anderson Vieira da Costa Ouvidoria (atendimento@ouvidoriageral.pi.gov.br)Raimundo Dutra de Ara\u00fajo Assessoria de Comunica\u00e7\u00e3oDhayara Oliveira (francisca.daiara@segov.pi.gov.br)Marcela Nogueira (marcela.santos@segov.pi.gov.br)S\u00e2mia Menezes (samia.menezes@segov.pi.gov.br) ****************************************************************** SUPERINTEND\u00caNCIAS SUPERINTEND\u00caNCIA DE ARTICULA\u00c7\u00c3O POL\u00cdTICA | SAPSuperintendente: Ricardo Tavares de Lira Lisboa (suparticulacaopolitica@segov.gov.pi.br) Diretoria de Rela\u00e7\u00f5es Municipais (diretoriarelacoesmunicipais@segov.pi.gov.br)Samara Gramoza Vilarinho Souza SUPERINTEND\u00caNCIA EXECUTIVA | SESuperintendente: Ivanovick Feitosa Dias Pinheiro (ivanovick.pinheiro@defensoria.pi.def.br) Diretoria de Controle de Atos (controledeatosoficiais@segov.pi.gov.br)K\u00e9rcia Karenina Camar\u00e7o Batista Rodrigues Leal Diretoria de Di\u00e1rio Oficial (doe@doe.pi.gov.br)Julius Magnus Costa Santos Diretoria de Gest\u00e3o&hellip;<\/p>\n","category_list_v2":"","author_info_v2":{"name":"davibezerra","url":"https:\/\/portal.pi.gov.br\/segov\/author\/davibezerra\/"},"comments_num_v2":"0 coment\u00e1rio","_links":{"self":[{"href":"https:\/\/portal.pi.gov.br\/segov\/wp-json\/wp\/v2\/pages\/919"}],"collection":[{"href":"https:\/\/portal.pi.gov.br\/segov\/wp-json\/wp\/v2\/pages"}],"about":[{"href":"https:\/\/portal.pi.gov.br\/segov\/wp-json\/wp\/v2\/types\/page"}],"author":[{"embeddable":true,"href":"https:\/\/portal.pi.gov.br\/segov\/wp-json\/wp\/v2\/users\/1695"}],"replies":[{"embeddable":true,"href":"https:\/\/portal.pi.gov.br\/segov\/wp-json\/wp\/v2\/comments?post=919"}],"version-history":[{"count":85,"href":"https:\/\/portal.pi.gov.br\/segov\/wp-json\/wp\/v2\/pages\/919\/revisions"}],"predecessor-version":[{"id":7407,"href":"https:\/\/portal.pi.gov.br\/segov\/wp-json\/wp\/v2\/pages\/919\/revisions\/7407"}],"wp:attachment":[{"href":"https:\/\/portal.pi.gov.br\/segov\/wp-json\/wp\/v2\/media?parent=919"}],"curies":[{"name":"wp","href":"https:\/\/api.w.org\/{rel}","templated":true}]}}