{"id":951,"date":"2022-12-16T10:29:05","date_gmt":"2022-12-16T13:29:05","guid":{"rendered":"https:\/\/portal.pi.gov.br\/segov\/?page_id=951"},"modified":"2023-09-04T16:56:57","modified_gmt":"2023-09-04T19:56:57","slug":"gestor","status":"publish","type":"page","link":"https:\/\/portal.pi.gov.br\/segov\/gestor\/","title":{"rendered":"Secret\u00e1rio"},"content":{"rendered":"\n<figure class=\"wp-block-image size-full\"><img decoding=\"async\" loading=\"lazy\" width=\"910\" height=\"719\" src=\"https:\/\/portal.pi.gov.br\/segov\/wp-content\/uploads\/sites\/59\/2023\/03\/WhatsApp-Image-2023-03-22-at-11.58.56.jpeg\" alt=\"\" class=\"wp-image-1832\" srcset=\"https:\/\/portal.pi.gov.br\/segov\/wp-content\/uploads\/sites\/59\/2023\/03\/WhatsApp-Image-2023-03-22-at-11.58.56.jpeg 910w, https:\/\/portal.pi.gov.br\/segov\/wp-content\/uploads\/sites\/59\/2023\/03\/WhatsApp-Image-2023-03-22-at-11.58.56-300x237.jpeg 300w, https:\/\/portal.pi.gov.br\/segov\/wp-content\/uploads\/sites\/59\/2023\/03\/WhatsApp-Image-2023-03-22-at-11.58.56-768x607.jpeg 768w, https:\/\/portal.pi.gov.br\/segov\/wp-content\/uploads\/sites\/59\/2023\/03\/WhatsApp-Image-2023-03-22-at-11.58.56-420x332.jpeg 420w, https:\/\/portal.pi.gov.br\/segov\/wp-content\/uploads\/sites\/59\/2023\/03\/WhatsApp-Image-2023-03-22-at-11.58.56-540x427.jpeg 540w, https:\/\/portal.pi.gov.br\/segov\/wp-content\/uploads\/sites\/59\/2023\/03\/WhatsApp-Image-2023-03-22-at-11.58.56-780x616.jpeg 780w, https:\/\/portal.pi.gov.br\/segov\/wp-content\/uploads\/sites\/59\/2023\/03\/WhatsApp-Image-2023-03-22-at-11.58.56-624x493.jpeg 624w\" sizes=\"(max-width: 910px) 100vw, 910px\" \/><\/figure>\n\n\n\n<p><strong>MARCELO NUNES NOLLETO<\/strong><\/p>\n\n\n\n<p><\/p>\n\n\n\n<p>P\u00f3s-graduado em Direito do Trabalho e Processo do Trabalho, Marcelo Nolleto \u00e9 analista judici\u00e1rio do Tribunal Regional do Trabalho da 22\u00aa Regi\u00e3o, onde exerceu a fun\u00e7\u00e3o de Diretor de Secretaria e Secret\u00e1rio de Governan\u00e7a e Estrat\u00e9gia. Foi assessor na Secretaria de Estado da Fazenda e atualmente \u00e9 Secret\u00e1rio de Estado de Governo.<\/p>\n\n\n\n<p><\/p>\n","protected":false},"excerpt":{"rendered":"<p>MARCELO NUNES NOLLETO P\u00f3s-graduado em Direito do Trabalho e Processo do Trabalho, Marcelo Nolleto \u00e9 analista judici\u00e1rio do Tribunal Regional do Trabalho da 22\u00aa Regi\u00e3o, onde exerceu a fun\u00e7\u00e3o de [&hellip;]<\/p>\n","protected":false},"author":1695,"featured_media":1213,"parent":0,"menu_order":0,"comment_status":"closed","ping_status":"closed","template":"template-fullwidth.php","meta":[],"featured_image_urls":{"full":["https:\/\/portal.pi.gov.br\/segov\/wp-content\/uploads\/sites\/59\/2023\/01\/WhatsApp-Image-2023-01-04-at-11.43.00.jpeg",1066,1599,false],"thumbnail":["https:\/\/portal.pi.gov.br\/segov\/wp-content\/uploads\/sites\/59\/2023\/01\/WhatsApp-Image-2023-01-04-at-11.43.00-150x150.jpeg",150,150,true],"medium":["https:\/\/portal.pi.gov.br\/segov\/wp-content\/uploads\/sites\/59\/2023\/01\/WhatsApp-Image-2023-01-04-at-11.43.00-200x300.jpeg",200,300,true],"medium_large":["https:\/\/portal.pi.gov.br\/segov\/wp-content\/uploads\/sites\/59\/2023\/01\/WhatsApp-Image-2023-01-04-at-11.43.00-768x1152.jpeg",768,1152,true],"large":["https:\/\/portal.pi.gov.br\/segov\/wp-content\/uploads\/sites\/59\/2023\/01\/WhatsApp-Image-2023-01-04-at-11.43.00-683x1024.jpeg",683,1024,true],"sgg-420":["https:\/\/portal.pi.gov.br\/segov\/wp-content\/uploads\/sites\/59\/2023\/01\/WhatsApp-Image-2023-01-04-at-11.43.00-280x420.jpeg",280,420,true],"sgg-540":["https:\/\/portal.pi.gov.br\/segov\/wp-content\/uploads\/sites\/59\/2023\/01\/WhatsApp-Image-2023-01-04-at-11.43.00-360x540.jpeg",360,540,true],"sgg-780":["https:\/\/portal.pi.gov.br\/segov\/wp-content\/uploads\/sites\/59\/2023\/01\/WhatsApp-Image-2023-01-04-at-11.43.00-520x780.jpeg",520,780,true],"1536x1536":["https:\/\/portal.pi.gov.br\/segov\/wp-content\/uploads\/sites\/59\/2023\/01\/WhatsApp-Image-2023-01-04-at-11.43.00-1024x1536.jpeg",1024,1536,true],"2048x2048":["https:\/\/portal.pi.gov.br\/segov\/wp-content\/uploads\/sites\/59\/2023\/01\/WhatsApp-Image-2023-01-04-at-11.43.00.jpeg",1066,1599,false],"homepage-slider":["https:\/\/portal.pi.gov.br\/segov\/wp-content\/uploads\/sites\/59\/2023\/01\/WhatsApp-Image-2023-01-04-at-11.43.00-1066x500.jpeg",1066,500,true],"homepage-slider-small":["https:\/\/portal.pi.gov.br\/segov\/wp-content\/uploads\/sites\/59\/2023\/01\/WhatsApp-Image-2023-01-04-at-11.43.00-947x500.jpeg",947,500,true],"page-top":["https:\/\/portal.pi.gov.br\/segov\/wp-content\/uploads\/sites\/59\/2023\/01\/WhatsApp-Image-2023-01-04-at-11.43.00-947x1421.jpeg",947,1421,true],"page-small":["https:\/\/portal.pi.gov.br\/segov\/wp-content\/uploads\/sites\/59\/2023\/01\/WhatsApp-Image-2023-01-04-at-11.43.00-624x936.jpeg",624,936,true],"loop-main":["https:\/\/portal.pi.gov.br\/segov\/wp-content\/uploads\/sites\/59\/2023\/01\/WhatsApp-Image-2023-01-04-at-11.43.00-365x240.jpeg",365,240,true],"thumb-gallery-widget":["https:\/\/portal.pi.gov.br\/segov\/wp-content\/uploads\/sites\/59\/2023\/01\/WhatsApp-Image-2023-01-04-at-11.43.00-84x56.jpeg",84,56,true]},"post_excerpt_stackable":"<p>MARCELO NUNES NOLLETO P\u00f3s-graduado em Direito do Trabalho e Processo do Trabalho, Marcelo Nolleto \u00e9 analista judici\u00e1rio do Tribunal Regional do Trabalho da 22\u00aa Regi\u00e3o, onde exerceu a fun\u00e7\u00e3o de Diretor de Secretaria e Secret\u00e1rio de Governan\u00e7a e Estrat\u00e9gia. Foi assessor na Secretaria de Estado da Fazenda e atualmente \u00e9 Secret\u00e1rio de Estado de Governo.<\/p>\n","category_list":"","author_info":{"name":"davibezerra","url":"https:\/\/portal.pi.gov.br\/segov\/author\/davibezerra\/"},"comments_num":"0 coment\u00e1rio","featured_image_urls_v2":{"full":["https:\/\/portal.pi.gov.br\/segov\/wp-content\/uploads\/sites\/59\/2023\/01\/WhatsApp-Image-2023-01-04-at-11.43.00.jpeg",1066,1599,false],"thumbnail":["https:\/\/portal.pi.gov.br\/segov\/wp-content\/uploads\/sites\/59\/2023\/01\/WhatsApp-Image-2023-01-04-at-11.43.00-150x150.jpeg",150,150,true],"medium":["https:\/\/portal.pi.gov.br\/segov\/wp-content\/uploads\/sites\/59\/2023\/01\/WhatsApp-Image-2023-01-04-at-11.43.00-200x300.jpeg",200,300,true],"medium_large":["https:\/\/portal.pi.gov.br\/segov\/wp-content\/uploads\/sites\/59\/2023\/01\/WhatsApp-Image-2023-01-04-at-11.43.00-768x1152.jpeg",768,1152,true],"large":["https:\/\/portal.pi.gov.br\/segov\/wp-content\/uploads\/sites\/59\/2023\/01\/WhatsApp-Image-2023-01-04-at-11.43.00-683x1024.jpeg",683,1024,true],"sgg-420":["https:\/\/portal.pi.gov.br\/segov\/wp-content\/uploads\/sites\/59\/2023\/01\/WhatsApp-Image-2023-01-04-at-11.43.00-280x420.jpeg",280,420,true],"sgg-540":["https:\/\/portal.pi.gov.br\/segov\/wp-content\/uploads\/sites\/59\/2023\/01\/WhatsApp-Image-2023-01-04-at-11.43.00-360x540.jpeg",360,540,true],"sgg-780":["https:\/\/portal.pi.gov.br\/segov\/wp-content\/uploads\/sites\/59\/2023\/01\/WhatsApp-Image-2023-01-04-at-11.43.00-520x780.jpeg",520,780,true],"1536x1536":["https:\/\/portal.pi.gov.br\/segov\/wp-content\/uploads\/sites\/59\/2023\/01\/WhatsApp-Image-2023-01-04-at-11.43.00-1024x1536.jpeg",1024,1536,true],"2048x2048":["https:\/\/portal.pi.gov.br\/segov\/wp-content\/uploads\/sites\/59\/2023\/01\/WhatsApp-Image-2023-01-04-at-11.43.00.jpeg",1066,1599,false],"homepage-slider":["https:\/\/portal.pi.gov.br\/segov\/wp-content\/uploads\/sites\/59\/2023\/01\/WhatsApp-Image-2023-01-04-at-11.43.00-1066x500.jpeg",1066,500,true],"homepage-slider-small":["https:\/\/portal.pi.gov.br\/segov\/wp-content\/uploads\/sites\/59\/2023\/01\/WhatsApp-Image-2023-01-04-at-11.43.00-947x500.jpeg",947,500,true],"page-top":["https:\/\/portal.pi.gov.br\/segov\/wp-content\/uploads\/sites\/59\/2023\/01\/WhatsApp-Image-2023-01-04-at-11.43.00-947x1421.jpeg",947,1421,true],"page-small":["https:\/\/portal.pi.gov.br\/segov\/wp-content\/uploads\/sites\/59\/2023\/01\/WhatsApp-Image-2023-01-04-at-11.43.00-624x936.jpeg",624,936,true],"loop-main":["https:\/\/portal.pi.gov.br\/segov\/wp-content\/uploads\/sites\/59\/2023\/01\/WhatsApp-Image-2023-01-04-at-11.43.00-365x240.jpeg",365,240,true],"thumb-gallery-widget":["https:\/\/portal.pi.gov.br\/segov\/wp-content\/uploads\/sites\/59\/2023\/01\/WhatsApp-Image-2023-01-04-at-11.43.00-84x56.jpeg",84,56,true]},"post_excerpt_stackable_v2":"<p>MARCELO NUNES NOLLETO P\u00f3s-graduado em Direito do Trabalho e Processo do Trabalho, Marcelo Nolleto \u00e9 analista judici\u00e1rio do Tribunal Regional do Trabalho da 22\u00aa Regi\u00e3o, onde exerceu a fun\u00e7\u00e3o de Diretor de Secretaria e Secret\u00e1rio de Governan\u00e7a e Estrat\u00e9gia. Foi assessor na Secretaria de Estado da Fazenda e atualmente \u00e9 Secret\u00e1rio de Estado de Governo.<\/p>\n","category_list_v2":"","author_info_v2":{"name":"davibezerra","url":"https:\/\/portal.pi.gov.br\/segov\/author\/davibezerra\/"},"comments_num_v2":"0 coment\u00e1rio","_links":{"self":[{"href":"https:\/\/portal.pi.gov.br\/segov\/wp-json\/wp\/v2\/pages\/951"}],"collection":[{"href":"https:\/\/portal.pi.gov.br\/segov\/wp-json\/wp\/v2\/pages"}],"about":[{"href":"https:\/\/portal.pi.gov.br\/segov\/wp-json\/wp\/v2\/types\/page"}],"author":[{"embeddable":true,"href":"https:\/\/portal.pi.gov.br\/segov\/wp-json\/wp\/v2\/users\/1695"}],"replies":[{"embeddable":true,"href":"https:\/\/portal.pi.gov.br\/segov\/wp-json\/wp\/v2\/comments?post=951"}],"version-history":[{"count":9,"href":"https:\/\/portal.pi.gov.br\/segov\/wp-json\/wp\/v2\/pages\/951\/revisions"}],"predecessor-version":[{"id":3998,"href":"https:\/\/portal.pi.gov.br\/segov\/wp-json\/wp\/v2\/pages\/951\/revisions\/3998"}],"wp:featuredmedia":[{"embeddable":true,"href":"https:\/\/portal.pi.gov.br\/segov\/wp-json\/wp\/v2\/media\/1213"}],"wp:attachment":[{"href":"https:\/\/portal.pi.gov.br\/segov\/wp-json\/wp\/v2\/media?parent=951"}],"curies":[{"name":"wp","href":"https:\/\/api.w.org\/{rel}","templated":true}]}}