{"id":959,"date":"2022-12-16T11:03:35","date_gmt":"2022-12-16T14:03:35","guid":{"rendered":"https:\/\/portal.pi.gov.br\/segov\/?page_id=959"},"modified":"2022-12-16T11:48:36","modified_gmt":"2022-12-16T14:48:36","slug":"competencia","status":"publish","type":"page","link":"https:\/\/portal.pi.gov.br\/segov\/competencia\/","title":{"rendered":"Compet\u00eancia"},"content":{"rendered":"\n<p>A Secretaria de Governo \u00e9 \u00f3rg\u00e3o de assessoramento imediato ao Governador do Estado e integra a Governadoria, junto com a Vice-governadoria e o Gabinete Militar.<\/p>\n\n\n\n<p>&nbsp;Compete \u00e0 Secretaria de Governo:<\/p>\n\n\n\n<p>I &#8211; dar assist\u00eancia direta e imediata ao Governador na sua representa\u00e7\u00e3o pol\u00edtica e social, bem como coordenar suas rela\u00e7\u00f5es, nessa \u00e1rea, com os demais poderes do Estado, o Minist\u00e9rio P\u00fablico, o Tribunal de Contas e outras esferas de governo;<\/p>\n\n\n\n<p>II &#8211; solicitar aos \u00f3rg\u00e3os da administra\u00e7\u00e3o direta e entidades da administra\u00e7\u00e3o indireta do Estado provid\u00eancias necess\u00e1rias ao desempenho das fun\u00e7\u00f5es de coordena\u00e7\u00e3o geral das atividades que lhe competem;<\/p>\n\n\n\n<p>III &#8211; acompanhar a tramita\u00e7\u00e3o de projetos de Lei na Assembleia Legislativa;<\/p>\n\n\n\n<p>IV &#8211; elaborar, registrar e controlar Decretos e atos administrativos da compet\u00eancia do Chefe do Poder Executivo, observado o disposto na al\u00ednea \u201cb\u201d do inciso II do artigo 151 da Constitui\u00e7\u00e3o Estadual;<\/p>\n\n\n\n<p>V &#8211; coordenar a elabora\u00e7\u00e3o da mensagem anual do Governador \u00e0 Assembleia Legislativa;<\/p>\n\n\n\n<p>VI &#8211; controlar a observ\u00e2ncia dos prazos para manifesta\u00e7\u00e3o do Poder Executivo sobre solicita\u00e7\u00f5es da Assembleia Legislativa e o atendimento de pedidos de informa\u00e7\u00f5es de Deputados Estaduais;<\/p>\n\n\n\n<p>VII &#8211; articular-se com as lideran\u00e7as do Governo junto \u00e0 Assembleia Legislativa para equacionamento das quest\u00f5es de interesse pol\u00edtico e legislativo da administra\u00e7\u00e3o estadual;<\/p>\n\n\n\n<p>&nbsp;VIII &#8211; receber, organizar, analisar e preparar o expediente do Governador, fazer publicar seus atos na Imprensa Oficial e acompanhar a execu\u00e7\u00e3o das ordens por ele emitidas;<\/p>\n\n\n\n<p>IX &#8211; supervisionar e controlar a publica\u00e7\u00e3o dos atos do Poder Executivo na Imprensa Oficial;<\/p>\n\n\n\n<p>X &#8211; organizar e manter acervo de informa\u00e7\u00f5es e dados sobre institui\u00e7\u00f5es p\u00fablicas e privadas, economia, planos e programas governamentais e outros aspectos da vida do Estado que possam interessar \u00e0 atra\u00e7\u00e3o de investimentos para o seu territ\u00f3rio;<\/p>\n\n\n\n<p>XI &#8211; atuar como \u00f3rg\u00e3o de coordena\u00e7\u00e3o institucional junto aos demais \u00f3rg\u00e3os e entidades da administra\u00e7\u00e3o estadual;<\/p>\n\n\n\n<p>XII &#8211; fortalecer a integra\u00e7\u00e3o entre sociedade e governo, atrav\u00e9s de sugest\u00f5es, den\u00fancias, reclama\u00e7\u00f5es, solicita\u00e7\u00f5es e elogios, promovendo a defesa dos direitos e interesses da popula\u00e7\u00e3o, assegurando-lhes oportunidade de participa\u00e7\u00e3o na gest\u00e3o p\u00fablica.<\/p>\n\n\n\n<p>Par\u00e1grafo \u00fanico. A Diretoria de Assuntos Jur\u00eddicos ser\u00e1 \u00f3rg\u00e3o integrante da estrutura da Secretaria de Governo, sendo o cargo de Diretor privativo de Procurador do Estado do Piau\u00ed em atividade.<\/p>\n","protected":false},"excerpt":{"rendered":"<p>A Secretaria de Governo \u00e9 \u00f3rg\u00e3o de assessoramento imediato ao Governador do Estado e integra a Governadoria, junto com a Vice-governadoria e o Gabinete Militar. &nbsp;Compete \u00e0 Secretaria de Governo: [&hellip;]<\/p>\n","protected":false},"author":1695,"featured_media":0,"parent":0,"menu_order":0,"comment_status":"closed","ping_status":"closed","template":"template-fullwidth.php","meta":[],"featured_image_urls":{"full":"","thumbnail":"","medium":"","medium_large":"","large":"","sgg-420":"","sgg-540":"","sgg-780":"","1536x1536":"","2048x2048":"","homepage-slider":"","homepage-slider-small":"","page-top":"","page-small":"","loop-main":"","thumb-gallery-widget":""},"post_excerpt_stackable":"<p>A Secretaria de Governo \u00e9 \u00f3rg\u00e3o de assessoramento imediato ao Governador do Estado e integra a Governadoria, junto com a Vice-governadoria e o Gabinete Militar. &nbsp;Compete \u00e0 Secretaria de Governo: I &#8211; dar assist\u00eancia direta e imediata ao Governador na sua representa\u00e7\u00e3o pol\u00edtica e social, bem como coordenar suas rela\u00e7\u00f5es, nessa \u00e1rea, com os demais poderes do Estado, o Minist\u00e9rio P\u00fablico, o Tribunal de Contas e outras esferas de governo; II &#8211; solicitar aos \u00f3rg\u00e3os da administra\u00e7\u00e3o direta e entidades da administra\u00e7\u00e3o indireta do Estado provid\u00eancias necess\u00e1rias ao desempenho das fun\u00e7\u00f5es de coordena\u00e7\u00e3o geral das atividades que lhe competem; III&hellip;<\/p>\n","category_list":"","author_info":{"name":"davibezerra","url":"https:\/\/portal.pi.gov.br\/segov\/author\/davibezerra\/"},"comments_num":"0 coment\u00e1rio","featured_image_urls_v2":{"full":"","thumbnail":"","medium":"","medium_large":"","large":"","sgg-420":"","sgg-540":"","sgg-780":"","1536x1536":"","2048x2048":"","homepage-slider":"","homepage-slider-small":"","page-top":"","page-small":"","loop-main":"","thumb-gallery-widget":""},"post_excerpt_stackable_v2":"<p>A Secretaria de Governo \u00e9 \u00f3rg\u00e3o de assessoramento imediato ao Governador do Estado e integra a Governadoria, junto com a Vice-governadoria e o Gabinete Militar. &nbsp;Compete \u00e0 Secretaria de Governo: I &#8211; dar assist\u00eancia direta e imediata ao Governador na sua representa\u00e7\u00e3o pol\u00edtica e social, bem como coordenar suas rela\u00e7\u00f5es, nessa \u00e1rea, com os demais poderes do Estado, o Minist\u00e9rio P\u00fablico, o Tribunal de Contas e outras esferas de governo; II &#8211; solicitar aos \u00f3rg\u00e3os da administra\u00e7\u00e3o direta e entidades da administra\u00e7\u00e3o indireta do Estado provid\u00eancias necess\u00e1rias ao desempenho das fun\u00e7\u00f5es de coordena\u00e7\u00e3o geral das atividades que lhe competem; III&hellip;<\/p>\n","category_list_v2":"","author_info_v2":{"name":"davibezerra","url":"https:\/\/portal.pi.gov.br\/segov\/author\/davibezerra\/"},"comments_num_v2":"0 coment\u00e1rio","_links":{"self":[{"href":"https:\/\/portal.pi.gov.br\/segov\/wp-json\/wp\/v2\/pages\/959"}],"collection":[{"href":"https:\/\/portal.pi.gov.br\/segov\/wp-json\/wp\/v2\/pages"}],"about":[{"href":"https:\/\/portal.pi.gov.br\/segov\/wp-json\/wp\/v2\/types\/page"}],"author":[{"embeddable":true,"href":"https:\/\/portal.pi.gov.br\/segov\/wp-json\/wp\/v2\/users\/1695"}],"replies":[{"embeddable":true,"href":"https:\/\/portal.pi.gov.br\/segov\/wp-json\/wp\/v2\/comments?post=959"}],"version-history":[{"count":2,"href":"https:\/\/portal.pi.gov.br\/segov\/wp-json\/wp\/v2\/pages\/959\/revisions"}],"predecessor-version":[{"id":967,"href":"https:\/\/portal.pi.gov.br\/segov\/wp-json\/wp\/v2\/pages\/959\/revisions\/967"}],"wp:attachment":[{"href":"https:\/\/portal.pi.gov.br\/segov\/wp-json\/wp\/v2\/media?parent=959"}],"curies":[{"name":"wp","href":"https:\/\/api.w.org\/{rel}","templated":true}]}}