{"id":10345,"date":"2024-10-09T11:03:39","date_gmt":"2024-10-09T14:03:39","guid":{"rendered":"https:\/\/portal.pi.gov.br\/sempi\/?page_id=10345"},"modified":"2024-10-09T11:03:40","modified_gmt":"2024-10-09T14:03:40","slug":"ouvidoria-sempi","status":"publish","type":"page","link":"https:\/\/portal.pi.gov.br\/sempi\/ouvidoria-sempi\/","title":{"rendered":"Ouvidoria SEMPI"},"content":{"rendered":"\n<p>A Secretaria de Estado das Mulheres do Piau\u00ed \u2013 SEMPI tem uma Ouvidoria em sua estrutura interna que atua com o protocolo Acolhida. Trata-se de um canal de atendimento para receber solicita\u00e7\u00f5es, elogios, informa\u00e7\u00f5es, reclama\u00e7\u00f5es e den\u00fancias referentes a quest\u00f5es de g\u00eanero, ra\u00e7a\/etnia, origem e religi\u00e3o.<br>O objetivo \u00e9 oferecer um atendimento humanizado e acolhedor, especialmente para den\u00fancias de viol\u00eancia e preconceito, que s\u00e3o temas que afetam, principalmente, as mulheres e outros grupos vulner\u00e1veis.<br>Ent\u00e3o, se voc\u00ea deseja realizar alguma sugest\u00e3o, den\u00fancia, reclama\u00e7\u00e3o, solicita\u00e7\u00e3o ou elogio, entre em contato conosco por meio de nossos canais oficiais. Abaixo, est\u00e3o o nosso e-mail e telefone\/WhatsApp.<br><\/p>\n\n\n\n<p><strong>CONTATOS DA OUVIDORIA SEMPI<\/strong><br><\/p>\n\n\n\n<ul>\n<li>Atendimento presencial na sede da SEMPI.<\/li>\n\n\n\n<li>Plataforma Fala.BR.<\/li>\n\n\n\n<li>E-mail: ouvidoria.mulher@sempi.pi.gov.br<\/li>\n\n\n\n<li>Telefone\/WhatsApp: (86) 99432-6900 &#8211;<\/li>\n<\/ul>\n\n\n<div class=\"wp-block-image\">\n<figure class=\"aligncenter size-full is-resized\"><img decoding=\"async\" loading=\"lazy\" src=\"https:\/\/portal.pi.gov.br\/sempi\/wp-content\/uploads\/sites\/23\/2024\/10\/image.png\" alt=\"\" class=\"wp-image-10346\" width=\"148\" height=\"148\" srcset=\"https:\/\/portal.pi.gov.br\/sempi\/wp-content\/uploads\/sites\/23\/2024\/10\/image.png 1023w, https:\/\/portal.pi.gov.br\/sempi\/wp-content\/uploads\/sites\/23\/2024\/10\/image-300x300.png 300w, https:\/\/portal.pi.gov.br\/sempi\/wp-content\/uploads\/sites\/23\/2024\/10\/image-150x150.png 150w, https:\/\/portal.pi.gov.br\/sempi\/wp-content\/uploads\/sites\/23\/2024\/10\/image-768x768.png 768w, https:\/\/portal.pi.gov.br\/sempi\/wp-content\/uploads\/sites\/23\/2024\/10\/image-420x420.png 420w, https:\/\/portal.pi.gov.br\/sempi\/wp-content\/uploads\/sites\/23\/2024\/10\/image-540x540.png 540w, https:\/\/portal.pi.gov.br\/sempi\/wp-content\/uploads\/sites\/23\/2024\/10\/image-780x780.png 780w, https:\/\/portal.pi.gov.br\/sempi\/wp-content\/uploads\/sites\/23\/2024\/10\/image-947x947.png 947w, https:\/\/portal.pi.gov.br\/sempi\/wp-content\/uploads\/sites\/23\/2024\/10\/image-624x624.png 624w\" sizes=\"(max-width: 148px) 100vw, 148px\" \/><\/figure><\/div>","protected":false},"excerpt":{"rendered":"<p>A Secretaria de Estado das Mulheres do Piau\u00ed \u2013 SEMPI tem uma Ouvidoria em sua estrutura interna que atua com o protocolo Acolhida. Trata-se de um canal de atendimento para [&hellip;]<\/p>\n","protected":false},"author":1,"featured_media":0,"parent":0,"menu_order":0,"comment_status":"closed","ping_status":"closed","template":"template-fullwidth.php","meta":[],"featured_image_urls":{"full":"","thumbnail":"","medium":"","medium_large":"","large":"","sgg-420":"","sgg-540":"","sgg-780":"","1536x1536":"","2048x2048":"","homepage-slider":"","homepage-slider-small":"","page-top":"","page-small":"","loop-main":"","thumb-gallery-widget":""},"post_excerpt_stackable":"<p>A Secretaria de Estado das Mulheres do Piau\u00ed \u2013 SEMPI tem uma Ouvidoria em sua estrutura interna que atua com o protocolo Acolhida. Trata-se de um canal de atendimento para receber solicita\u00e7\u00f5es, elogios, informa\u00e7\u00f5es, reclama\u00e7\u00f5es e den\u00fancias referentes a quest\u00f5es de g\u00eanero, ra\u00e7a\/etnia, origem e religi\u00e3o.O objetivo \u00e9 oferecer um atendimento humanizado e acolhedor, especialmente para den\u00fancias de viol\u00eancia e preconceito, que s\u00e3o temas que afetam, principalmente, as mulheres e outros grupos vulner\u00e1veis.Ent\u00e3o, se voc\u00ea deseja realizar alguma sugest\u00e3o, den\u00fancia, reclama\u00e7\u00e3o, solicita\u00e7\u00e3o ou elogio, entre em contato conosco por meio de nossos canais oficiais. Abaixo, est\u00e3o o nosso e-mail e&hellip;<\/p>\n","category_list":"","author_info":{"name":"admin","url":"https:\/\/portal.pi.gov.br\/sempi\/author\/admin\/"},"comments_num":"0 coment\u00e1rio","featured_image_urls_v2":{"full":"","thumbnail":"","medium":"","medium_large":"","large":"","sgg-420":"","sgg-540":"","sgg-780":"","1536x1536":"","2048x2048":"","homepage-slider":"","homepage-slider-small":"","page-top":"","page-small":"","loop-main":"","thumb-gallery-widget":""},"post_excerpt_stackable_v2":"<p>A Secretaria de Estado das Mulheres do Piau\u00ed \u2013 SEMPI tem uma Ouvidoria em sua estrutura interna que atua com o protocolo Acolhida. Trata-se de um canal de atendimento para receber solicita\u00e7\u00f5es, elogios, informa\u00e7\u00f5es, reclama\u00e7\u00f5es e den\u00fancias referentes a quest\u00f5es de g\u00eanero, ra\u00e7a\/etnia, origem e religi\u00e3o.O objetivo \u00e9 oferecer um atendimento humanizado e acolhedor, especialmente para den\u00fancias de viol\u00eancia e preconceito, que s\u00e3o temas que afetam, principalmente, as mulheres e outros grupos vulner\u00e1veis.Ent\u00e3o, se voc\u00ea deseja realizar alguma sugest\u00e3o, den\u00fancia, reclama\u00e7\u00e3o, solicita\u00e7\u00e3o ou elogio, entre em contato conosco por meio de nossos canais oficiais. Abaixo, est\u00e3o o nosso e-mail e&hellip;<\/p>\n","category_list_v2":"","author_info_v2":{"name":"admin","url":"https:\/\/portal.pi.gov.br\/sempi\/author\/admin\/"},"comments_num_v2":"0 coment\u00e1rio","_links":{"self":[{"href":"https:\/\/portal.pi.gov.br\/sempi\/wp-json\/wp\/v2\/pages\/10345"}],"collection":[{"href":"https:\/\/portal.pi.gov.br\/sempi\/wp-json\/wp\/v2\/pages"}],"about":[{"href":"https:\/\/portal.pi.gov.br\/sempi\/wp-json\/wp\/v2\/types\/page"}],"author":[{"embeddable":true,"href":"https:\/\/portal.pi.gov.br\/sempi\/wp-json\/wp\/v2\/users\/1"}],"replies":[{"embeddable":true,"href":"https:\/\/portal.pi.gov.br\/sempi\/wp-json\/wp\/v2\/comments?post=10345"}],"version-history":[{"count":1,"href":"https:\/\/portal.pi.gov.br\/sempi\/wp-json\/wp\/v2\/pages\/10345\/revisions"}],"predecessor-version":[{"id":10347,"href":"https:\/\/portal.pi.gov.br\/sempi\/wp-json\/wp\/v2\/pages\/10345\/revisions\/10347"}],"wp:attachment":[{"href":"https:\/\/portal.pi.gov.br\/sempi\/wp-json\/wp\/v2\/media?parent=10345"}],"curies":[{"name":"wp","href":"https:\/\/api.w.org\/{rel}","templated":true}]}}