{"id":24,"date":"2020-08-21T15:46:27","date_gmt":"2020-08-21T18:46:27","guid":{"rendered":"http:\/\/www2.pi.gov.br\/cepm\/?page_id=24"},"modified":"2026-04-06T11:18:29","modified_gmt":"2026-04-06T14:18:29","slug":"perfil-do-diretor-geral","status":"publish","type":"page","link":"https:\/\/portal.pi.gov.br\/sempi\/perfil-do-diretor-geral\/","title":{"rendered":"Perfil da Secret\u00e1ria"},"content":{"rendered":"<div class=\"wp-block-image\">\n<figure class=\"alignleft size-large is-resized\"><img decoding=\"async\" loading=\"lazy\" src=\"https:\/\/portal.pi.gov.br\/sempi\/wp-content\/uploads\/sites\/23\/2026\/04\/WhatsApp-Image-2026-04-01-at-08.46.26-edited-1024x1024.jpeg\" alt=\"\" class=\"wp-image-17442\" width=\"304\" height=\"304\" srcset=\"https:\/\/portal.pi.gov.br\/sempi\/wp-content\/uploads\/sites\/23\/2026\/04\/WhatsApp-Image-2026-04-01-at-08.46.26-edited-1024x1024.jpeg 1024w, https:\/\/portal.pi.gov.br\/sempi\/wp-content\/uploads\/sites\/23\/2026\/04\/WhatsApp-Image-2026-04-01-at-08.46.26-edited-300x300.jpeg 300w, https:\/\/portal.pi.gov.br\/sempi\/wp-content\/uploads\/sites\/23\/2026\/04\/WhatsApp-Image-2026-04-01-at-08.46.26-edited-150x150.jpeg 150w, https:\/\/portal.pi.gov.br\/sempi\/wp-content\/uploads\/sites\/23\/2026\/04\/WhatsApp-Image-2026-04-01-at-08.46.26-edited-768x768.jpeg 768w, https:\/\/portal.pi.gov.br\/sempi\/wp-content\/uploads\/sites\/23\/2026\/04\/WhatsApp-Image-2026-04-01-at-08.46.26-edited-420x420.jpeg 420w, https:\/\/portal.pi.gov.br\/sempi\/wp-content\/uploads\/sites\/23\/2026\/04\/WhatsApp-Image-2026-04-01-at-08.46.26-edited-540x540.jpeg 540w, https:\/\/portal.pi.gov.br\/sempi\/wp-content\/uploads\/sites\/23\/2026\/04\/WhatsApp-Image-2026-04-01-at-08.46.26-edited-780x780.jpeg 780w, https:\/\/portal.pi.gov.br\/sempi\/wp-content\/uploads\/sites\/23\/2026\/04\/WhatsApp-Image-2026-04-01-at-08.46.26-edited-947x947.jpeg 947w, https:\/\/portal.pi.gov.br\/sempi\/wp-content\/uploads\/sites\/23\/2026\/04\/WhatsApp-Image-2026-04-01-at-08.46.26-edited-624x624.jpeg 624w, https:\/\/portal.pi.gov.br\/sempi\/wp-content\/uploads\/sites\/23\/2026\/04\/WhatsApp-Image-2026-04-01-at-08.46.26-edited.jpeg 1066w\" sizes=\"(max-width: 304px) 100vw, 304px\" \/><\/figure><\/div>\n\n\n<p><strong>Diva Carvalho de Vasconcelos<\/strong> \u00e9 a secret\u00e1ria de Estado das Mulheres do Governo do Piau\u00ed. Possui ampla experi\u00eancia na \u00e1rea administrativa e de gest\u00e3o, com atua\u00e7\u00e3o destacada na Companhia Energ\u00e9tica do Piau\u00ed (Cepisa), onde exerceu fun\u00e7\u00f5es como assessora da Diretoria Administrativa, gerente de Assessoria Especial de Suprimento de Materiais e Servi\u00e7os e assistente da Diretoria de Regula\u00e7\u00e3o e Projetos Especiais.<\/p>\n\n\n\n<p>Tamb\u00e9m atuou como coordenadora de Licita\u00e7\u00e3o e Log\u00edstica no projeto Energia+ (Eletrobras\/Banco Mundial). Na gest\u00e3o p\u00fablica, foi diretora Administrativa e Financeira na Coordenadoria Estadual de Pol\u00edticas para as Mulheres e chefe de gabinete na Secretaria de Estado das Mulheres do Piau\u00ed (Sempi).<\/p>\n\n\n\n<p>\u00c9 bacharel em Administra\u00e7\u00e3o de Empresa pela Associa\u00e7\u00e3o de Ensino Superior do Piau\u00ed (AESPI); especialista em Recursos Humanos pela Universidade Federal do Piau\u00ed (UFPI); MBA em Gest\u00e3o Empresarial pela Funda\u00e7\u00e3o Get\u00falio Vargas (FGV) e MBA em Gest\u00e3o de Neg\u00f3cios Para o Setor El\u00e9trico pela FGV.<\/p>\n\n\n\n<p><\/p>\n\n\n\n<p><\/p>\n","protected":false},"excerpt":{"rendered":"<p>Diva Carvalho de Vasconcelos \u00e9 a secret\u00e1ria de Estado das Mulheres do Governo do Piau\u00ed. Possui ampla experi\u00eancia na \u00e1rea administrativa e de gest\u00e3o, com atua\u00e7\u00e3o destacada na Companhia Energ\u00e9tica [&hellip;]<\/p>\n","protected":false},"author":1,"featured_media":0,"parent":0,"menu_order":0,"comment_status":"closed","ping_status":"closed","template":"template-fullwidth.php","meta":[],"featured_image_urls":{"full":"","thumbnail":"","medium":"","medium_large":"","large":"","sgg-420":"","sgg-540":"","sgg-780":"","1536x1536":"","2048x2048":"","homepage-slider":"","homepage-slider-small":"","page-top":"","page-small":"","loop-main":"","thumb-gallery-widget":""},"post_excerpt_stackable":"<p>Diva Carvalho de Vasconcelos \u00e9 a secret\u00e1ria de Estado das Mulheres do Governo do Piau\u00ed. Possui ampla experi\u00eancia na \u00e1rea administrativa e de gest\u00e3o, com atua\u00e7\u00e3o destacada na Companhia Energ\u00e9tica do Piau\u00ed (Cepisa), onde exerceu fun\u00e7\u00f5es como assessora da Diretoria Administrativa, gerente de Assessoria Especial de Suprimento de Materiais e Servi\u00e7os e assistente da Diretoria de Regula\u00e7\u00e3o e Projetos Especiais. Tamb\u00e9m atuou como coordenadora de Licita\u00e7\u00e3o e Log\u00edstica no projeto Energia+ (Eletrobras\/Banco Mundial). Na gest\u00e3o p\u00fablica, foi diretora Administrativa e Financeira na Coordenadoria Estadual de Pol\u00edticas para as Mulheres e chefe de gabinete na Secretaria de Estado das Mulheres do&hellip;<\/p>\n","category_list":"","author_info":{"name":"admin","url":"https:\/\/portal.pi.gov.br\/sempi\/author\/admin\/"},"comments_num":"0 coment\u00e1rio","featured_image_urls_v2":{"full":"","thumbnail":"","medium":"","medium_large":"","large":"","sgg-420":"","sgg-540":"","sgg-780":"","1536x1536":"","2048x2048":"","homepage-slider":"","homepage-slider-small":"","page-top":"","page-small":"","loop-main":"","thumb-gallery-widget":""},"post_excerpt_stackable_v2":"<p>Diva Carvalho de Vasconcelos \u00e9 a secret\u00e1ria de Estado das Mulheres do Governo do Piau\u00ed. Possui ampla experi\u00eancia na \u00e1rea administrativa e de gest\u00e3o, com atua\u00e7\u00e3o destacada na Companhia Energ\u00e9tica do Piau\u00ed (Cepisa), onde exerceu fun\u00e7\u00f5es como assessora da Diretoria Administrativa, gerente de Assessoria Especial de Suprimento de Materiais e Servi\u00e7os e assistente da Diretoria de Regula\u00e7\u00e3o e Projetos Especiais. Tamb\u00e9m atuou como coordenadora de Licita\u00e7\u00e3o e Log\u00edstica no projeto Energia+ (Eletrobras\/Banco Mundial). Na gest\u00e3o p\u00fablica, foi diretora Administrativa e Financeira na Coordenadoria Estadual de Pol\u00edticas para as Mulheres e chefe de gabinete na Secretaria de Estado das Mulheres do&hellip;<\/p>\n","category_list_v2":"","author_info_v2":{"name":"admin","url":"https:\/\/portal.pi.gov.br\/sempi\/author\/admin\/"},"comments_num_v2":"0 coment\u00e1rio","_links":{"self":[{"href":"https:\/\/portal.pi.gov.br\/sempi\/wp-json\/wp\/v2\/pages\/24"}],"collection":[{"href":"https:\/\/portal.pi.gov.br\/sempi\/wp-json\/wp\/v2\/pages"}],"about":[{"href":"https:\/\/portal.pi.gov.br\/sempi\/wp-json\/wp\/v2\/types\/page"}],"author":[{"embeddable":true,"href":"https:\/\/portal.pi.gov.br\/sempi\/wp-json\/wp\/v2\/users\/1"}],"replies":[{"embeddable":true,"href":"https:\/\/portal.pi.gov.br\/sempi\/wp-json\/wp\/v2\/comments?post=24"}],"version-history":[{"count":29,"href":"https:\/\/portal.pi.gov.br\/sempi\/wp-json\/wp\/v2\/pages\/24\/revisions"}],"predecessor-version":[{"id":17455,"href":"https:\/\/portal.pi.gov.br\/sempi\/wp-json\/wp\/v2\/pages\/24\/revisions\/17455"}],"wp:attachment":[{"href":"https:\/\/portal.pi.gov.br\/sempi\/wp-json\/wp\/v2\/media?parent=24"}],"curies":[{"name":"wp","href":"https:\/\/api.w.org\/{rel}","templated":true}]}}