{"id":3401,"date":"2022-10-26T11:40:15","date_gmt":"2022-10-26T14:40:15","guid":{"rendered":"https:\/\/portal.pi.gov.br\/cepm\/?page_id=3401"},"modified":"2024-09-19T13:00:36","modified_gmt":"2024-09-19T16:00:36","slug":"elas-viva-lab","status":"publish","type":"page","link":"https:\/\/portal.pi.gov.br\/sempi\/elas-viva-lab\/","title":{"rendered":"ELAS VIVAS LAB"},"content":{"rendered":"\n<p><strong>Aviso de Atualiza\u00e7\u00e3o<\/strong><\/p>\n\n\n\n<p>Informamos que nosso site est\u00e1 passando por um processo de atualiza\u00e7\u00e3o para melhor atender nossas usu\u00e1rias e usu\u00e1rios. Durante esse per\u00edodo, algumas funcionalidades podem estar temporariamente indispon\u00edveis. Agradecemos pela sua compreens\u00e3o e paci\u00eancia. Estamos trabalhando para oferecer uma experi\u00eancia ainda mais completa e informativa em breve.<\/p>\n\n\n\n<p>Por ora, todas as informa\u00e7\u00f5es relevantes podem ser solicitadas por e-mail: secretariadasmulheres@sempi.pi.gov.br, e sempre a institui\u00e7\u00e3o est\u00e1 dispon\u00edvel para fornecer os dados sobre qualquer assunto relacionado \u00e0 institui\u00e7\u00e3o de forma a respeitar as diretrizes da Lei Geral de Prote\u00e7\u00e3o de Dados (LGPD) e a Lei de Acesso \u00e0 Informa\u00e7\u00e3o.<\/p>\n\n\n\n<p><\/p>\n\n\n\n<p><\/p>\n\n\n\n<p><\/p>\n\n\n\n<p><\/p>\n\n\n\n<figure class=\"wp-block-image size-large\"><img decoding=\"async\" loading=\"lazy\" width=\"1024\" height=\"712\" src=\"https:\/\/portal.pi.gov.br\/sempi\/wp-content\/uploads\/sites\/23\/2024\/03\/WhatsApp-Image-2024-03-25-at-10.00.55-1-1024x712.jpeg\" alt=\"\" class=\"wp-image-7441\" srcset=\"https:\/\/portal.pi.gov.br\/sempi\/wp-content\/uploads\/sites\/23\/2024\/03\/WhatsApp-Image-2024-03-25-at-10.00.55-1-1024x712.jpeg 1024w, https:\/\/portal.pi.gov.br\/sempi\/wp-content\/uploads\/sites\/23\/2024\/03\/WhatsApp-Image-2024-03-25-at-10.00.55-1-300x209.jpeg 300w, https:\/\/portal.pi.gov.br\/sempi\/wp-content\/uploads\/sites\/23\/2024\/03\/WhatsApp-Image-2024-03-25-at-10.00.55-1-768x534.jpeg 768w, https:\/\/portal.pi.gov.br\/sempi\/wp-content\/uploads\/sites\/23\/2024\/03\/WhatsApp-Image-2024-03-25-at-10.00.55-1-420x292.jpeg 420w, https:\/\/portal.pi.gov.br\/sempi\/wp-content\/uploads\/sites\/23\/2024\/03\/WhatsApp-Image-2024-03-25-at-10.00.55-1-540x376.jpeg 540w, https:\/\/portal.pi.gov.br\/sempi\/wp-content\/uploads\/sites\/23\/2024\/03\/WhatsApp-Image-2024-03-25-at-10.00.55-1-780x543.jpeg 780w, https:\/\/portal.pi.gov.br\/sempi\/wp-content\/uploads\/sites\/23\/2024\/03\/WhatsApp-Image-2024-03-25-at-10.00.55-1-1536x1068.jpeg 1536w, https:\/\/portal.pi.gov.br\/sempi\/wp-content\/uploads\/sites\/23\/2024\/03\/WhatsApp-Image-2024-03-25-at-10.00.55-1-947x659.jpeg 947w, https:\/\/portal.pi.gov.br\/sempi\/wp-content\/uploads\/sites\/23\/2024\/03\/WhatsApp-Image-2024-03-25-at-10.00.55-1-624x434.jpeg 624w, https:\/\/portal.pi.gov.br\/sempi\/wp-content\/uploads\/sites\/23\/2024\/03\/WhatsApp-Image-2024-03-25-at-10.00.55-1.jpeg 1600w\" sizes=\"(max-width: 1024px) 100vw, 1024px\" \/><\/figure>\n\n\n\n<p><strong>ELAS VIVAS LAB \u2013 LABORAT\u00d3RIO DE ESTUDOS DA VIOL\u00caNCIA CONTRA<br>A MULHER NO PIAU\u00cd<\/strong><\/p>\n\n\n\n<p>O <strong>Elas Vivas LAB<\/strong> \u2013 Laborat\u00f3rio de Estudos da viol\u00eancia contra a mulher no Piau\u00ed \u00e9 um laborat\u00f3rio intersetorial e colaborativo institu\u00eddo pela Coordenadoria de Estado de Pol\u00edtica para as Mulheres \u2013 CEPM-PI e visa a coopera\u00e7\u00e3o da Secret\u00e1ria de Seguran\u00e7a P\u00fablica \u2013 SSP-PI, instalado na sede da CEPM, com atribui\u00e7\u00e3o principal de an\u00e1lise, estudos e difus\u00e3o dos dados de viol\u00eancia contra a mulher no Piau\u00ed.<\/p>\n\n\n\n<p>A an\u00e1lise dos dados da viol\u00eancia contra mulher no Estado, a partir de diferentes fontes oficiais e abertas, permite orientar as decis\u00f5es da gestora estadual no enfrentamento da viol\u00eancia contra mulher no Piau\u00ed. A CEPM, atrav\u00e9s ELAS VIVAS LAB, monitorar\u00e1 e avaliar\u00e1 as a\u00e7\u00f5es e estrat\u00e9gias de enfrentamento \u00e0 viol\u00eancia contra a mulher, como base nas evid\u00eancias cient\u00edficas produzidas de forma permanente.<\/p>\n\n\n\n<p>A partir dos dados j\u00e1 produzidos pela SSP-PI, respeitando os sigilos legais, dos bancos de dados da Pol\u00edcia Civil e da Secretaria de Seguran\u00e7a P\u00fablica, incluindo os seguintes sistemas: SINESP, PPE, SISMVI e Salve Maria, dentre outros, \u00e9 feito um mapeamento dos seguintes indicadores: feminicidio e assassinato de mulheres; viol\u00eancia f\u00edsica; viol\u00eancia psicol\u00f3gica; viol\u00eancia patrimonial; viol\u00eancia sexual; viol\u00eancia moral; e turismo sexual.<\/p>\n\n\n\n<p>&nbsp; Ap\u00f3s a an\u00e1lise desses dados para a democratiza\u00e7\u00e3o, ser\u00e1 divulgado no site da Coordenadoria o diagn\u00f3stico dos resultados \u2013 o Boletim Integrado de mulheres em situa\u00e7\u00e3o de viol\u00eancia no Piau\u00ed -, inicialmente, em um per\u00edodo trimestral.<\/p>\n\n\n\n<p>Com isso, a CEPM fortalece suas atribui\u00e7\u00f5es de monitorar, planejar e executar pol\u00edticas p\u00fablicas de forma mais pontual e especifica nos territ\u00f3rios e cidades mais desassistidas pelo Estado em rela\u00e7\u00e3o \u00e0s viol\u00eancias contra as mulheres.<\/p>\n\n\n\n<p><strong>PLANO DE TRABALHO DA CEPM<\/strong><\/p>\n\n\n\n<div class=\"wp-block-file\"><object class=\"wp-block-file__embed\" data=\"https:\/\/portal.pi.gov.br\/cepm\/wp-content\/uploads\/sites\/23\/2022\/11\/Plano_de_Trabalho_ELAS_VIVAS_LAB-1.pdf\" type=\"application\/pdf\" style=\"width:100%;height:600px\" aria-label=\"Incorporado de Plano_de_Trabalho_ELAS_VIVAS_LAB-1.\"><\/object><a id=\"wp-block-file--media-cd26f777-5bb9-48a8-bf64-105b2a46f352\" href=\"https:\/\/portal.pi.gov.br\/cepm\/wp-content\/uploads\/sites\/23\/2022\/11\/Plano_de_Trabalho_ELAS_VIVAS_LAB-1.pdf\">Plano_de_Trabalho_ELAS_VIVAS_LAB-1<\/a><a href=\"https:\/\/portal.pi.gov.br\/cepm\/wp-content\/uploads\/sites\/23\/2022\/11\/Plano_de_Trabalho_ELAS_VIVAS_LAB-1.pdf\" class=\"wp-block-file__button wp-element-button\" download aria-describedby=\"wp-block-file--media-cd26f777-5bb9-48a8-bf64-105b2a46f352\">Baixar<\/a><\/div>\n\n\n\n<p><\/p>\n\n\n\n<p><strong> -BOLETIM INTEGRADO DE MULHERES EM SITUA\u00c7\u00c3O DE VIOL\u00caNCIA NO PIAU\u00cd-2022<\/strong><\/p>\n\n\n\n<p>O Boletim integrado de mulheres em situa\u00e7\u00e3o de viol\u00eancia no Piau\u00ed \u00e9 um<br>instrumento informativo, elaborado a partir das discuss\u00f5es realizadas no Elas Vivas Lab<br>\u2013 Laborat\u00f3rio de estudos da viol\u00eancia contra a mulher no Piau\u00ed, visando orientar as<br>decis\u00f5es dos gestores p\u00fablicos na \u00e1rea de preven\u00e7\u00e3o e enfrentamento da viol\u00eancia<br>contra a mulher.<br>O presente boletim ser\u00e1 publicado trimestralmente pelo Elas Vivas Lab,<br>constituindo um documento de democratiza\u00e7\u00e3o dos dados de mulheres em situa\u00e7\u00e3o de<br>viol\u00eancia no Piau\u00ed.<\/p>\n\n\n\n<div class=\"wp-block-file\"><object class=\"wp-block-file__embed\" data=\"https:\/\/portal.pi.gov.br\/cepm\/wp-content\/uploads\/sites\/23\/2022\/11\/BOLETIM-INTEGRADO-DE-MULHERES-EM-SITUACAO-DE-VIOLENCIA-NO-PIAUI.pdf\" type=\"application\/pdf\" style=\"width:100%;height:600px\" aria-label=\"Incorporado de BOLETIM-INTEGRADO-DE-MULHERES-EM-SITUACAO-DE-VIOLENCIA-NO-PIAUI.\"><\/object><a id=\"wp-block-file--media-07579bd0-7fd2-4127-bbfe-a69f6de757a9\" href=\"https:\/\/portal.pi.gov.br\/cepm\/wp-content\/uploads\/sites\/23\/2022\/11\/BOLETIM-INTEGRADO-DE-MULHERES-EM-SITUACAO-DE-VIOLENCIA-NO-PIAUI.pdf\">BOLETIM-INTEGRADO-DE-MULHERES-EM-SITUACAO-DE-VIOLENCIA-NO-PIAUI<\/a><a href=\"https:\/\/portal.pi.gov.br\/cepm\/wp-content\/uploads\/sites\/23\/2022\/11\/BOLETIM-INTEGRADO-DE-MULHERES-EM-SITUACAO-DE-VIOLENCIA-NO-PIAUI.pdf\" class=\"wp-block-file__button wp-element-button\" download aria-describedby=\"wp-block-file--media-07579bd0-7fd2-4127-bbfe-a69f6de757a9\">Baixar<\/a><\/div>\n","protected":false},"excerpt":{"rendered":"<p>Aviso de Atualiza\u00e7\u00e3o Informamos que nosso site est\u00e1 passando por um processo de atualiza\u00e7\u00e3o para melhor atender nossas usu\u00e1rias e usu\u00e1rios. Durante esse per\u00edodo, algumas funcionalidades podem estar temporariamente indispon\u00edveis. [&hellip;]<\/p>\n","protected":false},"author":1,"featured_media":0,"parent":0,"menu_order":0,"comment_status":"closed","ping_status":"closed","template":"template-fullwidth.php","meta":[],"featured_image_urls":{"full":"","thumbnail":"","medium":"","medium_large":"","large":"","sgg-420":"","sgg-540":"","sgg-780":"","1536x1536":"","2048x2048":"","homepage-slider":"","homepage-slider-small":"","page-top":"","page-small":"","loop-main":"","thumb-gallery-widget":""},"post_excerpt_stackable":"<p>Aviso de Atualiza\u00e7\u00e3o Informamos que nosso site est\u00e1 passando por um processo de atualiza\u00e7\u00e3o para melhor atender nossas usu\u00e1rias e usu\u00e1rios. Durante esse per\u00edodo, algumas funcionalidades podem estar temporariamente indispon\u00edveis. Agradecemos pela sua compreens\u00e3o e paci\u00eancia. Estamos trabalhando para oferecer uma experi\u00eancia ainda mais completa e informativa em breve. Por ora, todas as informa\u00e7\u00f5es relevantes podem ser solicitadas por e-mail: secretariadasmulheres@sempi.pi.gov.br, e sempre a institui\u00e7\u00e3o est\u00e1 dispon\u00edvel para fornecer os dados sobre qualquer assunto relacionado \u00e0 institui\u00e7\u00e3o de forma a respeitar as diretrizes da Lei Geral de Prote\u00e7\u00e3o de Dados (LGPD) e a Lei de Acesso \u00e0 Informa\u00e7\u00e3o. ELAS VIVAS&hellip;<\/p>\n","category_list":"","author_info":{"name":"admin","url":"https:\/\/portal.pi.gov.br\/sempi\/author\/admin\/"},"comments_num":"0 coment\u00e1rio","featured_image_urls_v2":{"full":"","thumbnail":"","medium":"","medium_large":"","large":"","sgg-420":"","sgg-540":"","sgg-780":"","1536x1536":"","2048x2048":"","homepage-slider":"","homepage-slider-small":"","page-top":"","page-small":"","loop-main":"","thumb-gallery-widget":""},"post_excerpt_stackable_v2":"<p>Aviso de Atualiza\u00e7\u00e3o Informamos que nosso site est\u00e1 passando por um processo de atualiza\u00e7\u00e3o para melhor atender nossas usu\u00e1rias e usu\u00e1rios. Durante esse per\u00edodo, algumas funcionalidades podem estar temporariamente indispon\u00edveis. Agradecemos pela sua compreens\u00e3o e paci\u00eancia. Estamos trabalhando para oferecer uma experi\u00eancia ainda mais completa e informativa em breve. Por ora, todas as informa\u00e7\u00f5es relevantes podem ser solicitadas por e-mail: secretariadasmulheres@sempi.pi.gov.br, e sempre a institui\u00e7\u00e3o est\u00e1 dispon\u00edvel para fornecer os dados sobre qualquer assunto relacionado \u00e0 institui\u00e7\u00e3o de forma a respeitar as diretrizes da Lei Geral de Prote\u00e7\u00e3o de Dados (LGPD) e a Lei de Acesso \u00e0 Informa\u00e7\u00e3o. ELAS VIVAS&hellip;<\/p>\n","category_list_v2":"","author_info_v2":{"name":"admin","url":"https:\/\/portal.pi.gov.br\/sempi\/author\/admin\/"},"comments_num_v2":"0 coment\u00e1rio","_links":{"self":[{"href":"https:\/\/portal.pi.gov.br\/sempi\/wp-json\/wp\/v2\/pages\/3401"}],"collection":[{"href":"https:\/\/portal.pi.gov.br\/sempi\/wp-json\/wp\/v2\/pages"}],"about":[{"href":"https:\/\/portal.pi.gov.br\/sempi\/wp-json\/wp\/v2\/types\/page"}],"author":[{"embeddable":true,"href":"https:\/\/portal.pi.gov.br\/sempi\/wp-json\/wp\/v2\/users\/1"}],"replies":[{"embeddable":true,"href":"https:\/\/portal.pi.gov.br\/sempi\/wp-json\/wp\/v2\/comments?post=3401"}],"version-history":[{"count":13,"href":"https:\/\/portal.pi.gov.br\/sempi\/wp-json\/wp\/v2\/pages\/3401\/revisions"}],"predecessor-version":[{"id":10177,"href":"https:\/\/portal.pi.gov.br\/sempi\/wp-json\/wp\/v2\/pages\/3401\/revisions\/10177"}],"wp:attachment":[{"href":"https:\/\/portal.pi.gov.br\/sempi\/wp-json\/wp\/v2\/media?parent=3401"}],"curies":[{"name":"wp","href":"https:\/\/api.w.org\/{rel}","templated":true}]}}