{"id":3998,"date":"2023-04-04T15:20:23","date_gmt":"2023-04-04T18:20:23","guid":{"rendered":"https:\/\/portal.pi.gov.br\/sempi\/?page_id=3998"},"modified":"2025-01-10T12:33:39","modified_gmt":"2025-01-10T15:33:39","slug":"ei-mera-nao-se-cale","status":"publish","type":"page","link":"https:\/\/portal.pi.gov.br\/sempi\/ei-mera-nao-se-cale\/","title":{"rendered":"Ei, merm\u00e3, n\u00e3o se cale!"},"content":{"rendered":"\n<p>Durante o Mar\u00e7o Mulher de 2023, foi lan\u00e7ado o Protocolo \u201cEi merm\u00e3, N\u00e3o se Cale\u201d em parceria com a Secret\u00e1ria de Seguran\u00e7a P\u00fablica do Piau\u00ed, que visa a preven\u00e7\u00e3o e garante o atendimento de mulheres em situa\u00e7\u00e3o de viol\u00eancia de forma r\u00e1pida. Esse processo aconteceu atrav\u00e9s do Grupo de Trabalho que conta com a Rede de Atendimento \u00e0s Mulheres em Situa\u00e7\u00e3o de Viol\u00eancia e o Conselho Estadual de Defesa dos Direitos das Mulheres tendo como base a Lei Maria da Penha (Lei n. 11.340\/2006).<\/p>\n\n\n\n<p>O protocolo \u201cEi, merm\u00e3, n\u00e3o se cale!\u201d estabelece um canal \u00fanico denominado \u201cCentral de Acolhimento \u00e0 Mulher\u201d, com profissionais capacitados para realizar a escuta qualificada, acolhimento e triagem das mulheres em situa\u00e7\u00e3o de viol\u00eancia emergencial. O objetivo principal \u00e9 garantir o registro adequado das ocorr\u00eancias e oferecer atendimento psicossocial, com encaminhamento r\u00e1pido \u00e0 rede de apoio. Sobre como utilizar, o protocolo funciona 24 horas por dia pelo WhatsApp, atrav\u00e9s do n\u00famero 0800 000 1673. As mulheres podem enviar mensagens instant\u00e2neas para relatar casos de viol\u00eancia, garantindo um atendimento acess\u00edvel e eficiente. Em situa\u00e7\u00f5es de emerg\u00eancia, a SEMPI recomenda a liga\u00e7\u00e3o direta pelo n\u00famero 0800 000 1673, e o seu atendimento ser\u00e1 automaticamente redirecionado para a Central de Teleatendimento da Pol\u00edcia Militar do Piau\u00ed.<\/p>\n\n\n\n<div class=\"wp-block-file\"><object class=\"wp-block-file__embed\" data=\"https:\/\/portal.pi.gov.br\/sempi\/wp-content\/uploads\/sites\/23\/2024\/02\/adesivo-restaurantes-18-x-12cm.pdf\" type=\"application\/pdf\" style=\"width:100%;height:600px\" aria-label=\"Incorporado de adesivo-restaurantes-18-x-12cm.\"><\/object><a id=\"wp-block-file--media-c03c49c6-49a2-4a5a-a440-f293d446af27\" href=\"https:\/\/portal.pi.gov.br\/sempi\/wp-content\/uploads\/sites\/23\/2024\/02\/adesivo-restaurantes-18-x-12cm.pdf\">adesivo-restaurantes-18-x-12cm<\/a><a href=\"https:\/\/portal.pi.gov.br\/sempi\/wp-content\/uploads\/sites\/23\/2024\/02\/adesivo-restaurantes-18-x-12cm.pdf\" class=\"wp-block-file__button wp-element-button\" download aria-describedby=\"wp-block-file--media-c03c49c6-49a2-4a5a-a440-f293d446af27\">Baixar<\/a><\/div>\n\n\n\n<div class=\"wp-block-file\"><object class=\"wp-block-file__embed\" data=\"https:\/\/portal.pi.gov.br\/sempi\/wp-content\/uploads\/sites\/23\/2024\/02\/filipeta-assediometro.pdf\" type=\"application\/pdf\" style=\"width:100%;height:600px\" aria-label=\"Incorporado de filipeta-assediometro.\"><\/object><a id=\"wp-block-file--media-2859073c-7646-4a1a-b518-fa64459fb9ed\" href=\"https:\/\/portal.pi.gov.br\/sempi\/wp-content\/uploads\/sites\/23\/2024\/02\/filipeta-assediometro.pdf\">filipeta-assediometro<\/a><a href=\"https:\/\/portal.pi.gov.br\/sempi\/wp-content\/uploads\/sites\/23\/2024\/02\/filipeta-assediometro.pdf\" class=\"wp-block-file__button wp-element-button\" download aria-describedby=\"wp-block-file--media-2859073c-7646-4a1a-b518-fa64459fb9ed\">Baixar<\/a><\/div>\n\n\n\n<div class=\"wp-block-file\"><object class=\"wp-block-file__embed\" data=\"https:\/\/portal.pi.gov.br\/sempi\/wp-content\/uploads\/sites\/23\/2024\/02\/filipeta-minuto-silencio.pdf\" type=\"application\/pdf\" style=\"width:100%;height:600px\" aria-label=\"Incorporado de filipeta-minuto-silencio.\"><\/object><a id=\"wp-block-file--media-89d015a2-f2a4-46a9-b3ad-f2d96e1ace3e\" href=\"https:\/\/portal.pi.gov.br\/sempi\/wp-content\/uploads\/sites\/23\/2024\/02\/filipeta-minuto-silencio.pdf\">filipeta-minuto-silencio<\/a><a href=\"https:\/\/portal.pi.gov.br\/sempi\/wp-content\/uploads\/sites\/23\/2024\/02\/filipeta-minuto-silencio.pdf\" class=\"wp-block-file__button wp-element-button\" download aria-describedby=\"wp-block-file--media-89d015a2-f2a4-46a9-b3ad-f2d96e1ace3e\">Baixar<\/a><\/div>\n\n\n\n<div class=\"wp-block-file\"><object class=\"wp-block-file__embed\" data=\"https:\/\/portal.pi.gov.br\/sempi\/wp-content\/uploads\/sites\/23\/2024\/02\/Ventarola.pdf\" type=\"application\/pdf\" style=\"width:100%;height:600px\" aria-label=\"Incorporado de Ventarola.\"><\/object><a id=\"wp-block-file--media-c3e488a4-dbef-46e5-9a9c-0a2e8421c91d\" href=\"https:\/\/portal.pi.gov.br\/sempi\/wp-content\/uploads\/sites\/23\/2024\/02\/Ventarola.pdf\">Ventarola<\/a><a href=\"https:\/\/portal.pi.gov.br\/sempi\/wp-content\/uploads\/sites\/23\/2024\/02\/Ventarola.pdf\" class=\"wp-block-file__button wp-element-button\" download aria-describedby=\"wp-block-file--media-c3e488a4-dbef-46e5-9a9c-0a2e8421c91d\">Baixar<\/a><\/div>\n\n\n\n<div class=\"wp-block-file\"><a id=\"wp-block-file--media-5a128086-650a-4c23-8e86-4d27dfdf8a74\" href=\"https:\/\/portal.pi.gov.br\/sempi\/wp-content\/uploads\/sites\/23\/2024\/02\/Video-ei-merma.mp4\">Video-ei-merma<\/a><a href=\"https:\/\/portal.pi.gov.br\/sempi\/wp-content\/uploads\/sites\/23\/2024\/02\/Video-ei-merma.mp4\" class=\"wp-block-file__button wp-element-button\" download aria-describedby=\"wp-block-file--media-5a128086-650a-4c23-8e86-4d27dfdf8a74\"><\/a><\/div>\n","protected":false},"excerpt":{"rendered":"<p>Durante o Mar\u00e7o Mulher de 2023, foi lan\u00e7ado o Protocolo \u201cEi merm\u00e3, N\u00e3o se Cale\u201d em parceria com a Secret\u00e1ria de Seguran\u00e7a P\u00fablica do Piau\u00ed, que visa a preven\u00e7\u00e3o e [&hellip;]<\/p>\n","protected":false},"author":30,"featured_media":0,"parent":0,"menu_order":0,"comment_status":"closed","ping_status":"closed","template":"","meta":[],"featured_image_urls":{"full":"","thumbnail":"","medium":"","medium_large":"","large":"","sgg-420":"","sgg-540":"","sgg-780":"","1536x1536":"","2048x2048":"","homepage-slider":"","homepage-slider-small":"","page-top":"","page-small":"","loop-main":"","thumb-gallery-widget":""},"post_excerpt_stackable":"<p>Durante o Mar\u00e7o Mulher de 2023, foi lan\u00e7ado o Protocolo \u201cEi merm\u00e3, N\u00e3o se Cale\u201d em parceria com a Secret\u00e1ria de Seguran\u00e7a P\u00fablica do Piau\u00ed, que visa a preven\u00e7\u00e3o e garante o atendimento de mulheres em situa\u00e7\u00e3o de viol\u00eancia de forma r\u00e1pida. Esse processo aconteceu atrav\u00e9s do Grupo de Trabalho que conta com a Rede de Atendimento \u00e0s Mulheres em Situa\u00e7\u00e3o de Viol\u00eancia e o Conselho Estadual de Defesa dos Direitos das Mulheres tendo como base a Lei Maria da Penha (Lei n. 11.340\/2006). O protocolo \u201cEi, merm\u00e3, n\u00e3o se cale!\u201d estabelece um canal \u00fanico denominado \u201cCentral de Acolhimento \u00e0&hellip;<\/p>\n","category_list":"","author_info":{"name":"mariabarros","url":"https:\/\/portal.pi.gov.br\/sempi\/author\/mariabarros\/"},"comments_num":"0 coment\u00e1rio","featured_image_urls_v2":{"full":"","thumbnail":"","medium":"","medium_large":"","large":"","sgg-420":"","sgg-540":"","sgg-780":"","1536x1536":"","2048x2048":"","homepage-slider":"","homepage-slider-small":"","page-top":"","page-small":"","loop-main":"","thumb-gallery-widget":""},"post_excerpt_stackable_v2":"<p>Durante o Mar\u00e7o Mulher de 2023, foi lan\u00e7ado o Protocolo \u201cEi merm\u00e3, N\u00e3o se Cale\u201d em parceria com a Secret\u00e1ria de Seguran\u00e7a P\u00fablica do Piau\u00ed, que visa a preven\u00e7\u00e3o e garante o atendimento de mulheres em situa\u00e7\u00e3o de viol\u00eancia de forma r\u00e1pida. Esse processo aconteceu atrav\u00e9s do Grupo de Trabalho que conta com a Rede de Atendimento \u00e0s Mulheres em Situa\u00e7\u00e3o de Viol\u00eancia e o Conselho Estadual de Defesa dos Direitos das Mulheres tendo como base a Lei Maria da Penha (Lei n. 11.340\/2006). O protocolo \u201cEi, merm\u00e3, n\u00e3o se cale!\u201d estabelece um canal \u00fanico denominado \u201cCentral de Acolhimento \u00e0&hellip;<\/p>\n","category_list_v2":"","author_info_v2":{"name":"mariabarros","url":"https:\/\/portal.pi.gov.br\/sempi\/author\/mariabarros\/"},"comments_num_v2":"0 coment\u00e1rio","_links":{"self":[{"href":"https:\/\/portal.pi.gov.br\/sempi\/wp-json\/wp\/v2\/pages\/3998"}],"collection":[{"href":"https:\/\/portal.pi.gov.br\/sempi\/wp-json\/wp\/v2\/pages"}],"about":[{"href":"https:\/\/portal.pi.gov.br\/sempi\/wp-json\/wp\/v2\/types\/page"}],"author":[{"embeddable":true,"href":"https:\/\/portal.pi.gov.br\/sempi\/wp-json\/wp\/v2\/users\/30"}],"replies":[{"embeddable":true,"href":"https:\/\/portal.pi.gov.br\/sempi\/wp-json\/wp\/v2\/comments?post=3998"}],"version-history":[{"count":4,"href":"https:\/\/portal.pi.gov.br\/sempi\/wp-json\/wp\/v2\/pages\/3998\/revisions"}],"predecessor-version":[{"id":6932,"href":"https:\/\/portal.pi.gov.br\/sempi\/wp-json\/wp\/v2\/pages\/3998\/revisions\/6932"}],"wp:attachment":[{"href":"https:\/\/portal.pi.gov.br\/sempi\/wp-json\/wp\/v2\/media?parent=3998"}],"curies":[{"name":"wp","href":"https:\/\/api.w.org\/{rel}","templated":true}]}}