{"id":616,"date":"2020-12-16T08:05:52","date_gmt":"2020-12-16T11:05:52","guid":{"rendered":"http:\/\/www2.pi.gov.br\/cepm\/?page_id=616"},"modified":"2022-04-04T10:21:13","modified_gmt":"2022-04-04T13:21:13","slug":"patrulha-maria-da-penha","status":"publish","type":"page","link":"https:\/\/portal.pi.gov.br\/sempi\/patrulha-maria-da-penha\/","title":{"rendered":"Patrulha Maria da Penha"},"content":{"rendered":"\n<figure class=\"wp-block-image size-full\"><img decoding=\"async\" loading=\"lazy\" width=\"205\" height=\"246\" src=\"https:\/\/portal.pi.gov.br\/cepm\/wp-content\/uploads\/sites\/23\/2022\/04\/patrulha.jpg\" alt=\"\" class=\"wp-image-2764\" \/><\/figure>\n\n\n\n<p>A Patrulha Maria da Penha \u00e9 um servi\u00e7o que tem como objetivo oferecer&nbsp;<strong>acompanhamento preventivo peri\u00f3dico<\/strong>&nbsp;e&nbsp;<strong>garantir maior prote\u00e7\u00e3o<\/strong>&nbsp;\u00e0s mulheres em situa\u00e7\u00e3o de viol\u00eancia dom\u00e9stica e familiar que&nbsp;<strong>possuem medidas protetivas de urg\u00eancia vigentes<\/strong>, baseadas na Lei 11.340\/2006 (Lei Maria da Penha).<\/p>\n\n\n\n<p>A a\u00e7\u00e3o da Patrulha Maria da Penha destina-se a atender especificamente os casos que a <strong>Lei Maria da Penha <\/strong>considera viol\u00eancia contra a mulher, em raz\u00e3o da vulnerabilidade e hipossufici\u00eancia de g\u00eanero ocorrido em \u00e2mbito dom\u00e9stico ou familiar. A Patrulha Maria da Penha <strong>atuar\u00e1<\/strong> a partir do <strong>deferimento da Medida Protetiva de Urg\u00eancia<\/strong> pelo Poder Judici\u00e1rio, com despacho de necessidade de acompanhamento da for\u00e7a policial at\u00e9 decis\u00e3o de extin\u00e7\u00e3o ou t\u00e9rmino do prazo de concess\u00e3o da Medida.<\/p>\n\n\n\n<p>Desta forma, <strong>o atendimento<\/strong> ocorre atrav\u00e9s da realiza\u00e7\u00e3o de visitas, as quais t\u00eam o objetivo de fiscalizar se as medidas protetivas de urg\u00eancia est\u00e3o sendo cumpridas pelo agressor\/acusado, bem como verificar a situa\u00e7\u00e3o familiar da v\u00edtima. Portanto, a atua\u00e7\u00e3o ocorre no p\u00f3s-delito, ao acompanhar o cumprimento da medida protetiva de urg\u00eancia, e, igualmente, atua na preven\u00e7\u00e3o, ao contribuir para a quebra do ciclo de viol\u00eancia e impedir que os atos violentos se perpetuem na fam\u00edlia e nas futuras gera\u00e7\u00f5es.<\/p>\n\n\n\n<p>As mulheres podem solicitar a presen\u00e7a dos policiais pelo 190 ou ligar no n\u00famero <strong>\u00a086 9 9414 8857.<\/strong><\/p>\n\n\n\n<figure class=\"wp-block-embed is-type-video is-provider-youtube wp-block-embed-youtube wp-embed-aspect-16-9 wp-has-aspect-ratio\"><div class=\"wp-block-embed__wrapper\">\n<iframe loading=\"lazy\" title=\"Salve Maria\" width=\"887\" height=\"499\" src=\"https:\/\/www.youtube.com\/embed\/4OQ9DVbolDg?feature=oembed\" frameborder=\"0\" allow=\"accelerometer; autoplay; clipboard-write; encrypted-media; gyroscope; picture-in-picture\" allowfullscreen><\/iframe>\n<\/div><\/figure>\n","protected":false},"excerpt":{"rendered":"<p>A Patrulha Maria da Penha \u00e9 um servi\u00e7o que tem como objetivo oferecer&nbsp;acompanhamento preventivo peri\u00f3dico&nbsp;e&nbsp;garantir maior prote\u00e7\u00e3o&nbsp;\u00e0s mulheres em situa\u00e7\u00e3o de viol\u00eancia dom\u00e9stica e familiar que&nbsp;possuem medidas protetivas de urg\u00eancia [&hellip;]<\/p>\n","protected":false},"author":1,"featured_media":0,"parent":0,"menu_order":0,"comment_status":"closed","ping_status":"closed","template":"template-fullwidth.php","meta":[],"featured_image_urls":{"full":"","thumbnail":"","medium":"","medium_large":"","large":"","sgg-420":"","sgg-540":"","sgg-780":"","1536x1536":"","2048x2048":"","homepage-slider":"","homepage-slider-small":"","page-top":"","page-small":"","loop-main":"","thumb-gallery-widget":""},"post_excerpt_stackable":"<p>A Patrulha Maria da Penha \u00e9 um servi\u00e7o que tem como objetivo oferecer&nbsp;acompanhamento preventivo peri\u00f3dico&nbsp;e&nbsp;garantir maior prote\u00e7\u00e3o&nbsp;\u00e0s mulheres em situa\u00e7\u00e3o de viol\u00eancia dom\u00e9stica e familiar que&nbsp;possuem medidas protetivas de urg\u00eancia vigentes, baseadas na Lei 11.340\/2006 (Lei Maria da Penha). A a\u00e7\u00e3o da Patrulha Maria da Penha destina-se a atender especificamente os casos que a Lei Maria da Penha considera viol\u00eancia contra a mulher, em raz\u00e3o da vulnerabilidade e hipossufici\u00eancia de g\u00eanero ocorrido em \u00e2mbito dom\u00e9stico ou familiar. A Patrulha Maria da Penha atuar\u00e1 a partir do deferimento da Medida Protetiva de Urg\u00eancia pelo Poder Judici\u00e1rio, com despacho de necessidade de&hellip;<\/p>\n","category_list":"","author_info":{"name":"admin","url":"https:\/\/portal.pi.gov.br\/sempi\/author\/admin\/"},"comments_num":"0 coment\u00e1rio","featured_image_urls_v2":{"full":"","thumbnail":"","medium":"","medium_large":"","large":"","sgg-420":"","sgg-540":"","sgg-780":"","1536x1536":"","2048x2048":"","homepage-slider":"","homepage-slider-small":"","page-top":"","page-small":"","loop-main":"","thumb-gallery-widget":""},"post_excerpt_stackable_v2":"<p>A Patrulha Maria da Penha \u00e9 um servi\u00e7o que tem como objetivo oferecer&nbsp;acompanhamento preventivo peri\u00f3dico&nbsp;e&nbsp;garantir maior prote\u00e7\u00e3o&nbsp;\u00e0s mulheres em situa\u00e7\u00e3o de viol\u00eancia dom\u00e9stica e familiar que&nbsp;possuem medidas protetivas de urg\u00eancia vigentes, baseadas na Lei 11.340\/2006 (Lei Maria da Penha). A a\u00e7\u00e3o da Patrulha Maria da Penha destina-se a atender especificamente os casos que a Lei Maria da Penha considera viol\u00eancia contra a mulher, em raz\u00e3o da vulnerabilidade e hipossufici\u00eancia de g\u00eanero ocorrido em \u00e2mbito dom\u00e9stico ou familiar. A Patrulha Maria da Penha atuar\u00e1 a partir do deferimento da Medida Protetiva de Urg\u00eancia pelo Poder Judici\u00e1rio, com despacho de necessidade de&hellip;<\/p>\n","category_list_v2":"","author_info_v2":{"name":"admin","url":"https:\/\/portal.pi.gov.br\/sempi\/author\/admin\/"},"comments_num_v2":"0 coment\u00e1rio","_links":{"self":[{"href":"https:\/\/portal.pi.gov.br\/sempi\/wp-json\/wp\/v2\/pages\/616"}],"collection":[{"href":"https:\/\/portal.pi.gov.br\/sempi\/wp-json\/wp\/v2\/pages"}],"about":[{"href":"https:\/\/portal.pi.gov.br\/sempi\/wp-json\/wp\/v2\/types\/page"}],"author":[{"embeddable":true,"href":"https:\/\/portal.pi.gov.br\/sempi\/wp-json\/wp\/v2\/users\/1"}],"replies":[{"embeddable":true,"href":"https:\/\/portal.pi.gov.br\/sempi\/wp-json\/wp\/v2\/comments?post=616"}],"version-history":[{"count":7,"href":"https:\/\/portal.pi.gov.br\/sempi\/wp-json\/wp\/v2\/pages\/616\/revisions"}],"predecessor-version":[{"id":2804,"href":"https:\/\/portal.pi.gov.br\/sempi\/wp-json\/wp\/v2\/pages\/616\/revisions\/2804"}],"wp:attachment":[{"href":"https:\/\/portal.pi.gov.br\/sempi\/wp-json\/wp\/v2\/media?parent=616"}],"curies":[{"name":"wp","href":"https:\/\/api.w.org\/{rel}","templated":true}]}}