{"id":618,"date":"2020-12-16T08:06:22","date_gmt":"2020-12-16T11:06:22","guid":{"rendered":"http:\/\/www2.pi.gov.br\/cepm\/?page_id=618"},"modified":"2021-02-27T12:28:31","modified_gmt":"2021-02-27T15:28:31","slug":"servicos-de-saude","status":"publish","type":"page","link":"https:\/\/portal.pi.gov.br\/sempi\/servicos-de-saude\/","title":{"rendered":"Servi\u00e7os de Sa\u00fade"},"content":{"rendered":"\n<p><strong>COORDENA\u00c7\u00c3O DE SA\u00daDE DA MULHER\/GAS\/DUVAS<\/strong><\/p>\n\n\n\n<p><strong>MISS\u00c3O:&nbsp;<\/strong>Executar a\u00e7\u00f5es dirigidas para o atendimento global das necessidades priorit\u00e1rias do grupo populacional feminino acima de 10 anos, com vistas \u00e0 redu\u00e7\u00e3o da sua morbimortalidade especialmente por causas evit\u00e1veis<strong>.<\/strong><\/p>\n\n\n\n<p><strong>VIS\u00c3O<\/strong>: A\u00e7\u00f5es voltadas para aten\u00e7\u00e3o Cl\u00ednico-ginecol\u00f3gica; Planejamento familiar; Aten\u00e7\u00e3o obst\u00e9trica e neonatal qualificada e humanizada; Aten\u00e7\u00e3o em situa\u00e7\u00e3o de viol\u00eancia domestica e sexual; Redu\u00e7\u00e3o do c\u00e2ncer de colo e mama e promo\u00e7\u00e3o de a\u00e7\u00f5es voltadas para a mulher no climat\u00e9rio, na terceira idade, negras, ind\u00edgenas, do campo e da cidade e as presidi\u00e1rias.<\/p>\n\n\n\n<p><strong>POL\u00cdTICA DE ATEN\u00c7\u00c3O \u00c0 SA\u00daDE DA MULHER<\/strong><\/p>\n\n\n\n<p><strong>OBJETIVOS GERAIS:<\/strong><\/p>\n\n\n\n<ul><li>PROMOVER A MELHORIA DAS CONDI\u00c7\u00d5ES DE VIDA E SA\u00daDE<\/li><li><strong>REDUZIR A MORBIMORTALIDADE, ESPECIALMENTE POR CAUSAS EVIT\u00c1VEIS<\/strong><\/li><li>AMPLIAR, QUALIFICAR E HUMANIZAR A ATEN\u00c7\u00c3O \u00c0 SA\u00daDE DA MULHER NO SUS<\/li><\/ul>\n\n\n\n<p><strong>OBJETIVOS ESPEC\u00cdFICOS<\/strong><\/p>\n\n\n\n<ul><li>Ampliar e qualificar a aten\u00e7\u00e3o cl\u00ednica ginecol\u00f3gica, inclusive para as portadoras da infec\u00e7\u00e3o pelo HIV e outras DST\u2019s;<\/li><li><strong>Estimular a implanta\u00e7\u00e3o e implementa\u00e7\u00e3o do planejamento familiar;<\/strong><\/li><li>Promover a aten\u00e7\u00e3o obst\u00e9trica e neonatal, qualificada e humanizada, incluindo a assist\u00eancia ao abortamento em condi\u00e7\u00f5es inseguras;<\/li><li><strong>Promover a aten\u00e7\u00e3o \u00e0s mulheres em situa\u00e7\u00e3o de viol\u00eancia dom\u00e9stica e sexual;<\/strong><\/li><li>Promover conjuntamente com o programa nacional de DST\/AIDS, a preven\u00e7\u00e3o e o controle das DST\/AIDS;<\/li><li><strong>Reduzir a morbimortalidade por c\u00e2ncer;<\/strong><\/li><li>Implantar um modelo de aten\u00e7\u00e3o \u00e0 sa\u00fade mental das mulheres sob o enfoque de g\u00eanero;<\/li><li><strong>Implantar e implementar a aten\u00e7\u00e3o \u00e0 sa\u00fade da mulher no climat\u00e9rio;<\/strong><\/li><li>Promover a aten\u00e7\u00e3o \u00e0 sa\u00fade da mulher na terceira idade;<\/li><li>Promover a aten\u00e7\u00e3o \u00e0 sa\u00fade da mulher negra;<\/li><li><strong>Promover a aten\u00e7\u00e3o \u00e0 sa\u00fade das trabalhadoras do campo e da cidade;<\/strong><\/li><li>Promover a aten\u00e7\u00e3o \u00e0 sa\u00fade da mulher ind\u00edgena;<\/li><li><strong>Promover a aten\u00e7\u00e3o \u00e0 sa\u00fade das mulheres em situa\u00e7\u00e3o de pris\u00e3o, incluindo a\u00e7\u00f5es de preven\u00e7\u00e3o das DST \/ AIDS;<\/strong><\/li><li>Fortalecer a participa\u00e7\u00e3o e o controle social na defini\u00e7\u00e3o e implementa\u00e7\u00e3o das pol\u00edticas de sa\u00fade da mulher.<\/li><\/ul>\n\n\n\n<hr class=\"wp-block-separator\" \/>\n\n\n\n<p><strong>ATRIBUI\u00c7\u00d5ES DAS SUPERVIS\u00d5ES DA COORDENA\u00c7\u00c3O<\/strong><\/p>\n\n\n\n<p><strong>1- SUPERVIS\u00c3O DE MORTALIDADE MATERNA<\/strong><\/p>\n\n\n\n<p><strong>OBJETIVOS<\/strong>:\u00a0<\/p>\n\n\n\n<ul><li>Realizar a vigil\u00e2ncia do \u00d3bito Materno;<\/li><li>Monitorar a investiga\u00e7\u00e3o dos \u00f3bitos de MIFs e maternos junto \u00e0s SMS;<\/li><li>Monitorar os \u00f3bitos atrav\u00e9s do SIM\/Web;<\/li><li>Consolidar as informa\u00e7\u00f5es sobre morbimortalidade materna;<\/li><li>Produzir boletim informativo sobre mortalidade materna no Estado,<\/li><li>Monitorar os indicadores da aten\u00e7\u00e3o b\u00e1sica relativos \u00e0 sa\u00fade das mulheres;<\/li><li>Supervisionar e avaliar a qualidade da aten\u00e7\u00e3o ao parto nas maternidades;<\/li><li>Planejar a\u00e7\u00f5es que possam intervir na situa\u00e7\u00e3o encontrada;<\/li><li>Compor o Comit\u00ea de Preven\u00e7\u00e3o da Mortalidade Materna.<\/li><\/ul>\n\n\n\n<p><strong>2- SUPERVIS\u00c3O DA VIOL\u00caNCIA \u00c0 MULHER<\/strong><\/p>\n\n\n\n<p><strong>OBJETIVOS:<\/strong><\/p>\n\n\n\n<ul><li>Realizar a vigil\u00e2ncia dos casos de viol\u00eancia atendidos em todos os SAMVVIS- Servi\u00e7o de Aten\u00e7\u00e3o \u00e0s Mulheres V\u00edtimas de Viol\u00eancia Sexual;<\/li><li>Monitorar os casos de viol\u00eancia atrav\u00e9s da notifica\u00e7\u00e3o mensal no SINAN-NET;<\/li><li>Consolidar e divulgar mensalmente para o MS e as Institui\u00e7\u00f5es parceiras na Rede de Aten\u00e7\u00e3o, as informa\u00e7\u00f5es sobre os casos de viol\u00eancia sexual no Estado;<\/li><li>Elaborar projetos e propostas para captar recursos financeiros nas v\u00e1rias \u00e1reas e n\u00edveis de governo, para aquisi\u00e7\u00e3o de equipamentos, medicamentos, insumos e qualifica\u00e7\u00e3o dos profissionais e outros;<\/li><li>Qualificar os profissionais dos servi\u00e7os, para aten\u00e7\u00e3o as pessoas v\u00edtimas de viol\u00eancia sexual, no contexto da Rede de Aten\u00e7\u00e3o;<\/li><li>Ampliar o n\u00ba de SAMVVIS;<\/li><li>Realizar supervis\u00e3o e avalia\u00e7\u00e3o nos SAMVVIS, semestralmente;<\/li><li>Realizar reuni\u00e3o trimestral com os representantes da Rede de Aten\u00e7\u00e3o.<\/li><\/ul>\n\n\n\n<p><strong>3- SUPERVIS\u00c3O DE REDE DA ATEN\u00c7\u00c3O \u00c0 MULHER<\/strong><\/p>\n\n\n\n<p><strong>OBJETIVOS:<\/strong><\/p>\n\n\n\n<ul><li>Monitorar o funcionamento dos servi\u00e7os de sa\u00fade e o desenvolvimento das a\u00e7\u00f5es destinadas \u00e0s mulheres em todos os n\u00edveis de complexidade;<\/li><li>Manter articula\u00e7\u00e3o permanente na forma\u00e7\u00e3o e integra\u00e7\u00e3o de rede de aten\u00e7\u00e3o \u00e0s mulheres:<ul><li>Rede Aten\u00e7\u00e3o Oncol\u00f3gica<\/li><li>Rede Aten\u00e7\u00e3o Obst\u00e9trica<\/li><li>Rede nas Situa\u00e7\u00f5es de Viol\u00eancia.<\/li><\/ul><\/li><li>Apoiar \u00e0 organiza\u00e7\u00e3o dos servi\u00e7os de aten\u00e7\u00e3o as mulheres em parceria com os Servi\u00e7os de Sa\u00fade de todos os n\u00edveis de complexidade e SMS, em conjunto com as Institui\u00e7\u00f5es que comp\u00f5em a rede de aten\u00e7\u00e3o;<\/li><li>Avaliar a qualidade dos servi\u00e7os de aten\u00e7\u00e3o as mulheres, propor medidas de solu\u00e7\u00e3o e acompanhar o andamento dos processos de trabalho.<\/li><li>Propor a\u00e7\u00f5es de promo\u00e7\u00e3o \u00e0 sa\u00fade das mulheres negras, trabalhadoras rurais e em situa\u00e7\u00e3o de pris\u00e3o.<\/li><\/ul>\n\n\n\n<p><strong>4 &#8211; SUPERVIS\u00c3O PR\u00c9-NATAL, PARTO E PUERP\u00c9RIO<\/strong><\/p>\n\n\n\n<p><strong>OBJETIVOS:<\/strong><\/p>\n\n\n\n<ul><li>Realizar treinamento para qualifica\u00e7\u00e3o de recursos humanos na aten\u00e7\u00e3o obst\u00e9trica e no planejamento familiar;<\/li><li>Monitorar o trabalho das parteiras tradicionais;<\/li><li>Acompanhar os indicadores da aten\u00e7\u00e3o b\u00e1sica relativos \u00e0 consulta de pr\u00e9-natal, taxa de cesariana, s\u00edfilis cong\u00eanita, abortos e \u00f3bitos maternos;<\/li><li>Monitorar o PHPN \/ Sisprenatal com todos os indicadores;<\/li><li>Monitorar as a\u00e7\u00f5es de planejamento familiar, a distribui\u00e7\u00e3o dos anticoncepcionais e o controle de estoque no Estado, em parceria com a farm\u00e1cia;<\/li><li>Supervisionar os servi\u00e7os de planejamento familiar e orientar a organiza\u00e7\u00e3o dos servi\u00e7os conforme a legisla\u00e7\u00e3o vigente;<\/li><li>Elaborar projetos para aquisi\u00e7\u00e3o de recursos financeiros para esta \u00e1rea;<\/li><li>Acompanhar os indicadores de mortalidade materna, avaliando as causas, os fatores determinantes e propor medidas de interven\u00e7\u00e3o<\/li><\/ul>\n\n\n\n<p><strong>5 &#8211; SUPERVIS\u00c3O DO C\u00c2NCER GINECOL\u00d3GICO, MAMA e CLIMAT\u00c9RIO<\/strong><\/p>\n\n\n\n<p><strong>OBJETIVOS:<\/strong><\/p>\n\n\n\n<ul><li>Realizar treinamentos de recursos humanos na \u00e1rea de climat\u00e9rio e preven\u00e7\u00e3o do c\u00e2ncer de colo e mama;<\/li><li>Acompanhar os indicadores da aten\u00e7\u00e3o b\u00e1sica relativos ao c\u00e2ncer de colo e mama;<\/li><li>Monitorar o SISCOLO e SISMAMA (importa\u00e7\u00e3o e exporta\u00e7\u00e3o);<\/li><li>Monitorar o Controle de Qualidade dos exames (LACEN E RAUL);<\/li><li>Monitorar o seguimento das mulheres junto as SMS;<\/li><li>Elaborar projetos para aquisi\u00e7\u00e3o de recursos financeiros para esta \u00e1rea;<\/li><li>Manter articula\u00e7\u00e3o permanente na forma\u00e7\u00e3o e integra\u00e7\u00e3o da rede de aten\u00e7\u00e3o \u00e0s mulheres:<\/li><li>&#8211; Rede Aten\u00e7\u00e3o Oncol\u00f3gica<\/li><li>Organizar os servi\u00e7os de aten\u00e7\u00e3o \u00e0s mulheres no controle do c\u00e2ncer de colo e mama em parceria com as SMS de todos os n\u00edveis de complexidade e SMS;<\/li><li>Consolidar os dados mensalmente e elaborar relat\u00f3rios;<\/li><li>Apoiar as campanhas e outras a\u00e7\u00f5es dos munic\u00edpios;<\/li><li>Realizar supervis\u00e3o nos hospitais\/munic\u00edpios p\u00f3los de refer\u00eancia para diagn\u00f3stico secund\u00e1rio de c\u00e2ncer de colo e mama.<\/li><\/ul>\n\n\n\n<p><strong>Link:<\/strong>http:\/\/www.saude.pi.gov.br\/paginas\/saude-da-mulher<\/p>\n\n\n\n<div class=\"wp-block-file\"><a href=\"http:\/\/www2.pi.gov.br\/cepm\/wp-content\/uploads\/sites\/23\/2021\/02\/ERRATA-SOBRE-AS-LINHAS-GERAIS-PARA-QUALIFICACAO-DO-CUIDADO-PRE-NATAL.pdf\">ERRATA-SOBRE-AS-LINHAS-GERAIS-PARA-QUALIFICACAO-DO-CUIDADO-PRE-NATAL<\/a><a href=\"http:\/\/www2.pi.gov.br\/cepm\/wp-content\/uploads\/sites\/23\/2021\/02\/ERRATA-SOBRE-AS-LINHAS-GERAIS-PARA-QUALIFICACAO-DO-CUIDADO-PRE-NATAL.pdf\" class=\"wp-block-file__button\" download>Baixar<\/a><\/div>\n\n\n\n<div class=\"wp-block-file\"><a href=\"http:\/\/www2.pi.gov.br\/cepm\/wp-content\/uploads\/sites\/23\/2021\/02\/FICHA-DE-CLASSIFICACAO-DE-RISCO-DA-GESTANTE-n01-1.pdf\">FICHA-DE-CLASSIFICACAO-DE-RISCO-DA-GESTANTE-n01-1<\/a><a href=\"http:\/\/www2.pi.gov.br\/cepm\/wp-content\/uploads\/sites\/23\/2021\/02\/FICHA-DE-CLASSIFICACAO-DE-RISCO-DA-GESTANTE-n01-1.pdf\" class=\"wp-block-file__button\" download>Baixar<\/a><\/div>\n\n\n\n\n","protected":false},"excerpt":{"rendered":"<p>COORDENA\u00c7\u00c3O DE SA\u00daDE DA MULHER\/GAS\/DUVAS MISS\u00c3O:&nbsp;Executar a\u00e7\u00f5es dirigidas para o atendimento global das necessidades priorit\u00e1rias do grupo populacional feminino acima de 10 anos, com vistas \u00e0 redu\u00e7\u00e3o da sua morbimortalidade [&hellip;]<\/p>\n","protected":false},"author":1,"featured_media":0,"parent":0,"menu_order":0,"comment_status":"closed","ping_status":"closed","template":"template-fullwidth.php","meta":[],"featured_image_urls":{"full":"","thumbnail":"","medium":"","medium_large":"","large":"","sgg-420":"","sgg-540":"","sgg-780":"","1536x1536":"","2048x2048":"","homepage-slider":"","homepage-slider-small":"","page-top":"","page-small":"","loop-main":"","thumb-gallery-widget":""},"post_excerpt_stackable":"<p>COORDENA\u00c7\u00c3O DE SA\u00daDE DA MULHER\/GAS\/DUVAS MISS\u00c3O:&nbsp;Executar a\u00e7\u00f5es dirigidas para o atendimento global das necessidades priorit\u00e1rias do grupo populacional feminino acima de 10 anos, com vistas \u00e0 redu\u00e7\u00e3o da sua morbimortalidade especialmente por causas evit\u00e1veis. VIS\u00c3O: A\u00e7\u00f5es voltadas para aten\u00e7\u00e3o Cl\u00ednico-ginecol\u00f3gica; Planejamento familiar; Aten\u00e7\u00e3o obst\u00e9trica e neonatal qualificada e humanizada; Aten\u00e7\u00e3o em situa\u00e7\u00e3o de viol\u00eancia domestica e sexual; Redu\u00e7\u00e3o do c\u00e2ncer de colo e mama e promo\u00e7\u00e3o de a\u00e7\u00f5es voltadas para a mulher no climat\u00e9rio, na terceira idade, negras, ind\u00edgenas, do campo e da cidade e as presidi\u00e1rias. POL\u00cdTICA DE ATEN\u00c7\u00c3O \u00c0 SA\u00daDE DA MULHER OBJETIVOS GERAIS: PROMOVER A MELHORIA DAS&hellip;<\/p>\n","category_list":"","author_info":{"name":"admin","url":"https:\/\/portal.pi.gov.br\/sempi\/author\/admin\/"},"comments_num":"0 coment\u00e1rio","featured_image_urls_v2":{"full":"","thumbnail":"","medium":"","medium_large":"","large":"","sgg-420":"","sgg-540":"","sgg-780":"","1536x1536":"","2048x2048":"","homepage-slider":"","homepage-slider-small":"","page-top":"","page-small":"","loop-main":"","thumb-gallery-widget":""},"post_excerpt_stackable_v2":"<p>COORDENA\u00c7\u00c3O DE SA\u00daDE DA MULHER\/GAS\/DUVAS MISS\u00c3O:&nbsp;Executar a\u00e7\u00f5es dirigidas para o atendimento global das necessidades priorit\u00e1rias do grupo populacional feminino acima de 10 anos, com vistas \u00e0 redu\u00e7\u00e3o da sua morbimortalidade especialmente por causas evit\u00e1veis. VIS\u00c3O: A\u00e7\u00f5es voltadas para aten\u00e7\u00e3o Cl\u00ednico-ginecol\u00f3gica; Planejamento familiar; Aten\u00e7\u00e3o obst\u00e9trica e neonatal qualificada e humanizada; Aten\u00e7\u00e3o em situa\u00e7\u00e3o de viol\u00eancia domestica e sexual; Redu\u00e7\u00e3o do c\u00e2ncer de colo e mama e promo\u00e7\u00e3o de a\u00e7\u00f5es voltadas para a mulher no climat\u00e9rio, na terceira idade, negras, ind\u00edgenas, do campo e da cidade e as presidi\u00e1rias. POL\u00cdTICA DE ATEN\u00c7\u00c3O \u00c0 SA\u00daDE DA MULHER OBJETIVOS GERAIS: PROMOVER A MELHORIA DAS&hellip;<\/p>\n","category_list_v2":"","author_info_v2":{"name":"admin","url":"https:\/\/portal.pi.gov.br\/sempi\/author\/admin\/"},"comments_num_v2":"0 coment\u00e1rio","_links":{"self":[{"href":"https:\/\/portal.pi.gov.br\/sempi\/wp-json\/wp\/v2\/pages\/618"}],"collection":[{"href":"https:\/\/portal.pi.gov.br\/sempi\/wp-json\/wp\/v2\/pages"}],"about":[{"href":"https:\/\/portal.pi.gov.br\/sempi\/wp-json\/wp\/v2\/types\/page"}],"author":[{"embeddable":true,"href":"https:\/\/portal.pi.gov.br\/sempi\/wp-json\/wp\/v2\/users\/1"}],"replies":[{"embeddable":true,"href":"https:\/\/portal.pi.gov.br\/sempi\/wp-json\/wp\/v2\/comments?post=618"}],"version-history":[{"count":2,"href":"https:\/\/portal.pi.gov.br\/sempi\/wp-json\/wp\/v2\/pages\/618\/revisions"}],"predecessor-version":[{"id":874,"href":"https:\/\/portal.pi.gov.br\/sempi\/wp-json\/wp\/v2\/pages\/618\/revisions\/874"}],"wp:attachment":[{"href":"https:\/\/portal.pi.gov.br\/sempi\/wp-json\/wp\/v2\/media?parent=618"}],"curies":[{"name":"wp","href":"https:\/\/api.w.org\/{rel}","templated":true}]}}