{"id":620,"date":"2020-12-16T08:06:46","date_gmt":"2020-12-16T11:06:46","guid":{"rendered":"http:\/\/www2.pi.gov.br\/cepm\/?page_id=620"},"modified":"2024-06-11T12:50:35","modified_gmt":"2024-06-11T15:50:35","slug":"deams","status":"publish","type":"page","link":"https:\/\/portal.pi.gov.br\/sempi\/deams\/","title":{"rendered":"DEAM&#8217;S"},"content":{"rendered":"\n<div class=\"wp-block-stackable-heading stk-block-heading stk-block-heading--v2 stk-block stk-c222f31\" id=\"a-href-https-delegaciavirtual-sinesp-gov-br-portal-target-blank-rel-noreferrer-noopener-faca-o-boletim-de-ocorrencia-b-o-a\" data-block-id=\"c222f31\"><h2 class=\"stk-block-heading__text\"><a href=\"https:\/\/delegaciavirtual.sinesp.gov.br\/portal\/\" target=\"_blank\" rel=\"noreferrer noopener\">Fa\u00e7a o boletim de ocorr\u00eancia &#8211; B.O.<\/a><\/h2><\/div>\n\n\n\n<p><\/p>\n\n\n\n<p>1-<strong> DELEGACIA DE PROTE\u00c7\u00c3O DOS DIREITOS DA MULHER- DEAM- CENTRO<\/strong><\/p>\n\n\n\n<p>ENDERE\u00c7O: Rua 24 de Janeiro, 500, Centro- Norte, Teresina-PI<\/p>\n\n\n\n<p>TELEFONE(86) 3222-2323<\/p>\n\n\n\n<p>DELEGADA: Maria Vilma Alves da Silva <\/p>\n\n\n\n<p>EMAIL: deamcentro.te@pc.pi.gov.br<\/p>\n\n\n\n<p>CIRCUNSCRI\u00c7\u00c3O: Abrange a zona centro de Teresina- Pi.&nbsp;<\/p>\n\n\n\n<p><\/p>\n\n\n\n<p><strong>2-DELEGACIA DE PROTE\u00c7\u00c3O DOS DIREITOS DA MULHER-DEAM-SUDESTE<\/strong><\/p>\n\n\n\n<p>ENDERE\u00c7O: Conj. Dirceu Arcoverde (por tr\u00e1s 8\u00b0- DP), Teresina-PI TELEFONE: (86) 3216-1572<\/p>\n\n\n\n<p>DELEGADA: Alexsandra de Sousa AIVe5 da Silva<\/p>\n\n\n\n<p>EMAIL: <a href=\"mailto:deamcentro.te@pe.pi.gov.br\">deamcentro.te@pe.pi.gov.br<\/a><\/p>\n\n\n\n<p>CIRCUNSCRI\u00c7\u00c3O =&gt; Abrange a zona sudeste de Teresina-PI.<\/p>\n\n\n\n<p><\/p>\n\n\n\n<p>3-<strong>DELEGACIA DE PROTE\u00c7\u00c3O DOS DIREITOS DA MULHER-DEAM-NORTE<\/strong> <\/p>\n\n\n\n<p>ENDERE\u00c7O: Rua Bom Jesus, s\/n, bairro Buenos Aires, Teresina-PI TELEFONE: (86) 3225-4597<\/p>\n\n\n\n<p>DELEGADA: Cl\u00e1udia Elisa Ribeiro Pinheiro EMAIL: <a href=\"mailto:deamnorte.te@pc.pi.gov.br\">deamnorte.te@pc.pi.gov.br<\/a><\/p>\n\n\n\n<p>CIRCUNSCRI\u00c7\u00c3O =&gt; Abrange a zona norte de Teresina-PI<\/p>\n\n\n\n<p><\/p>\n\n\n\n<p><strong>4-DELEGACIA DE PROTE\u00c7\u00c3O<\/strong> <strong>DOS DIREITOS DA MULHER-DEAM-SUL<\/strong><\/p>\n\n\n\n<p>ENDERE\u00c7O: Rua Mal. Hermes da Fonseca, s\/n, Pra\u00e7a da Integra\u00e7\u00e3o, Conjunto Parque Piaui, Teresina-PI<\/p>\n\n\n\n<p>TELEFONE: (86) 3220-3858<\/p>\n\n\n\n<p>DELEGADA: Thais Lages Paz EMAIL: <a href=\"mailto:deamsul.te@pe.pi.gov.br\">deamsul.te@pe.pi.gov.br<\/a><\/p>\n\n\n\n<p>CIRCUNSCRI\u00c7\u00c3O =&gt; Abrange a zona sul&nbsp; de Teresina-PI.<\/p>\n\n\n\n<p><\/p>\n\n\n\n<p><strong>5-DELEGACIA DE REPRESS\u00c3O AOS CRIMES DE TR\u00c2NSITO-DRC<\/strong><\/p>\n\n\n\n<p>ENDERE\u00c7O: Rua 24 de Janeiro, 500, Centro-Norte, Teresina-PI TELEFONE: (86) 3216-5283<\/p>\n\n\n\n<p>DELEGADA: Erika Mour\u00e1o Melo de Aguiar<\/p>\n\n\n\n<p>EMAIL: <a href=\"mailto:emmelo@pe.pi.gov.br\">emmelo@pe.pi.gov.br<\/a><\/p>\n\n\n\n<p>CIRCUNSCRI\u00c7\u00c3O =&gt; Abrange toda a cidade de Teresina-PI.<\/p>\n\n\n\n<p><\/p>\n\n\n\n<p><strong>6- DELEGACIA DE POL\u00cdCIA INTERESTADUAL- POLINTER<\/strong><\/p>\n\n\n\n<p>ENDERE\u00c7O: Quadra 192, Conj. Dirceu Arcoverde II, Teresina-PI <\/p>\n\n\n\n<p>TELEFONE: (86) 3216-5306<\/p>\n\n\n\n<p>DELEGADO COORDENADOR: Everton Ferreira de AImeida Ferrer <\/p>\n\n\n\n<p>EMAIL: <a href=\"mailto:polinter@pc.pi.gov.br\">polinter@pc.pi.gov.br<\/a> <\/p>\n\n\n\n<p>CIRCUNSCRI\u00c7\u00c3O =&gt; Abrange todo o estado do Piau\u00ed.<\/p>\n\n\n\n<p><\/p>\n\n\n\n<p>7-<strong>DELEGACIA DE SEGURAN\u00c7A E PROTE\u00c7AO AO IDOSO &#8211; DSPI<\/strong><\/p>\n\n\n\n<p>ENDERE\u00c7O: Rua 24 de Janeiro, 500, Centro-Norte, Teresina-PI<\/p>\n\n\n\n<p>TELEFONE: (86) 3216-5251<\/p>\n\n\n\n<p>DELEGADA: Daniela Barros Tavares de Melo<\/p>\n\n\n\n<p>EMAIL: <a href=\"mailto:dspi.te@pc.pi.gov.br\">dspi.te@pc.pi.gov.br<\/a> CIRCUNSCRI\u00c7\u00c3O =&gt; Abrange toda a cidade de Tereslna-PI.<\/p>\n\n\n\n<p><\/p>\n\n\n\n<p><strong>8-DELEGACIA DE HOMIC\u00cdDIOS \u2014 DHPP<\/strong><\/p>\n\n\n\n<p>ENDERE\u00c7O: Av. Pedro Freitas, s\/n, Centro AdministratiVO, B. Vermelha, Teresina-PI<\/p>\n\n\n\n<p>TELEFONES (86) 3211-6682<\/p>\n\n\n\n<p>DELEGADO COORDENADOR: Francisco das Chagas Santos Costa EMAIL: <a href=\"mailto:dhpp.te@pc.pi.gov.br\">dhpp.te@pc.pi.gov.br<\/a><\/p>\n\n\n\n<p>CIRCUNSCRI\u00c7\u00c3O =&gt; Abrange todo o Estado do Piau\u00ed;<\/p>\n\n\n\n<p><\/p>\n\n\n\n<p>9-<strong>DELEGACIA DE REPRESS\u00c3O AOS CRIMES DE INFORM\u00c1TICA-DRCI&nbsp;<\/strong>&nbsp;&nbsp; <\/p>\n\n\n\n<p>ENDERE\u00c7O: Rua Prata, 358 bairro pi\u00e7arra, Teresina-PI<\/p>\n\n\n\n<p>TELEFONE: (86) 3216-5275 <\/p>\n\n\n\n<p>DELEGADA: Ad\u00edlia Klein Acioli Guerra<\/p>\n\n\n\n<p> CIRCUNSCRI\u00c7\u00c3O =&gt; Abrange todo o estado do Piau\u00cd<\/p>\n\n\n\n<p><\/p>\n\n\n\n<p><strong>10-N\u00daCLEO INVESTIGATIVO DE DE FEMINIC\u00cdDIOS<\/strong><\/p>\n\n\n\n<p>ENDERE\u00c7O: Av. Pedro Freitas, s\/n, Centro Administrativo, B. Vermelha, Teresina-PI<\/p>\n\n\n\n<p>TELEFONES (86) 3211-6682<\/p>\n\n\n\n<p>DELEGADA: Luana Alves Rocha Vieira<\/p>\n\n\n\n<p>EMAIL: <a href=\"mailto:luana.\\\/ieira@pc.pi.gov.br\">luana.\\\/ieira @pc.pi.gov.br<\/a><\/p>\n\n\n\n<p>CIRCUNSCRI\u00c7\u00c3O =&gt; Abrange todo o estado do Piau\u00ed<\/p>\n\n\n\n<p><\/p>\n\n\n\n<p><strong>11-DEPARTAMENTO ESTADUAL DE PROTE\u00c7\u00c3O \u00c0 MULHER<\/strong><\/p>\n\n\n\n<p>ENDERE\u00c7O: Rua Mal. Hermes da Fonseca, s\/n, Pra\u00e7a da Integra\u00e7\u00e3o, Conjunto Parque Piaui, Teresina-PI<\/p>\n\n\n\n<p>TELEFONE: (86) 3220-3858<\/p>\n\n\n\n<p>DELEGADA: Anamelka Albuquerque Cadena <\/p>\n\n\n\n<p>CIRCUNSCRI\u00c7\u00c3O =&gt; A\u00f5range todo o estado do Piau\u00ed.<\/p>\n\n\n\n<div class=\"wp-block-file\"><a id=\"wp-block-file--media-c0398a44-bc06-4e87-baf8-5efc00a8dba5\" href=\"http:\/\/portal.pi.gov.br\/cepm\/wp-content\/uploads\/sites\/23\/2021\/03\/DEAMs-TERESINA-arquivo-cepm-1.pdf\"><strong><em> Acesse o Link : <\/em><\/strong>DEAMs-TERESINA-arquivo-cepm-1<\/a><a href=\"http:\/\/portal.pi.gov.br\/cepm\/wp-content\/uploads\/sites\/23\/2021\/03\/DEAMs-TERESINA-arquivo-cepm-1.pdf\" class=\"wp-block-file__button wp-element-button\" download aria-describedby=\"wp-block-file--media-c0398a44-bc06-4e87-baf8-5efc00a8dba5\">Baixar<\/a><\/div>\n\n\n\n<figure class=\"wp-block-image size-large\"><img decoding=\"async\" loading=\"lazy\" width=\"1366\" height=\"728\" src=\"http:\/\/portal.pi.gov.br\/cepm\/wp-content\/uploads\/sites\/23\/2021\/03\/01.png\" alt=\"\" class=\"wp-image-1017\"\/><\/figure>\n\n\n\n<figure class=\"wp-block-gallery has-nested-images columns-default is-cropped wp-block-gallery-1 is-layout-flex\">\n<figure class=\"wp-block-image size-large\"><img decoding=\"async\" loading=\"lazy\" width=\"1366\" height=\"728\" data-id=\"1018\"  src=\"https:\/\/portal.pi.gov.br\/sempi\/wp-content\/uploads\/sites\/23\/2021\/03\/02.png\" alt=\"\" class=\"wp-image-1018\"\/><\/figure>\n<\/figure>\n\n\n\n<figure class=\"wp-block-gallery has-nested-images columns-default is-cropped wp-block-gallery-3 is-layout-flex\">\n<figure class=\"wp-block-image size-large\"><img decoding=\"async\" loading=\"lazy\" width=\"1366\" height=\"728\" data-id=\"1019\"  src=\"https:\/\/portal.pi.gov.br\/sempi\/wp-content\/uploads\/sites\/23\/2021\/03\/03.png\" alt=\"\" class=\"wp-image-1019\"\/><\/figure>\n<\/figure>\n\n\n\n<figure class=\"wp-block-gallery has-nested-images columns-default is-cropped wp-block-gallery-5 is-layout-flex\">\n<figure class=\"wp-block-image size-large\"><img decoding=\"async\" loading=\"lazy\" width=\"1366\" height=\"728\" data-id=\"1020\"  src=\"https:\/\/portal.pi.gov.br\/sempi\/wp-content\/uploads\/sites\/23\/2021\/03\/04.png\" alt=\"\" class=\"wp-image-1020\"\/><\/figure>\n<\/figure>\n\n\n\n<figure class=\"wp-block-gallery has-nested-images columns-default is-cropped wp-block-gallery-7 is-layout-flex\">\n<figure class=\"wp-block-image size-large\"><img decoding=\"async\" loading=\"lazy\" width=\"1366\" height=\"728\" data-id=\"1021\"  src=\"https:\/\/portal.pi.gov.br\/sempi\/wp-content\/uploads\/sites\/23\/2021\/03\/05.png\" alt=\"\" class=\"wp-image-1021\"\/><\/figure>\n<\/figure>\n","protected":false},"excerpt":{"rendered":"<p>Fa\u00e7a o boletim de ocorr\u00eancia &#8211; B.O. 1- DELEGACIA DE PROTE\u00c7\u00c3O DOS DIREITOS DA MULHER- DEAM- CENTRO ENDERE\u00c7O: Rua 24 de Janeiro, 500, Centro- Norte, Teresina-PI TELEFONE(86) 3222-2323 DELEGADA: Maria [&hellip;]<\/p>\n","protected":false},"author":1,"featured_media":0,"parent":0,"menu_order":0,"comment_status":"closed","ping_status":"closed","template":"template-fullwidth.php","meta":[],"featured_image_urls":{"full":"","thumbnail":"","medium":"","medium_large":"","large":"","sgg-420":"","sgg-540":"","sgg-780":"","1536x1536":"","2048x2048":"","homepage-slider":"","homepage-slider-small":"","page-top":"","page-small":"","loop-main":"","thumb-gallery-widget":""},"post_excerpt_stackable":"<p>Fa\u00e7a o boletim de ocorr\u00eancia &#8211; B.O. 1- DELEGACIA DE PROTE\u00c7\u00c3O DOS DIREITOS DA MULHER- DEAM- CENTRO ENDERE\u00c7O: Rua 24 de Janeiro, 500, Centro- Norte, Teresina-PI TELEFONE(86) 3222-2323 DELEGADA: Maria Vilma Alves da Silva EMAIL: deamcentro.te@pc.pi.gov.br CIRCUNSCRI\u00c7\u00c3O: Abrange a zona centro de Teresina- Pi.&nbsp; 2-DELEGACIA DE PROTE\u00c7\u00c3O DOS DIREITOS DA MULHER-DEAM-SUDESTE ENDERE\u00c7O: Conj. Dirceu Arcoverde (por tr\u00e1s 8\u00b0- DP), Teresina-PI TELEFONE: (86) 3216-1572 DELEGADA: Alexsandra de Sousa AIVe5 da Silva EMAIL: deamcentro.te@pe.pi.gov.br CIRCUNSCRI\u00c7\u00c3O =&gt; Abrange a zona sudeste de Teresina-PI. 3-DELEGACIA DE PROTE\u00c7\u00c3O DOS DIREITOS DA MULHER-DEAM-NORTE ENDERE\u00c7O: Rua Bom Jesus, s\/n, bairro Buenos Aires, Teresina-PI TELEFONE: (86) 3225-4597 DELEGADA:&hellip;<\/p>\n","category_list":"","author_info":{"name":"admin","url":"https:\/\/portal.pi.gov.br\/sempi\/author\/admin\/"},"comments_num":"0 coment\u00e1rio","featured_image_urls_v2":{"full":"","thumbnail":"","medium":"","medium_large":"","large":"","sgg-420":"","sgg-540":"","sgg-780":"","1536x1536":"","2048x2048":"","homepage-slider":"","homepage-slider-small":"","page-top":"","page-small":"","loop-main":"","thumb-gallery-widget":""},"post_excerpt_stackable_v2":"<p>Fa\u00e7a o boletim de ocorr\u00eancia &#8211; B.O. 1- DELEGACIA DE PROTE\u00c7\u00c3O DOS DIREITOS DA MULHER- DEAM- CENTRO ENDERE\u00c7O: Rua 24 de Janeiro, 500, Centro- Norte, Teresina-PI TELEFONE(86) 3222-2323 DELEGADA: Maria Vilma Alves da Silva EMAIL: deamcentro.te@pc.pi.gov.br CIRCUNSCRI\u00c7\u00c3O: Abrange a zona centro de Teresina- Pi.&nbsp; 2-DELEGACIA DE PROTE\u00c7\u00c3O DOS DIREITOS DA MULHER-DEAM-SUDESTE ENDERE\u00c7O: Conj. Dirceu Arcoverde (por tr\u00e1s 8\u00b0- DP), Teresina-PI TELEFONE: (86) 3216-1572 DELEGADA: Alexsandra de Sousa AIVe5 da Silva EMAIL: deamcentro.te@pe.pi.gov.br CIRCUNSCRI\u00c7\u00c3O =&gt; Abrange a zona sudeste de Teresina-PI. 3-DELEGACIA DE PROTE\u00c7\u00c3O DOS DIREITOS DA MULHER-DEAM-NORTE ENDERE\u00c7O: Rua Bom Jesus, s\/n, bairro Buenos Aires, Teresina-PI TELEFONE: (86) 3225-4597 DELEGADA:&hellip;<\/p>\n","category_list_v2":"","author_info_v2":{"name":"admin","url":"https:\/\/portal.pi.gov.br\/sempi\/author\/admin\/"},"comments_num_v2":"0 coment\u00e1rio","_links":{"self":[{"href":"https:\/\/portal.pi.gov.br\/sempi\/wp-json\/wp\/v2\/pages\/620"}],"collection":[{"href":"https:\/\/portal.pi.gov.br\/sempi\/wp-json\/wp\/v2\/pages"}],"about":[{"href":"https:\/\/portal.pi.gov.br\/sempi\/wp-json\/wp\/v2\/types\/page"}],"author":[{"embeddable":true,"href":"https:\/\/portal.pi.gov.br\/sempi\/wp-json\/wp\/v2\/users\/1"}],"replies":[{"embeddable":true,"href":"https:\/\/portal.pi.gov.br\/sempi\/wp-json\/wp\/v2\/comments?post=620"}],"version-history":[{"count":9,"href":"https:\/\/portal.pi.gov.br\/sempi\/wp-json\/wp\/v2\/pages\/620\/revisions"}],"predecessor-version":[{"id":8766,"href":"https:\/\/portal.pi.gov.br\/sempi\/wp-json\/wp\/v2\/pages\/620\/revisions\/8766"}],"wp:attachment":[{"href":"https:\/\/portal.pi.gov.br\/sempi\/wp-json\/wp\/v2\/media?parent=620"}],"curies":[{"name":"wp","href":"https:\/\/api.w.org\/{rel}","templated":true}]}}