{"id":624,"date":"2020-12-16T08:07:31","date_gmt":"2020-12-16T11:07:31","guid":{"rendered":"http:\/\/www2.pi.gov.br\/cepm\/?page_id=624"},"modified":"2024-04-30T10:09:24","modified_gmt":"2024-04-30T13:09:24","slug":"casa-da-mulher-brasileira","status":"publish","type":"page","link":"https:\/\/portal.pi.gov.br\/sempi\/casa-da-mulher-brasileira\/","title":{"rendered":"Casa da Mulher Brasileira"},"content":{"rendered":"\n<figure class=\"wp-block-image size-full\"><img decoding=\"async\" loading=\"lazy\" width=\"768\" height=\"432\" src=\"https:\/\/portal.pi.gov.br\/cepm\/wp-content\/uploads\/sites\/23\/2022\/04\/casa-da-mulher-brasileira.jpeg\" alt=\"\" class=\"wp-image-2786\" srcset=\"https:\/\/portal.pi.gov.br\/sempi\/wp-content\/uploads\/sites\/23\/2022\/04\/casa-da-mulher-brasileira.jpeg 768w, https:\/\/portal.pi.gov.br\/sempi\/wp-content\/uploads\/sites\/23\/2022\/04\/casa-da-mulher-brasileira-300x169.jpeg 300w, https:\/\/portal.pi.gov.br\/sempi\/wp-content\/uploads\/sites\/23\/2022\/04\/casa-da-mulher-brasileira-420x236.jpeg 420w, https:\/\/portal.pi.gov.br\/sempi\/wp-content\/uploads\/sites\/23\/2022\/04\/casa-da-mulher-brasileira-540x304.jpeg 540w, https:\/\/portal.pi.gov.br\/sempi\/wp-content\/uploads\/sites\/23\/2022\/04\/casa-da-mulher-brasileira-624x351.jpeg 624w\" sizes=\"(max-width: 768px) 100vw, 768px\" \/><\/figure>\n\n\n\n<p>A Casa da Mulher Brasileira \u00e9 um dos eixos do Programa Mulher Viver sem Viol\u00eancia, do Minist\u00e9rio das Mulheres, retomado no in\u00edcio de 2023.<\/p>\n\n\n\n<p>Considerada uma inova\u00e7\u00e3o no atendimento humanizado \u00e0s mulheres, a CBM integra, no mesmo espa\u00e7o, servi\u00e7os especializados para os mais diversos tipos de viol\u00eancia contra as mulheres: acolhimento e triagem; apoio psicossocial; delegacia; Juizado; Minist\u00e9rio P\u00fablico, Defensoria P\u00fablica; promo\u00e7\u00e3o de autonomia econ\u00f4mica; cuidado das crian\u00e7as \u2013 brinquedoteca; alojamento de passagem e central de transportes.<\/p>\n\n\n\n<p>A Casa facilita o acesso aos servi\u00e7os especializados para garantir condi\u00e7\u00f5es de enfrentamento \u00e0 viol\u00eancia, o empoderamento da mulher e sua autonomia econ\u00f4mica. \u00c9 um passo definitivo do Estado para o reconhecimento do direito de as mulheres viverem sem viol\u00eancia.<\/p>\n\n\n\n<p>Confira a localiza\u00e7\u00e3o: <a href=\"https:\/\/maps.app.goo.gl\/8CDDy7GXPEbXsfSh8\" target=\"_blank\" rel=\"noreferrer noopener\">https:\/\/maps.app.goo.gl\/8CDDy7GXPEbXsfSh8<\/a><\/p>\n\n\n\n<p><\/p>\n","protected":false},"excerpt":{"rendered":"<p>A Casa da Mulher Brasileira \u00e9 um dos eixos do Programa Mulher Viver sem Viol\u00eancia, do Minist\u00e9rio das Mulheres, retomado no in\u00edcio de 2023. Considerada uma inova\u00e7\u00e3o no atendimento humanizado [&hellip;]<\/p>\n","protected":false},"author":1,"featured_media":0,"parent":0,"menu_order":0,"comment_status":"closed","ping_status":"closed","template":"template-fullwidth.php","meta":[],"featured_image_urls":{"full":"","thumbnail":"","medium":"","medium_large":"","large":"","sgg-420":"","sgg-540":"","sgg-780":"","1536x1536":"","2048x2048":"","homepage-slider":"","homepage-slider-small":"","page-top":"","page-small":"","loop-main":"","thumb-gallery-widget":""},"post_excerpt_stackable":"<p>A Casa da Mulher Brasileira \u00e9 um dos eixos do Programa Mulher Viver sem Viol\u00eancia, do Minist\u00e9rio das Mulheres, retomado no in\u00edcio de 2023. Considerada uma inova\u00e7\u00e3o no atendimento humanizado \u00e0s mulheres, a CBM integra, no mesmo espa\u00e7o, servi\u00e7os especializados para os mais diversos tipos de viol\u00eancia contra as mulheres: acolhimento e triagem; apoio psicossocial; delegacia; Juizado; Minist\u00e9rio P\u00fablico, Defensoria P\u00fablica; promo\u00e7\u00e3o de autonomia econ\u00f4mica; cuidado das crian\u00e7as \u2013 brinquedoteca; alojamento de passagem e central de transportes. A Casa facilita o acesso aos servi\u00e7os especializados para garantir condi\u00e7\u00f5es de enfrentamento \u00e0 viol\u00eancia, o empoderamento da mulher e sua autonomia econ\u00f4mica.&hellip;<\/p>\n","category_list":"","author_info":{"name":"admin","url":"https:\/\/portal.pi.gov.br\/sempi\/author\/admin\/"},"comments_num":"0 coment\u00e1rio","featured_image_urls_v2":{"full":"","thumbnail":"","medium":"","medium_large":"","large":"","sgg-420":"","sgg-540":"","sgg-780":"","1536x1536":"","2048x2048":"","homepage-slider":"","homepage-slider-small":"","page-top":"","page-small":"","loop-main":"","thumb-gallery-widget":""},"post_excerpt_stackable_v2":"<p>A Casa da Mulher Brasileira \u00e9 um dos eixos do Programa Mulher Viver sem Viol\u00eancia, do Minist\u00e9rio das Mulheres, retomado no in\u00edcio de 2023. Considerada uma inova\u00e7\u00e3o no atendimento humanizado \u00e0s mulheres, a CBM integra, no mesmo espa\u00e7o, servi\u00e7os especializados para os mais diversos tipos de viol\u00eancia contra as mulheres: acolhimento e triagem; apoio psicossocial; delegacia; Juizado; Minist\u00e9rio P\u00fablico, Defensoria P\u00fablica; promo\u00e7\u00e3o de autonomia econ\u00f4mica; cuidado das crian\u00e7as \u2013 brinquedoteca; alojamento de passagem e central de transportes. A Casa facilita o acesso aos servi\u00e7os especializados para garantir condi\u00e7\u00f5es de enfrentamento \u00e0 viol\u00eancia, o empoderamento da mulher e sua autonomia econ\u00f4mica.&hellip;<\/p>\n","category_list_v2":"","author_info_v2":{"name":"admin","url":"https:\/\/portal.pi.gov.br\/sempi\/author\/admin\/"},"comments_num_v2":"0 coment\u00e1rio","_links":{"self":[{"href":"https:\/\/portal.pi.gov.br\/sempi\/wp-json\/wp\/v2\/pages\/624"}],"collection":[{"href":"https:\/\/portal.pi.gov.br\/sempi\/wp-json\/wp\/v2\/pages"}],"about":[{"href":"https:\/\/portal.pi.gov.br\/sempi\/wp-json\/wp\/v2\/types\/page"}],"author":[{"embeddable":true,"href":"https:\/\/portal.pi.gov.br\/sempi\/wp-json\/wp\/v2\/users\/1"}],"replies":[{"embeddable":true,"href":"https:\/\/portal.pi.gov.br\/sempi\/wp-json\/wp\/v2\/comments?post=624"}],"version-history":[{"count":7,"href":"https:\/\/portal.pi.gov.br\/sempi\/wp-json\/wp\/v2\/pages\/624\/revisions"}],"predecessor-version":[{"id":8020,"href":"https:\/\/portal.pi.gov.br\/sempi\/wp-json\/wp\/v2\/pages\/624\/revisions\/8020"}],"wp:attachment":[{"href":"https:\/\/portal.pi.gov.br\/sempi\/wp-json\/wp\/v2\/media?parent=624"}],"curies":[{"name":"wp","href":"https:\/\/api.w.org\/{rel}","templated":true}]}}