{"id":626,"date":"2020-12-16T08:07:50","date_gmt":"2020-12-16T11:07:50","guid":{"rendered":"http:\/\/www2.pi.gov.br\/cepm\/?page_id=626"},"modified":"2022-04-04T10:07:28","modified_gmt":"2022-04-04T13:07:28","slug":"salve-maria","status":"publish","type":"page","link":"https:\/\/portal.pi.gov.br\/sempi\/salve-maria\/","title":{"rendered":"Salve Maria"},"content":{"rendered":"\n<figure class=\"wp-block-image size-full\"><img decoding=\"async\" loading=\"lazy\" width=\"270\" height=\"186\" src=\"https:\/\/portal.pi.gov.br\/cepm\/wp-content\/uploads\/sites\/23\/2022\/04\/download-1.jpg\" alt=\"\" class=\"wp-image-2790\" \/><\/figure>\n\n\n\n<p>O&nbsp;<strong>Salve Maria<\/strong>&nbsp;\u00e9 um aplicativo gr\u00e1tis para a&nbsp;combater a viol\u00eancia contra a mulher. Por meio do servi\u00e7o, a v\u00edtima ou qualquer pessoa pode acionar a Policia Militar apertando a  op\u00e7\u00e3o&nbsp;\u201cBot\u00e3o do p\u00e2nico\u201d ou bot\u00e3o de   Den\u00fancias pode relatar os epis\u00f3dios de agress\u00e3o (f\u00edsica, verbal, psicol\u00f3gica), com a possibilidade&nbsp;de incluir fotos e v\u00eddeos e dar detalhes sobre o caso. A plataforma foi desenvolvida pelo Governo do Estado do Piau\u00ed.&nbsp;<\/p>\n\n\n\n<p><strong>Como funciona o aplicativo:<\/strong><\/p>\n\n\n\n<ul><li>O aplicativo est\u00e1 dispon\u00edvel para as plataformas <strong>Android e IOS.<\/strong><\/li><li>Pelo comando no celular, \u00e9 poss\u00edvel reportar viol\u00eancias de ordem f\u00edsica, psicol\u00f3gica, patrimonial, moral e sexual. Tamb\u00e9m permite informar se o caso est\u00e1 ocorrendo no exato momento da den\u00fancia.<\/li><li>Em ocorr\u00eancias de extrema urg\u00eancia, basta que a denunciante utilize o \u201cbot\u00e3o do p\u00e2nico\u201d para acionar imediatamente a presen\u00e7a dos militares.<\/li><li>Para denunciar crimes tamb\u00e9m \u00e9 poss\u00edvel acionar o bot\u00e3o &#8220;den\u00fancia&#8221;. A pessoa envia informa\u00e7\u00f5es sobre agress\u00f5es f\u00edsicas ocorridas com ela ou com pessoas do conhecimento dela. Pode ainda informar dados sobre a v\u00edtima e o agressor, anexar fotos e v\u00eddeos que tenha registrado para auxiliar as autoridades nas investiga\u00e7\u00f5es.<\/li><\/ul>\n\n\n\n<p><strong>A sua interface consiste em apenas 3 (tr\u00eas) bot\u00f5es, que s\u00e3o: <\/strong><\/p>\n\n\n\n<ul><li><strong>BOT\u00c3O DO P\u00c2NICO &#8211; <\/strong>Envia sua localiza\u00e7\u00e3o para as autoridades em caso de viol\u00eancia contra a mulher.<\/li><\/ul>\n\n\n\n<ul><li><strong>DEN\u00daNCIA-<\/strong> Envia informa\u00e7\u00f5es sobre agress\u00f5es f\u00edsica ocorridas com voc\u00ea ou com pessoas de seu conhecimento . Voc\u00ea pode informar os dados que conhece sobre a v\u00edtima e o agressor e ainda anexar fotos e v\u00eddeos que tenha registrado para auxiliar as autoridades nas investiga\u00e7\u00f5es.<\/li><\/ul>\n\n\n\n<ul><li><strong>INSTRU\u00c7\u00d5ES DE USO<\/strong> &#8211; Informa\u00e7\u00f5es sobre o uso do aplicativo Salve Maria.<\/li><\/ul>\n\n\n\n<figure class=\"wp-block-embed is-type-video is-provider-youtube wp-block-embed-youtube wp-embed-aspect-16-9 wp-has-aspect-ratio\"><div class=\"wp-block-embed__wrapper\">\n<iframe loading=\"lazy\" title=\"Salve Maria\" width=\"887\" height=\"499\" src=\"https:\/\/www.youtube.com\/embed\/4OQ9DVbolDg?feature=oembed\" frameborder=\"0\" allow=\"accelerometer; autoplay; clipboard-write; encrypted-media; gyroscope; picture-in-picture\" allowfullscreen><\/iframe>\n<\/div><\/figure>\n","protected":false},"excerpt":{"rendered":"<p>O&nbsp;Salve Maria&nbsp;\u00e9 um aplicativo gr\u00e1tis para a&nbsp;combater a viol\u00eancia contra a mulher. Por meio do servi\u00e7o, a v\u00edtima ou qualquer pessoa pode acionar a Policia Militar apertando a op\u00e7\u00e3o&nbsp;\u201cBot\u00e3o do [&hellip;]<\/p>\n","protected":false},"author":1,"featured_media":0,"parent":0,"menu_order":0,"comment_status":"closed","ping_status":"closed","template":"template-fullwidth.php","meta":[],"featured_image_urls":{"full":"","thumbnail":"","medium":"","medium_large":"","large":"","sgg-420":"","sgg-540":"","sgg-780":"","1536x1536":"","2048x2048":"","homepage-slider":"","homepage-slider-small":"","page-top":"","page-small":"","loop-main":"","thumb-gallery-widget":""},"post_excerpt_stackable":"<p>O&nbsp;Salve Maria&nbsp;\u00e9 um aplicativo gr\u00e1tis para a&nbsp;combater a viol\u00eancia contra a mulher. Por meio do servi\u00e7o, a v\u00edtima ou qualquer pessoa pode acionar a Policia Militar apertando a op\u00e7\u00e3o&nbsp;\u201cBot\u00e3o do p\u00e2nico\u201d ou bot\u00e3o de Den\u00fancias pode relatar os epis\u00f3dios de agress\u00e3o (f\u00edsica, verbal, psicol\u00f3gica), com a possibilidade&nbsp;de incluir fotos e v\u00eddeos e dar detalhes sobre o caso. A plataforma foi desenvolvida pelo Governo do Estado do Piau\u00ed.&nbsp; Como funciona o aplicativo: O aplicativo est\u00e1 dispon\u00edvel para as plataformas Android e IOS.Pelo comando no celular, \u00e9 poss\u00edvel reportar viol\u00eancias de ordem f\u00edsica, psicol\u00f3gica, patrimonial, moral e sexual. Tamb\u00e9m permite informar se&hellip;<\/p>\n","category_list":"","author_info":{"name":"admin","url":"https:\/\/portal.pi.gov.br\/sempi\/author\/admin\/"},"comments_num":"0 coment\u00e1rio","featured_image_urls_v2":{"full":"","thumbnail":"","medium":"","medium_large":"","large":"","sgg-420":"","sgg-540":"","sgg-780":"","1536x1536":"","2048x2048":"","homepage-slider":"","homepage-slider-small":"","page-top":"","page-small":"","loop-main":"","thumb-gallery-widget":""},"post_excerpt_stackable_v2":"<p>O&nbsp;Salve Maria&nbsp;\u00e9 um aplicativo gr\u00e1tis para a&nbsp;combater a viol\u00eancia contra a mulher. Por meio do servi\u00e7o, a v\u00edtima ou qualquer pessoa pode acionar a Policia Militar apertando a op\u00e7\u00e3o&nbsp;\u201cBot\u00e3o do p\u00e2nico\u201d ou bot\u00e3o de Den\u00fancias pode relatar os epis\u00f3dios de agress\u00e3o (f\u00edsica, verbal, psicol\u00f3gica), com a possibilidade&nbsp;de incluir fotos e v\u00eddeos e dar detalhes sobre o caso. A plataforma foi desenvolvida pelo Governo do Estado do Piau\u00ed.&nbsp; Como funciona o aplicativo: O aplicativo est\u00e1 dispon\u00edvel para as plataformas Android e IOS.Pelo comando no celular, \u00e9 poss\u00edvel reportar viol\u00eancias de ordem f\u00edsica, psicol\u00f3gica, patrimonial, moral e sexual. Tamb\u00e9m permite informar se&hellip;<\/p>\n","category_list_v2":"","author_info_v2":{"name":"admin","url":"https:\/\/portal.pi.gov.br\/sempi\/author\/admin\/"},"comments_num_v2":"0 coment\u00e1rio","_links":{"self":[{"href":"https:\/\/portal.pi.gov.br\/sempi\/wp-json\/wp\/v2\/pages\/626"}],"collection":[{"href":"https:\/\/portal.pi.gov.br\/sempi\/wp-json\/wp\/v2\/pages"}],"about":[{"href":"https:\/\/portal.pi.gov.br\/sempi\/wp-json\/wp\/v2\/types\/page"}],"author":[{"embeddable":true,"href":"https:\/\/portal.pi.gov.br\/sempi\/wp-json\/wp\/v2\/users\/1"}],"replies":[{"embeddable":true,"href":"https:\/\/portal.pi.gov.br\/sempi\/wp-json\/wp\/v2\/comments?post=626"}],"version-history":[{"count":3,"href":"https:\/\/portal.pi.gov.br\/sempi\/wp-json\/wp\/v2\/pages\/626\/revisions"}],"predecessor-version":[{"id":2791,"href":"https:\/\/portal.pi.gov.br\/sempi\/wp-json\/wp\/v2\/pages\/626\/revisions\/2791"}],"wp:attachment":[{"href":"https:\/\/portal.pi.gov.br\/sempi\/wp-json\/wp\/v2\/media?parent=626"}],"curies":[{"name":"wp","href":"https:\/\/api.w.org\/{rel}","templated":true}]}}