{"id":628,"date":"2020-12-16T08:08:18","date_gmt":"2020-12-16T11:08:18","guid":{"rendered":"http:\/\/www2.pi.gov.br\/cepm\/?page_id=628"},"modified":"2024-01-05T11:10:27","modified_gmt":"2024-01-05T14:10:27","slug":"190-aplicativo","status":"publish","type":"page","link":"https:\/\/portal.pi.gov.br\/sempi\/190-aplicativo\/","title":{"rendered":"Ligue 190 e Ligue 180"},"content":{"rendered":"\n<p><\/p>\n\n\n\n<p>Delegacia Virtual do Minist\u00e9rio da Justi\u00e7a e Seguran\u00e7a P\u00fablica: <a href=\"https:\/\/delegaciavirtual.sinesp.gov.br\/portal\/home\" data-type=\"URL\" data-id=\"https:\/\/delegaciavirtual.sinesp.gov.br\/portal\/home\" target=\"_blank\" rel=\"noreferrer noopener\"><strong>clique aqui para acessar a delegacia<\/strong><\/a>. <\/p>\n\n\n\n<p><\/p>\n\n\n\n<p>Delegacia Virtual da Seguran\u00e7a P\u00fablica do Piau\u00ed: <strong><a href=\"http:\/\/www.pc.pi.gov.br\/\" data-type=\"URL\" data-id=\"http:\/\/www.pc.pi.gov.br\/\" target=\"_blank\" rel=\"noreferrer noopener\">clique aqui para acessar a delegacia<\/a>.<\/strong><\/p>\n\n\n\n<p><\/p>\n\n\n\n<figure class=\"wp-block-gallery has-nested-images columns-default is-cropped wp-block-gallery-1 is-layout-flex\">\n<figure class=\"wp-block-image size-large is-style-default\"><img decoding=\"async\" loading=\"lazy\" width=\"512\" height=\"512\" data-id=\"1025\"  src=\"https:\/\/portal.pi.gov.br\/sempi\/wp-content\/uploads\/sites\/23\/2021\/03\/190.jpg\" alt=\"\" class=\"wp-image-1025\" \/><\/figure>\n<\/figure>\n\n\n\n<p><strong>Centro de Opera\u00e7\u00f5es Policiais Militares (COPOM) &#8211; Disque 190<br><\/strong>O COPOM \u00e9 a central de teleatendimento da Pol\u00edcia Militar do Piau\u00ed. Entretanto, esse atendimento \u00e9 veito por profissionais civis do Servi\u00e7o Auxiliar Volunt\u00e1rio (SAV). A liga\u00e7\u00e3o \u00e9 gratuita e deve ser feita em casos de urg\u00eancia e emerg\u00eancia. E, caso queira mais informa\u00e7\u00f5es sobre o COPOM, <strong><a href=\"http:\/\/www.pm.pi.gov.br\/190.php\" data-type=\"URL\" data-id=\"http:\/\/www.pm.pi.gov.br\/190.php\">visite a p\u00e1gina da Pol\u00edcia Militar do Piau\u00ed neste link<\/a><\/strong>.<\/p>\n\n\n\n<p>J\u00e1 para saber mais sobre o funcionamento das delegacias de Pol\u00edcia Civil, consulte a cartilha abaixo.<\/p>\n\n\n\n<p><strong>Cartilha<\/strong><\/p>\n\n\n\n<div class=\"wp-block-file\"><a href=\"https:\/\/portal.pi.gov.br\/cepm\/wp-content\/uploads\/sites\/23\/2022\/04\/manual-delegacia-eletronica-pcpi.pdf\" class=\"wp-block-file__button wp-element-button\" download>Baixar<\/a><\/div>\n\n\n\n<p><strong>LIGUE 180<\/strong><\/p>\n\n\n\n<p>A Central de Atendimento \u00e0 Mulher &#8211; Ligue 180 \u00e9 um servi\u00e7o atualmente oferecido pela Ouvidoria Nacional dos Direitos Humanos do Minist\u00e9rio da Mulher, da Fam\u00edlia e dos Direitos Humanos (MMFDH). \u00c9 uma pol\u00edtica p\u00fablica essencial para o enfrentamento \u00e0 viol\u00eancia contra a mulher em \u00e2mbito nacional e internacional.<\/p>\n\n\n\n<p>Por meio de liga\u00e7\u00e3o gratuita e confidencial, esse canal de den\u00fancia funciona 24 horas por dia, todos os dias da semana, no Brasil e em outros 16 (dezesseis) pa\u00edses: Argentina, B\u00e9lgica, Espanha, EUA (S\u00e3o Francisco e Boston), Fran\u00e7a, Guiana Francesa, Holanda, Inglaterra, It\u00e1lia, Luxemburgo, Noruega, Paraguai, Portugal, Su\u00ed\u00e7a, Uruguai e Venezuela.<\/p>\n\n\n\n<p>Al\u00e9m de registrar den\u00fancias de viola\u00e7\u00f5es contra mulheres, encaminh\u00e1-las aos \u00f3rg\u00e3os competentes e realizar seu monitoramento, o Ligue 180 tamb\u00e9m dissemina informa\u00e7\u00f5es sobre direitos da mulher, amparo legal e a rede de atendimento e acolhimento.<\/p>\n\n\n\n<figure class=\"wp-block-image\"><img decoding=\"async\" src=\"https:\/\/www.gov.br\/mdh\/pt-br\/navegue-por-temas\/disque-100-e-ligue-180\/legislaoSPM.png\" alt=\"\" \/><\/figure>\n\n\n\n<p>Considerando a diversidade que caracteriza a popula\u00e7\u00e3o do nosso pa\u00eds e buscando facilitar o acesso de todas as mulheres em situa\u00e7\u00e3o de viol\u00eancia, o Ligue 180 disponibiliza os seguintes canais para que a cidad\u00e3 se manifeste:<\/p>\n\n\n\n<p>&nbsp;<\/p>\n\n\n\n<ul>\n<li>Brasil: telefone 180<\/li>\n\n\n\n<li>Mensagem eletr\u00f4nica (e-mail):&nbsp;<a href=\"mailto:ligue180@www.gov.br\/mdh\/pt-br\">ligue180@www.gov.br\/mdh\/pt-br<\/a><\/li>\n\n\n\n<li>Aplicativo: Proteja Brasil<\/li>\n\n\n\n<li>Ouvidoria Online:&nbsp;<a href=\"http:\/\/www.humanizaredes.gov.br\/ouvidoria-online\">http:\/\/www.humanizaredes.gov.br\/ouvidoria-online<\/a><\/li>\n\n\n\n<li>Exterior &#8211; telefones:<\/li>\n<\/ul>\n\n\n\n<p>&nbsp;<\/p>\n\n\n\n<p><strong>Argentina<\/strong>&nbsp;\u2013 ligar para 0800 999 5500, discar 1 e informar o n\u00famero 61 3799-0180.<\/p>\n\n\n\n<p><strong>B\u00e9lgica<\/strong>&nbsp;&#8211; ligar para 0800 10055, discar 1 e informar o n\u00famero 61 3799-0180.<\/p>\n\n\n\n<p><strong>Espanha<\/strong>&nbsp;&#8211; ligar para 900 990 055, discar 1 e informar o n\u00famero 61 3799-0180.<\/p>\n\n\n\n<p><strong>Estados Unidos \u2013 S\u00e3o Francisco<\/strong>&nbsp;\u2013 ligar para 1800 745 5521, discar 1 e informar o n\u00famero 61 3799-0180.<\/p>\n\n\n\n<p><strong>Fran\u00e7a<\/strong>&nbsp;\u2013 ligar para 0800 999 5500, discar 1 e informar o n\u00famero 61 3799-0180.<\/p>\n\n\n\n<p><strong>Guiana Francesa<\/strong>&nbsp;\u2013 ligar para 0800 99 5500, discar 1 e informar o n\u00famero 61 3799-0180.<\/p>\n\n\n\n<p><strong>Holanda<\/strong>&nbsp;\u2013 ligar para 0800 022 0655, discar 1 e informar o n\u00famero 61 3799-0180.<\/p>\n\n\n\n<p><strong>Inglaterra<\/strong>&nbsp;\u2013 ligar para 0800 89 0055, discar 1 e informar o n\u00famero 61 3799-0180.<\/p>\n\n\n\n<p><strong>It\u00e1lia<\/strong>&nbsp;\u2013 ligar para 0800 172 211, discar 1 e informar o n\u00famero 61 3799-0180.<\/p>\n\n\n\n<p><strong>Luxemburgo<\/strong>&nbsp;\u2013 ligar para 0800 2 0055, discar 1 e informar o n\u00famero 61 3799-0180.<\/p>\n\n\n\n<p><strong>Noruega<\/strong>&nbsp;\u2013 ligar para 8001 9550, discar 1 e informar o n\u00famero 61 3799-0180.<\/p>\n\n\n\n<p><strong>Paraguai<\/strong>&nbsp;\u2013 ligar para 0085 5800, discar 1 e informar o n\u00famero 61 3799-0180.<\/p>\n\n\n\n<p><strong>Portugal<\/strong>&nbsp;\u2013 ligar para 800 800 550, discar 1 e informar o n\u00famero 61 3799-0180.<\/p>\n\n\n\n<p><strong>Su\u00ed\u00e7a<\/strong>&nbsp;\u2013 ligar para 0800 55 5251, discar 1 e informar o n\u00famero 61 3799-0180.<\/p>\n\n\n\n<p><strong>Uruguai<\/strong>&nbsp;\u2013 ligar para 000 455, discar 1 e informar o n\u00famero 61 3799-0180.<\/p>\n\n\n\n<p><strong>Venezuela<\/strong>&nbsp;&#8211; ligar para 0800 100 1550, discar 1 e informar o n\u00famero 61 3799-0180.<\/p>\n\n\n\n<p>&nbsp;<\/p>\n\n\n\n<p>Por meio desses canais podemos realizar os seguintes registros:<\/p>\n\n\n\n<p>&nbsp;<\/p>\n\n\n\n<p>&nbsp;<\/p>\n\n\n\n<ul>\n<li><strong>Informa\u00e7\u00f5es:<\/strong>&nbsp;atendimentos nos quais s\u00e3o disseminadas orienta\u00e7\u00f5es sobre os direitos das mulheres ou a\u00e7\u00f5es que as beneficiam.<\/li>\n\n\n\n<li><strong>Den\u00fancias:&nbsp;<\/strong>os registros de viol\u00eancia contra a mulher s\u00e3o devidamente encaminhados para os \u00f3rg\u00e3os competentes, que realizam os devidos procedimentos.<\/li>\n\n\n\n<li><strong>Reclama\u00e7\u00f5es:<\/strong>&nbsp;manifesta\u00e7\u00f5es de insatisfa\u00e7\u00e3o sobre a atua\u00e7\u00e3o de algum \u00f3rg\u00e3o ou agente p\u00fablico, no que diz respeito ao atendimento \u00e0s mulheres.<\/li>\n\n\n\n<li><strong>Sugest\u00f5es e Elogios:<\/strong>&nbsp;as sugest\u00f5es e elogios recebidos s\u00e3o encaminhadas aos \u00f3rg\u00e3os competentes.<br><br><br><br><strong>Fluxo de Atendimento:<\/strong><\/li>\n<\/ul>\n\n\n\n<figure class=\"wp-block-image\"><img decoding=\"async\" src=\"https:\/\/www.gov.br\/mdh\/pt-br\/navegue-por-temas\/disque-100-e-ligue-180\/fluxoatendimento.png\" alt=\"\" \/><\/figure>\n\n\n\n<p>&nbsp;<\/p>\n\n\n\n<p>&nbsp;<\/p>\n\n\n\n<p>&nbsp;<\/p>\n\n\n\n<p>&nbsp;<\/p>\n\n\n\n<p>O Ligue 180 acolhe os registros, analisa e encaminha as den\u00fancias de viola\u00e7\u00f5es dos direitos humanos das mulheres relacionadas aos seguintes grupos e subgrupos de viola\u00e7\u00f5es:<\/p>\n\n\n\n<p><strong>Grupos de Viola\u00e7\u00e3o<\/strong><\/p>\n\n\n\n<ol type=\"1\" start=\"1\">\n<li><strong>Viol\u00eancia Dom\u00e9stica e Familiar \u2013&nbsp;<\/strong>Lei n\u00ba 11.340\/2006 (Lei Maria da Penha)<\/li>\n\n\n\n<li><strong>Ass\u00e9dio &#8211;&nbsp;<\/strong>C\u00f3digo Penal Brasileiro \u2013 Artigo 216-A \u2013 Lei n\u00ba 10.224\/2001<\/li>\n\n\n\n<li><strong>Feminic\u00eddio &#8211;&nbsp;<\/strong>Lei n\u00ba 13.104\/2015<\/li>\n\n\n\n<li><strong>Importuna\u00e7\u00e3o Sexual &#8211;&nbsp;<\/strong>C\u00f3digo Penal Brasileiro \u2013 Artigo 215-A \u2013 Lei n\u00ba 13.718\/2018<\/li>\n\n\n\n<li><strong>Tr\u00e1fico de Mulheres &#8211;&nbsp;<\/strong>C\u00f3digo Penal Brasileiro \u2013 Artigo 149-A \u2013 Lei n\u00ba 13.344\/2016<\/li>\n\n\n\n<li><strong>C\u00e1rcere Privado &#8211;&nbsp;<\/strong>C\u00f3digo Penal Brasileiro \u2013 Artigo 148 \u2013 Lei n\u00ba 10.446\/2002<\/li>\n\n\n\n<li><strong>Viol\u00eancia contra Diversidade Religiosa &#8211;&nbsp;<\/strong>C\u00f3digo Penal Brasileiro \u2013 Artigo 208<\/li>\n\n\n\n<li><strong>Viol\u00eancia no Esporte<\/strong><\/li>\n\n\n\n<li><strong>Homic\u00eddio &#8211;&nbsp;<\/strong>C\u00f3digo Penal Brasileiro \u2013 Artigo 121<\/li>\n\n\n\n<li><strong>Viol\u00eancia Institucional&nbsp;<\/strong><\/li>\n\n\n\n<li><strong>Viol\u00eancia F\u00edsica &#8211;&nbsp;<\/strong>C\u00f3digo Penal Brasileiro \u2013 Artigo 129<\/li>\n\n\n\n<li><strong>Viol\u00eancia Moral &#8211;&nbsp;<\/strong>C\u00f3digo Penal Brasileiro \u2013 Artigos 138, 139 e 140<\/li>\n\n\n\n<li><strong>Viol\u00eancia Patrimonial&nbsp;<\/strong><\/li>\n\n\n\n<li><strong>Viol\u00eancia Policial<\/strong><\/li>\n\n\n\n<li><strong>Viol\u00eancia Psicol\u00f3gica&nbsp;<\/strong><\/li>\n\n\n\n<li><strong>Viol\u00eancia Obst\u00e9trica&nbsp;<\/strong><\/li>\n\n\n\n<li><strong>Viol\u00eancia Sexual<\/strong><\/li>\n\n\n\n<li><strong>Viol\u00eancia Virtual \u2013&nbsp;<\/strong>C\u00f3digo Penal Brasileiro \u2013 Artigo 154-A \u2013 Lei n\u00ba 12.737\/2012<\/li>\n\n\n\n<li><strong>Trabalho Escravo \u2013&nbsp;<\/strong>C\u00f3digo Penal Brasileiro \u2013 Artigo 149 \u2013 Lei n\u00ba 10.803\/2003<\/li>\n\n\n\n<li><strong>Atendimento Internacional&nbsp;<\/strong><\/li>\n\n\n\n<li><strong>Outras Viola\u00e7\u00f5es<\/strong><\/li>\n<\/ol>\n\n\n\n<p><strong>Subgrupos de Viola\u00e7\u00e3o<\/strong><\/p>\n\n\n\n<p>&nbsp;<\/p>\n\n\n\n<ul>\n<li><strong>Viol\u00eancia contra Mulheres Negras &#8211; Discrimina\u00e7\u00e3o racial ou \u00e9tnico-racial \u2013&nbsp;<\/strong>Lei n\u00ba 12.288\/2010<\/li>\n\n\n\n<li><strong>Viol\u00eancia contra Mulheres Idosas &#8211;&nbsp;<\/strong>Lei n\u00ba 10.141\/2003<\/li>\n\n\n\n<li><strong>Viol\u00eancia contra Mulheres L\u00e9sbicas, Bissexuais e Transexuais<\/strong><\/li>\n\n\n\n<li><strong>Viol\u00eancia contra Mulheres com defici\u00eancia \u2013&nbsp;<\/strong>Lei n\u00ba 13.146\/2015<\/li>\n\n\n\n<li><strong>Viol\u00eancia Contra Mulheres em Restri\u00e7\u00e3o de Liberdade&nbsp;<\/strong><\/li>\n\n\n\n<li><strong>Viol\u00eancia Contra Mulheres em Situa\u00e7\u00e3o de Rua &#8211;&nbsp;<\/strong>Decreto n\u00ba 7.053\/2009<\/li>\n\n\n\n<li><strong>Viol\u00eancia contra Mulheres Comunicadoras e Jornalistas &nbsp;<\/strong><\/li>\n\n\n\n<li><strong>Viol\u00eancia contra Mulheres Imigrantes, Emigrantes e Refugiadas &#8211;<\/strong><\/li>\n\n\n\n<li><strong>Viol\u00eancia contra Mulheres de Comunidades: das \u00c1guas, \u00c1rabes, do Campo, Ciganas, da Floresta, Ind\u00edgenas, Judaicas, Quilombolas, Rurais, Tradicionais entre outras;<\/strong><\/li>\n<\/ul>\n\n\n\n<p>&nbsp;<\/p>\n\n\n\n<p><strong>Que informa\u00e7\u00f5es s\u00e3o necess\u00e1rias para registrar uma den\u00fancia no Ligue 180?<\/strong><\/p>\n\n\n\n<p>Quem sofre e\/ou sofreu a viol\u00eancia?&nbsp;<strong>(v\u00edtima)<\/strong><\/p>\n\n\n\n<p>Quem pratica e\/ou praticou a viol\u00eancia?&nbsp;<strong>(suspeito)<\/strong><\/p>\n\n\n\n<p>O local onde ocorre e\/ou ocorreu a viol\u00eancia?&nbsp;<strong>(rua, quadra, n\u00famero, bairro, zona, munic\u00edpio, UF, ponto de refer\u00eancia, etc)<\/strong><\/p>\n\n\n\n<p>O endere\u00e7o da v\u00edtima e do suspeito.&nbsp;<strong>(rua, quadra, n\u00famero, bairro, zona, munic\u00edpio, UF, ponto de refer\u00eancia, etc)<\/strong><\/p>\n\n\n\n<p>Descri\u00e7\u00e3o do que ocorre e\/ou ocorreu.&nbsp;<strong>(viol\u00eancia, data, hor\u00e1rio, local, situa\u00e7\u00e3o da v\u00edtima, se algum \u00f3rg\u00e3o foi acionado, e outras informa\u00e7\u00f5es que julgar relevantes)<\/strong><\/p>\n\n\n\n<p>&nbsp;<\/p>\n\n\n\n<p>&nbsp;<\/p>\n\n\n\n<p><strong>Quem pode utilizar o servi\u00e7o do Ligue 180?<\/strong><\/p>\n\n\n\n<p>Qualquer pessoa, no Brasil e no exterior.<\/p>\n\n\n\n<p>&nbsp;<\/p>\n\n\n\n<p><strong>O Ligue 180 recebe den\u00fancias an\u00f4nimas e\/ou sigilosa?<\/strong><\/p>\n\n\n\n<p>Sim. Nenhum dado pessoal do denunciante \u00e9 divulgado.<\/p>\n\n\n\n<p>&nbsp;<\/p>\n\n\n\n<p><strong>O que acontece ap\u00f3s o registro da den\u00fancia?<\/strong><\/p>\n\n\n\n<p>A den\u00fancia ser\u00e1 tratada e encaminhada aos \u00f3rg\u00e3os competentes para as devidas provid\u00eancias. Voc\u00ea pode acompanhar o andamento pelo telefone.<\/p>\n\n\n\n<p>&nbsp;<\/p>\n","protected":false},"excerpt":{"rendered":"<p>Delegacia Virtual do Minist\u00e9rio da Justi\u00e7a e Seguran\u00e7a P\u00fablica: clique aqui para acessar a delegacia. Delegacia Virtual da Seguran\u00e7a P\u00fablica do Piau\u00ed: clique aqui para acessar a delegacia. Centro de [&hellip;]<\/p>\n","protected":false},"author":1,"featured_media":2792,"parent":0,"menu_order":0,"comment_status":"closed","ping_status":"closed","template":"template-fullwidth.php","meta":[],"featured_image_urls":{"full":["https:\/\/portal.pi.gov.br\/sempi\/wp-content\/uploads\/sites\/23\/2022\/04\/190.jpg",512,512,false],"thumbnail":["https:\/\/portal.pi.gov.br\/sempi\/wp-content\/uploads\/sites\/23\/2022\/04\/190-150x150.jpg",150,150,true],"medium":["https:\/\/portal.pi.gov.br\/sempi\/wp-content\/uploads\/sites\/23\/2022\/04\/190-300x300.jpg",300,300,true],"medium_large":["https:\/\/portal.pi.gov.br\/sempi\/wp-content\/uploads\/sites\/23\/2022\/04\/190.jpg",512,512,false],"large":["https:\/\/portal.pi.gov.br\/sempi\/wp-content\/uploads\/sites\/23\/2022\/04\/190.jpg",512,512,false],"sgg-420":["https:\/\/portal.pi.gov.br\/sempi\/wp-content\/uploads\/sites\/23\/2022\/04\/190-420x420.jpg",420,420,true],"sgg-540":["https:\/\/portal.pi.gov.br\/sempi\/wp-content\/uploads\/sites\/23\/2022\/04\/190.jpg",512,512,false],"sgg-780":["https:\/\/portal.pi.gov.br\/sempi\/wp-content\/uploads\/sites\/23\/2022\/04\/190.jpg",512,512,false],"1536x1536":["https:\/\/portal.pi.gov.br\/sempi\/wp-content\/uploads\/sites\/23\/2022\/04\/190.jpg",512,512,false],"2048x2048":["https:\/\/portal.pi.gov.br\/sempi\/wp-content\/uploads\/sites\/23\/2022\/04\/190.jpg",512,512,false],"homepage-slider":["https:\/\/portal.pi.gov.br\/sempi\/wp-content\/uploads\/sites\/23\/2022\/04\/190-512x500.jpg",512,500,true],"homepage-slider-small":["https:\/\/portal.pi.gov.br\/sempi\/wp-content\/uploads\/sites\/23\/2022\/04\/190-512x500.jpg",512,500,true],"page-top":["https:\/\/portal.pi.gov.br\/sempi\/wp-content\/uploads\/sites\/23\/2022\/04\/190.jpg",512,512,false],"page-small":["https:\/\/portal.pi.gov.br\/sempi\/wp-content\/uploads\/sites\/23\/2022\/04\/190.jpg",512,512,false],"loop-main":["https:\/\/portal.pi.gov.br\/sempi\/wp-content\/uploads\/sites\/23\/2022\/04\/190-365x240.jpg",365,240,true],"thumb-gallery-widget":["https:\/\/portal.pi.gov.br\/sempi\/wp-content\/uploads\/sites\/23\/2022\/04\/190-84x56.jpg",84,56,true]},"post_excerpt_stackable":"<p>Delegacia Virtual do Minist\u00e9rio da Justi\u00e7a e Seguran\u00e7a P\u00fablica: clique aqui para acessar a delegacia. Delegacia Virtual da Seguran\u00e7a P\u00fablica do Piau\u00ed: clique aqui para acessar a delegacia. Centro de Opera\u00e7\u00f5es Policiais Militares (COPOM) &#8211; Disque 190O COPOM \u00e9 a central de teleatendimento da Pol\u00edcia Militar do Piau\u00ed. Entretanto, esse atendimento \u00e9 veito por profissionais civis do Servi\u00e7o Auxiliar Volunt\u00e1rio (SAV). A liga\u00e7\u00e3o \u00e9 gratuita e deve ser feita em casos de urg\u00eancia e emerg\u00eancia. E, caso queira mais informa\u00e7\u00f5es sobre o COPOM, visite a p\u00e1gina da Pol\u00edcia Militar do Piau\u00ed neste link. J\u00e1 para saber mais sobre o funcionamento&hellip;<\/p>\n","category_list":"","author_info":{"name":"admin","url":"https:\/\/portal.pi.gov.br\/sempi\/author\/admin\/"},"comments_num":"0 coment\u00e1rio","featured_image_urls_v2":{"full":["https:\/\/portal.pi.gov.br\/sempi\/wp-content\/uploads\/sites\/23\/2022\/04\/190.jpg",512,512,false],"thumbnail":["https:\/\/portal.pi.gov.br\/sempi\/wp-content\/uploads\/sites\/23\/2022\/04\/190-150x150.jpg",150,150,true],"medium":["https:\/\/portal.pi.gov.br\/sempi\/wp-content\/uploads\/sites\/23\/2022\/04\/190-300x300.jpg",300,300,true],"medium_large":["https:\/\/portal.pi.gov.br\/sempi\/wp-content\/uploads\/sites\/23\/2022\/04\/190.jpg",512,512,false],"large":["https:\/\/portal.pi.gov.br\/sempi\/wp-content\/uploads\/sites\/23\/2022\/04\/190.jpg",512,512,false],"sgg-420":["https:\/\/portal.pi.gov.br\/sempi\/wp-content\/uploads\/sites\/23\/2022\/04\/190-420x420.jpg",420,420,true],"sgg-540":["https:\/\/portal.pi.gov.br\/sempi\/wp-content\/uploads\/sites\/23\/2022\/04\/190.jpg",512,512,false],"sgg-780":["https:\/\/portal.pi.gov.br\/sempi\/wp-content\/uploads\/sites\/23\/2022\/04\/190.jpg",512,512,false],"1536x1536":["https:\/\/portal.pi.gov.br\/sempi\/wp-content\/uploads\/sites\/23\/2022\/04\/190.jpg",512,512,false],"2048x2048":["https:\/\/portal.pi.gov.br\/sempi\/wp-content\/uploads\/sites\/23\/2022\/04\/190.jpg",512,512,false],"homepage-slider":["https:\/\/portal.pi.gov.br\/sempi\/wp-content\/uploads\/sites\/23\/2022\/04\/190-512x500.jpg",512,500,true],"homepage-slider-small":["https:\/\/portal.pi.gov.br\/sempi\/wp-content\/uploads\/sites\/23\/2022\/04\/190-512x500.jpg",512,500,true],"page-top":["https:\/\/portal.pi.gov.br\/sempi\/wp-content\/uploads\/sites\/23\/2022\/04\/190.jpg",512,512,false],"page-small":["https:\/\/portal.pi.gov.br\/sempi\/wp-content\/uploads\/sites\/23\/2022\/04\/190.jpg",512,512,false],"loop-main":["https:\/\/portal.pi.gov.br\/sempi\/wp-content\/uploads\/sites\/23\/2022\/04\/190-365x240.jpg",365,240,true],"thumb-gallery-widget":["https:\/\/portal.pi.gov.br\/sempi\/wp-content\/uploads\/sites\/23\/2022\/04\/190-84x56.jpg",84,56,true]},"post_excerpt_stackable_v2":"<p>Delegacia Virtual do Minist\u00e9rio da Justi\u00e7a e Seguran\u00e7a P\u00fablica: clique aqui para acessar a delegacia. Delegacia Virtual da Seguran\u00e7a P\u00fablica do Piau\u00ed: clique aqui para acessar a delegacia. Centro de Opera\u00e7\u00f5es Policiais Militares (COPOM) &#8211; Disque 190O COPOM \u00e9 a central de teleatendimento da Pol\u00edcia Militar do Piau\u00ed. Entretanto, esse atendimento \u00e9 veito por profissionais civis do Servi\u00e7o Auxiliar Volunt\u00e1rio (SAV). A liga\u00e7\u00e3o \u00e9 gratuita e deve ser feita em casos de urg\u00eancia e emerg\u00eancia. E, caso queira mais informa\u00e7\u00f5es sobre o COPOM, visite a p\u00e1gina da Pol\u00edcia Militar do Piau\u00ed neste link. J\u00e1 para saber mais sobre o funcionamento&hellip;<\/p>\n","category_list_v2":"","author_info_v2":{"name":"admin","url":"https:\/\/portal.pi.gov.br\/sempi\/author\/admin\/"},"comments_num_v2":"0 coment\u00e1rio","_links":{"self":[{"href":"https:\/\/portal.pi.gov.br\/sempi\/wp-json\/wp\/v2\/pages\/628"}],"collection":[{"href":"https:\/\/portal.pi.gov.br\/sempi\/wp-json\/wp\/v2\/pages"}],"about":[{"href":"https:\/\/portal.pi.gov.br\/sempi\/wp-json\/wp\/v2\/types\/page"}],"author":[{"embeddable":true,"href":"https:\/\/portal.pi.gov.br\/sempi\/wp-json\/wp\/v2\/users\/1"}],"replies":[{"embeddable":true,"href":"https:\/\/portal.pi.gov.br\/sempi\/wp-json\/wp\/v2\/comments?post=628"}],"version-history":[{"count":21,"href":"https:\/\/portal.pi.gov.br\/sempi\/wp-json\/wp\/v2\/pages\/628\/revisions"}],"predecessor-version":[{"id":6191,"href":"https:\/\/portal.pi.gov.br\/sempi\/wp-json\/wp\/v2\/pages\/628\/revisions\/6191"}],"wp:featuredmedia":[{"embeddable":true,"href":"https:\/\/portal.pi.gov.br\/sempi\/wp-json\/wp\/v2\/media\/2792"}],"wp:attachment":[{"href":"https:\/\/portal.pi.gov.br\/sempi\/wp-json\/wp\/v2\/media?parent=628"}],"curies":[{"name":"wp","href":"https:\/\/api.w.org\/{rel}","templated":true}]}}