{"id":636,"date":"2020-12-16T08:10:20","date_gmt":"2020-12-16T11:10:20","guid":{"rendered":"http:\/\/www2.pi.gov.br\/cepm\/?page_id=636"},"modified":"2024-03-25T13:45:49","modified_gmt":"2024-03-25T16:45:49","slug":"teia-de-direitos","status":"publish","type":"page","link":"https:\/\/portal.pi.gov.br\/sempi\/teia-de-direitos\/","title":{"rendered":"Teia de Direitos"},"content":{"rendered":"\n<figure class=\"wp-block-image size-large\"><img decoding=\"async\" loading=\"lazy\" width=\"1024\" height=\"1024\" src=\"https:\/\/portal.pi.gov.br\/sempi\/wp-content\/uploads\/sites\/23\/2024\/03\/WhatsApp-Image-2024-03-25-at-10.06.02-1024x1024.jpeg\" alt=\"\" class=\"wp-image-7445\" srcset=\"https:\/\/portal.pi.gov.br\/sempi\/wp-content\/uploads\/sites\/23\/2024\/03\/WhatsApp-Image-2024-03-25-at-10.06.02-1024x1024.jpeg 1024w, https:\/\/portal.pi.gov.br\/sempi\/wp-content\/uploads\/sites\/23\/2024\/03\/WhatsApp-Image-2024-03-25-at-10.06.02-300x300.jpeg 300w, https:\/\/portal.pi.gov.br\/sempi\/wp-content\/uploads\/sites\/23\/2024\/03\/WhatsApp-Image-2024-03-25-at-10.06.02-150x150.jpeg 150w, https:\/\/portal.pi.gov.br\/sempi\/wp-content\/uploads\/sites\/23\/2024\/03\/WhatsApp-Image-2024-03-25-at-10.06.02-768x768.jpeg 768w, https:\/\/portal.pi.gov.br\/sempi\/wp-content\/uploads\/sites\/23\/2024\/03\/WhatsApp-Image-2024-03-25-at-10.06.02-420x420.jpeg 420w, https:\/\/portal.pi.gov.br\/sempi\/wp-content\/uploads\/sites\/23\/2024\/03\/WhatsApp-Image-2024-03-25-at-10.06.02-540x540.jpeg 540w, https:\/\/portal.pi.gov.br\/sempi\/wp-content\/uploads\/sites\/23\/2024\/03\/WhatsApp-Image-2024-03-25-at-10.06.02-780x780.jpeg 780w, https:\/\/portal.pi.gov.br\/sempi\/wp-content\/uploads\/sites\/23\/2024\/03\/WhatsApp-Image-2024-03-25-at-10.06.02-947x947.jpeg 947w, https:\/\/portal.pi.gov.br\/sempi\/wp-content\/uploads\/sites\/23\/2024\/03\/WhatsApp-Image-2024-03-25-at-10.06.02-624x624.jpeg 624w, https:\/\/portal.pi.gov.br\/sempi\/wp-content\/uploads\/sites\/23\/2024\/03\/WhatsApp-Image-2024-03-25-at-10.06.02.jpeg 1080w\" sizes=\"(max-width: 1024px) 100vw, 1024px\" \/><\/figure>\n\n\n\n<p>Projeto de capacita\u00e7\u00e3o para profissionais da Rede de Enfrentamento \/Atendimento \u00e0s Mulheres V\u00edtimas de Viol\u00eancia dos 4 (quatro) Territ\u00f3rios de Desenvolvimento (Serra da Capivara, Cocais, Entre Rios e Carnaubais), com os maiores \u00edndices de viol\u00eancia contra as mulheres, segundo dados da Secretaria de Seguran\u00e7a do Estado do Piau\u00ed (SSP), estabelecendo uma articula\u00e7\u00e3o mais profunda e eficaz entre todos os \u00f3rg\u00e3os e atores pol\u00edticos da rede, a fim de oferecer uma rede mais acolhedora e acess\u00edvel.<\/p>\n","protected":false},"excerpt":{"rendered":"<p>Projeto de capacita\u00e7\u00e3o para profissionais da Rede de Enfrentamento \/Atendimento \u00e0s Mulheres V\u00edtimas de Viol\u00eancia dos 4 (quatro) Territ\u00f3rios de Desenvolvimento (Serra da Capivara, Cocais, Entre Rios e Carnaubais), com [&hellip;]<\/p>\n","protected":false},"author":1,"featured_media":0,"parent":0,"menu_order":0,"comment_status":"closed","ping_status":"closed","template":"template-fullwidth.php","meta":[],"featured_image_urls":{"full":"","thumbnail":"","medium":"","medium_large":"","large":"","sgg-420":"","sgg-540":"","sgg-780":"","1536x1536":"","2048x2048":"","homepage-slider":"","homepage-slider-small":"","page-top":"","page-small":"","loop-main":"","thumb-gallery-widget":""},"post_excerpt_stackable":"<p>Projeto de capacita\u00e7\u00e3o para profissionais da Rede de Enfrentamento \/Atendimento \u00e0s Mulheres V\u00edtimas de Viol\u00eancia dos 4 (quatro) Territ\u00f3rios de Desenvolvimento (Serra da Capivara, Cocais, Entre Rios e Carnaubais), com os maiores \u00edndices de viol\u00eancia contra as mulheres, segundo dados da Secretaria de Seguran\u00e7a do Estado do Piau\u00ed (SSP), estabelecendo uma articula\u00e7\u00e3o mais profunda e eficaz entre todos os \u00f3rg\u00e3os e atores pol\u00edticos da rede, a fim de oferecer uma rede mais acolhedora e acess\u00edvel.<\/p>\n","category_list":"","author_info":{"name":"admin","url":"https:\/\/portal.pi.gov.br\/sempi\/author\/admin\/"},"comments_num":"0 coment\u00e1rio","featured_image_urls_v2":{"full":"","thumbnail":"","medium":"","medium_large":"","large":"","sgg-420":"","sgg-540":"","sgg-780":"","1536x1536":"","2048x2048":"","homepage-slider":"","homepage-slider-small":"","page-top":"","page-small":"","loop-main":"","thumb-gallery-widget":""},"post_excerpt_stackable_v2":"<p>Projeto de capacita\u00e7\u00e3o para profissionais da Rede de Enfrentamento \/Atendimento \u00e0s Mulheres V\u00edtimas de Viol\u00eancia dos 4 (quatro) Territ\u00f3rios de Desenvolvimento (Serra da Capivara, Cocais, Entre Rios e Carnaubais), com os maiores \u00edndices de viol\u00eancia contra as mulheres, segundo dados da Secretaria de Seguran\u00e7a do Estado do Piau\u00ed (SSP), estabelecendo uma articula\u00e7\u00e3o mais profunda e eficaz entre todos os \u00f3rg\u00e3os e atores pol\u00edticos da rede, a fim de oferecer uma rede mais acolhedora e acess\u00edvel.<\/p>\n","category_list_v2":"","author_info_v2":{"name":"admin","url":"https:\/\/portal.pi.gov.br\/sempi\/author\/admin\/"},"comments_num_v2":"0 coment\u00e1rio","_links":{"self":[{"href":"https:\/\/portal.pi.gov.br\/sempi\/wp-json\/wp\/v2\/pages\/636"}],"collection":[{"href":"https:\/\/portal.pi.gov.br\/sempi\/wp-json\/wp\/v2\/pages"}],"about":[{"href":"https:\/\/portal.pi.gov.br\/sempi\/wp-json\/wp\/v2\/types\/page"}],"author":[{"embeddable":true,"href":"https:\/\/portal.pi.gov.br\/sempi\/wp-json\/wp\/v2\/users\/1"}],"replies":[{"embeddable":true,"href":"https:\/\/portal.pi.gov.br\/sempi\/wp-json\/wp\/v2\/comments?post=636"}],"version-history":[{"count":3,"href":"https:\/\/portal.pi.gov.br\/sempi\/wp-json\/wp\/v2\/pages\/636\/revisions"}],"predecessor-version":[{"id":7446,"href":"https:\/\/portal.pi.gov.br\/sempi\/wp-json\/wp\/v2\/pages\/636\/revisions\/7446"}],"wp:attachment":[{"href":"https:\/\/portal.pi.gov.br\/sempi\/wp-json\/wp\/v2\/media?parent=636"}],"curies":[{"name":"wp","href":"https:\/\/api.w.org\/{rel}","templated":true}]}}