{"id":638,"date":"2020-12-16T08:10:45","date_gmt":"2020-12-16T11:10:45","guid":{"rendered":"http:\/\/www2.pi.gov.br\/cepm\/?page_id=638"},"modified":"2024-03-25T13:44:53","modified_gmt":"2024-03-25T16:44:53","slug":"elas-empreendem","status":"publish","type":"page","link":"https:\/\/portal.pi.gov.br\/sempi\/elas-empreendem\/","title":{"rendered":"Elas Empreendem"},"content":{"rendered":"\n<figure class=\"wp-block-image size-large\"><img decoding=\"async\" loading=\"lazy\" width=\"1024\" height=\"1024\" src=\"https:\/\/portal.pi.gov.br\/sempi\/wp-content\/uploads\/sites\/23\/2024\/03\/WhatsApp-Image-2024-03-25-at-10.03.33-1024x1024.jpeg\" alt=\"\" class=\"wp-image-7443\" srcset=\"https:\/\/portal.pi.gov.br\/sempi\/wp-content\/uploads\/sites\/23\/2024\/03\/WhatsApp-Image-2024-03-25-at-10.03.33-1024x1024.jpeg 1024w, https:\/\/portal.pi.gov.br\/sempi\/wp-content\/uploads\/sites\/23\/2024\/03\/WhatsApp-Image-2024-03-25-at-10.03.33-300x300.jpeg 300w, https:\/\/portal.pi.gov.br\/sempi\/wp-content\/uploads\/sites\/23\/2024\/03\/WhatsApp-Image-2024-03-25-at-10.03.33-150x150.jpeg 150w, https:\/\/portal.pi.gov.br\/sempi\/wp-content\/uploads\/sites\/23\/2024\/03\/WhatsApp-Image-2024-03-25-at-10.03.33-768x768.jpeg 768w, https:\/\/portal.pi.gov.br\/sempi\/wp-content\/uploads\/sites\/23\/2024\/03\/WhatsApp-Image-2024-03-25-at-10.03.33-420x420.jpeg 420w, https:\/\/portal.pi.gov.br\/sempi\/wp-content\/uploads\/sites\/23\/2024\/03\/WhatsApp-Image-2024-03-25-at-10.03.33-540x540.jpeg 540w, https:\/\/portal.pi.gov.br\/sempi\/wp-content\/uploads\/sites\/23\/2024\/03\/WhatsApp-Image-2024-03-25-at-10.03.33-780x780.jpeg 780w, https:\/\/portal.pi.gov.br\/sempi\/wp-content\/uploads\/sites\/23\/2024\/03\/WhatsApp-Image-2024-03-25-at-10.03.33-947x947.jpeg 947w, https:\/\/portal.pi.gov.br\/sempi\/wp-content\/uploads\/sites\/23\/2024\/03\/WhatsApp-Image-2024-03-25-at-10.03.33-624x624.jpeg 624w, https:\/\/portal.pi.gov.br\/sempi\/wp-content\/uploads\/sites\/23\/2024\/03\/WhatsApp-Image-2024-03-25-at-10.03.33.jpeg 1080w\" sizes=\"(max-width: 1024px) 100vw, 1024px\" \/><\/figure>\n\n\n\n<p>O projeto Elas Empreendem tem o objetivo de fomentar a autonomia econ\u00f4mica e financeira das mulheres piauienses, promovendo igualdade de g\u00eanero no mercado de trabalho e o fomento dos neg\u00f3cios atrav\u00e9s da realiza\u00e7\u00e3o de Oficinas de Capacita\u00e7\u00e3o de Mulheres L\u00edderes Empreendedoras e Cursos de Forma\u00e7\u00e3o Profissional. O projeto vai abranger 7 territ\u00f3rios:  Entre Rios, Chapada das Mangabeiras, Chapada Vale do Rio Itaim, Serra da Capivara, Vale do Canind\u00e9, Vale do Guaribas e Plan\u00edcie Litor\u00e2nea, distribu\u00eddos nas cidades Teresina, Bom Jesus, Paulistana, Queimada Nova, S\u00e3o Raimundo Nonato, S\u00e3o Jo\u00e3o do Piau\u00ed, Oeiras, Simpl\u00edcio Mendes, Picos, Alagoinha do Piau\u00ed, Cajueiro da Praia, Cocal e Parna\u00edba.<br><\/p>\n","protected":false},"excerpt":{"rendered":"<p>O projeto Elas Empreendem tem o objetivo de fomentar a autonomia econ\u00f4mica e financeira das mulheres piauienses, promovendo igualdade de g\u00eanero no mercado de trabalho e o fomento dos neg\u00f3cios [&hellip;]<\/p>\n","protected":false},"author":1,"featured_media":0,"parent":0,"menu_order":0,"comment_status":"closed","ping_status":"closed","template":"template-fullwidth.php","meta":[],"featured_image_urls":{"full":"","thumbnail":"","medium":"","medium_large":"","large":"","sgg-420":"","sgg-540":"","sgg-780":"","1536x1536":"","2048x2048":"","homepage-slider":"","homepage-slider-small":"","page-top":"","page-small":"","loop-main":"","thumb-gallery-widget":""},"post_excerpt_stackable":"<p>O projeto Elas Empreendem tem o objetivo de fomentar a autonomia econ\u00f4mica e financeira das mulheres piauienses, promovendo igualdade de g\u00eanero no mercado de trabalho e o fomento dos neg\u00f3cios atrav\u00e9s da realiza\u00e7\u00e3o de Oficinas de Capacita\u00e7\u00e3o de Mulheres L\u00edderes Empreendedoras e Cursos de Forma\u00e7\u00e3o Profissional. O projeto vai abranger 7 territ\u00f3rios: Entre Rios, Chapada das Mangabeiras, Chapada Vale do Rio Itaim, Serra da Capivara, Vale do Canind\u00e9, Vale do Guaribas e Plan\u00edcie Litor\u00e2nea, distribu\u00eddos nas cidades Teresina, Bom Jesus, Paulistana, Queimada Nova, S\u00e3o Raimundo Nonato, S\u00e3o Jo\u00e3o do Piau\u00ed, Oeiras, Simpl\u00edcio Mendes, Picos, Alagoinha do Piau\u00ed, Cajueiro da Praia,&hellip;<\/p>\n","category_list":"","author_info":{"name":"admin","url":"https:\/\/portal.pi.gov.br\/sempi\/author\/admin\/"},"comments_num":"0 coment\u00e1rio","featured_image_urls_v2":{"full":"","thumbnail":"","medium":"","medium_large":"","large":"","sgg-420":"","sgg-540":"","sgg-780":"","1536x1536":"","2048x2048":"","homepage-slider":"","homepage-slider-small":"","page-top":"","page-small":"","loop-main":"","thumb-gallery-widget":""},"post_excerpt_stackable_v2":"<p>O projeto Elas Empreendem tem o objetivo de fomentar a autonomia econ\u00f4mica e financeira das mulheres piauienses, promovendo igualdade de g\u00eanero no mercado de trabalho e o fomento dos neg\u00f3cios atrav\u00e9s da realiza\u00e7\u00e3o de Oficinas de Capacita\u00e7\u00e3o de Mulheres L\u00edderes Empreendedoras e Cursos de Forma\u00e7\u00e3o Profissional. O projeto vai abranger 7 territ\u00f3rios: Entre Rios, Chapada das Mangabeiras, Chapada Vale do Rio Itaim, Serra da Capivara, Vale do Canind\u00e9, Vale do Guaribas e Plan\u00edcie Litor\u00e2nea, distribu\u00eddos nas cidades Teresina, Bom Jesus, Paulistana, Queimada Nova, S\u00e3o Raimundo Nonato, S\u00e3o Jo\u00e3o do Piau\u00ed, Oeiras, Simpl\u00edcio Mendes, Picos, Alagoinha do Piau\u00ed, Cajueiro da Praia,&hellip;<\/p>\n","category_list_v2":"","author_info_v2":{"name":"admin","url":"https:\/\/portal.pi.gov.br\/sempi\/author\/admin\/"},"comments_num_v2":"0 coment\u00e1rio","_links":{"self":[{"href":"https:\/\/portal.pi.gov.br\/sempi\/wp-json\/wp\/v2\/pages\/638"}],"collection":[{"href":"https:\/\/portal.pi.gov.br\/sempi\/wp-json\/wp\/v2\/pages"}],"about":[{"href":"https:\/\/portal.pi.gov.br\/sempi\/wp-json\/wp\/v2\/types\/page"}],"author":[{"embeddable":true,"href":"https:\/\/portal.pi.gov.br\/sempi\/wp-json\/wp\/v2\/users\/1"}],"replies":[{"embeddable":true,"href":"https:\/\/portal.pi.gov.br\/sempi\/wp-json\/wp\/v2\/comments?post=638"}],"version-history":[{"count":4,"href":"https:\/\/portal.pi.gov.br\/sempi\/wp-json\/wp\/v2\/pages\/638\/revisions"}],"predecessor-version":[{"id":7444,"href":"https:\/\/portal.pi.gov.br\/sempi\/wp-json\/wp\/v2\/pages\/638\/revisions\/7444"}],"wp:attachment":[{"href":"https:\/\/portal.pi.gov.br\/sempi\/wp-json\/wp\/v2\/media?parent=638"}],"curies":[{"name":"wp","href":"https:\/\/api.w.org\/{rel}","templated":true}]}}