{"id":650,"date":"2020-12-16T08:14:14","date_gmt":"2020-12-16T11:14:14","guid":{"rendered":"http:\/\/www2.pi.gov.br\/cepm\/?page_id=650"},"modified":"2026-03-25T10:33:08","modified_gmt":"2026-03-25T13:33:08","slug":"observatorio-da-mulher","status":"publish","type":"page","link":"https:\/\/portal.pi.gov.br\/sempi\/observatorio-da-mulher\/","title":{"rendered":"Observat\u00f3rio da Mulher Piauiense"},"content":{"rendered":"\n<p>O Observat\u00f3rio da Mulher Piauiense \u00e9 uma iniciativa da Secretaria de Estado das Mulheres do Piau\u00ed (SEMPI), concebida para fortalecer a an\u00e1lise de dados sobre a situa\u00e7\u00e3o social das mulheres no estado.<\/p>\n\n\n\n<p><br>Seu prop\u00f3sito \u00e9 subsidiar a elabora\u00e7\u00e3o de pol\u00edticas p\u00fablicas baseadas em evid\u00eancias, permitindo identificar territ\u00f3rios e munic\u00edpios com maiores taxas de vulnerabilidade, compreender suas especificidades e desenvolver estrat\u00e9gias eficazes para o enfrentamento da viol\u00eancia contra as mulheres e a promo\u00e7\u00e3o da igualdade de g\u00eanero.<\/p>\n\n\n\n<p><br>Al\u00e9m disso, o Observat\u00f3rio permite a divulga\u00e7\u00e3o dos dados analisados e promove maior transpar\u00eancia nas a\u00e7\u00f5es da Secretaria. Dessa forma, funciona como uma central de intelig\u00eancia de dados sens\u00edveis ao g\u00eanero no estado do Piau\u00ed.<\/p>\n\n\n\n<p><\/p>\n\n\n\n<h2 class=\"wp-block-heading\"><br>SE\u00c7\u00c3O 1 &#8211; DADOS DE VIOL\u00caNCIA: FONTE SSP\/PI<\/h2>\n\n\n\n<p><br>As pesquisas dispon\u00edveis nessa se\u00e7\u00e3o foram produzidas para subsidiar o processo de planejamento das pol\u00edticas p\u00fablicas para a mulher no Piau\u00ed, priorizadas por meio do compromisso de governo <strong>CG 056: Fortalecer a pol\u00edtica de enfrentamento \u00e0 viol\u00eancia contra a mulher, inclusive com a instala\u00e7\u00e3o de mais delegacias especializadas (DEAMs).&nbsp;<\/strong><\/p>\n\n\n\n<p>Por meio dos pain\u00e9is de Boletins de Ocorr\u00eancia nas delegacias gerais e feminic\u00eddios \u00e9 poss\u00edvel identificar os territ\u00f3rios mais vulner\u00e1veis e alguns aspectos sobre o perfil das v\u00edtimas e dos agressores.<\/p>\n\n\n\n<div class=\"wp-block-stackable-heading stk-block-heading stk-block-heading--v2 stk-block stk-9bbf580\" id=\"br-painel-1-boletins-de-ocorrencia-b-os-registrados-2023-2024-novo\" data-block-id=\"9bbf580\"><h2 class=\"stk-block-heading__text\"><br>Painel 1: Boletins de Ocorr\u00eancia (BOs) registrados (2023 &#8211; 2024) (NOVO)<\/h2><\/div>\n\n\n\n<p>Este painel apresenta informa\u00e7\u00f5es sobre Boletins de Ocorr\u00eancia (BOs) registrados nas delegacias gerais em todos os munic\u00edpios do estado do Piau\u00ed nos anos de 2023 e 2024, com foco nas ocorr\u00eancias envolvendo mulheres v\u00edtimas de viol\u00eancia.<\/p>\n\n\n\n<p>O painel foi constru\u00eddo para ser uma ferramenta que facilite o diagn\u00f3stico da viol\u00eancia contra a mulher no Piau\u00ed, especificamente \u00fatil para gestores\/as, formuladores\/as de pol\u00edticas p\u00fablicas para mulheres, demais interessados\/as na pauta &#8211; como pesquisadore\/as, sociedade civil organizada e outros.<\/p>\n\n\n\n<p>Utilize o funil no canto superior esquerdo para acessar as filtragens por ano, territ\u00f3rio de desenvolvimento, munic\u00edpio e outras.<br><\/p>\n\n\n\n\n\n\n\n<div class=\"wp-block-stackable-heading stk-block-heading stk-block-heading--v2 stk-block stk-5316ec9\" id=\"br-painel-2-total-de-casos-de-feminicidio-no-piaui-por-ano-2015-2025-novo\" data-block-id=\"5316ec9\"><h2 class=\"stk-block-heading__text\"><br>Painel 2: Total de Casos de Feminic\u00eddio no Piau\u00ed por Ano (2015 &#8211; 2025) (NOVO)<\/h2><\/div>\n\n\n\n<p>Este painel apresenta a an\u00e1lise de uma s\u00e9rie hist\u00f3rica de dados de feminic\u00eddios registrados no estado do Piau\u00ed, desde 2015 &#8211; ano em que entrou em vigor a Lei n\u00ba 13.104\/2015, que inclui o feminic\u00eddio como circunst\u00e2ncia qualificadora do crime de homic\u00eddio no C\u00f3digo Penal brasileiro.<\/p>\n\n\n\n<p>O painel foi constru\u00eddo para ser uma ferramenta que facilite o diagn\u00f3stico da viol\u00eancia contra a mulher no Piau\u00ed, especificamente \u00fatil para gestores\/as, formuladores\/as de pol\u00edticas p\u00fablicas para mulheres, demais interessados\/as na pauta &#8211; como pesquisadore\/as, sociedade civil organizada e outros.<\/p>\n\n\n\n<p>Utilize o funil no canto superior esquerdo para acessar as filtragens por ano, territ\u00f3rio de desenvolvimento, munic\u00edpio e outras.<br><\/p>\n\n\n\n\n\n\n\n<h2 class=\"wp-block-heading\"><br>SE\u00c7\u00c3O 2 &#8211; DADOS SOBRE DIVERSIDADE NO ESTADO DO PIAU\u00cd: FONTE CONSULTA DIRETA COM OS \u00d3RG\u00c3OS (VIA SEI\/FORMUL\u00c1RIO)<\/h2>\n\n\n\n<p><br>As pesquisas dispon\u00edveis nessa se\u00e7\u00e3o foram produzidas para subsidiar o processo de planejamento das pol\u00edticas p\u00fablicas para a mulher no Piau\u00ed, priorizadas por meio dos compromissos de governo <strong>CG 120:&nbsp; Fortalecer o programa de preven\u00e7\u00e3o e combate ao ass\u00e9dio moral contra as mulheres no trabalho; <strong>CG 121: Fortalecer a Pol\u00edtica de Igualdade no mundo do trabalho, garantindo inclusive a amplia\u00e7\u00e3o da participa\u00e7\u00e3o de mulheres na ocupa\u00e7\u00e3o de cargos e posi\u00e7\u00f5es de decis\u00e3o na administra\u00e7\u00e3o estadual.&nbsp;<\/strong>&nbsp;<\/strong><\/p>\n\n\n\n<div class=\"wp-block-stackable-heading stk-block-heading stk-block-heading--v2 stk-block stk-be52b22\" id=\"br-painel-3-dados-do-pro-equidade-genero-raca-e-diversidade-edicao-2024-novo\" data-block-id=\"be52b22\"><h2 class=\"stk-block-heading__text\"><br>Painel 3: Dados do Pr\u00f3-Equidade &#8211; G\u00eanero, ra\u00e7a e diversidade edi\u00e7\u00e3o 2024 (NOVO)<\/h2><\/div>\n\n\n\n<p>Os dados apresentados nesta an\u00e1lise resultam da Edi\u00e7\u00e3o 2024 do Programa Pr\u00f3-Equidade, a partir de formul\u00e1rios enviados aos \u00f3rg\u00e3os do Governo do Estado do Piau\u00ed que aderiram \u00e0 iniciativa. Ao todo, 15 \u00f3rg\u00e3os tiveram servidores(as) respondentes.: AGRESPI, CENDFOL, COJUV, IAEPI, INTERPI, OGE, SAF, SEGOV, SEID, SEMARH, SEMPI, SEPLAN, SERES, SESAPI, UESPI.<\/p>\n\n\n\n<p>O painel re\u00fane informa\u00e7\u00f5es que permitem compreender aspectos gerais da diversidade e das pol\u00edticas internas dos \u00f3rg\u00e3os:<\/p>\n\n\n\n<p>Perfil dos servidores(as): recortes de g\u00eanero (cis e trans), orienta\u00e7\u00e3o sexual, ra\u00e7a\/cor, defici\u00eancia, parentalidade, religi\u00e3o e outros marcadores sociais.<br>Qualifica\u00e7\u00e3o e forma\u00e7\u00e3o: indicadores sobre a exist\u00eancia de pol\u00edticas de capacita\u00e7\u00e3o, bem como os tipos de qualifica\u00e7\u00f5es j\u00e1 ofertadas nos \u00f3rg\u00e3os.<\/p>\n\n\n\n<p>OBSERVA\u00c7\u00c3O: No canto superior esquerdo, o bot\u00e3o de funil pode ser utilizado para filtrar os dados de acordo com o \u00f3rg\u00e3o respondente.<br><\/p>\n\n\n\n\n\n\n\n<h2 class=\"wp-block-heading\"><br>Painel 4: Porcentagem de homens e mulheres em cargos de alta gest\u00e3o nos \u00f3rg\u00e3os do estado do Piau\u00ed (NOVO)<br><\/h2>\n\n\n\n<p><br>O painel a seguir traz um retrato da porcentagem de homens e mulheres ocupando os cargos de alta gest\u00e3o, comissionados por indica\u00e7\u00e3o, nos \u00f3rg\u00e3os do estado do Piau\u00ed. A temporalidade da pesquisa remete ao primeiro semestre de 2025. O estudo foi organizado por grupos de \u00f3rg\u00e3os, como desenvolvimento social, seguran\u00e7a, governadoria, etc.<br><\/p>\n\n\n\n\n\n\n\n<h2 class=\"wp-block-heading\"><br>SE\u00c7\u00c3O 3 &#8211; DADOS SOBRE A REDE: Fonte Registros administrativos de \u00f3rg\u00e3os diversos<br><\/h2>\n\n\n\n<p><br>As pesquisas dispon\u00edveis nessa se\u00e7\u00e3o foram produzidas para subsidiar o processo de planejamento das pol\u00edticas p\u00fablicas para a mulher no Piau\u00ed, priorizadas por meio dos compromissos de governo <strong><strong>CG 057: Fortalecer os servi\u00e7os de assist\u00eancia social, seguran\u00e7a e sa\u00fade da rede de atendimento \u00e0s mulheres em situa\u00e7\u00e3o de viol\u00eancia, em parceria com os munic\u00edpios, ampliando as a\u00e7\u00f5es de capacita\u00e7\u00e3o dos profissionais<\/strong><\/strong>; <strong>CG 058: Fortalecer o Projeto Maria da Penha, promovendo o aumento da patrulha Maria da Penha e desenvolvendo campanhas educativas nas escolas<\/strong>.<br><\/p>\n\n\n\n<h2 class=\"wp-block-heading\">Boletim: Um panorama da rede de prote\u00e7\u00e3o em 2024<\/h2>\n\n\n\n<p><br>No in\u00edcio de 2025 foi lan\u00e7ado o primeiro estudo do Observat\u00f3rio, uma an\u00e1lise sobre diversos tipos de dados sobre a Pol\u00edtica para Mulheres no Estado do Piau\u00ed durante o ano de 2024.<\/p>\n\n\n\n<p> <br><\/p>\n\n\n\n<div class=\"wp-block-file\">&lt;object class=&quot;wp-block-file__embed&quot; data=&quot;https:\/\/portal.pi.gov.br\/sempi\/wp-content\/uploads\/sites\/23\/2025\/01\/BOLETIM-OBS-MULHER.pdf&quot; type=&quot;application\/pdf&quot; style=&quot;width:100%;height:600px&quot; aria-label=&quot;<br><\/object><a id=\"wp-block-file--media-ed2a6461-681f-4c5d-ab48-999a0592bf89\" href=\"https:\/\/portal.pi.gov.br\/sempi\/wp-content\/uploads\/sites\/23\/2025\/01\/BOLETIM-OBS-MULHER.pdf\"><br>BOLETIM-OBS-MULHER<\/a><a href=\"https:\/\/portal.pi.gov.br\/sempi\/wp-content\/uploads\/sites\/23\/2025\/01\/BOLETIM-OBS-MULHER.pdf\" class=\"wp-block-file__button wp-element-button\" download aria-describedby=\"wp-block-file--media-ed2a6461-681f-4c5d-ab48-999a0592bf89\">Baixar<\/a><\/div>\n\n\n\n<p><br>O Boletim de Dados 2024 do Observat\u00f3rio da Mulher Piauiense, desenvolvido pela SEMPI, tem como objetivo analisar aspectos fundamentais da vida das mulheres no Piau\u00ed, com foco em dados de viol\u00eancia e atendimentos relacionados \u00e0s pol\u00edticas p\u00fablicas de enfrentamento \u00e0 viol\u00eancia de g\u00eanero. A partir de fontes como a Secretaria de Seguran\u00e7a P\u00fablica do Piau\u00ed (SSP\/PI), al\u00e9m de equipamentos como a Casa Abrigo Mulher Viva e a Casa da Mulher Brasileira, o boletim apresenta informa\u00e7\u00f5es quantitativas para compreender as tend\u00eancias e impactos das pol\u00edticas p\u00fablicas implementadas em 2024.<\/p>\n\n\n\n<p><br>O Boletim fica dispon\u00edvel em PDF com uma an\u00e1lise detalhada dos gr\u00e1ficos. <\/p>\n\n\n\n<h2 class=\"wp-block-heading\"><br>Painel 5: LOCALIZA\u00c7\u00c3O DOS ORGANISMOS DE POL\u00cdTICA PARA MULHERES NO PIAU\u00cd E INCID\u00caNCIA DE FEMINIC\u00cdDIOS (2025 \u2013 2025)\u00a0\u00a0<\/h2>\n\n\n\n\n\n\n\n<p class=\"has-text-align-center\"><br><strong>Acesse a p\u00e1gina do Observat\u00f3rio da Mulher Piauiense por meio do QRcode a seguir<\/strong><\/p>\n\n\n<div class=\"wp-block-image\">\n<figure class=\"aligncenter size-large is-resized\"><img decoding=\"async\" loading=\"lazy\" src=\"https:\/\/portal.pi.gov.br\/sempi\/wp-content\/uploads\/sites\/23\/2025\/08\/QR-code-Observatorio-da-Mulher-819x1024.jpeg\" alt=\"\" class=\"wp-image-14251\" width=\"212\" height=\"265\" srcset=\"https:\/\/portal.pi.gov.br\/sempi\/wp-content\/uploads\/sites\/23\/2025\/08\/QR-code-Observatorio-da-Mulher-819x1024.jpeg 819w, https:\/\/portal.pi.gov.br\/sempi\/wp-content\/uploads\/sites\/23\/2025\/08\/QR-code-Observatorio-da-Mulher-240x300.jpeg 240w, https:\/\/portal.pi.gov.br\/sempi\/wp-content\/uploads\/sites\/23\/2025\/08\/QR-code-Observatorio-da-Mulher-768x960.jpeg 768w, https:\/\/portal.pi.gov.br\/sempi\/wp-content\/uploads\/sites\/23\/2025\/08\/QR-code-Observatorio-da-Mulher-336x420.jpeg 336w, https:\/\/portal.pi.gov.br\/sempi\/wp-content\/uploads\/sites\/23\/2025\/08\/QR-code-Observatorio-da-Mulher-432x540.jpeg 432w, https:\/\/portal.pi.gov.br\/sempi\/wp-content\/uploads\/sites\/23\/2025\/08\/QR-code-Observatorio-da-Mulher-624x780.jpeg 624w, https:\/\/portal.pi.gov.br\/sempi\/wp-content\/uploads\/sites\/23\/2025\/08\/QR-code-Observatorio-da-Mulher-947x1184.jpeg 947w, https:\/\/portal.pi.gov.br\/sempi\/wp-content\/uploads\/sites\/23\/2025\/08\/QR-code-Observatorio-da-Mulher.jpeg 1024w\" sizes=\"(max-width: 212px) 100vw, 212px\" \/><\/figure><\/div>","protected":false},"excerpt":{"rendered":"<p>O Observat\u00f3rio da Mulher Piauiense \u00e9 uma iniciativa da Secretaria de Estado das Mulheres do Piau\u00ed (SEMPI), concebida para fortalecer a an\u00e1lise de dados sobre a situa\u00e7\u00e3o social das mulheres [&hellip;]<\/p>\n","protected":false},"author":1,"featured_media":0,"parent":0,"menu_order":0,"comment_status":"closed","ping_status":"closed","template":"template-fullwidth.php","meta":[],"featured_image_urls":{"full":"","thumbnail":"","medium":"","medium_large":"","large":"","sgg-420":"","sgg-540":"","sgg-780":"","1536x1536":"","2048x2048":"","homepage-slider":"","homepage-slider-small":"","page-top":"","page-small":"","loop-main":"","thumb-gallery-widget":""},"post_excerpt_stackable":"<p>O Observat\u00f3rio da Mulher Piauiense \u00e9 uma iniciativa da Secretaria de Estado das Mulheres do Piau\u00ed (SEMPI), concebida para fortalecer a an\u00e1lise de dados sobre a situa\u00e7\u00e3o social das mulheres no estado. Seu prop\u00f3sito \u00e9 subsidiar a elabora\u00e7\u00e3o de pol\u00edticas p\u00fablicas baseadas em evid\u00eancias, permitindo identificar territ\u00f3rios e munic\u00edpios com maiores taxas de vulnerabilidade, compreender suas especificidades e desenvolver estrat\u00e9gias eficazes para o enfrentamento da viol\u00eancia contra as mulheres e a promo\u00e7\u00e3o da igualdade de g\u00eanero. Al\u00e9m disso, o Observat\u00f3rio permite a divulga\u00e7\u00e3o dos dados analisados e promove maior transpar\u00eancia nas a\u00e7\u00f5es da Secretaria. Dessa forma, funciona como uma central&hellip;<\/p>\n","category_list":"","author_info":{"name":"admin","url":"https:\/\/portal.pi.gov.br\/sempi\/author\/admin\/"},"comments_num":"0 coment\u00e1rio","featured_image_urls_v2":{"full":"","thumbnail":"","medium":"","medium_large":"","large":"","sgg-420":"","sgg-540":"","sgg-780":"","1536x1536":"","2048x2048":"","homepage-slider":"","homepage-slider-small":"","page-top":"","page-small":"","loop-main":"","thumb-gallery-widget":""},"post_excerpt_stackable_v2":"<p>O Observat\u00f3rio da Mulher Piauiense \u00e9 uma iniciativa da Secretaria de Estado das Mulheres do Piau\u00ed (SEMPI), concebida para fortalecer a an\u00e1lise de dados sobre a situa\u00e7\u00e3o social das mulheres no estado. Seu prop\u00f3sito \u00e9 subsidiar a elabora\u00e7\u00e3o de pol\u00edticas p\u00fablicas baseadas em evid\u00eancias, permitindo identificar territ\u00f3rios e munic\u00edpios com maiores taxas de vulnerabilidade, compreender suas especificidades e desenvolver estrat\u00e9gias eficazes para o enfrentamento da viol\u00eancia contra as mulheres e a promo\u00e7\u00e3o da igualdade de g\u00eanero. Al\u00e9m disso, o Observat\u00f3rio permite a divulga\u00e7\u00e3o dos dados analisados e promove maior transpar\u00eancia nas a\u00e7\u00f5es da Secretaria. Dessa forma, funciona como uma central&hellip;<\/p>\n","category_list_v2":"","author_info_v2":{"name":"admin","url":"https:\/\/portal.pi.gov.br\/sempi\/author\/admin\/"},"comments_num_v2":"0 coment\u00e1rio","_links":{"self":[{"href":"https:\/\/portal.pi.gov.br\/sempi\/wp-json\/wp\/v2\/pages\/650"}],"collection":[{"href":"https:\/\/portal.pi.gov.br\/sempi\/wp-json\/wp\/v2\/pages"}],"about":[{"href":"https:\/\/portal.pi.gov.br\/sempi\/wp-json\/wp\/v2\/types\/page"}],"author":[{"embeddable":true,"href":"https:\/\/portal.pi.gov.br\/sempi\/wp-json\/wp\/v2\/users\/1"}],"replies":[{"embeddable":true,"href":"https:\/\/portal.pi.gov.br\/sempi\/wp-json\/wp\/v2\/comments?post=650"}],"version-history":[{"count":49,"href":"https:\/\/portal.pi.gov.br\/sempi\/wp-json\/wp\/v2\/pages\/650\/revisions"}],"predecessor-version":[{"id":17303,"href":"https:\/\/portal.pi.gov.br\/sempi\/wp-json\/wp\/v2\/pages\/650\/revisions\/17303"}],"wp:attachment":[{"href":"https:\/\/portal.pi.gov.br\/sempi\/wp-json\/wp\/v2\/media?parent=650"}],"curies":[{"name":"wp","href":"https:\/\/api.w.org\/{rel}","templated":true}]}}