{"id":658,"date":"2020-12-16T08:17:23","date_gmt":"2020-12-16T11:17:23","guid":{"rendered":"http:\/\/www2.pi.gov.br\/cepm\/?page_id=658"},"modified":"2021-06-11T12:23:12","modified_gmt":"2021-06-11T15:23:12","slug":"convencoes","status":"publish","type":"page","link":"https:\/\/portal.pi.gov.br\/sempi\/convencoes\/","title":{"rendered":"Conven\u00e7\u00f5es"},"content":{"rendered":"\n<div class=\"wp-block-file\"><a href=\"http:\/\/portal.pi.gov.br\/cepm\/wp-content\/uploads\/sites\/23\/2021\/06\/Convencao-Interamericana-sobre-a-Concessao-dos-Direitos-Civis-a-Mulher-1948-_-Direitos-da-Mulher.pdf\"><strong>Conven\u00e7\u00e3o Interamericana sobre a Concess\u00e3o dos Direitos Civis \u00e0 Mulher &#8211; 1948<\/strong><br>Convencao-Interamericana-sobre-a-Concessao-dos-Direitos-Civis-a-Mulher-1948-_-Direitos-da-Mulher<\/a><a href=\"http:\/\/portal.pi.gov.br\/cepm\/wp-content\/uploads\/sites\/23\/2021\/06\/Convencao-Interamericana-sobre-a-Concessao-dos-Direitos-Civis-a-Mulher-1948-_-Direitos-da-Mulher.pdf\" class=\"wp-block-file__button\" download>Baixar<\/a><\/div>\n\n\n\n<div class=\"wp-block-file\"><a href=\"http:\/\/portal.pi.gov.br\/cepm\/wp-content\/uploads\/sites\/23\/2021\/06\/Convencao-de-Belem-Do-Para.pdf\"><br><\/a><a href=\"http:\/\/portal.pi.gov.br\/cepm\/wp-content\/uploads\/sites\/23\/2021\/06\/Convencao-de-Belem-Do-Para.pdf\" class=\"wp-block-file__button\" download>Baixar<\/a><\/div>\n\n\n\n<div class=\"wp-block-file\"><a href=\"http:\/\/portal.pi.gov.br\/cepm\/wp-content\/uploads\/sites\/23\/2021\/06\/Convencao-Interamericana-sobre-a-Concessao-dos-Direitos-Politicos-a-Mulher-1948-_-Direitos-da-Mulher.pdf\"><strong>Conven\u00e7\u00e3o Interamericana sobre a Concess\u00e3o dos Direitos Pol\u00edticos \u00e0 Mulher &#8211; 1948<\/strong><br>Convencao-Interamericana-sobre-a-Concessao-dos-Direitos-Politicos-a-Mulher-1948-_-Direitos-da-Mulher<\/a><a href=\"http:\/\/portal.pi.gov.br\/cepm\/wp-content\/uploads\/sites\/23\/2021\/06\/Convencao-Interamericana-sobre-a-Concessao-dos-Direitos-Politicos-a-Mulher-1948-_-Direitos-da-Mulher.pdf\" class=\"wp-block-file__button\" download>Baixar<\/a><\/div>\n\n\n\n<div class=\"wp-block-file\"><a href=\"http:\/\/portal.pi.gov.br\/cepm\/wp-content\/uploads\/sites\/23\/2021\/06\/Convencao-sobre-a-Eliminacao-de-Todas-as-Formas-de-Discriminacao-Contra-as-Mulheres-1979-_-Direitos-da-Mulher.pdf\"><strong>Conven\u00e7\u00e3o sobre a Elimina\u00e7\u00e3o de Todas as Formas de Discrimina\u00e7\u00e3o Contra as Mulheres -1979<\/strong><br>Convencao-sobre-a-Eliminacao-de-Todas-as-Formas-de-Discriminacao-Contra-as-Mulheres-1979-_-Direitos-da-Mulher<\/a><a href=\"http:\/\/portal.pi.gov.br\/cepm\/wp-content\/uploads\/sites\/23\/2021\/06\/Convencao-sobre-a-Eliminacao-de-Todas-as-Formas-de-Discriminacao-Contra-as-Mulheres-1979-_-Direitos-da-Mulher.pdf\" class=\"wp-block-file__button\" download>Baixar<\/a><\/div>\n\n\n\n<div class=\"wp-block-file\"><a href=\"http:\/\/portal.pi.gov.br\/cepm\/wp-content\/uploads\/sites\/23\/2021\/06\/Declaracao-de-Pequim-adotada-pela-Quarta-Conferencia-Mundial-sobre-as-Mulheres_-Acao-para-Igualdade-Desenvolvimento-e-Paz-1995-_-Direitos-da-Mulher.pdf\"><strong>Declara\u00e7\u00e3o de Pequim adotada pela Quarta Confer\u00eancia Mundial sobre as Mulheres: A\u00e7\u00e3o para Igualdade,<br>Desenvolvimento e Paz 1995<\/strong><br>Declaracao-de-Pequim-adotada-pela-Quarta-Conferencia-Mundial-sobre-as-Mulheres_-Acao-para-Igualdade-Desenvolvimento-e-Paz-1995-_-Direitos-da-Mulher<br><br><strong>Conven\u00e7\u00e3o de Bel\u00e9m Do Par\u00e1<\/strong><br><strong><em>CONVEN\u00c7\u00c3O INTERAMERICANA PARA PREVENIR, PUNIR E ERRADICAR A VIOL\u00caNCIA CONTRA A MULHER,<br>\u201cCONVEN\u00c7\u00c3O DE BEL\u00c9M DO PAR\u00c1\u201d<\/em><\/strong><\/a><a href=\"http:\/\/portal.pi.gov.br\/cepm\/wp-content\/uploads\/sites\/23\/2021\/06\/Declaracao-de-Pequim-adotada-pela-Quarta-Conferencia-Mundial-sobre-as-Mulheres_-Acao-para-Igualdade-Desenvolvimento-e-Paz-1995-_-Direitos-da-Mulher.pdf\" class=\"wp-block-file__button\" download>Baixar<\/a><\/div>\n","protected":false},"excerpt":{"rendered":"","protected":false},"author":1,"featured_media":0,"parent":0,"menu_order":0,"comment_status":"closed","ping_status":"closed","template":"template-fullwidth.php","meta":[],"featured_image_urls":{"full":"","thumbnail":"","medium":"","medium_large":"","large":"","sgg-420":"","sgg-540":"","sgg-780":"","1536x1536":"","2048x2048":"","homepage-slider":"","homepage-slider-small":"","page-top":"","page-small":"","loop-main":"","thumb-gallery-widget":""},"post_excerpt_stackable":"<p>Conven\u00e7\u00e3o Interamericana sobre a Concess\u00e3o dos Direitos Civis \u00e0 Mulher &#8211; 1948Convencao-Interamericana-sobre-a-Concessao-dos-Direitos-Civis-a-Mulher-1948-_-Direitos-da-MulherBaixar Baixar Conven\u00e7\u00e3o Interamericana sobre a Concess\u00e3o dos Direitos Pol\u00edticos \u00e0 Mulher &#8211; 1948Convencao-Interamericana-sobre-a-Concessao-dos-Direitos-Politicos-a-Mulher-1948-_-Direitos-da-MulherBaixar Conven\u00e7\u00e3o sobre a Elimina\u00e7\u00e3o de Todas as Formas de Discrimina\u00e7\u00e3o Contra as Mulheres -1979Convencao-sobre-a-Eliminacao-de-Todas-as-Formas-de-Discriminacao-Contra-as-Mulheres-1979-_-Direitos-da-MulherBaixar Declara\u00e7\u00e3o de Pequim adotada pela Quarta Confer\u00eancia Mundial sobre as Mulheres: A\u00e7\u00e3o para Igualdade,Desenvolvimento e Paz 1995Declaracao-de-Pequim-adotada-pela-Quarta-Conferencia-Mundial-sobre-as-Mulheres_-Acao-para-Igualdade-Desenvolvimento-e-Paz-1995-_-Direitos-da-MulherConven\u00e7\u00e3o de Bel\u00e9m Do Par\u00e1CONVEN\u00c7\u00c3O INTERAMERICANA PARA PREVENIR, PUNIR E ERRADICAR A VIOL\u00caNCIA CONTRA A MULHER,\u201cCONVEN\u00c7\u00c3O DE BEL\u00c9M DO PAR\u00c1\u201dBaixar<\/p>\n","category_list":"","author_info":{"name":"admin","url":"https:\/\/portal.pi.gov.br\/sempi\/author\/admin\/"},"comments_num":"0 coment\u00e1rio","featured_image_urls_v2":{"full":"","thumbnail":"","medium":"","medium_large":"","large":"","sgg-420":"","sgg-540":"","sgg-780":"","1536x1536":"","2048x2048":"","homepage-slider":"","homepage-slider-small":"","page-top":"","page-small":"","loop-main":"","thumb-gallery-widget":""},"post_excerpt_stackable_v2":"<p>Conven\u00e7\u00e3o Interamericana sobre a Concess\u00e3o dos Direitos Civis \u00e0 Mulher &#8211; 1948Convencao-Interamericana-sobre-a-Concessao-dos-Direitos-Civis-a-Mulher-1948-_-Direitos-da-MulherBaixar Baixar Conven\u00e7\u00e3o Interamericana sobre a Concess\u00e3o dos Direitos Pol\u00edticos \u00e0 Mulher &#8211; 1948Convencao-Interamericana-sobre-a-Concessao-dos-Direitos-Politicos-a-Mulher-1948-_-Direitos-da-MulherBaixar Conven\u00e7\u00e3o sobre a Elimina\u00e7\u00e3o de Todas as Formas de Discrimina\u00e7\u00e3o Contra as Mulheres -1979Convencao-sobre-a-Eliminacao-de-Todas-as-Formas-de-Discriminacao-Contra-as-Mulheres-1979-_-Direitos-da-MulherBaixar Declara\u00e7\u00e3o de Pequim adotada pela Quarta Confer\u00eancia Mundial sobre as Mulheres: A\u00e7\u00e3o para Igualdade,Desenvolvimento e Paz 1995Declaracao-de-Pequim-adotada-pela-Quarta-Conferencia-Mundial-sobre-as-Mulheres_-Acao-para-Igualdade-Desenvolvimento-e-Paz-1995-_-Direitos-da-MulherConven\u00e7\u00e3o de Bel\u00e9m Do Par\u00e1CONVEN\u00c7\u00c3O INTERAMERICANA PARA PREVENIR, PUNIR E ERRADICAR A VIOL\u00caNCIA CONTRA A MULHER,\u201cCONVEN\u00c7\u00c3O DE BEL\u00c9M DO PAR\u00c1\u201dBaixar<\/p>\n","category_list_v2":"","author_info_v2":{"name":"admin","url":"https:\/\/portal.pi.gov.br\/sempi\/author\/admin\/"},"comments_num_v2":"0 coment\u00e1rio","_links":{"self":[{"href":"https:\/\/portal.pi.gov.br\/sempi\/wp-json\/wp\/v2\/pages\/658"}],"collection":[{"href":"https:\/\/portal.pi.gov.br\/sempi\/wp-json\/wp\/v2\/pages"}],"about":[{"href":"https:\/\/portal.pi.gov.br\/sempi\/wp-json\/wp\/v2\/types\/page"}],"author":[{"embeddable":true,"href":"https:\/\/portal.pi.gov.br\/sempi\/wp-json\/wp\/v2\/users\/1"}],"replies":[{"embeddable":true,"href":"https:\/\/portal.pi.gov.br\/sempi\/wp-json\/wp\/v2\/comments?post=658"}],"version-history":[{"count":3,"href":"https:\/\/portal.pi.gov.br\/sempi\/wp-json\/wp\/v2\/pages\/658\/revisions"}],"predecessor-version":[{"id":1308,"href":"https:\/\/portal.pi.gov.br\/sempi\/wp-json\/wp\/v2\/pages\/658\/revisions\/1308"}],"wp:attachment":[{"href":"https:\/\/portal.pi.gov.br\/sempi\/wp-json\/wp\/v2\/media?parent=658"}],"curies":[{"name":"wp","href":"https:\/\/api.w.org\/{rel}","templated":true}]}}