{"id":664,"date":"2026-02-06T08:58:46","date_gmt":"2026-02-06T11:58:46","guid":{"rendered":"http:\/\/www2.pi.gov.br\/cepm\/?page_id=664"},"modified":"2026-02-06T08:59:02","modified_gmt":"2026-02-06T11:59:02","slug":"livros","status":"publish","type":"page","link":"https:\/\/portal.pi.gov.br\/sempi\/livros\/","title":{"rendered":"Relat\u00f3rios"},"content":{"rendered":"\n<p>O Relat\u00f3rio de Gest\u00e3o \u00e9 um dos principais instrumentos de comunica\u00e7\u00e3o entre governo, cidad\u00e3os e seus representantes, elaborado a cada exerc\u00edcio e enviado ao Tribunal de Contas do Estado do Piau\u00ed (TCE), segundo a Instru\u00e7\u00e3o Normativa N\u00ba 01\/2022 do TCE.<\/p>\n\n\n\n<p>A publica\u00e7\u00e3o abrange documentos, informa\u00e7\u00f5es e demonstrativos de natureza cont\u00e1bil, financeira, or\u00e7ament\u00e1ria, operacional ou patrimonial. \u00c9 organizado de forma a permitir uma vis\u00e3o sist\u00eamica do desempenho e da conformidade da gest\u00e3o dos respons\u00e1veis por uma ou mais unidades jurisdicionadas durante o exerc\u00edcio financeiro.&nbsp;<\/p>\n\n\n\n<div class=\"wp-block-file\"><object class=\"wp-block-file__embed\" data=\"https:\/\/portal.pi.gov.br\/sempi\/wp-content\/uploads\/sites\/23\/2026\/02\/RELATORIO-GESTAO-TCE-2025-2.pdf\" type=\"application\/pdf\" style=\"width:100%;height:600px\" aria-label=\"Incorporado de RELATORIO-GESTAO-TCE-2025-2.\"><\/object><a id=\"wp-block-file--media-e60771a6-9485-4700-a2ad-c322427fd7dd\" href=\"https:\/\/portal.pi.gov.br\/sempi\/wp-content\/uploads\/sites\/23\/2026\/02\/RELATORIO-GESTAO-TCE-2025-2.pdf\">RELATORIO-GESTAO-TCE-2025-2<\/a><a href=\"https:\/\/portal.pi.gov.br\/sempi\/wp-content\/uploads\/sites\/23\/2026\/02\/RELATORIO-GESTAO-TCE-2025-2.pdf\" class=\"wp-block-file__button wp-element-button\" download aria-describedby=\"wp-block-file--media-e60771a6-9485-4700-a2ad-c322427fd7dd\">Baixar<\/a><\/div>\n\n\n\n<div class=\"wp-block-file\"><object class=\"wp-block-file__embed\" data=\"https:\/\/portal.pi.gov.br\/sempi\/wp-content\/uploads\/sites\/23\/2025\/02\/Relatorio-TCE_-2024.pdf\" type=\"application\/pdf\" style=\"width:100%;height:600px\" aria-label=\"Incorporado de Relatorio-TCE_-2024.\"><\/object><a id=\"wp-block-file--media-b7fc7cec-069c-470d-8be4-893f1efb8917\" href=\"https:\/\/portal.pi.gov.br\/sempi\/wp-content\/uploads\/sites\/23\/2025\/02\/Relatorio-TCE_-2024.pdf\">Relatorio-TCE_-2024<\/a><a href=\"https:\/\/portal.pi.gov.br\/sempi\/wp-content\/uploads\/sites\/23\/2025\/02\/Relatorio-TCE_-2024.pdf\" class=\"wp-block-file__button wp-element-button\" download aria-describedby=\"wp-block-file--media-b7fc7cec-069c-470d-8be4-893f1efb8917\">Baixar<\/a><\/div>\n\n\n\n<div class=\"wp-block-file\"><object class=\"wp-block-file__embed\" data=\"https:\/\/portal.pi.gov.br\/sempi\/wp-content\/uploads\/sites\/23\/2025\/01\/RELATORIO-SEMPI-2024.pdf\" type=\"application\/pdf\" style=\"width:100%;height:600px\" aria-label=\"Incorporado de RELATORIO-SEMPI-2024.\"><\/object><a id=\"wp-block-file--media-ae87d96f-de3b-4d6e-9cdb-2fdb1f1414d0\" href=\"https:\/\/portal.pi.gov.br\/sempi\/wp-content\/uploads\/sites\/23\/2025\/01\/RELATORIO-SEMPI-2024.pdf\">RELATORIO-SEMPI-2024<\/a><a href=\"https:\/\/portal.pi.gov.br\/sempi\/wp-content\/uploads\/sites\/23\/2025\/01\/RELATORIO-SEMPI-2024.pdf\" class=\"wp-block-file__button wp-element-button\" download aria-describedby=\"wp-block-file--media-ae87d96f-de3b-4d6e-9cdb-2fdb1f1414d0\">Baixar<\/a><\/div>\n\n\n\n<div class=\"wp-block-file\"><object class=\"wp-block-file__embed\" data=\"https:\/\/portal.pi.gov.br\/sempi\/wp-content\/uploads\/sites\/23\/2024\/04\/RELATORIO-2023-2.pdf\" type=\"application\/pdf\" style=\"width:100%;height:600px\" aria-label=\"Incorporado de RELATORIO-2023-2.\"><\/object><a id=\"wp-block-file--media-f7f4381a-aa33-4891-b166-d50bb093aaf6\" href=\"https:\/\/portal.pi.gov.br\/sempi\/wp-content\/uploads\/sites\/23\/2024\/04\/RELATORIO-2023-2.pdf\">RELATORIO-2023-2<\/a><a href=\"https:\/\/portal.pi.gov.br\/sempi\/wp-content\/uploads\/sites\/23\/2024\/04\/RELATORIO-2023-2.pdf\" class=\"wp-block-file__button wp-element-button\" download aria-describedby=\"wp-block-file--media-f7f4381a-aa33-4891-b166-d50bb093aaf6\">Baixar<\/a><\/div>\n\n\n\n<p><\/p>\n\n\n\n<p><\/p>\n\n\n\n<p>Relat\u00f3rio 2023<\/p>\n\n\n\n<div class=\"wp-block-file\"><object class=\"wp-block-file__embed\" data=\"https:\/\/portal.pi.gov.br\/sempi\/wp-content\/uploads\/sites\/23\/2024\/01\/relatatorio-SEMPI-2023-1.pdf\" type=\"application\/pdf\" style=\"width:100%;height:600px\" aria-label=\"Incorporado de relatatorio-SEMPI-2023-1.\"><\/object><a id=\"wp-block-file--media-48a9b0ca-0d54-47af-8da8-b803d07a4674\" href=\"https:\/\/portal.pi.gov.br\/sempi\/wp-content\/uploads\/sites\/23\/2024\/01\/relatatorio-SEMPI-2023-1.pdf\">relatatorio-SEMPI-2023-1<\/a><a href=\"https:\/\/portal.pi.gov.br\/sempi\/wp-content\/uploads\/sites\/23\/2024\/01\/relatatorio-SEMPI-2023-1.pdf\" class=\"wp-block-file__button wp-element-button\" download aria-describedby=\"wp-block-file--media-48a9b0ca-0d54-47af-8da8-b803d07a4674\">Baixar<\/a><\/div>\n\n\n\n<p><\/p>\n\n\n\n<div class=\"wp-block-file\"><object class=\"wp-block-file__embed\" data=\"https:\/\/portal.pi.gov.br\/cepm\/wp-content\/uploads\/sites\/23\/2022\/10\/Relatorio-CEPM-2021-1.pdf\" type=\"application\/pdf\" style=\"width:100%;height:600px\" aria-label=\"Incorporado de Relatorio-CEPM-2021-1.\"><\/object><a id=\"wp-block-file--media-9addf7fb-a69a-4c27-90a7-40a69a8cea7e\" href=\"https:\/\/portal.pi.gov.br\/cepm\/wp-content\/uploads\/sites\/23\/2022\/10\/Relatorio-CEPM-2021-1.pdf\">Relatorio-CEPM-2021-1<\/a><a href=\"https:\/\/portal.pi.gov.br\/cepm\/wp-content\/uploads\/sites\/23\/2022\/10\/Relatorio-CEPM-2021-1.pdf\" class=\"wp-block-file__button wp-element-button\" download aria-describedby=\"wp-block-file--media-9addf7fb-a69a-4c27-90a7-40a69a8cea7e\">Baixar<\/a><\/div>\n\n\n\n<p><\/p>\n\n\n\n<div class=\"wp-block-file\"><object class=\"wp-block-file__embed\" data=\"https:\/\/portal.pi.gov.br\/cepm\/wp-content\/uploads\/sites\/23\/2022\/10\/Relatorio-CEPM-2020.pdf\" type=\"application\/pdf\" style=\"width:100%;height:600px\" aria-label=\"Incorporado de Relatorio-CEPM-2020.\"><\/object><a id=\"wp-block-file--media-0514d039-efba-4de3-aec2-c1fbb5474529\" href=\"https:\/\/portal.pi.gov.br\/cepm\/wp-content\/uploads\/sites\/23\/2022\/10\/Relatorio-CEPM-2020.pdf\">Relatorio-CEPM-2020<\/a><a href=\"https:\/\/portal.pi.gov.br\/cepm\/wp-content\/uploads\/sites\/23\/2022\/10\/Relatorio-CEPM-2020.pdf\" class=\"wp-block-file__button wp-element-button\" download aria-describedby=\"wp-block-file--media-0514d039-efba-4de3-aec2-c1fbb5474529\">Baixar<\/a><\/div>\n","protected":false},"excerpt":{"rendered":"<p>O Relat\u00f3rio de Gest\u00e3o \u00e9 um dos principais instrumentos de comunica\u00e7\u00e3o entre governo, cidad\u00e3os e seus representantes, elaborado a cada exerc\u00edcio e enviado ao Tribunal de Contas do Estado do [&hellip;]<\/p>\n","protected":false},"author":1,"featured_media":0,"parent":0,"menu_order":0,"comment_status":"closed","ping_status":"closed","template":"template-fullwidth.php","meta":[],"featured_image_urls":{"full":"","thumbnail":"","medium":"","medium_large":"","large":"","sgg-420":"","sgg-540":"","sgg-780":"","1536x1536":"","2048x2048":"","homepage-slider":"","homepage-slider-small":"","page-top":"","page-small":"","loop-main":"","thumb-gallery-widget":""},"post_excerpt_stackable":"<p>O Relat\u00f3rio de Gest\u00e3o \u00e9 um dos principais instrumentos de comunica\u00e7\u00e3o entre governo, cidad\u00e3os e seus representantes, elaborado a cada exerc\u00edcio e enviado ao Tribunal de Contas do Estado do Piau\u00ed (TCE), segundo a Instru\u00e7\u00e3o Normativa N\u00ba 01\/2022 do TCE. A publica\u00e7\u00e3o abrange documentos, informa\u00e7\u00f5es e demonstrativos de natureza cont\u00e1bil, financeira, or\u00e7ament\u00e1ria, operacional ou patrimonial. \u00c9 organizado de forma a permitir uma vis\u00e3o sist\u00eamica do desempenho e da conformidade da gest\u00e3o dos respons\u00e1veis por uma ou mais unidades jurisdicionadas durante o exerc\u00edcio financeiro.&nbsp; RELATORIO-GESTAO-TCE-2025-2Baixar Relatorio-TCE_-2024Baixar RELATORIO-SEMPI-2024Baixar RELATORIO-2023-2Baixar Relat\u00f3rio 2023 relatatorio-SEMPI-2023-1Baixar Relatorio-CEPM-2021-1Baixar Relatorio-CEPM-2020Baixar<\/p>\n","category_list":"","author_info":{"name":"admin","url":"https:\/\/portal.pi.gov.br\/sempi\/author\/admin\/"},"comments_num":"0 coment\u00e1rio","featured_image_urls_v2":{"full":"","thumbnail":"","medium":"","medium_large":"","large":"","sgg-420":"","sgg-540":"","sgg-780":"","1536x1536":"","2048x2048":"","homepage-slider":"","homepage-slider-small":"","page-top":"","page-small":"","loop-main":"","thumb-gallery-widget":""},"post_excerpt_stackable_v2":"<p>O Relat\u00f3rio de Gest\u00e3o \u00e9 um dos principais instrumentos de comunica\u00e7\u00e3o entre governo, cidad\u00e3os e seus representantes, elaborado a cada exerc\u00edcio e enviado ao Tribunal de Contas do Estado do Piau\u00ed (TCE), segundo a Instru\u00e7\u00e3o Normativa N\u00ba 01\/2022 do TCE. A publica\u00e7\u00e3o abrange documentos, informa\u00e7\u00f5es e demonstrativos de natureza cont\u00e1bil, financeira, or\u00e7ament\u00e1ria, operacional ou patrimonial. \u00c9 organizado de forma a permitir uma vis\u00e3o sist\u00eamica do desempenho e da conformidade da gest\u00e3o dos respons\u00e1veis por uma ou mais unidades jurisdicionadas durante o exerc\u00edcio financeiro.&nbsp; RELATORIO-GESTAO-TCE-2025-2Baixar Relatorio-TCE_-2024Baixar RELATORIO-SEMPI-2024Baixar RELATORIO-2023-2Baixar Relat\u00f3rio 2023 relatatorio-SEMPI-2023-1Baixar Relatorio-CEPM-2021-1Baixar Relatorio-CEPM-2020Baixar<\/p>\n","category_list_v2":"","author_info_v2":{"name":"admin","url":"https:\/\/portal.pi.gov.br\/sempi\/author\/admin\/"},"comments_num_v2":"0 coment\u00e1rio","_links":{"self":[{"href":"https:\/\/portal.pi.gov.br\/sempi\/wp-json\/wp\/v2\/pages\/664"}],"collection":[{"href":"https:\/\/portal.pi.gov.br\/sempi\/wp-json\/wp\/v2\/pages"}],"about":[{"href":"https:\/\/portal.pi.gov.br\/sempi\/wp-json\/wp\/v2\/types\/page"}],"author":[{"embeddable":true,"href":"https:\/\/portal.pi.gov.br\/sempi\/wp-json\/wp\/v2\/users\/1"}],"replies":[{"embeddable":true,"href":"https:\/\/portal.pi.gov.br\/sempi\/wp-json\/wp\/v2\/comments?post=664"}],"version-history":[{"count":19,"href":"https:\/\/portal.pi.gov.br\/sempi\/wp-json\/wp\/v2\/pages\/664\/revisions"}],"predecessor-version":[{"id":16509,"href":"https:\/\/portal.pi.gov.br\/sempi\/wp-json\/wp\/v2\/pages\/664\/revisions\/16509"}],"wp:attachment":[{"href":"https:\/\/portal.pi.gov.br\/sempi\/wp-json\/wp\/v2\/media?parent=664"}],"curies":[{"name":"wp","href":"https:\/\/api.w.org\/{rel}","templated":true}]}}