{"id":670,"date":"2020-12-16T08:19:56","date_gmt":"2020-12-16T11:19:56","guid":{"rendered":"http:\/\/www2.pi.gov.br\/cepm\/?page_id=670"},"modified":"2023-10-10T11:13:26","modified_gmt":"2023-10-10T14:13:26","slug":"leis-estaduais","status":"publish","type":"page","link":"https:\/\/portal.pi.gov.br\/sempi\/leis-estaduais\/","title":{"rendered":"Leis Estaduais"},"content":{"rendered":"\n<p><strong>Lei  n\u00ba 7.884, de 8 de dezembro de 2022<\/strong>. Lei de Organiza\u00e7\u00e3o Administrativa do Estado do Piau\u00ed (cria\u00e7\u00e3o da Secretaria de Estado das Mulheres do Piau\u00ed).<\/p>\n\n\n\n<p><\/p>\n\n\n\n<div class=\"wp-block-file\"><a id=\"wp-block-file--media-3df5d00a-acdb-4883-9050-2d6b638e776f\" href=\"https:\/\/portal.pi.gov.br\/cepm\/wp-content\/uploads\/sites\/23\/2023\/01\/LEI_N__7.844__DE_08_DE_DEZEMBRO_DE_2022-1.pdf\">Lei n\u00ba  7.844\/2022<\/a><a href=\"https:\/\/portal.pi.gov.br\/cepm\/wp-content\/uploads\/sites\/23\/2023\/01\/LEI_N__7.844__DE_08_DE_DEZEMBRO_DE_2022-1.pdf\" class=\"wp-block-file__button wp-element-button\" download aria-describedby=\"wp-block-file--media-3df5d00a-acdb-4883-9050-2d6b638e776f\">Baixar<\/a><\/div>\n\n\n\n<p><\/p>\n\n\n\n<p><strong>Decreto n\u00ba 21.864, de 6 de mar\u00e7o de 2023<\/strong>. Regulamenta o per\u00edodo de transi\u00e7\u00e3o no \u00e2mbito da reforma administrativa aprovada pela Lei n\u00ba 7.884, de 08 de dezembro de 2022 (Lei de Organiza\u00e7\u00e3o Administrativa do Estado do Piau\u00ed), estabelecendo procedimentos a serem observados na extin\u00e7\u00e3o dos \u00f3rg\u00e3os e entidades e assun\u00e7\u00e3o de compet\u00eancias e atribui\u00e7\u00f5es pelos \u00f3rg\u00e3os sucessores, estabelece procedimentos para o registro cont\u00e1bil, patrimonial e de controle, no \u00e2mbito do Sistema Integrado de Administra\u00e7\u00e3o Financeira \u2013 SIAFE\/PI, e d\u00e1 outras provid\u00eancias.<\/p>\n\n\n\n<div class=\"wp-block-file\"><a id=\"wp-block-file--media-11c6690d-9e5c-4c8c-9855-d7cef33a631a\" href=\"https:\/\/portal.pi.gov.br\/sempi\/wp-content\/uploads\/sites\/23\/2023\/10\/DECRETO-No-21.864-DE-06-DE-MARC\u0327O-DE-2023-REGULAMENTAC\u0327A\u0303O-PERI\u0301ODO-DE-TRANSIC\u0327A\u0303O-DA-REFORMA-ADMINISTRATIVA-1.pdf\">Decreto n\u00ba 21.864\/2023<\/a><a href=\"https:\/\/portal.pi.gov.br\/sempi\/wp-content\/uploads\/sites\/23\/2023\/10\/DECRETO-No-21.864-DE-06-DE-MARC\u0327O-DE-2023-REGULAMENTAC\u0327A\u0303O-PERI\u0301ODO-DE-TRANSIC\u0327A\u0303O-DA-REFORMA-ADMINISTRATIVA-1.pdf\" class=\"wp-block-file__button wp-element-button\" download aria-describedby=\"wp-block-file--media-11c6690d-9e5c-4c8c-9855-d7cef33a631a\">Baixar<\/a><\/div>\n\n\n\n<p><strong>Lei n\u00ba 6.465, de 19 de dezembro de 2013<\/strong>. Altera e acrescenta dispositivos \u00e0 Lei Complementar n\u00ba 28, de 9 de junho de 2003, que disp\u00f5e sobre a Lei Org\u00e2nica da Administra\u00e7\u00e3o P\u00fablica do Estado do Piau\u00ed e d\u00e1 outras provid\u00eancias, criando a Coordenadoria Estadual de Pol\u00edticas para as Mulheres.<\/p>\n\n\n\n<div class=\"wp-block-file\"><a id=\"wp-block-file--media-3f91e1f5-51bb-42cc-b915-e02195730a7f\" href=\"https:\/\/portal.pi.gov.br\/sempi\/wp-content\/uploads\/sites\/23\/2023\/10\/864_texto_integral.pdf\">Lei n\u00ba 6.465\/20<\/a><a href=\"https:\/\/portal.pi.gov.br\/sempi\/wp-content\/uploads\/sites\/23\/2023\/10\/864_texto_integral.pdf\" class=\"wp-block-file__button wp-element-button\" download aria-describedby=\"wp-block-file--media-3f91e1f5-51bb-42cc-b915-e02195730a7f\">Baixar<\/a><\/div>\n\n\n\n<p><strong>Outras legisla\u00e7\u00f5es estaduais concernentes \u00e0 pauta das mulheres<\/strong><\/p>\n\n\n\n<div class=\"wp-block-file\"><a id=\"wp-block-file--media-fbd5ef69-a548-47d0-974d-e192b8bf35bf\" href=\"https:\/\/portal.pi.gov.br\/cepm\/wp-content\/uploads\/sites\/23\/2022\/04\/LEIS-APROVADAS-MULHERES.pdf\">LEIS-APROVADAS-MULHERES<\/a><a href=\"https:\/\/portal.pi.gov.br\/cepm\/wp-content\/uploads\/sites\/23\/2022\/04\/LEIS-APROVADAS-MULHERES.pdf\" class=\"wp-block-file__button wp-element-button\" download aria-describedby=\"wp-block-file--media-fbd5ef69-a548-47d0-974d-e192b8bf35bf\">Baixar<\/a><\/div>\n","protected":false},"excerpt":{"rendered":"<p>Lei n\u00ba 7.884, de 8 de dezembro de 2022. Lei de Organiza\u00e7\u00e3o Administrativa do Estado do Piau\u00ed (cria\u00e7\u00e3o da Secretaria de Estado das Mulheres do Piau\u00ed). Decreto n\u00ba 21.864, de [&hellip;]<\/p>\n","protected":false},"author":1,"featured_media":0,"parent":0,"menu_order":0,"comment_status":"closed","ping_status":"closed","template":"template-fullwidth.php","meta":[],"featured_image_urls":{"full":"","thumbnail":"","medium":"","medium_large":"","large":"","sgg-420":"","sgg-540":"","sgg-780":"","1536x1536":"","2048x2048":"","homepage-slider":"","homepage-slider-small":"","page-top":"","page-small":"","loop-main":"","thumb-gallery-widget":""},"post_excerpt_stackable":"<p>Lei n\u00ba 7.884, de 8 de dezembro de 2022. Lei de Organiza\u00e7\u00e3o Administrativa do Estado do Piau\u00ed (cria\u00e7\u00e3o da Secretaria de Estado das Mulheres do Piau\u00ed). Lei n\u00ba 7.844\/2022Baixar Decreto n\u00ba 21.864, de 6 de mar\u00e7o de 2023. Regulamenta o per\u00edodo de transi\u00e7\u00e3o no \u00e2mbito da reforma administrativa aprovada pela Lei n\u00ba 7.884, de 08 de dezembro de 2022 (Lei de Organiza\u00e7\u00e3o Administrativa do Estado do Piau\u00ed), estabelecendo procedimentos a serem observados na extin\u00e7\u00e3o dos \u00f3rg\u00e3os e entidades e assun\u00e7\u00e3o de compet\u00eancias e atribui\u00e7\u00f5es pelos \u00f3rg\u00e3os sucessores, estabelece procedimentos para o registro cont\u00e1bil, patrimonial e de controle, no \u00e2mbito do&hellip;<\/p>\n","category_list":"","author_info":{"name":"admin","url":"https:\/\/portal.pi.gov.br\/sempi\/author\/admin\/"},"comments_num":"0 coment\u00e1rio","featured_image_urls_v2":{"full":"","thumbnail":"","medium":"","medium_large":"","large":"","sgg-420":"","sgg-540":"","sgg-780":"","1536x1536":"","2048x2048":"","homepage-slider":"","homepage-slider-small":"","page-top":"","page-small":"","loop-main":"","thumb-gallery-widget":""},"post_excerpt_stackable_v2":"<p>Lei n\u00ba 7.884, de 8 de dezembro de 2022. Lei de Organiza\u00e7\u00e3o Administrativa do Estado do Piau\u00ed (cria\u00e7\u00e3o da Secretaria de Estado das Mulheres do Piau\u00ed). Lei n\u00ba 7.844\/2022Baixar Decreto n\u00ba 21.864, de 6 de mar\u00e7o de 2023. Regulamenta o per\u00edodo de transi\u00e7\u00e3o no \u00e2mbito da reforma administrativa aprovada pela Lei n\u00ba 7.884, de 08 de dezembro de 2022 (Lei de Organiza\u00e7\u00e3o Administrativa do Estado do Piau\u00ed), estabelecendo procedimentos a serem observados na extin\u00e7\u00e3o dos \u00f3rg\u00e3os e entidades e assun\u00e7\u00e3o de compet\u00eancias e atribui\u00e7\u00f5es pelos \u00f3rg\u00e3os sucessores, estabelece procedimentos para o registro cont\u00e1bil, patrimonial e de controle, no \u00e2mbito do&hellip;<\/p>\n","category_list_v2":"","author_info_v2":{"name":"admin","url":"https:\/\/portal.pi.gov.br\/sempi\/author\/admin\/"},"comments_num_v2":"0 coment\u00e1rio","_links":{"self":[{"href":"https:\/\/portal.pi.gov.br\/sempi\/wp-json\/wp\/v2\/pages\/670"}],"collection":[{"href":"https:\/\/portal.pi.gov.br\/sempi\/wp-json\/wp\/v2\/pages"}],"about":[{"href":"https:\/\/portal.pi.gov.br\/sempi\/wp-json\/wp\/v2\/types\/page"}],"author":[{"embeddable":true,"href":"https:\/\/portal.pi.gov.br\/sempi\/wp-json\/wp\/v2\/users\/1"}],"replies":[{"embeddable":true,"href":"https:\/\/portal.pi.gov.br\/sempi\/wp-json\/wp\/v2\/comments?post=670"}],"version-history":[{"count":9,"href":"https:\/\/portal.pi.gov.br\/sempi\/wp-json\/wp\/v2\/pages\/670\/revisions"}],"predecessor-version":[{"id":5228,"href":"https:\/\/portal.pi.gov.br\/sempi\/wp-json\/wp\/v2\/pages\/670\/revisions\/5228"}],"wp:attachment":[{"href":"https:\/\/portal.pi.gov.br\/sempi\/wp-json\/wp\/v2\/media?parent=670"}],"curies":[{"name":"wp","href":"https:\/\/api.w.org\/{rel}","templated":true}]}}