{"id":678,"date":"2020-12-16T08:22:19","date_gmt":"2020-12-16T11:22:19","guid":{"rendered":"http:\/\/www2.pi.gov.br\/cepm\/?page_id=678"},"modified":"2025-01-10T12:16:31","modified_gmt":"2025-01-10T15:16:31","slug":"licitacoes","status":"publish","type":"page","link":"https:\/\/portal.pi.gov.br\/sempi\/licitacoes\/","title":{"rendered":"Licita\u00e7\u00f5es"},"content":{"rendered":"\n<p><strong>EDITAL DE CHAMAMENTO P\u00daBLICO SELO DE RESPONSABILIDADE \u201cMAIS MULHERES\u201d<\/strong><\/p>\n\n\n\n<div class=\"wp-block-file\"><object class=\"wp-block-file__embed\" data=\"https:\/\/portal.pi.gov.br\/sempi\/wp-content\/uploads\/sites\/23\/2024\/11\/edital-Selo-correto-1-1.pdf\" type=\"application\/pdf\" style=\"width:100%;height:600px\" aria-label=\"Incorporado de edital-Selo-correto-1-1.\"><\/object><a id=\"wp-block-file--media-f41f862f-24e4-4caa-9ba2-e52b8aed445a\" href=\"https:\/\/portal.pi.gov.br\/sempi\/wp-content\/uploads\/sites\/23\/2024\/11\/edital-Selo-correto-1-1.pdf\">edital-Selo-correto-1-1<\/a><a href=\"https:\/\/portal.pi.gov.br\/sempi\/wp-content\/uploads\/sites\/23\/2024\/11\/edital-Selo-correto-1-1.pdf\" class=\"wp-block-file__button wp-element-button\" download aria-describedby=\"wp-block-file--media-f41f862f-24e4-4caa-9ba2-e52b8aed445a\">Baixar<\/a><\/div>\n\n\n\n<p><strong>EDITAL N\u00ba DE CHAMAMENTO P\u00daBLICO LBTN\u00ba 01\/2024<\/strong><\/p>\n\n\n\n<div class=\"wp-block-file\"><object class=\"wp-block-file__embed\" data=\"https:\/\/portal.pi.gov.br\/sempi\/wp-content\/uploads\/sites\/23\/2024\/11\/SEI_GOV-PI-015175635-Errata-2-1.pdf\" type=\"application\/pdf\" style=\"width:100%;height:600px\" aria-label=\"Incorporado de SEI_GOV-PI-015175635-Errata-2-1.\"><\/object><a id=\"wp-block-file--media-9ce84fb8-30dd-4690-90e3-1ecf3c707678\" href=\"https:\/\/portal.pi.gov.br\/sempi\/wp-content\/uploads\/sites\/23\/2024\/11\/SEI_GOV-PI-015175635-Errata-2-1.pdf\">SEI_GOV-PI-015175635-Errata-2-1<\/a><a href=\"https:\/\/portal.pi.gov.br\/sempi\/wp-content\/uploads\/sites\/23\/2024\/11\/SEI_GOV-PI-015175635-Errata-2-1.pdf\" class=\"wp-block-file__button wp-element-button\" download aria-describedby=\"wp-block-file--media-9ce84fb8-30dd-4690-90e3-1ecf3c707678\">Baixar<\/a><\/div>\n\n\n\n<div class=\"wp-block-file\"><object class=\"wp-block-file__embed\" data=\"https:\/\/portal.pi.gov.br\/sempi\/wp-content\/uploads\/sites\/23\/2024\/09\/ANEXOS-Edital-de-Chamamento-Pu\u0301blico-LBT-1.pdf\" type=\"application\/pdf\" style=\"width:100%;height:600px\" aria-label=\"Incorporado de ANEXOS-Edital-de-Chamamento-Pu\u0301blico-LBT-1.\"><\/object><a id=\"wp-block-file--media-62effcf7-c580-476a-bad6-3920fd053cb0\" href=\"https:\/\/portal.pi.gov.br\/sempi\/wp-content\/uploads\/sites\/23\/2024\/09\/ANEXOS-Edital-de-Chamamento-Pu\u0301blico-LBT-1.pdf\">ANEXOS-Edital-de-Chamamento-Pu\u0301blico-LBT-1<\/a><a href=\"https:\/\/portal.pi.gov.br\/sempi\/wp-content\/uploads\/sites\/23\/2024\/09\/ANEXOS-Edital-de-Chamamento-Pu\u0301blico-LBT-1.pdf\" class=\"wp-block-file__button wp-element-button\" download aria-describedby=\"wp-block-file--media-62effcf7-c580-476a-bad6-3920fd053cb0\">Baixar<\/a><\/div>\n\n\n\n<p class=\"has-large-font-size\"><strong>AUTO DE JUSTIFICATIVA \u2013 DISPENSA DE CHAMAMENTO P\u00daBLICO N\u00ba 01\/2022<\/strong><\/p>\n\n\n\n<p>O presente Termo de Fomento tem como objeto estabelecer regime de coopera\u00e7\u00e3o t\u00e9cnico \u2013 referente a formaliza\u00e7\u00e3o de parceria entre a Secretaria de Estado das Mulheres \u2013 (SEMPI) e a Organiza\u00e7\u00e3o da Sociedade Civil \u2013 OSC \u2013 Instituto da Mulher Negra do Piau\u00ed \u2013 AYABAS para a realiza\u00e7\u00e3o do Projeto \u201cResist\u00eancia Negra: FIOS DA ANCESTRALIDADE\u201d, atrav\u00e9s do programa \u201cElas Empreendem\u201d, como meio de capacita\u00e7\u00e3o profissional de mulheres e valoriza\u00e7\u00e3o da diversidade cultural piauiense.<\/p>\n\n\n\n<div class=\"wp-block-file\"><object class=\"wp-block-file__embed\" data=\"https:\/\/portal.pi.gov.br\/sempi\/wp-content\/uploads\/sites\/23\/2024\/05\/Dispensa_de_Chamento_Publico_AYABAS-1.pdf\" type=\"application\/pdf\" style=\"width:100%;height:600px\" aria-label=\"Incorporado de Dispensa_de_Chamento_Publico_AYABAS-1.\"><\/object><a id=\"wp-block-file--media-274023ad-9870-4392-8e6f-29419815b11c\" href=\"https:\/\/portal.pi.gov.br\/sempi\/wp-content\/uploads\/sites\/23\/2024\/05\/Dispensa_de_Chamento_Publico_AYABAS-1.pdf\">Dispensa_de_Chamento_Publico_AYABAS-1<\/a><a href=\"https:\/\/portal.pi.gov.br\/sempi\/wp-content\/uploads\/sites\/23\/2024\/05\/Dispensa_de_Chamento_Publico_AYABAS-1.pdf\" class=\"wp-block-file__button wp-element-button\" download aria-describedby=\"wp-block-file--media-274023ad-9870-4392-8e6f-29419815b11c\">Baixar<\/a><\/div>\n\n\n\n\n\n<p class=\"has-large-font-size\"><strong>Aviso de Dispensa Eletr\u00f4nica n\u00ba 03\/2023<\/strong><\/p>\n\n\n\n<p>Escolha da proposta mais vantajosa para a contrata\u00e7\u00e3o de uma empresa especializada em presta\u00e7\u00e3o de servi\u00e7os de promo\u00e7\u00e3o de eventos institucionais, por meio de dispensa de licita\u00e7\u00e3o. Com o desafio de Promover o Projeto \u201cELAS MOVIMENTAM\u201d, competi\u00e7\u00e3o entre 16 (dezesseis) times de futsal e 16 (dezesseis) times de voleibol, compostos por meninas da faixa-et\u00e1ria de 14 a 18 anos, matriculadas nos Centros de Educa\u00e7\u00e3o de Tempo Integral \u2013 CETI de Teresina (PI) e de Altos (PI). Conforme as condi\u00e7\u00f5es, quantidades e requisitos estabelecidos neste Aviso de Contrata\u00e7\u00e3o Direta e seus anexos.<\/p>\n\n\n\n<div class=\"wp-block-file\"><object class=\"wp-block-file__embed\" data=\"https:\/\/portal.pi.gov.br\/sempi\/wp-content\/uploads\/sites\/23\/2023\/12\/SEI_GOV-PI-010209864-Aviso-de-Licitacao-1.pdf\" type=\"application\/pdf\" style=\"width:100%;height:600px\" aria-label=\"Incorporado de SEI_GOV-PI-010209864-Aviso-de-Licitacao-1.\"><\/object><a id=\"wp-block-file--media-417b8806-d940-44c2-a3ff-81756e1b36a6\" href=\"https:\/\/portal.pi.gov.br\/sempi\/wp-content\/uploads\/sites\/23\/2023\/12\/SEI_GOV-PI-010209864-Aviso-de-Licitacao-1.pdf\">SEI_GOV-PI-010209864-Aviso-de-Licitacao-1<\/a><a href=\"https:\/\/portal.pi.gov.br\/sempi\/wp-content\/uploads\/sites\/23\/2023\/12\/SEI_GOV-PI-010209864-Aviso-de-Licitacao-1.pdf\" class=\"wp-block-file__button wp-element-button\" download aria-describedby=\"wp-block-file--media-417b8806-d940-44c2-a3ff-81756e1b36a6\">Baixar<\/a><\/div>\n\n\n\n<p><\/p>\n\n\n\n<p><\/p>\n\n\n\n<p><strong>Aviso de Dispensa Eletr\u00f4nica n\u00ba 02\/2023<\/strong><\/p>\n\n\n\n<p>Escolha da proposta mais vantajosa para a contrata\u00e7\u00e3o de uma empresa especializada em servi\u00e7os de hospedagem e fornecimento de alimenta\u00e7\u00e3o, incluindo servi\u00e7os correlatos e de suporte, por meio de dispensa de licita\u00e7\u00e3o. Essa inscri\u00e7\u00e3o visa garantir a execu\u00e7\u00e3o da V Confer\u00eancia Estadual de Pol\u00edticas para as Mulheres, com o objetivo de fortalecer as pol\u00edticas p\u00fablicas para esse segmento, com a participa\u00e7\u00e3o de um limite de 300 mulheres. Conforme as condi\u00e7\u00f5es, quantidades e requisitos estabelecidos neste Aviso de Contrata\u00e7\u00e3o Direta e seus anexos.<\/p>\n\n\n\n<p class=\"has-large-font-size\"><strong>Aviso de Dispensa Eletr\u00f4nica n\u00ba 01\/2023<\/strong> (REVOGADO)<\/p>\n\n\n\n<p>Escolha da proposta mais vantajosa para a contrata\u00e7\u00e3o de uma empresa especializada em servi\u00e7os de hospedagem, fornecimento de alimenta\u00e7\u00e3o e loca\u00e7\u00e3o de espa\u00e7o f\u00edsico, incluindo servi\u00e7os correlatos e de suporte, por meio de dispensa de licita\u00e7\u00e3o. Essa inscri\u00e7\u00e3o visa garantir a execu\u00e7\u00e3o da V Confer\u00eancia Estadual de Pol\u00edticas para as Mulheres, com o objetivo de fortalecer as pol\u00edticas p\u00fablicas para esse segmento, com a participa\u00e7\u00e3o de um limite de 300 mulheres. Conforme as condi\u00e7\u00f5es, quantidades e requisitos estabelecidos neste Aviso de Contrata\u00e7\u00e3o Direta e seus anexos.<\/p>\n\n\n\n<div class=\"wp-block-group is-layout-constrained\"><div class=\"wp-block-group__inner-container\">\n<div class=\"wp-block-columns is-not-stacked-on-mobile is-layout-flex wp-container-2\">\n<div class=\"wp-block-column is-layout-flow\" style=\"flex-basis:100%\">\n<div class=\"wp-block-file\"><a id=\"wp-block-file--media-9354d795-106e-40e5-b2e8-c6fdacba195e\" href=\"https:\/\/portal.pi.gov.br\/sempi\/editais-e-licitacoes\/aviso-de-dispensa-eletronica-no-012023\/\">Aviso-de-Dispensa-Eletronica-no-012023<\/a><a href=\"https:\/\/portal.pi.gov.br\/sempi\/wp-content\/uploads\/sites\/23\/2023\/06\/Aviso-de-Dispensa-Eletronica-no-012023.pdf\" class=\"wp-block-file__button wp-element-button\" download aria-describedby=\"wp-block-file--media-9354d795-106e-40e5-b2e8-c6fdacba195e\">Baixar<\/a><\/div>\n<\/div>\n<\/div>\n<\/div><\/div>\n\n\n\n<p class=\"has-large-font-size\"><strong>Edital complementar de vagas para compor o Conselho Estadual de Defesa dos Direitos da Mulher<\/strong><\/p>\n\n\n\n<div class=\"wp-block-file\"><a id=\"wp-block-file--media-8de7dff2-5480-41ba-a6c8-1c2875b739e8\" href=\"http:\/\/portal.pi.gov.br\/cepm\/wp-content\/uploads\/sites\/23\/2021\/05\/Edital-de-Convocacao-N-01-2021-CEPM-1-1.pdf\">Edital-de-Convocacao-N-01-2021-CEPM-1-1<\/a><a href=\"http:\/\/portal.pi.gov.br\/cepm\/wp-content\/uploads\/sites\/23\/2021\/05\/Edital-de-Convocacao-N-01-2021-CEPM-1-1.pdf\" class=\"wp-block-file__button wp-element-button\" download aria-describedby=\"wp-block-file--media-8de7dff2-5480-41ba-a6c8-1c2875b739e8\"><br>Baixar<\/a><\/div>\n\n\n\n<p class=\"has-large-font-size\">Editais e licita\u00e7\u00f5es<\/p>\n\n\n\n<div class=\"wp-block-file\"><a id=\"wp-block-file--media-03d245f8-f760-4b57-a967-d6203b891411\" href=\"https:\/\/portal.pi.gov.br\/cepm\/wp-content\/uploads\/sites\/23\/2022\/03\/Portal-LICITACOES-E-CONTRATOS-vs-22-03-2022-1.pdf\">Portal-LICITACOES-E-CONTRATOS-vs-22-03-2022-1<\/a><a href=\"https:\/\/portal.pi.gov.br\/cepm\/wp-content\/uploads\/sites\/23\/2022\/03\/Portal-LICITACOES-E-CONTRATOS-vs-22-03-2022-1.pdf\" class=\"wp-block-file__button wp-element-button\" download aria-describedby=\"wp-block-file--media-03d245f8-f760-4b57-a967-d6203b891411\">Baixar<\/a><\/div>\n\n\n\n<p><\/p>\n","protected":false},"excerpt":{"rendered":"<p>EDITAL DE CHAMAMENTO P\u00daBLICO SELO DE RESPONSABILIDADE \u201cMAIS MULHERES\u201d EDITAL N\u00ba DE CHAMAMENTO P\u00daBLICO LBTN\u00ba 01\/2024 AUTO DE JUSTIFICATIVA \u2013 DISPENSA DE CHAMAMENTO P\u00daBLICO N\u00ba 01\/2022 O presente Termo de [&hellip;]<\/p>\n","protected":false},"author":1,"featured_media":0,"parent":0,"menu_order":0,"comment_status":"closed","ping_status":"closed","template":"template-fullwidth.php","meta":[],"featured_image_urls":{"full":"","thumbnail":"","medium":"","medium_large":"","large":"","sgg-420":"","sgg-540":"","sgg-780":"","1536x1536":"","2048x2048":"","homepage-slider":"","homepage-slider-small":"","page-top":"","page-small":"","loop-main":"","thumb-gallery-widget":""},"post_excerpt_stackable":"<p>EDITAL DE CHAMAMENTO P\u00daBLICO SELO DE RESPONSABILIDADE \u201cMAIS MULHERES\u201d edital-Selo-correto-1-1Baixar EDITAL N\u00ba DE CHAMAMENTO P\u00daBLICO LBTN\u00ba 01\/2024 SEI_GOV-PI-015175635-Errata-2-1Baixar ANEXOS-Edital-de-Chamamento-Pu\u0301blico-LBT-1Baixar AUTO DE JUSTIFICATIVA \u2013 DISPENSA DE CHAMAMENTO P\u00daBLICO N\u00ba 01\/2022 O presente Termo de Fomento tem como objeto estabelecer regime de coopera\u00e7\u00e3o t\u00e9cnico \u2013 referente a formaliza\u00e7\u00e3o de parceria entre a Secretaria de Estado das Mulheres \u2013 (SEMPI) e a Organiza\u00e7\u00e3o da Sociedade Civil \u2013 OSC \u2013 Instituto da Mulher Negra do Piau\u00ed \u2013 AYABAS para a realiza\u00e7\u00e3o do Projeto \u201cResist\u00eancia Negra: FIOS DA ANCESTRALIDADE\u201d, atrav\u00e9s do programa \u201cElas Empreendem\u201d, como meio de capacita\u00e7\u00e3o profissional de mulheres e valoriza\u00e7\u00e3o da diversidade&hellip;<\/p>\n","category_list":"","author_info":{"name":"admin","url":"https:\/\/portal.pi.gov.br\/sempi\/author\/admin\/"},"comments_num":"0 coment\u00e1rio","featured_image_urls_v2":{"full":"","thumbnail":"","medium":"","medium_large":"","large":"","sgg-420":"","sgg-540":"","sgg-780":"","1536x1536":"","2048x2048":"","homepage-slider":"","homepage-slider-small":"","page-top":"","page-small":"","loop-main":"","thumb-gallery-widget":""},"post_excerpt_stackable_v2":"<p>EDITAL DE CHAMAMENTO P\u00daBLICO SELO DE RESPONSABILIDADE \u201cMAIS MULHERES\u201d edital-Selo-correto-1-1Baixar EDITAL N\u00ba DE CHAMAMENTO P\u00daBLICO LBTN\u00ba 01\/2024 SEI_GOV-PI-015175635-Errata-2-1Baixar ANEXOS-Edital-de-Chamamento-Pu\u0301blico-LBT-1Baixar AUTO DE JUSTIFICATIVA \u2013 DISPENSA DE CHAMAMENTO P\u00daBLICO N\u00ba 01\/2022 O presente Termo de Fomento tem como objeto estabelecer regime de coopera\u00e7\u00e3o t\u00e9cnico \u2013 referente a formaliza\u00e7\u00e3o de parceria entre a Secretaria de Estado das Mulheres \u2013 (SEMPI) e a Organiza\u00e7\u00e3o da Sociedade Civil \u2013 OSC \u2013 Instituto da Mulher Negra do Piau\u00ed \u2013 AYABAS para a realiza\u00e7\u00e3o do Projeto \u201cResist\u00eancia Negra: FIOS DA ANCESTRALIDADE\u201d, atrav\u00e9s do programa \u201cElas Empreendem\u201d, como meio de capacita\u00e7\u00e3o profissional de mulheres e valoriza\u00e7\u00e3o da diversidade&hellip;<\/p>\n","category_list_v2":"","author_info_v2":{"name":"admin","url":"https:\/\/portal.pi.gov.br\/sempi\/author\/admin\/"},"comments_num_v2":"0 coment\u00e1rio","_links":{"self":[{"href":"https:\/\/portal.pi.gov.br\/sempi\/wp-json\/wp\/v2\/pages\/678"}],"collection":[{"href":"https:\/\/portal.pi.gov.br\/sempi\/wp-json\/wp\/v2\/pages"}],"about":[{"href":"https:\/\/portal.pi.gov.br\/sempi\/wp-json\/wp\/v2\/types\/page"}],"author":[{"embeddable":true,"href":"https:\/\/portal.pi.gov.br\/sempi\/wp-json\/wp\/v2\/users\/1"}],"replies":[{"embeddable":true,"href":"https:\/\/portal.pi.gov.br\/sempi\/wp-json\/wp\/v2\/comments?post=678"}],"version-history":[{"count":20,"href":"https:\/\/portal.pi.gov.br\/sempi\/wp-json\/wp\/v2\/pages\/678\/revisions"}],"predecessor-version":[{"id":11249,"href":"https:\/\/portal.pi.gov.br\/sempi\/wp-json\/wp\/v2\/pages\/678\/revisions\/11249"}],"wp:attachment":[{"href":"https:\/\/portal.pi.gov.br\/sempi\/wp-json\/wp\/v2\/media?parent=678"}],"curies":[{"name":"wp","href":"https:\/\/api.w.org\/{rel}","templated":true}]}}