{"id":72,"date":"2023-10-10T13:40:13","date_gmt":"2023-10-10T16:40:13","guid":{"rendered":"http:\/\/www2.pi.gov.br\/cepm\/?page_id=72"},"modified":"2023-10-10T13:41:32","modified_gmt":"2023-10-10T16:41:32","slug":"apresentacao-2","status":"publish","type":"page","link":"https:\/\/portal.pi.gov.br\/sempi\/apresentacao-2\/","title":{"rendered":"Sobre a SEMPI"},"content":{"rendered":"\n<p>A Secretaria de Estado das Mulheres do Piau\u00ed (Sempi) \u00e9 o \u00f3rg\u00e3o do Governo do Estado respons\u00e1vel pelo planejamento, coordena\u00e7\u00e3o, execu\u00e7\u00e3o e articula\u00e7\u00e3o de pol\u00edticas p\u00fablicas para as mulheres. Como essa pol\u00edtica se caracteriza pela transversalidade e intersetorialidade, tamb\u00e9m \u00e9 papel da Sempi realizar esse trabalho de forma coordenada com os demais \u00f3rg\u00e3os da administra\u00e7\u00e3o p\u00fablica, bem como organiza\u00e7\u00f5es da sociedade civil organizada, entidades privadas e afins.<\/p>\n\n\n\n<p>Dentre seus objetivos, est\u00e3o:<\/p>\n\n\n\n<p>I \u2013 planejar, coordenar, executar e a articular as pol\u00edticas p\u00fablicas para as mulheres no \u00e2mbito do Estado do Piau\u00ed;<\/p>\n\n\n\n<p>II \u2013 elaborar e planejar pol\u00edticas de g\u00eanero que contribuam nas a\u00e7\u00f5es do governo estado com vistas ao empoderamento das mulheres e consequente igualdade entre os sexos, devendo o empoderamento incluir os componentes cognitivos, psicol\u00f3gicos, pol\u00edticos e econ\u00f4micos;&nbsp;<\/p>\n\n\n\n<p>III \u2013 assessorar a Administra\u00e7\u00e3o P\u00fablica na formula\u00e7\u00e3o, coordena\u00e7\u00e3o e articula\u00e7\u00e3o de pol\u00edticas para as mulheres, de forma transversal;<\/p>\n\n\n\n<p>IV \u2013 planejar e implementar campanhas educativas de combate a todo tipo de discrimina\u00e7\u00e3o contra a mulher no \u00e2mbito estadual;&nbsp;<\/p>\n\n\n\n<p>V \u2013 articular, promover e executar programas de coopera\u00e7\u00e3o entre organismos p\u00fablicos e privados nos n\u00edveis estadual, federal e internacional, voltados \u00e0 implementa\u00e7\u00e3o de pol\u00edticas para as mulheres;&nbsp;<\/p>\n\n\n\n<p>VI \u2013 implementar e coordenar pol\u00edticas de prote\u00e7\u00e3o \u00e0s mulheres em situa\u00e7\u00e3o de vulnerabilidade;<\/p>\n\n\n\n<p>VIl \u2013 cumprir as atribui\u00e7\u00f5es administrativas previstas no ordenamento jur\u00eddico vigente.&nbsp;<\/p>\n\n\n\n<p>Dentro da estrutura organizacional da Sempi, est\u00e1 o Conselho Estadual de Defesa dos Direitos das Mulheres (CEDDM), que \u00e9 um ente colegiado consultivo cuja atribui\u00e7\u00e3o central \u00e9 monitorar as pol\u00edticas p\u00fablicas para as mulheres. Para saber mais sobre o conselho, visite a nossa aba <strong>Conselhos\/Colegiados<\/strong>.<\/p>\n\n\n\n<p class=\"has-medium-font-size\"><strong>Hist\u00f3ria<\/strong><\/p>\n\n\n\n<p>A Secretaria das Mulheres foi criada por meio da lei 7.844, de 8 de dezembro de 2022, tendo posteriormente seu nome alterado para Secretaria de Estado das Mulheres por meio do decreto n\u00ba 21.864, de 6 de mar\u00e7o de 2023.&nbsp;Antes, o \u00f3rg\u00e3o respons\u00e1vel pela pol\u00edtica de mulheres no estado era a Coordenadoria de Estadual de Pol\u00edticas para as Mulheres (CEPM), criada por meio da lei 6.465, de 19 de dezembro de 2013. Para saber mais sobre essas legisla\u00e7\u00f5es, consulte a nossa aba <strong>Legisla\u00e7\u00e3o <\/strong>e acesse os documentos completos.<\/p>\n","protected":false},"excerpt":{"rendered":"<p>A Secretaria de Estado das Mulheres do Piau\u00ed (Sempi) \u00e9 o \u00f3rg\u00e3o do Governo do Estado respons\u00e1vel pelo planejamento, coordena\u00e7\u00e3o, execu\u00e7\u00e3o e articula\u00e7\u00e3o de pol\u00edticas p\u00fablicas para as mulheres. Como [&hellip;]<\/p>\n","protected":false},"author":1,"featured_media":0,"parent":0,"menu_order":0,"comment_status":"closed","ping_status":"closed","template":"template-fullwidth.php","meta":[],"featured_image_urls":{"full":"","thumbnail":"","medium":"","medium_large":"","large":"","sgg-420":"","sgg-540":"","sgg-780":"","1536x1536":"","2048x2048":"","homepage-slider":"","homepage-slider-small":"","page-top":"","page-small":"","loop-main":"","thumb-gallery-widget":""},"post_excerpt_stackable":"<p>A Secretaria de Estado das Mulheres do Piau\u00ed (Sempi) \u00e9 o \u00f3rg\u00e3o do Governo do Estado respons\u00e1vel pelo planejamento, coordena\u00e7\u00e3o, execu\u00e7\u00e3o e articula\u00e7\u00e3o de pol\u00edticas p\u00fablicas para as mulheres. Como essa pol\u00edtica se caracteriza pela transversalidade e intersetorialidade, tamb\u00e9m \u00e9 papel da Sempi realizar esse trabalho de forma coordenada com os demais \u00f3rg\u00e3os da administra\u00e7\u00e3o p\u00fablica, bem como organiza\u00e7\u00f5es da sociedade civil organizada, entidades privadas e afins. Dentre seus objetivos, est\u00e3o: I \u2013 planejar, coordenar, executar e a articular as pol\u00edticas p\u00fablicas para as mulheres no \u00e2mbito do Estado do Piau\u00ed; II \u2013 elaborar e planejar pol\u00edticas de g\u00eanero que&hellip;<\/p>\n","category_list":"","author_info":{"name":"admin","url":"https:\/\/portal.pi.gov.br\/sempi\/author\/admin\/"},"comments_num":"0 coment\u00e1rio","featured_image_urls_v2":{"full":"","thumbnail":"","medium":"","medium_large":"","large":"","sgg-420":"","sgg-540":"","sgg-780":"","1536x1536":"","2048x2048":"","homepage-slider":"","homepage-slider-small":"","page-top":"","page-small":"","loop-main":"","thumb-gallery-widget":""},"post_excerpt_stackable_v2":"<p>A Secretaria de Estado das Mulheres do Piau\u00ed (Sempi) \u00e9 o \u00f3rg\u00e3o do Governo do Estado respons\u00e1vel pelo planejamento, coordena\u00e7\u00e3o, execu\u00e7\u00e3o e articula\u00e7\u00e3o de pol\u00edticas p\u00fablicas para as mulheres. Como essa pol\u00edtica se caracteriza pela transversalidade e intersetorialidade, tamb\u00e9m \u00e9 papel da Sempi realizar esse trabalho de forma coordenada com os demais \u00f3rg\u00e3os da administra\u00e7\u00e3o p\u00fablica, bem como organiza\u00e7\u00f5es da sociedade civil organizada, entidades privadas e afins. Dentre seus objetivos, est\u00e3o: I \u2013 planejar, coordenar, executar e a articular as pol\u00edticas p\u00fablicas para as mulheres no \u00e2mbito do Estado do Piau\u00ed; II \u2013 elaborar e planejar pol\u00edticas de g\u00eanero que&hellip;<\/p>\n","category_list_v2":"","author_info_v2":{"name":"admin","url":"https:\/\/portal.pi.gov.br\/sempi\/author\/admin\/"},"comments_num_v2":"0 coment\u00e1rio","_links":{"self":[{"href":"https:\/\/portal.pi.gov.br\/sempi\/wp-json\/wp\/v2\/pages\/72"}],"collection":[{"href":"https:\/\/portal.pi.gov.br\/sempi\/wp-json\/wp\/v2\/pages"}],"about":[{"href":"https:\/\/portal.pi.gov.br\/sempi\/wp-json\/wp\/v2\/types\/page"}],"author":[{"embeddable":true,"href":"https:\/\/portal.pi.gov.br\/sempi\/wp-json\/wp\/v2\/users\/1"}],"replies":[{"embeddable":true,"href":"https:\/\/portal.pi.gov.br\/sempi\/wp-json\/wp\/v2\/comments?post=72"}],"version-history":[{"count":28,"href":"https:\/\/portal.pi.gov.br\/sempi\/wp-json\/wp\/v2\/pages\/72\/revisions"}],"predecessor-version":[{"id":5234,"href":"https:\/\/portal.pi.gov.br\/sempi\/wp-json\/wp\/v2\/pages\/72\/revisions\/5234"}],"wp:attachment":[{"href":"https:\/\/portal.pi.gov.br\/sempi\/wp-json\/wp\/v2\/media?parent=72"}],"curies":[{"name":"wp","href":"https:\/\/api.w.org\/{rel}","templated":true}]}}