{"id":858,"date":"2021-01-19T08:53:59","date_gmt":"2021-01-19T11:53:59","guid":{"rendered":"http:\/\/www2.pi.gov.br\/cepm\/?page_id=858"},"modified":"2021-06-21T10:16:18","modified_gmt":"2021-06-21T13:16:18","slug":"conferencia-da-mulher-documento-base","status":"publish","type":"page","link":"https:\/\/portal.pi.gov.br\/sempi\/conferencia-da-mulher-documento-base\/","title":{"rendered":"Confer\u00eancia da Mulher &#8211; Documento Base"},"content":{"rendered":"\n<p>                   <strong>RESOLU\u00c7\u00c3O N\u00ba 18.793 DE 23\/01\/2020<\/strong><\/p>\n\n\n\n<p>  <\/p>\n\n\n\n<p>A Coordenadoria de Estado de Politicas para<br>as mulheres, atrav\u00e9s da comiss\u00e3o provis\u00f3ria parit\u00e1ria<br>do conselho estadual dos direitos das mulheres que<br>trata da v Confer\u00eancia Estadual de Pol\u00edticas para as<br>Mulheres do Estado do Piau\u00ed,, criada na Portaria n\u00ba006\/2020<br>de acordo com o Decreto n\u00ba 18.793 de 23 de janeiro de 2020, publicado<br>no Di\u00e1rio Oficial do Estado do Piau\u00ed n\u00ba16, onde a mesma dever\u00e1 realizar<br>os trabalhos conferidos ao Conselho Estadual de Defesa dos Direitos<br>da Mulher.<\/p>\n\n\n\n<p><br>CONSIDERANDO a Resolu\u00e7\u00e3o do Conselho Nacional n\u00b001\/<br>2021 que adiou a realiza\u00e7\u00e3o da V Confer\u00eancia Nacional de Pol\u00edticas para<br>as Mulheres at\u00e9 que se restabele\u00e7a a seguran\u00e7a sanit\u00e1ria no pa\u00eds.<br>CONSIDERANDO o Decreto Estadual do Governo do Estado<br>n\u00b0 19.187, de 04 de setembro de 2020, que estabelece os protocolos<br>espec\u00edficos com Medidas de Preven\u00e7\u00e3o e Controle da Dissemina\u00e7\u00e3o<br>do SARS-CoV-2(COVID-19), para os setores de entretenimento,<br>cultura e arte, atividades f\u00edsicas, entretenimento, cultura, meio<br>ambiente e eventos.<\/p>\n\n\n\n<p><br>CONSIDERANDO o Decreto Estadual n\u00b0 19.479 de 22 de<br>fevereiro de 2021 que suspende atividades que envolvam<br>aglomera\u00e7\u00f5es.<\/p>\n\n\n\n<p><br><strong>RESOLVE:<\/strong><br><strong>Art. 1<\/strong>\u00ba <em><strong>Adiar a realiza\u00e7\u00e3o da V Confer\u00eancia Estadual de Pol\u00edticas<br>para as Mulheres at\u00e9 que se restabele\u00e7a a seguran\u00e7a sanit\u00e1ria no pa\u00eds<\/strong><\/em>;<br><strong>Art. 2\u00ba <\/strong>&#8211; Realiza\u00e7\u00e3o das Confer\u00eancias Municipais e<br>Intermunicipais no 2\u00aa (segundo) semestre de 2021, com a participa\u00e7\u00e3o<br>dos OPMs;<br><strong>Artigo 3\u00ba &#8211;<\/strong> Criar F\u00f3runs de discuss\u00e3o online com os Munic\u00edpios,<br>envolvendo a Sociedade Civil e Governamental.<br><strong>Artigo 4\u00ba <\/strong>&#8211; Esta Resolu\u00e7\u00e3o entra em vigor na data de sua<br>aprova\u00e7\u00e3o em plen\u00e1rio e encaminhada \u00e0 publica\u00e7\u00e3o.<br>Teresina-Piau\u00ed, 05 de mar\u00e7o de 2021.<\/p>\n\n\n\n<p><br>ZENAIDE BATISTA LUSTOSA NETA<br>Coordenadora de Estado de Pol\u00edticas para as Mulheres<\/p>\n\n\n\n<p><strong>RESOLU\u00c7\u00c3O N\u00ba 18.793 DE 23\/01\/2020<\/strong><\/p>\n\n\n\n<div class=\"wp-block-file\"><a href=\"http:\/\/portal.pi.gov.br\/cepm\/wp-content\/uploads\/sites\/23\/2021\/04\/Resolucao-V-CONFERENCIA.pdf\">Resolucao-V-CONFERENCIA<\/a><a href=\"http:\/\/portal.pi.gov.br\/cepm\/wp-content\/uploads\/sites\/23\/2021\/04\/Resolucao-V-CONFERENCIA.pdf\" class=\"wp-block-file__button\" download>Baixar<\/a><\/div>\n\n\n\n<p><strong><br>Modelo de Decreto Municipal para convoca\u00e7\u00e3o da Confer\u00eancia da Mulher&nbsp;<\/strong><\/p>\n\n\n\n<div class=\"wp-block-file\"><a href=\"http:\/\/www2.pi.gov.br\/cepm\/wp-content\/uploads\/sites\/23\/2021\/02\/CEPM25_13b1a82f5c.pdf\">CEPM25_13b1a82f5c<\/a><a href=\"http:\/\/www2.pi.gov.br\/cepm\/wp-content\/uploads\/sites\/23\/2021\/02\/CEPM25_13b1a82f5c.pdf\" class=\"wp-block-file__button\" download>Baixar<\/a><\/div>\n\n\n\n<p><strong>Regimento Estadual da V Confer\u00eancia de Mulheres do Piau\u00ed<\/strong><\/p>\n\n\n\n<div class=\"wp-block-file\"><a href=\"http:\/\/www2.pi.gov.br\/cepm\/wp-content\/uploads\/sites\/23\/2021\/02\/CEPM25_88e3ab13e9.pdf\">CEPM25_88e3ab13e9<\/a><a href=\"http:\/\/www2.pi.gov.br\/cepm\/wp-content\/uploads\/sites\/23\/2021\/02\/CEPM25_88e3ab13e9.pdf\" class=\"wp-block-file__button\" download>Baixar<\/a><\/div>\n\n\n\n<p><strong><br>Roteiro para elabora\u00e7\u00e3o de relat\u00f3rios municipais e intermunicipais.<br><\/strong><\/p>\n\n\n\n<div class=\"wp-block-file\"><a href=\"http:\/\/www2.pi.gov.br\/cepm\/wp-content\/uploads\/sites\/23\/2021\/02\/CEPM25_79676d331d.pdf\">CEPM25_79676d331d<\/a><a href=\"http:\/\/www2.pi.gov.br\/cepm\/wp-content\/uploads\/sites\/23\/2021\/02\/CEPM25_79676d331d.pdf\" class=\"wp-block-file__button\" download>Baixar<\/a><\/div>\n","protected":false},"excerpt":{"rendered":"<p>RESOLU\u00c7\u00c3O N\u00ba 18.793 DE 23\/01\/2020 A Coordenadoria de Estado de Politicas paraas mulheres, atrav\u00e9s da comiss\u00e3o provis\u00f3ria parit\u00e1riado conselho estadual dos direitos das mulheres quetrata da v Confer\u00eancia Estadual de [&hellip;]<\/p>\n","protected":false},"author":28,"featured_media":0,"parent":0,"menu_order":0,"comment_status":"closed","ping_status":"closed","template":"template-fullwidth.php","meta":[],"featured_image_urls":{"full":"","thumbnail":"","medium":"","medium_large":"","large":"","sgg-420":"","sgg-540":"","sgg-780":"","1536x1536":"","2048x2048":"","homepage-slider":"","homepage-slider-small":"","page-top":"","page-small":"","loop-main":"","thumb-gallery-widget":""},"post_excerpt_stackable":"<p>RESOLU\u00c7\u00c3O N\u00ba 18.793 DE 23\/01\/2020 A Coordenadoria de Estado de Politicas paraas mulheres, atrav\u00e9s da comiss\u00e3o provis\u00f3ria parit\u00e1riado conselho estadual dos direitos das mulheres quetrata da v Confer\u00eancia Estadual de Pol\u00edticas para asMulheres do Estado do Piau\u00ed,, criada na Portaria n\u00ba006\/2020de acordo com o Decreto n\u00ba 18.793 de 23 de janeiro de 2020, publicadono Di\u00e1rio Oficial do Estado do Piau\u00ed n\u00ba16, onde a mesma dever\u00e1 realizaros trabalhos conferidos ao Conselho Estadual de Defesa dos Direitosda Mulher. CONSIDERANDO a Resolu\u00e7\u00e3o do Conselho Nacional n\u00b001\/2021 que adiou a realiza\u00e7\u00e3o da V Confer\u00eancia Nacional de Pol\u00edticas paraas Mulheres at\u00e9 que se restabele\u00e7a a&hellip;<\/p>\n","category_list":"","author_info":{"name":"tassodenis","url":"https:\/\/portal.pi.gov.br\/sempi\/author\/tassodenis\/"},"comments_num":"0 coment\u00e1rio","featured_image_urls_v2":{"full":"","thumbnail":"","medium":"","medium_large":"","large":"","sgg-420":"","sgg-540":"","sgg-780":"","1536x1536":"","2048x2048":"","homepage-slider":"","homepage-slider-small":"","page-top":"","page-small":"","loop-main":"","thumb-gallery-widget":""},"post_excerpt_stackable_v2":"<p>RESOLU\u00c7\u00c3O N\u00ba 18.793 DE 23\/01\/2020 A Coordenadoria de Estado de Politicas paraas mulheres, atrav\u00e9s da comiss\u00e3o provis\u00f3ria parit\u00e1riado conselho estadual dos direitos das mulheres quetrata da v Confer\u00eancia Estadual de Pol\u00edticas para asMulheres do Estado do Piau\u00ed,, criada na Portaria n\u00ba006\/2020de acordo com o Decreto n\u00ba 18.793 de 23 de janeiro de 2020, publicadono Di\u00e1rio Oficial do Estado do Piau\u00ed n\u00ba16, onde a mesma dever\u00e1 realizaros trabalhos conferidos ao Conselho Estadual de Defesa dos Direitosda Mulher. CONSIDERANDO a Resolu\u00e7\u00e3o do Conselho Nacional n\u00b001\/2021 que adiou a realiza\u00e7\u00e3o da V Confer\u00eancia Nacional de Pol\u00edticas paraas Mulheres at\u00e9 que se restabele\u00e7a a&hellip;<\/p>\n","category_list_v2":"","author_info_v2":{"name":"tassodenis","url":"https:\/\/portal.pi.gov.br\/sempi\/author\/tassodenis\/"},"comments_num_v2":"0 coment\u00e1rio","_links":{"self":[{"href":"https:\/\/portal.pi.gov.br\/sempi\/wp-json\/wp\/v2\/pages\/858"}],"collection":[{"href":"https:\/\/portal.pi.gov.br\/sempi\/wp-json\/wp\/v2\/pages"}],"about":[{"href":"https:\/\/portal.pi.gov.br\/sempi\/wp-json\/wp\/v2\/types\/page"}],"author":[{"embeddable":true,"href":"https:\/\/portal.pi.gov.br\/sempi\/wp-json\/wp\/v2\/users\/28"}],"replies":[{"embeddable":true,"href":"https:\/\/portal.pi.gov.br\/sempi\/wp-json\/wp\/v2\/comments?post=858"}],"version-history":[{"count":6,"href":"https:\/\/portal.pi.gov.br\/sempi\/wp-json\/wp\/v2\/pages\/858\/revisions"}],"predecessor-version":[{"id":1380,"href":"https:\/\/portal.pi.gov.br\/sempi\/wp-json\/wp\/v2\/pages\/858\/revisions\/1380"}],"wp:attachment":[{"href":"https:\/\/portal.pi.gov.br\/sempi\/wp-json\/wp\/v2\/media?parent=858"}],"curies":[{"name":"wp","href":"https:\/\/api.w.org\/{rel}","templated":true}]}}