{"id":1181,"date":"2023-09-11T13:30:11","date_gmt":"2023-09-11T16:30:11","guid":{"rendered":"https:\/\/portal.pi.gov.br\/seres\/?page_id=1181"},"modified":"2023-10-04T22:33:59","modified_gmt":"2023-10-05T01:33:59","slug":"forum-estadual-interconselhos","status":"publish","type":"page","link":"https:\/\/portal.pi.gov.br\/seres\/forum-estadual-interconselhos\/","title":{"rendered":"F\u00f3rum Estadual Interconselhos"},"content":{"rendered":"<div class=\"wp-block-image\">\n<figure class=\"aligncenter size-large is-resized\"><img decoding=\"async\" loading=\"lazy\" src=\"https:\/\/portal.pi.gov.br\/seres\/wp-content\/uploads\/sites\/87\/2023\/10\/WhatsApp-Image-2023-10-03-at-09.05.57-1024x909.jpeg\" alt=\"\" class=\"wp-image-1444\" width=\"382\" height=\"338\" srcset=\"https:\/\/portal.pi.gov.br\/seres\/wp-content\/uploads\/sites\/87\/2023\/10\/WhatsApp-Image-2023-10-03-at-09.05.57-1024x909.jpeg 1024w, https:\/\/portal.pi.gov.br\/seres\/wp-content\/uploads\/sites\/87\/2023\/10\/WhatsApp-Image-2023-10-03-at-09.05.57-300x266.jpeg 300w, https:\/\/portal.pi.gov.br\/seres\/wp-content\/uploads\/sites\/87\/2023\/10\/WhatsApp-Image-2023-10-03-at-09.05.57-768x682.jpeg 768w, https:\/\/portal.pi.gov.br\/seres\/wp-content\/uploads\/sites\/87\/2023\/10\/WhatsApp-Image-2023-10-03-at-09.05.57-420x373.jpeg 420w, https:\/\/portal.pi.gov.br\/seres\/wp-content\/uploads\/sites\/87\/2023\/10\/WhatsApp-Image-2023-10-03-at-09.05.57-540x479.jpeg 540w, https:\/\/portal.pi.gov.br\/seres\/wp-content\/uploads\/sites\/87\/2023\/10\/WhatsApp-Image-2023-10-03-at-09.05.57-780x692.jpeg 780w, https:\/\/portal.pi.gov.br\/seres\/wp-content\/uploads\/sites\/87\/2023\/10\/WhatsApp-Image-2023-10-03-at-09.05.57-1536x1363.jpeg 1536w, https:\/\/portal.pi.gov.br\/seres\/wp-content\/uploads\/sites\/87\/2023\/10\/WhatsApp-Image-2023-10-03-at-09.05.57-947x840.jpeg 947w, https:\/\/portal.pi.gov.br\/seres\/wp-content\/uploads\/sites\/87\/2023\/10\/WhatsApp-Image-2023-10-03-at-09.05.57-624x554.jpeg 624w, https:\/\/portal.pi.gov.br\/seres\/wp-content\/uploads\/sites\/87\/2023\/10\/WhatsApp-Image-2023-10-03-at-09.05.57.jpeg 1600w\" sizes=\"(max-width: 382px) 100vw, 382px\" \/><\/figure><\/div>\n\n\n<p>O F\u00f3rum Estadual Interconselhos, institu\u00eddo atrav\u00e9s da Lei n\u00ba 7.357, de 03 de fevereiro de 2020, art 2\u00ba, inciso VII, constitui-se como mecanismo para o di\u00e1logo entre representantes dos conselhos no intuito de acompanhar as pol\u00edticas p\u00fablicas e os programas governamentais, formulando recomenda\u00e7\u00f5es para aprimorar sua intersetorialidade e transversalidade.<\/p>\n\n\n\n<p>Dentro das a\u00e7\u00f5es priorit\u00e1rias do Plano de Governo, os eixos transversais j\u00e1 indicam dois importantes compromissos, dentre os quais:<\/p>\n\n\n\n<p>-Fortalecer a participa\u00e7\u00e3o popular e o controle social das pol\u00edticas p\u00fablicas em todas as \u00e1reas, por meio de f\u00f3runs, conselhos, c\u00e2maras e observat\u00f3rios (Lei n\u00ba 7.357, de 3 de fevereiro de 2020).<\/p>\n\n\n\n<p>-Fortalecer a participa\u00e7\u00e3o do cidad\u00e3o na constru\u00e7\u00e3o de pol\u00edticas p\u00fablicas por meio de canais digitais.<\/p>\n\n\n\n<p>Nesse contexto, o F\u00f3rum Estadual Interconselhos tem um papel primordial no fortalecimento da participa\u00e7\u00e3o social do Estado e na efetividade dos compromissos de gest\u00e3o desta Secretaria.<\/p>\n","protected":false},"excerpt":{"rendered":"<p>O F\u00f3rum Estadual Interconselhos, institu\u00eddo atrav\u00e9s da Lei n\u00ba 7.357, de 03 de fevereiro de 2020, art 2\u00ba, inciso VII, constitui-se como mecanismo para o di\u00e1logo entre representantes dos conselhos [&hellip;]<\/p>\n","protected":false},"author":1,"featured_media":0,"parent":0,"menu_order":0,"comment_status":"closed","ping_status":"closed","template":"template-fullwidth.php","meta":[],"featured_image_urls":{"full":"","thumbnail":"","medium":"","medium_large":"","large":"","sgg-420":"","sgg-540":"","sgg-780":"","1536x1536":"","2048x2048":"","homepage-slider":"","homepage-slider-small":"","page-top":"","page-small":"","loop-main":"","thumb-gallery-widget":""},"post_excerpt_stackable":"<p>O F\u00f3rum Estadual Interconselhos, institu\u00eddo atrav\u00e9s da Lei n\u00ba 7.357, de 03 de fevereiro de 2020, art 2\u00ba, inciso VII, constitui-se como mecanismo para o di\u00e1logo entre representantes dos conselhos no intuito de acompanhar as pol\u00edticas p\u00fablicas e os programas governamentais, formulando recomenda\u00e7\u00f5es para aprimorar sua intersetorialidade e transversalidade. Dentro das a\u00e7\u00f5es priorit\u00e1rias do Plano de Governo, os eixos transversais j\u00e1 indicam dois importantes compromissos, dentre os quais: -Fortalecer a participa\u00e7\u00e3o popular e o controle social das pol\u00edticas p\u00fablicas em todas as \u00e1reas, por meio de f\u00f3runs, conselhos, c\u00e2maras e observat\u00f3rios (Lei n\u00ba 7.357, de 3 de fevereiro de 2020).&hellip;<\/p>\n","category_list":"","author_info":{"name":"admin","url":"https:\/\/portal.pi.gov.br\/seres\/author\/admin\/"},"comments_num":"0 coment\u00e1rio","featured_image_urls_v2":{"full":"","thumbnail":"","medium":"","medium_large":"","large":"","sgg-420":"","sgg-540":"","sgg-780":"","1536x1536":"","2048x2048":"","homepage-slider":"","homepage-slider-small":"","page-top":"","page-small":"","loop-main":"","thumb-gallery-widget":""},"post_excerpt_stackable_v2":"<p>O F\u00f3rum Estadual Interconselhos, institu\u00eddo atrav\u00e9s da Lei n\u00ba 7.357, de 03 de fevereiro de 2020, art 2\u00ba, inciso VII, constitui-se como mecanismo para o di\u00e1logo entre representantes dos conselhos no intuito de acompanhar as pol\u00edticas p\u00fablicas e os programas governamentais, formulando recomenda\u00e7\u00f5es para aprimorar sua intersetorialidade e transversalidade. Dentro das a\u00e7\u00f5es priorit\u00e1rias do Plano de Governo, os eixos transversais j\u00e1 indicam dois importantes compromissos, dentre os quais: -Fortalecer a participa\u00e7\u00e3o popular e o controle social das pol\u00edticas p\u00fablicas em todas as \u00e1reas, por meio de f\u00f3runs, conselhos, c\u00e2maras e observat\u00f3rios (Lei n\u00ba 7.357, de 3 de fevereiro de 2020).&hellip;<\/p>\n","category_list_v2":"","author_info_v2":{"name":"admin","url":"https:\/\/portal.pi.gov.br\/seres\/author\/admin\/"},"comments_num_v2":"0 coment\u00e1rio","_links":{"self":[{"href":"https:\/\/portal.pi.gov.br\/seres\/wp-json\/wp\/v2\/pages\/1181"}],"collection":[{"href":"https:\/\/portal.pi.gov.br\/seres\/wp-json\/wp\/v2\/pages"}],"about":[{"href":"https:\/\/portal.pi.gov.br\/seres\/wp-json\/wp\/v2\/types\/page"}],"author":[{"embeddable":true,"href":"https:\/\/portal.pi.gov.br\/seres\/wp-json\/wp\/v2\/users\/1"}],"replies":[{"embeddable":true,"href":"https:\/\/portal.pi.gov.br\/seres\/wp-json\/wp\/v2\/comments?post=1181"}],"version-history":[{"count":5,"href":"https:\/\/portal.pi.gov.br\/seres\/wp-json\/wp\/v2\/pages\/1181\/revisions"}],"predecessor-version":[{"id":1471,"href":"https:\/\/portal.pi.gov.br\/seres\/wp-json\/wp\/v2\/pages\/1181\/revisions\/1471"}],"wp:attachment":[{"href":"https:\/\/portal.pi.gov.br\/seres\/wp-json\/wp\/v2\/media?parent=1181"}],"curies":[{"name":"wp","href":"https:\/\/api.w.org\/{rel}","templated":true}]}}