{"id":1437,"date":"2023-10-03T12:04:24","date_gmt":"2023-10-03T15:04:24","guid":{"rendered":"https:\/\/portal.pi.gov.br\/seres\/?page_id=1437"},"modified":"2024-04-04T09:19:56","modified_gmt":"2024-04-04T12:19:56","slug":"informativos","status":"publish","type":"page","link":"https:\/\/portal.pi.gov.br\/seres\/informativos\/","title":{"rendered":"Transpar\u00eancia e Presta\u00e7\u00e3o de Contas"},"content":{"rendered":"<script type=\"text\/x-handlebars-template\"        id=\"wpfd-template-table-categories-36\">    <div class=\"wpfd-categories\">{{#if category}}{{#with category}}{{#if parent}}<a class=\"catlink backcategory\" href=\"#\" data-idcat=\"{{parent}}\">                        <i class=\"zmdi zmdi-chevron-left\"><\/i><span>Voltar<\/span><\/a>{{\/if}}{{\/with}}{{\/if}}<\/div><\/script><script type=\"text\/x-handlebars-template\" id=\"wpfd-template-table-36\">    {{#if files}}    {{#each files}}    <tr class=\"file\" data-id=\"{{ID}}\" data-catid=\"{{catid}}\">    <td class=\"file_title\"><a class=\"wpfd_downloadlink\" href=\"{{linkdownload}}\" title=\"{{post_title}}\"><span class=\"extcol\">{{#if file_custom_icon}}<span class=\"icon-custom\"><img src=\"{{file_custom_icon}}\"><\/span>{{else}}<span class=\"ext ext-{{ext}}\"><\/span>{{\/if}}<\/span>{{{crop_title}}}<\/a><\/td><td class=\"file_size\">{{bytesToSize size}}<\/td><td class=\"file_created\">{{created}}<\/td>                    <td class=\"col-download\">                <a class=\"downloadlink wpfd_downloadlink\"  href=\"{{linkdownload}}\" style=\"background-color:#033b85;color:#ffffff;\">Baixar<i class=\"zmdi zmdi-cloud-download wpfd-download\"><\/i><\/a>{{#if openpdflink}}<a class=\"openlink wpfdlightbox wpfd_previewlink\" href=\"{{openpdflink}}\" target=\"\">Visualizar                            <i class=\"zmdi zmdi-filter-center-focus wpfd-preview\"><\/i>                        <\/a>{{else}}{{#if viewerlink}}<a                            href=\"{{viewerlink}}\"                            class=\"openlink wpfdlightbox wpfd_previewlink\"                            target=\"\"                            data-id=\"{{ID}}\"                            data-catid=\"{{catid}}\"                            data-file-type=\"{{ext}}\">Visualizar<i class=\"zmdi zmdi-filter-center-focus wpfd-preview\"><\/i>                        <\/a>{{\/if}}{{\/if}}            <\/td>            <\/tr>    {{\/each}}    {{\/if}}<\/script><div class=\"wpfd-content wpfd-content-table wpfd-content-multi colstyle\" data-category=\"36\"><input type=\"hidden\" id=\"current_category_36\" value=\"36\" \/>                    <input type=\"hidden\" id=\"current_category_slug_36\" value=\"transparencia-e-prestacao-de-contas\" \/>                    <input type=\"hidden\" id=\"current_ordering_36\" value=\"created_time\" \/>                    <input type=\"hidden\" id=\"current_ordering_direction_36\" value=\"desc\" \/><div class=\"wpfd-container\">        <div class=\"wpfd-open-tree\"><\/div>    <div class=\"wpfd-container-table \">        <div class=\"wpfd-categories\"><\/div>        <table class=\"wpfd-table wpfd-table-bordered wpfd-table-striped mediaTable\">            <thead>            <tr>                <th class=\"essential persist file_title\">T\u00edtulo<\/th><th class=\"optional file_size\">Tamanho<\/th><th class=\"optional file_created\">Data de Publica\u00e7\u00e3o<\/th><th class=\"essential file_download\">Baixar<\/th>            <\/tr>            <\/thead>            <tbody>                            <tr class=\"file\" data-id=\"6151\"                    data-catid=\"36\">                    <td class=\"file_title\"><a class=\"wpfd_downloadlink\" href=\"https:\/\/portal.pi.gov.br\/seres\/download\/36\/transparencia-e-prestacao-de-contas\/6151\/relatorio-de-gestao-2025.pdf\" title=\"RELAT\u00d3RIO DE GEST\u00c3O 2025\"><span class=\"extcol\">                                <span class=\"ext ext-pdf\"><\/span>                                RELAT\u00d3RIO DE GEST\u00c3O 2025                            <\/span><\/a><\/td><td class=\"file_size\">4.74 MB<\/td><td class=\"file_created\">06-04-2026<\/td>                                            <td class=\"col-download\">                            <a class=\"downloadlink wpfd_downloadlink\"  href=\"https:\/\/portal.pi.gov.br\/seres\/download\/36\/transparencia-e-prestacao-de-contas\/6151\/relatorio-de-gestao-2025.pdf\" style=\"background-color:#033b85;color:#ffffff;\">Baixar<i class=\"zmdi zmdi-cloud-download wpfd-download\"><\/i><\/a><a                            href=\"https:\/\/docs.google.com\/viewer?url=https%3A%2F%2Fportal.pi.gov.br%2Fseres%2Fwp-admin%2Fadmin-ajax.php%3Fjuwpfisadmin%3Dfalse%26action%3Dwpfd%26task%3Dfile.download%26wpfd_category_id%3D36%26wpfd_file_id%3D6151%26token%3D%26preview%3D1&#038;embedded=true\"                            class=\"openlink wpfdlightbox wpfd_previewlink\"                            target=\"\"                            data-id=\"6151\"                            data-catid=\"36\"                            data-file-type=\"pdf\">Visualizar<i class=\"zmdi zmdi-filter-center-focus wpfd-preview\"><\/i>                        <\/a>                        <\/td>                                    <\/tr>                            <tr class=\"file\" data-id=\"3235\"                    data-catid=\"36\">                    <td class=\"file_title\"><a class=\"wpfd_downloadlink\" href=\"https:\/\/portal.pi.gov.br\/seres\/download\/36\/transparencia-e-prestacao-de-contas\/3235\/relatorio-gestao-seres-2024.pdf\" title=\"Relatorio Gest\u00e3o SERES 2024\"><span class=\"extcol\">                                <span class=\"ext ext-pdf\"><\/span>                                Relatorio Gest\u00e3o SERES 2024                            <\/span><\/a><\/td><td class=\"file_size\">6.98 MB<\/td><td class=\"file_created\">02-04-2025<\/td>                                            <td class=\"col-download\">                            <a class=\"downloadlink wpfd_downloadlink\"  href=\"https:\/\/portal.pi.gov.br\/seres\/download\/36\/transparencia-e-prestacao-de-contas\/3235\/relatorio-gestao-seres-2024.pdf\" style=\"background-color:#033b85;color:#ffffff;\">Baixar<i class=\"zmdi zmdi-cloud-download wpfd-download\"><\/i><\/a><a                            href=\"https:\/\/docs.google.com\/viewer?url=https%3A%2F%2Fportal.pi.gov.br%2Fseres%2Fwp-admin%2Fadmin-ajax.php%3Fjuwpfisadmin%3Dfalse%26action%3Dwpfd%26task%3Dfile.download%26wpfd_category_id%3D36%26wpfd_file_id%3D3235%26token%3D%26preview%3D1&#038;embedded=true\"                            class=\"openlink wpfdlightbox wpfd_previewlink\"                            target=\"\"                            data-id=\"3235\"                            data-catid=\"36\"                            data-file-type=\"pdf\">Visualizar<i class=\"zmdi zmdi-filter-center-focus wpfd-preview\"><\/i>                        <\/a>                        <\/td>                                    <\/tr>                            <tr class=\"file\" data-id=\"2588\"                    data-catid=\"36\">                    <td class=\"file_title\"><a class=\"wpfd_downloadlink\" href=\"https:\/\/portal.pi.gov.br\/seres\/download\/36\/transparencia-e-prestacao-de-contas\/2588\/sei_gov-pi-015249537-extrato-de-contrato.pdf\" title=\"SEI_GOV-PI - 015249537 - Extrato de Contrato\"><span class=\"extcol\">                                <span class=\"ext ext-pdf\"><\/span>                                SEI_GOV-PI - 015249537 - Extrato de Contrato                            <\/span><\/a><\/td><td class=\"file_size\">156.96 KB<\/td><td class=\"file_created\">04-11-2024<\/td>                                            <td class=\"col-download\">                            <a class=\"downloadlink wpfd_downloadlink\"  href=\"https:\/\/portal.pi.gov.br\/seres\/download\/36\/transparencia-e-prestacao-de-contas\/2588\/sei_gov-pi-015249537-extrato-de-contrato.pdf\" style=\"background-color:#033b85;color:#ffffff;\">Baixar<i class=\"zmdi zmdi-cloud-download wpfd-download\"><\/i><\/a><a                            href=\"https:\/\/docs.google.com\/viewer?url=https%3A%2F%2Fportal.pi.gov.br%2Fseres%2Fwp-admin%2Fadmin-ajax.php%3Fjuwpfisadmin%3Dfalse%26action%3Dwpfd%26task%3Dfile.download%26wpfd_category_id%3D36%26wpfd_file_id%3D2588%26token%3D%26preview%3D1&#038;embedded=true\"                            class=\"openlink wpfdlightbox wpfd_previewlink\"                            target=\"\"                            data-id=\"2588\"                            data-catid=\"36\"                            data-file-type=\"pdf\">Visualizar<i class=\"zmdi zmdi-filter-center-focus wpfd-preview\"><\/i>                        <\/a>                        <\/td>                                    <\/tr>                            <tr class=\"file\" data-id=\"2587\"                    data-catid=\"36\">                    <td class=\"file_title\"><a class=\"wpfd_downloadlink\" href=\"https:\/\/portal.pi.gov.br\/seres\/download\/36\/transparencia-e-prestacao-de-contas\/2587\/sei_gov-pi-015244267-reconhecimento-e-ratificacao-de-inexigibilidade.pdf\" title=\"SEI_GOV-PI - 015244267 - Reconhecimento e Ratifica\u00e7\u00e3o de Inexigibilidade\"><span class=\"extcol\">                                <span class=\"ext ext-pdf\"><\/span>                                SEI_GOV-PI - 015244267 - Reconhecimento e Ratifica\u00e7\u00e3o de Inexigibilidade                            <\/span><\/a><\/td><td class=\"file_size\">192.81 KB<\/td><td class=\"file_created\">04-11-2024<\/td>                                            <td class=\"col-download\">                            <a class=\"downloadlink wpfd_downloadlink\"  href=\"https:\/\/portal.pi.gov.br\/seres\/download\/36\/transparencia-e-prestacao-de-contas\/2587\/sei_gov-pi-015244267-reconhecimento-e-ratificacao-de-inexigibilidade.pdf\" style=\"background-color:#033b85;color:#ffffff;\">Baixar<i class=\"zmdi zmdi-cloud-download wpfd-download\"><\/i><\/a><a                            href=\"https:\/\/docs.google.com\/viewer?url=https%3A%2F%2Fportal.pi.gov.br%2Fseres%2Fwp-admin%2Fadmin-ajax.php%3Fjuwpfisadmin%3Dfalse%26action%3Dwpfd%26task%3Dfile.download%26wpfd_category_id%3D36%26wpfd_file_id%3D2587%26token%3D%26preview%3D1&#038;embedded=true\"                            class=\"openlink wpfdlightbox wpfd_previewlink\"                            target=\"\"                            data-id=\"2587\"                            data-catid=\"36\"                            data-file-type=\"pdf\">Visualizar<i class=\"zmdi zmdi-filter-center-focus wpfd-preview\"><\/i>                        <\/a>                        <\/td>                                    <\/tr>                            <tr class=\"file\" data-id=\"2222\"                    data-catid=\"36\">                    <td class=\"file_title\"><a class=\"wpfd_downloadlink\" href=\"https:\/\/portal.pi.gov.br\/seres\/download\/36\/transparencia-e-prestacao-de-contas\/2222\/relatorio-gestao-seres-2023.pdf\" title=\"Relatorio-Gestao Seres 2023\"><span class=\"extcol\">                                <span class=\"ext ext-pdf\"><\/span>                                Relatorio-Gestao Seres 2023                            <\/span><\/a><\/td><td class=\"file_size\">6.33 MB<\/td><td class=\"file_created\">02-04-2024<\/td>                                            <td class=\"col-download\">                            <a class=\"downloadlink wpfd_downloadlink\"  href=\"https:\/\/portal.pi.gov.br\/seres\/download\/36\/transparencia-e-prestacao-de-contas\/2222\/relatorio-gestao-seres-2023.pdf\" style=\"background-color:#033b85;color:#ffffff;\">Baixar<i class=\"zmdi zmdi-cloud-download wpfd-download\"><\/i><\/a><a                            href=\"https:\/\/docs.google.com\/viewer?url=https%3A%2F%2Fportal.pi.gov.br%2Fseres%2Fwp-admin%2Fadmin-ajax.php%3Fjuwpfisadmin%3Dfalse%26action%3Dwpfd%26task%3Dfile.download%26wpfd_category_id%3D36%26wpfd_file_id%3D2222%26token%3D%26preview%3D1&#038;embedded=true\"                            class=\"openlink wpfdlightbox wpfd_previewlink\"                            target=\"\"                            data-id=\"2222\"                            data-catid=\"36\"                            data-file-type=\"pdf\">Visualizar<i class=\"zmdi zmdi-filter-center-focus wpfd-preview\"><\/i>                        <\/a>                        <\/td>                                    <\/tr>                        <\/tbody>        <\/table>            <\/div><\/div><\/div>\n","protected":false},"excerpt":{"rendered":"","protected":false},"author":1,"featured_media":2226,"parent":0,"menu_order":0,"comment_status":"closed","ping_status":"closed","template":"template-fullwidth.php","meta":[],"featured_image_urls":{"full":["https:\/\/portal.pi.gov.br\/seres\/wp-content\/uploads\/sites\/87\/2024\/04\/Relatorio-1.png",175,177,false],"thumbnail":["https:\/\/portal.pi.gov.br\/seres\/wp-content\/uploads\/sites\/87\/2024\/04\/Relatorio-1-150x150.png",150,150,true],"medium":["https:\/\/portal.pi.gov.br\/seres\/wp-content\/uploads\/sites\/87\/2024\/04\/Relatorio-1.png",175,177,false],"medium_large":["https:\/\/portal.pi.gov.br\/seres\/wp-content\/uploads\/sites\/87\/2024\/04\/Relatorio-1.png",175,177,false],"large":["https:\/\/portal.pi.gov.br\/seres\/wp-content\/uploads\/sites\/87\/2024\/04\/Relatorio-1.png",175,177,false],"sgg-420":["https:\/\/portal.pi.gov.br\/seres\/wp-content\/uploads\/sites\/87\/2024\/04\/Relatorio-1.png",175,177,false],"sgg-540":["https:\/\/portal.pi.gov.br\/seres\/wp-content\/uploads\/sites\/87\/2024\/04\/Relatorio-1.png",175,177,false],"sgg-780":["https:\/\/portal.pi.gov.br\/seres\/wp-content\/uploads\/sites\/87\/2024\/04\/Relatorio-1.png",175,177,false],"1536x1536":["https:\/\/portal.pi.gov.br\/seres\/wp-content\/uploads\/sites\/87\/2024\/04\/Relatorio-1.png",175,177,false],"2048x2048":["https:\/\/portal.pi.gov.br\/seres\/wp-content\/uploads\/sites\/87\/2024\/04\/Relatorio-1.png",175,177,false],"homepage-slider":["https:\/\/portal.pi.gov.br\/seres\/wp-content\/uploads\/sites\/87\/2024\/04\/Relatorio-1.png",175,177,false],"homepage-slider-small":["https:\/\/portal.pi.gov.br\/seres\/wp-content\/uploads\/sites\/87\/2024\/04\/Relatorio-1.png",175,177,false],"page-top":["https:\/\/portal.pi.gov.br\/seres\/wp-content\/uploads\/sites\/87\/2024\/04\/Relatorio-1.png",175,177,false],"page-small":["https:\/\/portal.pi.gov.br\/seres\/wp-content\/uploads\/sites\/87\/2024\/04\/Relatorio-1.png",175,177,false],"loop-main":["https:\/\/portal.pi.gov.br\/seres\/wp-content\/uploads\/sites\/87\/2024\/04\/Relatorio-1.png",175,177,false],"thumb-gallery-widget":["https:\/\/portal.pi.gov.br\/seres\/wp-content\/uploads\/sites\/87\/2024\/04\/Relatorio-1-84x56.png",84,56,true]},"post_excerpt_stackable":"<p>T\u00edtuloTamanhoData de Publica\u00e7\u00e3oBaixar RELAT\u00d3RIO DE GEST\u00c3O 2025 4.74 MB06-04-2026 BaixarVisualizar Relatorio Gest\u00e3o SERES 2024 6.98 MB02-04-2025 BaixarVisualizar SEI_GOV-PI &#8211; 015249537 &#8211; Extrato de Contrato 156.96 KB04-11-2024 BaixarVisualizar SEI_GOV-PI &#8211; 015244267 &#8211; Reconhecimento e Ratifica\u00e7\u00e3o de Inexigibilidade 192.81 KB04-11-2024 BaixarVisualizar Relatorio-Gestao Seres 2023 6.33 MB02-04-2024 BaixarVisualizar<\/p>\n","category_list":"","author_info":{"name":"admin","url":"https:\/\/portal.pi.gov.br\/seres\/author\/admin\/"},"comments_num":"0 coment\u00e1rio","featured_image_urls_v2":{"full":["https:\/\/portal.pi.gov.br\/seres\/wp-content\/uploads\/sites\/87\/2024\/04\/Relatorio-1.png",175,177,false],"thumbnail":["https:\/\/portal.pi.gov.br\/seres\/wp-content\/uploads\/sites\/87\/2024\/04\/Relatorio-1-150x150.png",150,150,true],"medium":["https:\/\/portal.pi.gov.br\/seres\/wp-content\/uploads\/sites\/87\/2024\/04\/Relatorio-1.png",175,177,false],"medium_large":["https:\/\/portal.pi.gov.br\/seres\/wp-content\/uploads\/sites\/87\/2024\/04\/Relatorio-1.png",175,177,false],"large":["https:\/\/portal.pi.gov.br\/seres\/wp-content\/uploads\/sites\/87\/2024\/04\/Relatorio-1.png",175,177,false],"sgg-420":["https:\/\/portal.pi.gov.br\/seres\/wp-content\/uploads\/sites\/87\/2024\/04\/Relatorio-1.png",175,177,false],"sgg-540":["https:\/\/portal.pi.gov.br\/seres\/wp-content\/uploads\/sites\/87\/2024\/04\/Relatorio-1.png",175,177,false],"sgg-780":["https:\/\/portal.pi.gov.br\/seres\/wp-content\/uploads\/sites\/87\/2024\/04\/Relatorio-1.png",175,177,false],"1536x1536":["https:\/\/portal.pi.gov.br\/seres\/wp-content\/uploads\/sites\/87\/2024\/04\/Relatorio-1.png",175,177,false],"2048x2048":["https:\/\/portal.pi.gov.br\/seres\/wp-content\/uploads\/sites\/87\/2024\/04\/Relatorio-1.png",175,177,false],"homepage-slider":["https:\/\/portal.pi.gov.br\/seres\/wp-content\/uploads\/sites\/87\/2024\/04\/Relatorio-1.png",175,177,false],"homepage-slider-small":["https:\/\/portal.pi.gov.br\/seres\/wp-content\/uploads\/sites\/87\/2024\/04\/Relatorio-1.png",175,177,false],"page-top":["https:\/\/portal.pi.gov.br\/seres\/wp-content\/uploads\/sites\/87\/2024\/04\/Relatorio-1.png",175,177,false],"page-small":["https:\/\/portal.pi.gov.br\/seres\/wp-content\/uploads\/sites\/87\/2024\/04\/Relatorio-1.png",175,177,false],"loop-main":["https:\/\/portal.pi.gov.br\/seres\/wp-content\/uploads\/sites\/87\/2024\/04\/Relatorio-1.png",175,177,false],"thumb-gallery-widget":["https:\/\/portal.pi.gov.br\/seres\/wp-content\/uploads\/sites\/87\/2024\/04\/Relatorio-1-84x56.png",84,56,true]},"post_excerpt_stackable_v2":"<p>T\u00edtuloTamanhoData de Publica\u00e7\u00e3oBaixar RELAT\u00d3RIO DE GEST\u00c3O 2025 4.74 MB06-04-2026 BaixarVisualizar Relatorio Gest\u00e3o SERES 2024 6.98 MB02-04-2025 BaixarVisualizar SEI_GOV-PI &#8211; 015249537 &#8211; Extrato de Contrato 156.96 KB04-11-2024 BaixarVisualizar SEI_GOV-PI &#8211; 015244267 &#8211; Reconhecimento e Ratifica\u00e7\u00e3o de Inexigibilidade 192.81 KB04-11-2024 BaixarVisualizar Relatorio-Gestao Seres 2023 6.33 MB02-04-2024 BaixarVisualizar<\/p>\n","category_list_v2":"","author_info_v2":{"name":"admin","url":"https:\/\/portal.pi.gov.br\/seres\/author\/admin\/"},"comments_num_v2":"0 coment\u00e1rio","_links":{"self":[{"href":"https:\/\/portal.pi.gov.br\/seres\/wp-json\/wp\/v2\/pages\/1437"}],"collection":[{"href":"https:\/\/portal.pi.gov.br\/seres\/wp-json\/wp\/v2\/pages"}],"about":[{"href":"https:\/\/portal.pi.gov.br\/seres\/wp-json\/wp\/v2\/types\/page"}],"author":[{"embeddable":true,"href":"https:\/\/portal.pi.gov.br\/seres\/wp-json\/wp\/v2\/users\/1"}],"replies":[{"embeddable":true,"href":"https:\/\/portal.pi.gov.br\/seres\/wp-json\/wp\/v2\/comments?post=1437"}],"version-history":[{"count":4,"href":"https:\/\/portal.pi.gov.br\/seres\/wp-json\/wp\/v2\/pages\/1437\/revisions"}],"predecessor-version":[{"id":3231,"href":"https:\/\/portal.pi.gov.br\/seres\/wp-json\/wp\/v2\/pages\/1437\/revisions\/3231"}],"wp:featuredmedia":[{"embeddable":true,"href":"https:\/\/portal.pi.gov.br\/seres\/wp-json\/wp\/v2\/media\/2226"}],"wp:attachment":[{"href":"https:\/\/portal.pi.gov.br\/seres\/wp-json\/wp\/v2\/media?parent=1437"}],"curies":[{"name":"wp","href":"https:\/\/api.w.org\/{rel}","templated":true}]}}