{"id":935,"date":"2023-08-04T12:04:45","date_gmt":"2023-08-04T15:04:45","guid":{"rendered":"https:\/\/portal.pi.gov.br\/seres\/?page_id=935"},"modified":"2025-08-07T21:50:21","modified_gmt":"2025-08-08T00:50:21","slug":"diretorias","status":"publish","type":"page","link":"https:\/\/portal.pi.gov.br\/seres\/diretorias\/","title":{"rendered":"Diretorias"},"content":{"rendered":"\n<p><\/p>\n\n\n\n<p class=\"has-medium-font-size\"><strong>DIRETORIA DE RELA\u00c7\u00d5ES SOCIAIS E POPULARES<\/strong> <\/p>\n\n\n\n<p>A Diretoria de Rela\u00e7\u00f5es Sociais e Populares (DIRES), da Secretaria de Estado das Rela\u00e7\u00f5es Sociais, tem como objetivo acolher, acompanhar e assessorar, permanentemente, as comunidades e os movimentos sociais, urbanos e rurais, no acesso \u00e0s pol\u00edticas p\u00fablicas governamentais. Contribuindo para o aprimoramento dial\u00f3gico do Estado para com as organiza\u00e7\u00f5es sociais, visando aproximar e fortalecer as rela\u00e7\u00f5es das institui\u00e7\u00f5es governamentais, com as for\u00e7as vivas da sociedade.<\/p>\n\n\n\n<p><a href=\"https:\/\/drive.google.com\/file\/d\/19yJTYSiBC08HgDfeohH1zxLj7bF1GAZ6\/view?usp=sharing\" data-type=\"URL\" data-id=\"https:\/\/drive.google.com\/file\/d\/19yJTYSiBC08HgDfeohH1zxLj7bF1GAZ6\/view?usp=sharing\"><strong>Rela\u00e7\u00e3o de Movimentos Sociais <\/strong><\/a><\/p>\n\n\n\n<p><strong><a href=\"https:\/\/drive.google.com\/file\/d\/1r1sBCUM8K_lRoyX1jkqUo76jRSLbU9Mr\/view?usp=sharing\" data-type=\"URL\" data-id=\"https:\/\/drive.google.com\/file\/d\/1r1sBCUM8K_lRoyX1jkqUo76jRSLbU9Mr\/view?usp=sharing\">Saiba mais clicando aqui<\/a><\/strong><\/p>\n\n\n\n<p><strong>Diretor: <\/strong>Claudimir Vieira Gularte<\/p>\n\n\n\n<p><strong>E-mail: <\/strong>gab@seres.pi.gov.br<\/p>\n\n\n\n<div class=\"wp-block-group is-vertical is-layout-flex wp-container-1\">\n<p>_<\/p>\n<\/div>\n\n\n\n<p class=\"has-medium-font-size\"><strong>DIRETORIA DE RELA\u00c7\u00d5ES SINDICAIS <\/strong><\/p>\n\n\n\n<p>A Diretoria de Rela\u00e7\u00f5es Sindicais compete promover o di\u00e1logo institucional entre a esfera governamental e as entidades sindicais dos diversos segmentos do mundo do trabalho, compreendidas nesse contexto: Centrais Sindicais, Federa\u00e7\u00f5es, Sindicatos Rurais, P\u00fablicos e Privados.<\/p>\n\n\n\n<p><\/p>\n\n\n\n<p><strong>Diretor: <\/strong>Josivaldo Martins<\/p>\n\n\n\n<p><strong>E-mail: <\/strong>gab@seres.pi.gov.br<\/p>\n\n\n\n<p>_<\/p>\n\n\n\n<p class=\"has-medium-font-size\"><strong>DIRETORIA DE<\/strong> <strong>PARTICIPA\u00c7\u00c3O SOCIAL<\/strong><\/p>\n\n\n\n<p>Compete a Diretoria de Participa\u00e7\u00e3o Social articular as inst\u00e2ncias e os mecanismos de participa\u00e7\u00e3o social, buscando aprimorar a rela\u00e7\u00e3o entre o poder p\u00fablico estadual e a sociedade civil, fortalecendo e ampliando o di\u00e1logo, promovendo a constru\u00e7\u00e3o coletiva de espa\u00e7os democr\u00e1ticos.<\/p>\n\n\n\n<p><\/p>\n\n\n\n<p><strong>Diretor<\/strong>a: Juciara Linhares <\/p>\n\n\n\n<p><strong>E-mail:<\/strong> juciara.cunha@seres.pi.gov.br<\/p>\n\n\n\n<p>_<\/p>\n\n\n\n<p class=\"has-medium-font-size\"><strong>DIRETORIA ADMINISTRATIVA E FINANCEIRA<\/strong><\/p>\n\n\n\n<p>A Diretoria Administrativa e Financeira compete organizar, planejar e orientar a utiliza\u00e7\u00e3o dos recursos financeiros, tecnol\u00f3gicos e f\u00edsicos da secretaria, gerenciando as \u00e1reas administrativa e financeira na busca por melhores resultados; organizar o fluxo das demandas e dos processos administrativos; articular com o \u00f3rg\u00e3o competente o desenvolvimento de sistemas, para dar suporte as atividades dessa secretaria; &nbsp;estabelecer a conex\u00e3o entre o planejamento estrat\u00e9gico e o planejamento econ\u00f4mico-financeiro, objetivando o eficiente funcionamento das diversas \u00e1reas da Secretaria.<\/p>\n\n\n\n<p><\/p>\n\n\n\n<p><strong>Diretor: <\/strong>Igor Borges<\/p>\n\n\n\n<p><strong>E-mail: <\/strong>gab@seres.pi.gov.br<\/p>\n\n\n\n<p><\/p>\n\n\n\n<p>&#8211;<\/p>\n\n\n\n<p class=\"has-medium-font-size\"><strong>DIRETORIA  DE POL\u00cdTICAS P\u00daBLICAS<\/strong><\/p>\n\n\n\n<p>Essa diretoria atua coordenando, promovendo e integrando a\u00e7\u00f5es intersetoriais dentro do governo, com o objetivo de alinhar as pol\u00edticas p\u00fablicas com as reais demandas da popula\u00e7\u00e3o.<\/p>\n\n\n\n<p><strong>Diretor: <\/strong>Gil Kair\u00f3s<\/p>\n\n\n\n<p><strong>E-mail: <\/strong>gab@seres.pi.gov.br<\/p>\n","protected":false},"excerpt":{"rendered":"<p>DIRETORIA DE RELA\u00c7\u00d5ES SOCIAIS E POPULARES A Diretoria de Rela\u00e7\u00f5es Sociais e Populares (DIRES), da Secretaria de Estado das Rela\u00e7\u00f5es Sociais, tem como objetivo acolher, acompanhar e assessorar, permanentemente, as [&hellip;]<\/p>\n","protected":false},"author":1,"featured_media":0,"parent":0,"menu_order":0,"comment_status":"closed","ping_status":"closed","template":"template-fullwidth.php","meta":[],"featured_image_urls":{"full":"","thumbnail":"","medium":"","medium_large":"","large":"","sgg-420":"","sgg-540":"","sgg-780":"","1536x1536":"","2048x2048":"","homepage-slider":"","homepage-slider-small":"","page-top":"","page-small":"","loop-main":"","thumb-gallery-widget":""},"post_excerpt_stackable":"<p>DIRETORIA DE RELA\u00c7\u00d5ES SOCIAIS E POPULARES A Diretoria de Rela\u00e7\u00f5es Sociais e Populares (DIRES), da Secretaria de Estado das Rela\u00e7\u00f5es Sociais, tem como objetivo acolher, acompanhar e assessorar, permanentemente, as comunidades e os movimentos sociais, urbanos e rurais, no acesso \u00e0s pol\u00edticas p\u00fablicas governamentais. Contribuindo para o aprimoramento dial\u00f3gico do Estado para com as organiza\u00e7\u00f5es sociais, visando aproximar e fortalecer as rela\u00e7\u00f5es das institui\u00e7\u00f5es governamentais, com as for\u00e7as vivas da sociedade. Rela\u00e7\u00e3o de Movimentos Sociais Saiba mais clicando aqui Diretor: Claudimir Vieira Gularte E-mail: gab@seres.pi.gov.br _ DIRETORIA DE RELA\u00c7\u00d5ES SINDICAIS A Diretoria de Rela\u00e7\u00f5es Sindicais compete promover o di\u00e1logo institucional&hellip;<\/p>\n","category_list":"","author_info":{"name":"admin","url":"https:\/\/portal.pi.gov.br\/seres\/author\/admin\/"},"comments_num":"0 coment\u00e1rio","featured_image_urls_v2":{"full":"","thumbnail":"","medium":"","medium_large":"","large":"","sgg-420":"","sgg-540":"","sgg-780":"","1536x1536":"","2048x2048":"","homepage-slider":"","homepage-slider-small":"","page-top":"","page-small":"","loop-main":"","thumb-gallery-widget":""},"post_excerpt_stackable_v2":"<p>DIRETORIA DE RELA\u00c7\u00d5ES SOCIAIS E POPULARES A Diretoria de Rela\u00e7\u00f5es Sociais e Populares (DIRES), da Secretaria de Estado das Rela\u00e7\u00f5es Sociais, tem como objetivo acolher, acompanhar e assessorar, permanentemente, as comunidades e os movimentos sociais, urbanos e rurais, no acesso \u00e0s pol\u00edticas p\u00fablicas governamentais. Contribuindo para o aprimoramento dial\u00f3gico do Estado para com as organiza\u00e7\u00f5es sociais, visando aproximar e fortalecer as rela\u00e7\u00f5es das institui\u00e7\u00f5es governamentais, com as for\u00e7as vivas da sociedade. Rela\u00e7\u00e3o de Movimentos Sociais Saiba mais clicando aqui Diretor: Claudimir Vieira Gularte E-mail: gab@seres.pi.gov.br _ DIRETORIA DE RELA\u00c7\u00d5ES SINDICAIS A Diretoria de Rela\u00e7\u00f5es Sindicais compete promover o di\u00e1logo institucional&hellip;<\/p>\n","category_list_v2":"","author_info_v2":{"name":"admin","url":"https:\/\/portal.pi.gov.br\/seres\/author\/admin\/"},"comments_num_v2":"0 coment\u00e1rio","_links":{"self":[{"href":"https:\/\/portal.pi.gov.br\/seres\/wp-json\/wp\/v2\/pages\/935"}],"collection":[{"href":"https:\/\/portal.pi.gov.br\/seres\/wp-json\/wp\/v2\/pages"}],"about":[{"href":"https:\/\/portal.pi.gov.br\/seres\/wp-json\/wp\/v2\/types\/page"}],"author":[{"embeddable":true,"href":"https:\/\/portal.pi.gov.br\/seres\/wp-json\/wp\/v2\/users\/1"}],"replies":[{"embeddable":true,"href":"https:\/\/portal.pi.gov.br\/seres\/wp-json\/wp\/v2\/comments?post=935"}],"version-history":[{"count":44,"href":"https:\/\/portal.pi.gov.br\/seres\/wp-json\/wp\/v2\/pages\/935\/revisions"}],"predecessor-version":[{"id":4155,"href":"https:\/\/portal.pi.gov.br\/seres\/wp-json\/wp\/v2\/pages\/935\/revisions\/4155"}],"wp:attachment":[{"href":"https:\/\/portal.pi.gov.br\/seres\/wp-json\/wp\/v2\/media?parent=935"}],"curies":[{"name":"wp","href":"https:\/\/api.w.org\/{rel}","templated":true}]}}